{"id":77151,"date":"2024-11-24T13:54:59","date_gmt":"2024-11-24T13:54:59","guid":{"rendered":"https:\/\/electromenagerexpress.com\/product\/shampouineusebissellrevolution-hydrosteam-b3670n\/"},"modified":"2024-11-24T20:16:58","modified_gmt":"2024-11-24T20:16:58","slug":"shampouineusebissellrevolution-hydrosteam-b3670n","status":"publish","type":"product","link":"https:\/\/electromenagerexpress.com\/en\/product\/shampouineusebissellrevolution-hydrosteam-b3670n\/","title":{"rendered":"Shampouineuse BISSELL\tRevolution hydrosteam B3670N"},"content":{"rendered":"<div class=\"product-features__content\">\n<ul role=\"list\">\n<li class=\"product-features__item\" role=\"listitem\">\n<h3 class=\"product-features__label\">Choisir ce produit pour quel usage ?<\/h3>\n<ul role=\"list\">\n<li class=\"product-features__item-list__item\" role=\"listitem\"><span class=\"is--medium\">Fonctions :<\/span> d\u00e9tache, nettoie et aspire<\/li>\n<li class=\"product-features__item-list__item\" role=\"listitem\"><span class=\"is--medium\">Type de nettoyage :<\/span> ses r\u00e9servoirs grandes capacit\u00e9s vous permettront de traiter de grandes surfaces et les taches tenaces. Ses nombreux accessoires s&rsquo;adapteront \u00e0 tout type de sols, ameublement et tissus<\/li>\n<li class=\"product-features__item-list__item\" role=\"listitem\"><span class=\"is--medium\">Type de surface \u00e0 nettoyer :<\/span> Canap\u00e9s en tissu, Moquettes, Tapis, Tissus, Sp\u00e9cialAnimaux<\/li>\n<li class=\"product-features__item-list__item\" role=\"listitem\"><span class=\"is--medium\">Type de lavage :<\/span> \u00e0 l&rsquo;eau froide<\/li>\n<li class=\"product-features__item-list__item\" role=\"listitem\"><span class=\"is--medium\">Type de produit :<\/span> Shampouineuse<\/li>\n<li class=\"product-features__item-list__item\" role=\"listitem\"><span class=\"is--medium\">Sp\u00e9cial Animaux :<\/span> oui, permet de nettoyer toutes les taches laiss\u00e9es par vos animaux dans tous les recoins<\/li>\n<li class=\"product-features__item-list__item\" role=\"listitem\"><span class=\"is--medium\">Gamme :<\/span> Revolution<\/li>\n<\/ul>\n<\/li>\n<li class=\"product-features__item\" role=\"listitem\">\n<h3 class=\"product-features__label\">Performance<\/h3>\n<ul role=\"list\">\n<li class=\"product-features__item-list__item\" role=\"listitem\"><span class=\"is--medium\">Puissance consomm\u00e9e :<\/span> 1.300 W<\/li>\n<li class=\"product-features__item-list__item\" role=\"listitem\"><span class=\"is--medium\">R\u00e9servoir eau propre :<\/span> 3,80 L<\/li>\n<li class=\"product-features__item-list__item\" role=\"listitem\"><span class=\"is--medium\">R\u00e9servoir eau sale :<\/span> 1,90 L<\/li>\n<li class=\"product-features__item-list__item\" role=\"listitem\"><span class=\"is--medium\">Produit utilis\u00e9 :<\/span> D\u00e9tergent pour shampouineuse<\/li>\n<li class=\"product-features__item-list__item\" role=\"listitem\"><span class=\"is--medium\">Fonction vapeur :<\/span> oui, la vapeur rend le nettoyage plus rapide et plus efficace<\/li>\n<li class=\"product-features__item-list__item\" role=\"listitem\"><span class=\"is--medium\">Nombre de modes de nettoyage :<\/span> 3<\/li>\n<li class=\"product-features__item-list__item\" role=\"listitem\"><span class=\"is--medium\">Modes de nettoyage :<\/span> nettoyage \u00e0 l&rsquo;eau, nettoyage \u00e0 la vapeur et nettoyage eau\/vapeur<\/li>\n<\/ul>\n<\/li>\n<li class=\"product-features__item\" role=\"listitem\">\n<h3 class=\"product-features__label\">Confort d&rsquo;utilisation<\/h3>\n<ul role=\"list\">\n<li class=\"product-features__item-list__item\" role=\"listitem\"><span class=\"is--medium\">Maniabilit\u00e9 :<\/span> 2 grandes roues \u00e0 l&rsquo;arri\u00e8re de la brosse et une poign\u00e9e en haut du manche<\/li>\n<li class=\"product-features__item-list__item\" role=\"listitem\"><span class=\"is--medium\">Fonctionnement :<\/span> filaire<\/li>\n<li class=\"product-features__item-list__item\" role=\"listitem\"><span class=\"is--medium\">Longueur du cordon d&rsquo;alimentation :<\/span> 7,50 m<\/li>\n<li class=\"product-features__item-list__item\" role=\"listitem\"><span class=\"is--medium\">Longueur du tuyau :<\/span> 0,00 m<\/li>\n<li class=\"product-features__item-list__item\" role=\"listitem\"><span class=\"is--medium\">Rayon d&rsquo;action :<\/span> 7,5 m\u00e8tres<\/li>\n<li class=\"product-features__item-list__item\" role=\"listitem\"><span class=\"is--medium\">R\u00e9servoir amovible :<\/span> oui, permet de remplir le r\u00e9servoir facilement<\/li>\n<li class=\"product-features__item-list__item\" role=\"listitem\"><span class=\"is--medium\">Niveaux sonore :<\/span> 77,0 dB<\/li>\n<li class=\"product-features__item-list__item\" role=\"listitem\"><span class=\"is--medium\">Crochet pour le rangement du c\u00e2ble :<\/span> Non<\/li>\n<li class=\"product-features__item-list__item\" role=\"listitem\"><span class=\"is--medium\">Position parking :<\/span> Oui<\/li>\n<li class=\"product-features__item-list__item\" role=\"listitem\"><span class=\"is--medium\">Poids :<\/span> 10,21 Kg<\/li>\n<\/ul>\n<\/li>\n<li class=\"product-features__item\" role=\"listitem\">\n<h3 class=\"product-features__label\">Equipement<\/h3>\n<ul role=\"list\">\n<li class=\"product-features__item-list__item\" role=\"listitem\"><span class=\"is--medium\">D\u00e9tergent :<\/span> Oui<\/li>\n<li class=\"product-features__item-list__item\" role=\"listitem\"><span class=\"is--medium\">Le saviez vous? :<\/span> Il est pr\u00e9f\u00e9rable d&rsquo;utiliser le d\u00e9tergent de la marque pour optimiser l&rsquo;efficacit\u00e9 de l&rsquo;appareil<\/li>\n<li class=\"product-features__item-list__item\" role=\"listitem\"><span class=\"is--medium\">Buse de lavage :<\/span> Non<\/li>\n<li class=\"product-features__item-list__item\" role=\"listitem\"><span class=\"is--medium\">Long suceur :<\/span> Non<\/li>\n<li class=\"product-features__item-list__item\" role=\"listitem\"><span class=\"is--medium\">Brosse de 8 cm :<\/span> oui, elle est constitu\u00e9e de poils durs qui vous permettront de venir \u00e0 bout des taches collantes et incrust\u00e9es dans vos tissus, tapis\/moquettes ou si\u00e8ges de voiture<\/li>\n<li class=\"product-features__item-list__item\" role=\"listitem\"><span class=\"is--medium\">Brosse \u00e0 picots :<\/span> oui, elle est id\u00e9ale pour aspirer poussi\u00e8res, cheveux et poils d&rsquo;animaux et les taches tenaces<\/li>\n<\/ul>\n<\/li>\n<li class=\"product-features__item\" role=\"listitem\">\n<h3 class=\"product-features__label\">Dimensions<\/h3>\n<ul role=\"list\">\n<li class=\"product-features__item-list__item\" role=\"listitem\"><span class=\"is--medium\">Dimensions l x h x p :<\/span> 45 x 110.5 x 32 cm<\/li>\n<li class=\"product-features__item-list__item\" role=\"listitem\"><span class=\"is--medium\">Poids :<\/span> 10,21 Kg<\/li>\n<\/ul>\n<\/li>\n<li class=\"product-features__item\" role=\"listitem\">\n<h3 class=\"product-features__label\">Informations et Services<\/h3>\n<ul role=\"list\">\n<li class=\"product-features__item-list__item\" role=\"listitem\"><span class=\"is--medium\">Fabriqu\u00e9 en :<\/span> Chine<\/li>\n<li class=\"product-features__item-list__item\" role=\"listitem\"><span class=\"is--medium\">Disponibilit\u00e9 des pi\u00e8ces d\u00e9tach\u00e9es (donn\u00e9es fournisseur) :<\/span> Pendant 7 ans, \u00e0 compter de la date d&rsquo;achat<\/li>\n<li class=\"product-features__item-list__item\" role=\"listitem\"><span class=\"is--medium\">R\u00e9f\u00e9rence constructeur :<\/span> Revolution hydrosteam B3670N<\/li>\n<li class=\"product-features__item-list__item\" role=\"listitem\"><span class=\"is--medium\">Marque :<\/span> BISSELL<\/li>\n<li class=\"product-features__item-list__item\" role=\"listitem\"><span class=\"is--medium\">Information importante: :<\/span> Il est conseill\u00e9 d&rsquo;utiliser la solution de nettoyage de la marque pour votre appareil et de respecter le dosage. Un d\u00e9tergent non adapt\u00e9 pourrait l&rsquo;endommager et nuire \u00e0 son bon fonctionnement. Le non respect des ses conseils peut occasionner la perte du b\u00e9n\u00e9fice de la garantie.<\/li>\n<li class=\"product-features__item-list__item\" role=\"listitem\"><span class=\"is--medium\">Information compl\u00e9mentaire: :<\/span> Il est important de choisir le nettoyant en fonction du type de sols ou tissus que vous souhaitez nettoyer (tapis, parquet, canap\u00e9, moquette, &#8230;) pour ne pas les abimer.<\/li>\n<\/ul>\n<\/li>\n<li class=\"product-features__item\" role=\"listitem\">\n<h3 class=\"product-features__label\">Facette type de sols \u00e0 nettoyer<\/h3>\n<ul role=\"list\">\n<li class=\"product-features__item-list__item\" role=\"listitem\"><span class=\"is--medium\">Tapis :<\/span> Oui<\/li>\n<li class=\"product-features__item-list__item\" role=\"listitem\"><span class=\"is--medium\">Moquette :<\/span> Oui<\/li>\n<li class=\"product-features__item-list__item\" role=\"listitem\"><span class=\"is--medium\">Int\u00e9rieur de voiture :<\/span> Non<\/li>\n<li class=\"product-features__item-list__item\" role=\"listitem\"><span class=\"is--medium\">Tissus et ameublement :<\/span> Non<\/li>\n<li class=\"product-features__item-list__item\" role=\"listitem\"><span class=\"is--medium\">Type de sols \u00e0 nettoyer :<\/span> Tapis, Moquette<\/li>\n<\/ul>\n<\/li>\n<\/ul>\n<\/div>\n<div class=\"product__disclosure-content\">\n<div class=\"js-read-more product-description__content read-more read-more--truncated\" style=\"max-height: 500px; overflow: hidden;\" data-read-more-name=\"description\">\n<div class=\"product__description-content read-more\">\n<p>BISSELL Revolution HydroSteam B3670N : L&rsquo;Expertise du Nettoyage Profond<\/p>\n<h3>Technologie HydroSteam\u2122 : Une R\u00e9volution dans le Nettoyage<\/h3>\n<p>La shampouineuse BISSELL Revolution HydroSteam B3670N se distingue par sa technologie HydroSteam\u2122, une innovation majeure pour \u00e9liminer les taches tenaces, les r\u00e9sidus collants et la salet\u00e9 incrust\u00e9e. Avec ses deux brosses rotatives DirtLifter PowerBrush, chacune dot\u00e9e de 6 rang\u00e9es de brosses anti-enchev\u00eatrement, cet appareil assure un nettoyage en profondeur des tapis et moquettes. Sa puissance d&rsquo;aspiration de 1300W, combin\u00e9e \u00e0 l&rsquo;action de la vapeur et des solutions nettoyantes BISSELL\u00ae sp\u00e9cialement formul\u00e9es, extrait efficacement les impuret\u00e9s directement dans le r\u00e9servoir d&rsquo;eau sale. Le mode s\u00e9chage rapide, quant \u00e0 lui, permet de nettoyer et de rafra\u00eechir les tapis et les tapisseries, les laissant secs en seulement 30 minutes. Con\u00e7u pour une utilisation polyvalente, le d\u00e9tacheur B3670N est \u00e9galement \u00e9quip\u00e9 d&rsquo;un tuyau de 2,4 m\u00e8tres avec un outil pour les taches tenaces, parfait pour le nettoyage des surfaces difficiles d&rsquo;acc\u00e8s comme les escaliers et l&rsquo;ameublement.<\/p>\n<h3>Confort et Efficacit\u00e9 : Caract\u00e9ristiques Cl\u00e9s du B3670N<\/h3>\n<p>La shampouineuse BISSELL Revolution HydroSteam B3670N offre une exp\u00e9rience utilisateur optimale gr\u00e2ce \u00e0 ses r\u00e9servoirs d&rsquo;eau propre et sale s\u00e9par\u00e9s de 3,8 L et 1,9 L, garantissant l&rsquo;utilisation d&rsquo;eau fra\u00eeche \u00e0 chaque nettoyage. Son interface utilisateur avec affichage LED indique clairement le mode de nettoyage s\u00e9lectionn\u00e9, tandis que les brosses lat\u00e9rales assurent un nettoyage efficace le long des plinthes et autour des meubles. La buse de sol amovible de 28 cm, le syst\u00e8me de r\u00e9servoir Tank-Over-Tank et la poign\u00e9e de transport facilitent l&rsquo;utilisation et l&rsquo;entretien de l&rsquo;appareil. Avec un niveau sonore de 77 dBa et un poids de 10,2 kg, le B3670N est \u00e0 la fois puissant et maniable. Enfin, sa garantie de 2 ans et son origine certifi\u00e9e attestent de la qualit\u00e9 et de la fiabilit\u00e9 de cet appareil de nettoyage haut de gamme.<\/p>\n<\/div>\n<\/div>\n<p>&nbsp;<\/p>\n<\/div>","protected":false},"excerpt":{"rendered":"<div class=\"keypoints\">\n<h3 class=\"keypoints__title\">Les points cl\u00e9s<\/h3>\n<ul role=\"list\">\n<li class=\"keypoints__item\" role=\"listitem\">d\u00e9tache, nettoie et aspire<\/li>\n<li class=\"keypoints__item\" role=\"listitem\">Canap\u00e9s en tissu, Moquettes, Tapis, Tissus, Sp\u00e9cialAnimaux<\/li>\n<li class=\"keypoints__item\" role=\"listitem\">Rayon d&rsquo;action : 7,5 m\u00e8tres &#8211; Poids : 10,21 Kg<\/li>\n<li class=\"keypoints__item\" role=\"listitem\">R\u00e9servoir eau propre : 3,80 L &#8211; R\u00e9servoir eau sale : 1,90 L<\/li>\n<li class=\"keypoints__item keypoints__item--advantage\" role=\"listitem\"><strong>Le + :<\/strong> shampouineuse l\u00e9g\u00e8re et maniable avec en plus une fonction vapeur pour les t\u00e2ches tenaces<\/li>\n<\/ul>\n<\/div>","protected":false},"featured_media":77150,"template":"","meta":{"_glsr_average":0,"_glsr_ranking":0,"_glsr_reviews":0},"product_cat":[330],"product_tag":[153,331,332],"class_list":{"0":"post-77151","1":"product","2":"type-product","3":"status-publish","4":"has-post-thumbnail","6":"product_cat-nettoyeur-de-sol","7":"product_tag-maison-entretien","8":"product_tag-nettoyeur","9":"product_tag-nettoyeur-de-sol","11":"first","12":"instock","13":"sale","14":"shipping-taxable","15":"purchasable","16":"product-type-simple"},"_links":{"self":[{"href":"https:\/\/electromenagerexpress.com\/en\/wp-json\/wp\/v2\/product\/77151","targetHints":{"allow":["GET"]}}],"collection":[{"href":"https:\/\/electromenagerexpress.com\/en\/wp-json\/wp\/v2\/product"}],"about":[{"href":"https:\/\/electromenagerexpress.com\/en\/wp-json\/wp\/v2\/types\/product"}],"wp:featuredmedia":[{"embeddable":true,"href":"https:\/\/electromenagerexpress.com\/en\/wp-json\/wp\/v2\/media\/77150"}],"wp:attachment":[{"href":"https:\/\/electromenagerexpress.com\/en\/wp-json\/wp\/v2\/media?parent=77151"}],"wp:term":[{"taxonomy":"product_cat","embeddable":true,"href":"https:\/\/electromenagerexpress.com\/en\/wp-json\/wp\/v2\/product_cat?post=77151"},{"taxonomy":"product_tag","embeddable":true,"href":"https:\/\/electromenagerexpress.com\/en\/wp-json\/wp\/v2\/product_tag?post=77151"}],"curies":[{"name":"wp","href":"https:\/\/api.w.org\/{rel}","templated":true}]}}