{"id":77076,"date":"2024-11-24T13:53:53","date_gmt":"2024-11-24T13:53:53","guid":{"rendered":"https:\/\/electromenagerexpress.com\/product\/detacheurbissellspotclean-c5-pro-b3931n\/"},"modified":"2024-11-24T13:53:59","modified_gmt":"2024-11-24T13:53:59","slug":"detacheurbissellspotclean-c5-pro-b3931n","status":"publish","type":"product","link":"https:\/\/electromenagerexpress.com\/en\/product\/detacheurbissellspotclean-c5-pro-b3931n\/","title":{"rendered":"D\u00e9tacheur\t\t\t\t\t\t\tBISSELL\t\t\t\tSpotclean C5 PRO B3931N"},"content":{"rendered":"<div class=\"product-features__content\">\n<ul role=\"list\">\n<li class=\"product-features__item\" role=\"listitem\">\n<h3 class=\"product-features__label\">Choisir ce produit pour quel usage ?<\/h3>\n<ul role=\"list\">\n<li class=\"product-features__item-list__item\" role=\"listitem\"><span class=\"is--medium\">Fonctions :<\/span> d\u00e9tache, nettoie et aspire\t\t\t\t\t<\/li>\n<li class=\"product-features__item-list__item\" role=\"listitem\"><span class=\"is--medium\">Type de nettoyage :<\/span> petit et compact, id\u00e9al pour les taches quotidiennes et les petites surfaces \u00e0 nettoyer\t\t\t\t\t<\/li>\n<li class=\"product-features__item-list__item\" role=\"listitem\"><span class=\"is--medium\">Type de surface \u00e0 nettoyer :<\/span> Tissus d&rsquo;ameublement (ex: rideaux), Canap\u00e9s en tissu, Moquettes, Int\u00e9rieur de voiture, Tapis, Tissus\t\t\t\t\t<\/li>\n<li class=\"product-features__item-list__item\" role=\"listitem\"><span class=\"is--medium\">Type de lavage :<\/span> \u00e0 l&rsquo;eau froide\t\t\t\t\t<\/li>\n<li class=\"product-features__item-list__item\" role=\"listitem\"><span class=\"is--medium\">Type de produit :<\/span> D\u00e9tacheur\t\t\t\t\t<\/li>\n<li class=\"product-features__item-list__item\" role=\"listitem\"><span class=\"is--medium\">Comment \u00e7a marche ? :<\/span> La solution de nettoyage est inject\u00e9e sous pression dans les tissus avant d&rsquo;\u00eatre aspir\u00e9e avec la salet\u00e9. Cette action r\u00e9p\u00e9t\u00e9e au coeur des fibres permet de d\u00e9tacher et nettoyer. La gachette sur la brosse vous permet de r\u00e9guler le jet de solution nettoyante.\t\t\t\t\t<\/li>\n<li class=\"product-features__item-list__item\" role=\"listitem\"><span class=\"is--medium\">Gamme :<\/span> SpotClean\t\t\t\t\t<\/li>\n<\/ul>\n<\/li>\n<li class=\"product-features__item\" role=\"listitem\">\n<h3 class=\"product-features__label\">Performance<\/h3>\n<ul role=\"list\">\n<li class=\"product-features__item-list__item\" role=\"listitem\"><span class=\"is--medium\">Puissance consomm\u00e9e :<\/span> 400 W\t\t\t\t\t<\/li>\n<li class=\"product-features__item-list__item\" role=\"listitem\"><span class=\"is--medium\">R\u00e9servoir eau propre :<\/span> 0,90 L\t\t\t\t\t<\/li>\n<li class=\"product-features__item-list__item\" role=\"listitem\"><span class=\"is--medium\">R\u00e9servoir eau sale :<\/span> 0,80 L\t\t\t\t\t<\/li>\n<li class=\"product-features__item-list__item\" role=\"listitem\"><span class=\"is--medium\">Produit utilis\u00e9 :<\/span> Spot &amp; Stain Pro Oxy\t\t\t\t\t<\/li>\n<li class=\"product-features__item-list__item\" role=\"listitem\"><span class=\"is--medium\">Nombre de modes de nettoyage :<\/span> 1\t\t\t\t\t<\/li>\n<li class=\"product-features__item-list__item\" role=\"listitem\"><span class=\"is--medium\">Modes de nettoyage :<\/span> nettoyage \u00e0 l&rsquo;eau\t\t\t\t\t<\/li>\n<\/ul>\n<\/li>\n<li class=\"product-features__item\" role=\"listitem\">\n<h3 class=\"product-features__label\">Confort d&rsquo;utilisation<\/h3>\n<ul role=\"list\">\n<li class=\"product-features__item-list__item\" role=\"listitem\"><span class=\"is--medium\">Maniabilit\u00e9 :<\/span> poign\u00e9e de transport sur le dessus pour le d\u00e9placer facilement\t\t\t\t\t<\/li>\n<li class=\"product-features__item-list__item\" role=\"listitem\"><span class=\"is--medium\">Fonctionnement :<\/span> filaire\t\t\t\t\t<\/li>\n<li class=\"product-features__item-list__item\" role=\"listitem\"><span class=\"is--medium\">Longueur du cordon d&rsquo;alimentation :<\/span> 4,30 m\t\t\t\t\t<\/li>\n<li class=\"product-features__item-list__item\" role=\"listitem\"><span class=\"is--medium\">Longueur du tuyau :<\/span> 1,70 m\t\t\t\t\t<\/li>\n<li class=\"product-features__item-list__item\" role=\"listitem\"><span class=\"is--medium\">Rayon d&rsquo;action :<\/span> 6 m\u00e8tres\t\t\t\t\t<\/li>\n<li class=\"product-features__item-list__item\" role=\"listitem\"><span class=\"is--medium\">R\u00e9servoir amovible :<\/span> oui, permet de remplir le r\u00e9servoir facilement\t\t\t\t\t<\/li>\n<li class=\"product-features__item-list__item\" role=\"listitem\"><span class=\"is--medium\">Niveaux sonore :<\/span> 69,0 dB\t\t\t\t\t<\/li>\n<li class=\"product-features__item-list__item\" role=\"listitem\"><span class=\"is--medium\">Crochet pour le rangement du c\u00e2ble :<\/span> Oui\t\t\t\t\t<\/li>\n<li class=\"product-features__item-list__item\" role=\"listitem\"><span class=\"is--medium\">Position parking :<\/span> Non\t\t\t\t\t<\/li>\n<li class=\"product-features__item-list__item\" role=\"listitem\"><span class=\"is--medium\">Poids :<\/span> 3,72 Kg\t\t\t\t\t<\/li>\n<\/ul>\n<\/li>\n<li class=\"product-features__item\" role=\"listitem\">\n<h3 class=\"product-features__label\">Equipement<\/h3>\n<ul role=\"list\">\n<li class=\"product-features__item-list__item\" role=\"listitem\"><span class=\"is--medium\">D\u00e9tergent :<\/span> Oui\t\t\t\t\t<\/li>\n<li class=\"product-features__item-list__item\" role=\"listitem\"><span class=\"is--medium\">Le saviez vous? :<\/span> Il est pr\u00e9f\u00e9rable d&rsquo;utiliser le d\u00e9tergent de la marque pour optimiser l&rsquo;efficacit\u00e9 de l&rsquo;appareil\t\t\t\t\t<\/li>\n<li class=\"product-features__item-list__item\" role=\"listitem\"><span class=\"is--medium\">Buse de lavage :<\/span> Non\t\t\t\t\t<\/li>\n<li class=\"product-features__item-list__item\" role=\"listitem\"><span class=\"is--medium\">Long suceur :<\/span> Oui\t\t\t\t\t<\/li>\n<li class=\"product-features__item-list__item\" role=\"listitem\"><span class=\"is--medium\">Outil autonettoyage :<\/span> oui, il permet d&rsquo;effectuer un autonettoyage de votre d\u00e9tacheur apr\u00e8s chaque utilisation\t\t\t\t\t<\/li>\n<li class=\"product-features__item-list__item\" role=\"listitem\"><span class=\"is--medium\">Brosse \u00e0 picots :<\/span> oui, elle est id\u00e9ale pour aspirer poussi\u00e8res, cheveux et poils d&rsquo;animaux et les taches tenaces\t\t\t\t\t<\/li>\n<\/ul>\n<\/li>\n<li class=\"product-features__item\" role=\"listitem\">\n<h3 class=\"product-features__label\">Dimensions<\/h3>\n<ul role=\"list\">\n<li class=\"product-features__item-list__item\" role=\"listitem\"><span class=\"is--medium\">Dimensions l x h x p :<\/span> 30 x 29.2 x 21 cm\t\t\t\t\t<\/li>\n<li class=\"product-features__item-list__item\" role=\"listitem\"><span class=\"is--medium\">Poids :<\/span> 3,72 Kg\t\t\t\t\t<\/li>\n<\/ul>\n<\/li>\n<li class=\"product-features__item\" role=\"listitem\">\n<h3 class=\"product-features__label\">Informations et Services<\/h3>\n<ul role=\"list\">\n<li class=\"product-features__item-list__item\" role=\"listitem\"><span class=\"is--medium\">Fabriqu\u00e9 en :<\/span> Chine\t\t\t\t\t<\/li>\n<li class=\"product-features__item-list__item\" role=\"listitem\"><span class=\"is--medium\">Disponibilit\u00e9 des pi\u00e8ces d\u00e9tach\u00e9es (donn\u00e9es fournisseur) :<\/span> Pendant 7 ans, \u00e0 compter de la date de fabrication\t\t\t\t\t<\/li>\n<li class=\"product-features__item-list__item\" role=\"listitem\"><span class=\"is--medium\">R\u00e9f\u00e9rence constructeur :<\/span> Spotclean C5 PRO B3931N\t\t\t\t\t<\/li>\n<li class=\"product-features__item-list__item\" role=\"listitem\"><span class=\"is--medium\">Marque :<\/span> BISSELL\t\t\t\t\t<\/li>\n<li class=\"product-features__item-list__item\" role=\"listitem\"><span class=\"is--medium\">Information importante: :<\/span> Il est conseill\u00e9 d&rsquo;utiliser la solution de nettoyage de la marque pour votre appareil et de respecter le dosage. Un d\u00e9tergent non adapt\u00e9 pourrait l&rsquo;endommager et nuire \u00e0 son bon fonctionnement. Le non respect des ses conseils peut occasionner la perte du b\u00e9n\u00e9fice de la garantie.\t\t\t\t\t<\/li>\n<li class=\"product-features__item-list__item\" role=\"listitem\"><span class=\"is--medium\">Information compl\u00e9mentaire: :<\/span> Il est important de choisir le nettoyant en fonction du type de sols ou tissus que vous souhaitez nettoyer (tapis, parquet, canap\u00e9, moquette, &#8230;) pour ne pas les abimer.\t\t\t\t\t<\/li>\n<\/ul>\n<\/li>\n<li class=\"product-features__item\" role=\"listitem\">\n<h3 class=\"product-features__label\">Facette type de sols \u00e0 nettoyer<\/h3>\n<ul role=\"list\">\n<li class=\"product-features__item-list__item\" role=\"listitem\"><span class=\"is--medium\">Tapis :<\/span> Oui\t\t\t\t\t<\/li>\n<li class=\"product-features__item-list__item\" role=\"listitem\"><span class=\"is--medium\">Moquette :<\/span> Oui\t\t\t\t\t<\/li>\n<li class=\"product-features__item-list__item\" role=\"listitem\"><span class=\"is--medium\">Int\u00e9rieur de voiture :<\/span> Oui\t\t\t\t\t<\/li>\n<li class=\"product-features__item-list__item\" role=\"listitem\"><span class=\"is--medium\">Tissus et ameublement :<\/span> Oui\t\t\t\t\t<\/li>\n<li class=\"product-features__item-list__item\" role=\"listitem\"><span class=\"is--medium\">Type de sols \u00e0 nettoyer :<\/span> Tapis, Moquette, Int\u00e9rieur de voiture, Tissus et ameublement\t\t\t\t\t<\/li>\n<\/ul>\n<\/li>\n<\/ul>\n<\/div>\n<div class=\"product__disclosure-content\">\n<div class=\"js-read-more product-description__content read-more read-more--truncated\" data-read-more-name=\"description\" style=\"max-height: 500px; overflow: hidden;\">\n<div class=\"product__description-content read-more\" style=\"\">\n<p>D\u00e9couvrez le D\u00e9tacheur BISSELL Spotclean C5 PRO B3931N : L&rsquo;Expertise du Nettoyage \u00e0 la Maison<\/p>\n<h3> <img fetchpriority=\"high\" decoding=\"async\" ,=\"\" alt=\"D\u00e9tacheur BISSELL Spotclean C5 PRO B3931N\" class=\"wy_tableau_gauche\" height=\"270\" src=\"https:\/\/boulanger.scene7.com\/is\/image\/Boulanger\/0011120275926_h_f_l_0?wid=400&amp;hei=270\" width=\"400\"\/>Une efficacit\u00e9 professionnelle pour un int\u00e9rieur impeccable                    <\/h3>\n<p>                        Le D\u00e9tacheur BISSELL Spotclean C5 PRO B3931N est con\u00e7u pour offrir une solution de nettoyage en profondeur, id\u00e9ale pour les propri\u00e9taires cherchant \u00e0 \u00e9liminer les taches tenaces et les odeurs de leurs int\u00e9rieurs. Fort de l&rsquo;expertise BISSELL dans le domaine du nettoyage depuis 1876, ce mod\u00e8le combine performance et praticit\u00e9. Gr\u00e2ce \u00e0 une gamme compl\u00e8te de formules de nettoyage sp\u00e9cifiques, telles que Spot &amp; Stain, Pet Stain &amp; Odour, Natural Pet Spot &amp; Stain, Spot &amp; Stain Pro Oxy et Oxygen Boost, la shampouineuse Spotclean C5 PRO B3931N s&rsquo;attaque efficacement \u00e0 toutes sortes de salissures, qu&rsquo;elles soient caus\u00e9es par les animaux de compagnie ou les accidents du quotidien.                    <\/p>\n<\/p>\n<h3> <img decoding=\"async\" ,=\"\" alt=\"D\u00e9tacheur BISSELL Spotclean C5 PRO B3931N\" class=\"wy_tableau_right\" height=\"270\" src=\"https:\/\/boulanger.scene7.com\/is\/image\/Boulanger\/0011120275926_h_f_l_3?wid=400&amp;hei=270\" width=\"400\"\/>Un appareil adapt\u00e9 \u00e0 tous vos besoins de nettoyage                    <\/h3>\n<p>                        Le d\u00e9tacheur BISSELL Spotclean C5 PRO B3931N est un appareil polyvalent qui s&rsquo;adapte \u00e0 diverses situations de nettoyage. Que ce soit pour rafra\u00eechir votre canap\u00e9, redonner vie \u00e0 vos tapis ou simplement pour un entretien r\u00e9gulier, sa facilit\u00e9 d&rsquo;utilisation et ses r\u00e9sultats professionnels en font un alli\u00e9 de choix. Sa conception compacte permet de le ranger ais\u00e9ment et de le transporter partout o\u00f9 le nettoyage s&rsquo;impose. Avec la shampouineuse Spotclean C5 PRO B3931N, b\u00e9n\u00e9ficiez de l&rsquo;exp\u00e9rience et de la qualit\u00e9 BISSELL, pour un int\u00e9rieur \u00e9clatant de propret\u00e9 et une maison o\u00f9 il fait bon vivre.                    <\/p>\n<\/p><\/div>\n<\/p>\n<\/div>\n<p><bl-button a11yexpanded=\"false\" arialabel=\"Afficher toute la description\" class=\"read-more__btn\" full=\"false\" link=\"true\">Voir plus<\/bl-button><\/div>","protected":false},"excerpt":{"rendered":"<div class=\"keypoints\">\n<h3 class=\"keypoints__title\">Les points cl\u00e9s<\/h3>\n<ul role=\"list\">\n<li class=\"keypoints__item\" role=\"listitem\">                                        d\u00e9tache, nettoie et aspire                      <\/li>\n<li class=\"keypoints__item\" role=\"listitem\">                                        Tissus d&rsquo;ameublement (ex: rideaux), Canap\u00e9s en tissu, Moquettes, Int\u00e9rieur de voiture, Tapis, Tissus                      <\/li>\n<li class=\"keypoints__item\" role=\"listitem\">                          Rayon d&rsquo;action : 6 m\u00e8tres &#8211;                                                      Poids : 3,72 Kg                      <\/li>\n<li class=\"keypoints__item\" role=\"listitem\">                          R\u00e9servoir eau propre : 0,90 L &#8211;                                                      R\u00e9servoir eau sale : 0,80 L                      <\/li>\n<li class=\"keypoints__item keypoints__item--advantage\" role=\"listitem\"><strong>Le + :<\/strong> puissance d&rsquo;aspiration \u00e9lev\u00e9e, brosse de 10 cm et suceur plat inclus      <\/li>\n<\/ul>","protected":false},"featured_media":77075,"template":"","meta":{"_glsr_average":0,"_glsr_ranking":0,"_glsr_reviews":0},"product_cat":[341],"product_tag":[153,331,342],"class_list":{"0":"post-77076","1":"product","2":"type-product","3":"status-publish","4":"has-post-thumbnail","6":"product_cat-shampouineuse-detacheur","7":"product_tag-maison-entretien","8":"product_tag-nettoyeur","9":"product_tag-shampouineuse-detacheur","11":"first","12":"instock","13":"sale","14":"shipping-taxable","15":"purchasable","16":"product-type-simple"},"_links":{"self":[{"href":"https:\/\/electromenagerexpress.com\/en\/wp-json\/wp\/v2\/product\/77076","targetHints":{"allow":["GET"]}}],"collection":[{"href":"https:\/\/electromenagerexpress.com\/en\/wp-json\/wp\/v2\/product"}],"about":[{"href":"https:\/\/electromenagerexpress.com\/en\/wp-json\/wp\/v2\/types\/product"}],"wp:featuredmedia":[{"embeddable":true,"href":"https:\/\/electromenagerexpress.com\/en\/wp-json\/wp\/v2\/media\/77075"}],"wp:attachment":[{"href":"https:\/\/electromenagerexpress.com\/en\/wp-json\/wp\/v2\/media?parent=77076"}],"wp:term":[{"taxonomy":"product_cat","embeddable":true,"href":"https:\/\/electromenagerexpress.com\/en\/wp-json\/wp\/v2\/product_cat?post=77076"},{"taxonomy":"product_tag","embeddable":true,"href":"https:\/\/electromenagerexpress.com\/en\/wp-json\/wp\/v2\/product_tag?post=77076"}],"curies":[{"name":"wp","href":"https:\/\/api.w.org\/{rel}","templated":true}]}}