{"id":77052,"date":"2024-11-24T13:53:32","date_gmt":"2024-11-24T13:53:32","guid":{"rendered":"https:\/\/electromenagerexpress.com\/product\/robot-lave-vitreecovacswinbot-w1-pro\/"},"modified":"2024-11-24T13:53:49","modified_gmt":"2024-11-24T13:53:49","slug":"robot-lave-vitreecovacswinbot-w1-pro","status":"publish","type":"product","link":"https:\/\/electromenagerexpress.com\/en\/product\/robot-lave-vitreecovacswinbot-w1-pro\/","title":{"rendered":"Robot Lave vitre\t\t\t\t\t\t\tECOVACS\t\t\t\tWinbot W1 Pro"},"content":{"rendered":"<div class=\"product-features__content\">\n<ul role=\"list\">\n<li class=\"product-features__item\" role=\"listitem\">\n<h3 class=\"product-features__label\">Robot<\/h3>\n<ul role=\"list\">\n<li class=\"product-features__item-list__item\" role=\"listitem\"><span class=\"is--medium\">Fonctionnement :<\/span> sur secteur (avec batterie de secours int\u00e9gr\u00e9e)\t\t\t\t\t<\/li>\n<li class=\"product-features__item-list__item\" role=\"listitem\"><span class=\"is--medium\">Niveau sonore :<\/span> 70 dB\t\t\t\t\t<\/li>\n<li class=\"product-features__item-list__item\" role=\"listitem\"><span class=\"is--medium\">Poids du robot :<\/span> 1,7 kg\t\t\t\t\t<\/li>\n<li class=\"product-features__item-list__item\" role=\"listitem\"><span class=\"is--medium\">Longueur du cordon d&rsquo;alimentation :<\/span> 4,7 m\t\t\t\t\t<\/li>\n<li class=\"product-features__item-list__item\" role=\"listitem\"><span class=\"is--medium\">Retour automatique au point de d\u00e9part :<\/span> Oui\t\t\t\t\t<\/li>\n<li class=\"product-features__item-list__item\" role=\"listitem\"><span class=\"is--medium\">Nombre de mode(s) de nettoyage :<\/span> 3\t\t\t\t\t<\/li>\n<li class=\"product-features__item-list__item\" role=\"listitem\"><span class=\"is--medium\">Mode(s) de nettoyage :<\/span> nettoyage rapide, nettoyage en profondeur, nettoyage des taches\t\t\t\t\t<\/li>\n<li class=\"product-features__item-list__item\" role=\"listitem\"><span class=\"is--medium\">Spray automatique :<\/span> oui, pulv\u00e9rise automatiquement la solution nettoyante en fines goutelettes de mani\u00e8re crois\u00e9e et bidirectionnelle\t\t\t\t\t<\/li>\n<\/ul>\n<\/li>\n<li class=\"product-features__item\" role=\"listitem\">\n<h3 class=\"product-features__label\">Performance<\/h3>\n<ul role=\"list\">\n<li class=\"product-features__item-list__item\" role=\"listitem\"><span class=\"is--medium\">Type de surface \u00e0 nettoyer :<\/span> Vitres, Toutes surfaces lisse, Miroir, Parois de douche\t\t\t\t\t<\/li>\n<li class=\"product-features__item-list__item\" role=\"listitem\"><span class=\"is--medium\">Puissance d&rsquo;aspiration :<\/span> 2 800 Pascals\t\t\t\t\t<\/li>\n<li class=\"product-features__item-list__item\" role=\"listitem\"><span class=\"is--medium\">R\u00e9servoir d&rsquo;eau propre amovible :<\/span> Non\t\t\t\t\t<\/li>\n<li class=\"product-features__item-list__item\" role=\"listitem\"><span class=\"is--medium\">Capacit\u00e9 du r\u00e9servoir d&rsquo;eau propre :<\/span> 60 ml\t\t\t\t\t<\/li>\n<li class=\"product-features__item-list__item\" role=\"listitem\"><span class=\"is--medium\">Surface nettoy\u00e9e r\u00e9servoir plein :<\/span> 30 m\u00b2\t\t\t\t\t<\/li>\n<li class=\"product-features__item-list__item\" role=\"listitem\"><span class=\"is--medium\">Surface nettoy\u00e9e batterie pleine :<\/span> 20 m\u00b2\t\t\t\t\t<\/li>\n<li class=\"product-features__item-list__item\" role=\"listitem\"><span class=\"is--medium\">Vitesse de nettoyage :<\/span> 2min50 pour 1m\u00b2\t\t\t\t\t<\/li>\n<\/ul>\n<\/li>\n<li class=\"product-features__item\" role=\"listitem\">\n<h3 class=\"product-features__label\">Navigation et s\u00e9curit\u00e9<\/h3>\n<ul role=\"list\">\n<li class=\"product-features__item-list__item\" role=\"listitem\"><span class=\"is--medium\">D\u00e9tection du vide :<\/span> Oui\t\t\t\t\t<\/li>\n<li class=\"product-features__item-list__item\" role=\"listitem\"><span class=\"is--medium\">D\u00e9tection des bords :<\/span> Oui\t\t\t\t\t<\/li>\n<li class=\"product-features__item-list__item\" role=\"listitem\"><span class=\"is--medium\">D\u00e9tection d&rsquo;obstacles :<\/span> Non\t\t\t\t\t<\/li>\n<li class=\"product-features__item-list__item\" role=\"listitem\"><span class=\"is--medium\">Longueur du cordon de s\u00e9curit\u00e9 :<\/span> 1,5 m\t\t\t\t\t<\/li>\n<li class=\"product-features__item-list__item\" role=\"listitem\"><span class=\"is--medium\">Batterie de secours du robot :<\/span> oui, en cas de coupure de courant ou de syfonctionnement de l&rsquo;alimentation, la batterie de secours du robot prend le relais\t\t\t\t\t<\/li>\n<li class=\"product-features__item-list__item\" role=\"listitem\"><span class=\"is--medium\">Autonomie de la batterie de secours :<\/span> 60 mn\t\t\t\t\t<\/li>\n<li class=\"product-features__item-list__item\" role=\"listitem\"><span class=\"is--medium\">Temps de charge de la batterie de secours :<\/span> 120 mn\t\t\t\t\t<\/li>\n<li class=\"product-features__item-list__item\" role=\"listitem\"><span class=\"is--medium\">Navigation :<\/span> le robot se d\u00e9place de mani\u00e8re lin\u00e9aire et m\u00e9thodique\t\t\t\t\t<\/li>\n<li class=\"product-features__item-list__item\" role=\"listitem\"><span class=\"is--medium\">Trajectoire intelligente :<\/span> oui, le robot planifie sa trajectoire et cr\u00e9e un parcours de nettoyage pour une efficacit\u00e9 optimale\t\t\t\t\t<\/li>\n<li class=\"product-features__item-list__item\" role=\"listitem\"><span class=\"is--medium\">Syst\u00e8me antid\u00e9rapant :<\/span> oui, le robot poss\u00e8de un syst\u00e8me de courroie tr\u00e8s r\u00e9sistant \u00e0 l&rsquo;eau et aux frottements. Ainsi, il reste stable sans glissement durant la session de nettoyage.\t\t\t\t\t<\/li>\n<li class=\"product-features__item-list__item\" role=\"listitem\"><span class=\"is--medium\">Connect\u00e9 :<\/span> Oui\t\t\t\t\t<\/li>\n<li class=\"product-features__item-list__item\" role=\"listitem\"><span class=\"is--medium\">Mode de connexion :<\/span> avec l&rsquo;application ECOVACS HOME qui vous permet de contr\u00f4ler et programmer votre robot lave vitre avec votre smartphone.\t\t\t\t\t<\/li>\n<\/ul>\n<\/li>\n<li class=\"product-features__item\" role=\"listitem\">\n<h3 class=\"product-features__label\">Dimensions<\/h3>\n<ul role=\"list\">\n<li class=\"product-features__item-list__item\" role=\"listitem\"><span class=\"is--medium\">Dimensions l x h x p :<\/span> 27 x 7.75 x 27 cm\t\t\t\t\t<\/li>\n<\/ul>\n<\/li>\n<li class=\"product-features__item\" role=\"listitem\">\n<h3 class=\"product-features__label\">Informations et Services<\/h3>\n<ul role=\"list\">\n<li class=\"product-features__item-list__item\" role=\"listitem\"><span class=\"is--medium\">Disponibilit\u00e9 des pi\u00e8ces d\u00e9tach\u00e9es (donn\u00e9es fournisseur) :<\/span> Pendant 3 ans, \u00e0 compter de la date fin de commercialisation\t\t\t\t\t<\/li>\n<li class=\"product-features__item-list__item\" role=\"listitem\"><span class=\"is--medium\">R\u00e9f\u00e9rence constructeur :<\/span> Winbot W1 Pro\t\t\t\t\t<\/li>\n<li class=\"product-features__item-list__item\" role=\"listitem\"><span class=\"is--medium\">Marque :<\/span> ECOVACS\t\t\t\t\t<\/li>\n<\/ul>\n<\/li>\n<li class=\"product-features__item\" role=\"listitem\">\n<h3 class=\"product-features__label\">Facettes nettoyeur<\/h3>\n<ul role=\"list\">\n<li class=\"product-features__item-list__item\" role=\"listitem\"><span class=\"is--medium\">Pour quel usage :<\/span> Laver les vitres\t\t\t\t\t<\/li>\n<li class=\"product-features__item-list__item\" role=\"listitem\"><span class=\"is--medium\">Type de produit :<\/span> Nettoyeur de vitres\t\t\t\t\t<\/li>\n<\/ul>\n<\/li>\n<\/ul>\n<\/div>\n<div class=\"product__disclosure-content\">\n<div class=\"js-read-more product-description__content read-more read-more--truncated\" data-read-more-name=\"description\" style=\"max-height: 500px; overflow: hidden;\">\n<p>Vous souhaitez vous d\u00e9barrasser de la corv\u00e9e de nettoyage des vitres de votre maison ? D\u00e9l\u00e9guez-la au lave-vitres ECOVACS Winbot W1 Pro ! Avec son poids plume de 1,53 kg et son syst\u00e8me de navigation intelligente embarqu\u00e9, il nettoiera toutes vos surfaces vitr\u00e9es avec m\u00e9thode et pr\u00e9cision.<\/p>\n<h3><img fetchpriority=\"high\" decoding=\"async\" ,=\"\" alt=\"Lave-vitres ECOVACS Winbot W1 Pro\" class=\"wy_tableau_gauche\" height=\"270\" src=\"https:\/\/boulanger.scene7.com\/is\/image\/Boulanger\/6970135030460_h_r_l_2?wid=400&amp;hei=270\" width=\"400\"\/>Le nettoyage de vos vitres deviendra un vrai jeu d&rsquo;enfant<\/h3>\n<p>Obtenez des vitres \u00e9tincelantes en un temps record, sans avoir \u00e0 bouger le petit doigt ! Gr\u00e2ce \u00e0 <b>la technologie de planification du parcours de nettoyage<\/b> WIN-SLAM 3.0 am\u00e9lior\u00e9e, le lave-vitres ECOVACS Winbot W1 Pro interviendra dans les moindres recoins ; l&rsquo;assurance de profiter de la trajectoire de nettoyage la plus efficace pour une couverture maximale de vos fen\u00eatres, m\u00eame les plus petites.<\/p>\n<p>Adaptez le mouvement de va-et-vient du lave-vitres ECOVACS Winbot W1 Pro en choisissant parmi <b>les 3 modes adaptatifs : nettoyage rapide, nettoyage en profondeur et nettoyage des taches.<\/b> Avec <b>son r\u00e9servoir d&rsquo;eau de 60 ml et son autonomie capable d&rsquo;atteindre les 30 min<\/b>, il ne vous l\u00e2chera pas en pleine utilisation et renforcera votre sentiment de libert\u00e9.<\/p>\n<h3><img decoding=\"async\" ,=\"\" alt=\"Lave-vitres ECOVACS Winbot W1 Pro\" class=\"wy_tableau_right\" height=\"270\" src=\"https:\/\/boulanger.scene7.com\/is\/image\/Boulanger\/6970135030460_h_b_l_4?wid=400&amp;hei=270\" width=\"400\"\/>Un nettoyage sans effort et sans interruption<\/h3>\n<p>Affrontez tous les types de fen\u00eatre gr\u00e2ce au <b>syst\u00e8me de pulv\u00e9risation tr\u00e8s efficace<\/b> du nouveau lave-vitres ECOVACS Winbot W1 Pro. <b>Sa conception de pulv\u00e9risation crois\u00e9e<\/b> lui permettra d&rsquo;atteindre des angles larges tout en convoquant une humidit\u00e9 id\u00e9ale pour dissoudre les salet\u00e9s : la garantie d&rsquo;un r\u00e9sultat impeccable.<\/p>\n<p>Des mouvements fluides, une stabilit\u00e9 renforc\u00e9e, un nettoyage en profondeur et une adh\u00e9rence ferme, m\u00eame sur surface glissante ou en cas de coupure de courant ; c&rsquo;est la promesse de votre lave-vitres ECOVACS Winbot W1 Pro, rendue possible gr\u00e2ce \u00e0 <b>sa puissance d&rsquo;aspiration optimis\u00e9e de 2 800 Pa, associ\u00e9e \u00e0 son syst\u00e8me de d\u00e9placement anti-d\u00e9rapant innovant.<\/b><\/p>\n<\/p>\n<p><video class=\"s7Video\" controls=\"\" controlslist=\"nodownload\" poster=\"https:\/\/boulanger.scene7.com\/is\/image\/Boulanger\/6970135030460_v_0?scl=1\" preload=\"metadata\" src=\"https:\/\/boulanger.scene7.com\/is\/content\/Boulanger\/6970135030460_v_0\" width=\"100%\"><\/video><\/p>\n<\/div>\n<p><bl-button a11yexpanded=\"false\" arialabel=\"Afficher toute la description\" class=\"read-more__btn\" full=\"false\" link=\"true\">Voir plus<\/bl-button><\/div>","protected":false},"excerpt":{"rendered":"<div class=\"keypoints\">\n<h3 class=\"keypoints__title\">Les points cl\u00e9s<\/h3>\n<ul role=\"list\">\n<li class=\"keypoints__item\" role=\"listitem\">                          Fonctionnement : sur secteur (avec batterie de secours int\u00e9gr\u00e9e) &#8211;                                                      Niveau sonore : 70 dB                      <\/li>\n<li class=\"keypoints__item\" role=\"listitem\">                          Vitesse de nettoyage : 2min50 pour 1m\u00b2 &#8211;                                                      D\u00e9tection des bords                      <\/li>\n<li class=\"keypoints__item\" role=\"listitem\">                          Capacit\u00e9 du r\u00e9servoir d&rsquo;eau propre : 60 ml &#8211;                                                      Connect\u00e9                      <\/li>\n<li class=\"keypoints__item keypoints__item--advantage\" role=\"listitem\"><strong>Le + :<\/strong> planification intelligente de la trajectoire, pulv\u00e9risation automatique crois\u00e9e du liquide      <\/li>\n<\/ul>","protected":false},"featured_media":77051,"template":"","meta":{"_glsr_average":0,"_glsr_ranking":0,"_glsr_reviews":0},"product_cat":[329],"product_tag":[153,331],"class_list":{"0":"post-77052","1":"product","2":"type-product","3":"status-publish","4":"has-post-thumbnail","6":"product_cat-nettoyeur","7":"product_tag-maison-entretien","8":"product_tag-nettoyeur","10":"first","11":"instock","12":"sale","13":"shipping-taxable","14":"purchasable","15":"product-type-simple"},"_links":{"self":[{"href":"https:\/\/electromenagerexpress.com\/en\/wp-json\/wp\/v2\/product\/77052","targetHints":{"allow":["GET"]}}],"collection":[{"href":"https:\/\/electromenagerexpress.com\/en\/wp-json\/wp\/v2\/product"}],"about":[{"href":"https:\/\/electromenagerexpress.com\/en\/wp-json\/wp\/v2\/types\/product"}],"wp:featuredmedia":[{"embeddable":true,"href":"https:\/\/electromenagerexpress.com\/en\/wp-json\/wp\/v2\/media\/77051"}],"wp:attachment":[{"href":"https:\/\/electromenagerexpress.com\/en\/wp-json\/wp\/v2\/media?parent=77052"}],"wp:term":[{"taxonomy":"product_cat","embeddable":true,"href":"https:\/\/electromenagerexpress.com\/en\/wp-json\/wp\/v2\/product_cat?post=77052"},{"taxonomy":"product_tag","embeddable":true,"href":"https:\/\/electromenagerexpress.com\/en\/wp-json\/wp\/v2\/product_tag?post=77052"}],"curies":[{"name":"wp","href":"https:\/\/api.w.org\/{rel}","templated":true}]}}