{"id":77011,"date":"2024-11-24T13:52:58","date_gmt":"2024-11-24T13:52:58","guid":{"rendered":"https:\/\/electromenagerexpress.com\/product\/nettoyeur-de-solroborockflexi-lite\/"},"modified":"2024-11-24T20:52:06","modified_gmt":"2024-11-24T20:52:06","slug":"nettoyeur-de-solroborockflexi-lite","status":"publish","type":"product","link":"https:\/\/electromenagerexpress.com\/en\/product\/nettoyeur-de-solroborockflexi-lite\/","title":{"rendered":"Nettoyeur de sol\tROBOROCK\tFlexi Lite"},"content":{"rendered":"<div class=\"product-features__content\">\n<ul role=\"list\">\n<li class=\"product-features__item\" role=\"listitem\">\n<h3 class=\"product-features__label\">Choisir ce produit pour quel usage ?<\/h3>\n<ul role=\"list\">\n<li class=\"product-features__item-list__item\" role=\"listitem\"><span class=\"is--medium\">Fonctions :<\/span> Lave vos sols<\/li>\n<li class=\"product-features__item-list__item\" role=\"listitem\"><span class=\"is--medium\">Sp\u00e9cial animaux :<\/span> oui, avec une cr\u00e9pine pour dissocier les poils des liquides dans le r\u00e9servoir d&rsquo;eau sale<\/li>\n<li class=\"product-features__item-list__item\" role=\"listitem\"><span class=\"is--medium\">Type de surface \u00e0 nettoyer :<\/span> Carrelage, Parquet, B\u00e9ton cir\u00e9, Sp\u00e9cial animaux<\/li>\n<\/ul>\n<\/li>\n<li class=\"product-features__item\" role=\"listitem\">\n<h3 class=\"product-features__label\">Performance<\/h3>\n<ul role=\"list\">\n<li class=\"product-features__item-list__item\" role=\"listitem\"><span class=\"is--medium\">Puissance :<\/span> 150 W<\/li>\n<li class=\"product-features__item-list__item\" role=\"listitem\"><span class=\"is--medium\">Nombre de mode(s) de nettoyage :<\/span> 3<\/li>\n<li class=\"product-features__item-list__item\" role=\"listitem\"><span class=\"is--medium\">Puissance d&rsquo;aspiration (en kPa) :<\/span> 17<\/li>\n<li class=\"product-features__item-list__item\" role=\"listitem\"><span class=\"is--medium\">R\u00e9servoir amovible :<\/span> Oui<\/li>\n<li class=\"product-features__item-list__item\" role=\"listitem\"><span class=\"is--medium\">R\u00e9servoir d&rsquo;eau propre :<\/span> 620 ml<\/li>\n<li class=\"product-features__item-list__item\" role=\"listitem\"><span class=\"is--medium\">R\u00e9servoir d&rsquo;eau sale :<\/span> 400 ml<\/li>\n<li class=\"product-features__item-list__item\" role=\"listitem\"><span class=\"is--medium\">Avantage du double r\u00e9servoir :<\/span> S\u00e9pare l&rsquo;eau propre de l&rsquo;eau sale pour un nettoyage de qualit\u00e9<\/li>\n<li class=\"product-features__item-list__item\" role=\"listitem\"><span class=\"is--medium\">T\u00e9moin de niveau d&rsquo;eau propre min :<\/span> lumineux et sonore<\/li>\n<li class=\"product-features__item-list__item\" role=\"listitem\"><span class=\"is--medium\">T\u00e9moin de niveau d&rsquo;eau sale max :<\/span> lumineux et sonore<\/li>\n<li class=\"product-features__item-list__item\" role=\"listitem\"><span class=\"is--medium\">Produit utilis\u00e9 :<\/span> eau et d\u00e9tergent nettoyeur de sols<\/li>\n<li class=\"product-features__item-list__item\" role=\"listitem\"><span class=\"is--medium\">Nettoyage au plus pr\u00e8s des bords et des plinthes :<\/span> Oui<\/li>\n<li class=\"product-features__item-list__item\" role=\"listitem\"><span class=\"is--medium\">Aspiration \u00e0 sec :<\/span> Non<\/li>\n<li class=\"product-features__item-list__item\" role=\"listitem\"><span class=\"is--medium\">Mode turbo :<\/span> non<\/li>\n<li class=\"product-features__item-list__item\" role=\"listitem\"><span class=\"is--medium\">Mode auto nettoyage :<\/span> oui, les rouleaux et la t\u00eate de nettoyage se nettoient automatiquement sur la station d&rsquo;accueil.<\/li>\n<li class=\"product-features__item-list__item\" role=\"listitem\"><span class=\"is--medium\">Auto nettoyage \u00e0 l&rsquo;eau chaude :<\/span> non<\/li>\n<li class=\"product-features__item-list__item\" role=\"listitem\"><span class=\"is--medium\">S\u00e9chage de la brosse \u00e0 l&rsquo;air chaud :<\/span> oui, le s\u00e9chage \u00e0 l&rsquo;air chaud \u00e9vite les moisissures et les mauvaises odeurs<\/li>\n<li class=\"product-features__item-list__item\" role=\"listitem\"><span class=\"is--medium\">Capteur de niveau de salissure :<\/span> Non<\/li>\n<\/ul>\n<\/li>\n<li class=\"product-features__item\" role=\"listitem\">\n<h3 class=\"product-features__label\">Confort d&rsquo;utilisation<\/h3>\n<ul role=\"list\">\n<li class=\"product-features__item-list__item\" role=\"listitem\"><span class=\"is--medium\">Utilisation :<\/span> Sans fil<\/li>\n<li class=\"product-features__item-list__item\" role=\"listitem\"><span class=\"is--medium\">Niveau sonore :<\/span> 72,0 dB<\/li>\n<li class=\"product-features__item-list__item\" role=\"listitem\"><span class=\"is--medium\">Rayon d&rsquo;action :<\/span> sans fil, rayon d&rsquo;action illimit\u00e9<\/li>\n<li class=\"product-features__item-list__item\" role=\"listitem\"><span class=\"is--medium\">Autonomie :<\/span> autonomie \u00e9lev\u00e9e (40 mn)<\/li>\n<li class=\"product-features__item-list__item\" role=\"listitem\"><span class=\"is--medium\">Temps de charge :<\/span> 3 heures<\/li>\n<li class=\"product-features__item-list__item\" role=\"listitem\"><span class=\"is--medium\">Autotract\u00e9 :<\/span> non<\/li>\n<li class=\"product-features__item-list__item\" role=\"listitem\"><span class=\"is--medium\">Port\u00e9e \u00e0 plat :<\/span> oui, l&rsquo;aspirateur laveur s&rsquo;incline ent\u00e8rement \u00e0 plat sur le sol pour se glisser sous les meubles\/chaises (jusqu&rsquo;\u00e0 15cm)<\/li>\n<li class=\"product-features__item-list__item\" role=\"listitem\"><span class=\"is--medium\">Position parking :<\/span> oui, permet de tenir seul debout<\/li>\n<li class=\"product-features__item-list__item\" role=\"listitem\"><span class=\"is--medium\">Port\u00e9e \u00e0 plat \u00e0 180\u00b0C :<\/span> Oui<\/li>\n<li class=\"product-features__item-list__item\" role=\"listitem\"><span class=\"is--medium\">Ecran digital :<\/span> Ecran LED qui vous donne des informations en temps r\u00e9el comme l&rsquo;autonomie restante ou l&rsquo;\u00e9tat du filtre<\/li>\n<li class=\"product-features__item-list__item\" role=\"listitem\"><span class=\"is--medium\">Modes de nettoyage :<\/span> Auto, Max, Eco<\/li>\n<li class=\"product-features__item-list__item\" role=\"listitem\"><span class=\"is--medium\">Eclairage LED du sol :<\/span> Non<\/li>\n<\/ul>\n<\/li>\n<li class=\"product-features__item\" role=\"listitem\">\n<h3 class=\"product-features__label\">Equipement<\/h3>\n<ul role=\"list\">\n<li class=\"product-features__item-list__item\" role=\"listitem\"><span class=\"is--medium\">Filtre de sortie d&rsquo;air :<\/span> HEPA<\/li>\n<li class=\"product-features__item-list__item\" role=\"listitem\"><span class=\"is--medium\">Nombre de rouleaux inclus dans la boite (dont pr\u00e9 install\u00e9 sur la brosse) :<\/span> 1<\/li>\n<\/ul>\n<\/li>\n<li class=\"product-features__item\" role=\"listitem\">\n<h3 class=\"product-features__label\">Dimensions<\/h3>\n<ul role=\"list\">\n<li class=\"product-features__item-list__item\" role=\"listitem\"><span class=\"is--medium\">Dimensions l x h x p :<\/span> 23.3 x 110.3 x 26.4 cm<\/li>\n<li class=\"product-features__item-list__item\" role=\"listitem\"><span class=\"is--medium\">Poids Net :<\/span> 4,00 Kg<\/li>\n<\/ul>\n<\/li>\n<li class=\"product-features__item\" role=\"listitem\">\n<h3 class=\"product-features__label\">Informations et Services<\/h3>\n<ul role=\"list\">\n<li class=\"product-features__item-list__item\" role=\"listitem\"><span class=\"is--medium\">Fabriqu\u00e9 en :<\/span> Chine<\/li>\n<li class=\"product-features__item-list__item\" role=\"listitem\"><span class=\"is--medium\">Disponibilit\u00e9 des pi\u00e8ces d\u00e9tach\u00e9es (donn\u00e9es fournisseur) :<\/span> Pendant 2 ans, \u00e0 compter de la date d&rsquo;achat<\/li>\n<li class=\"product-features__item-list__item\" role=\"listitem\"><span class=\"is--medium\">R\u00e9f\u00e9rence constructeur :<\/span> Flexi Lite<\/li>\n<li class=\"product-features__item-list__item\" role=\"listitem\"><span class=\"is--medium\">Marque :<\/span> ROBOROCK<\/li>\n<\/ul>\n<\/li>\n<li class=\"product-features__item\" role=\"listitem\">\n<h3 class=\"product-features__label\">Facette option Aspirateur<\/h3>\n<ul role=\"list\">\n<li class=\"product-features__item-list__item\" role=\"listitem\"><span class=\"is--medium\">Poils d&rsquo;animaux :<\/span> Oui<\/li>\n<li class=\"product-features__item-list__item\" role=\"listitem\"><span class=\"is--medium\">2 en 1: aspirer et laver :<\/span> Non<\/li>\n<li class=\"product-features__item-list__item\" role=\"listitem\"><span class=\"is--medium\">Option Aspirateur :<\/span> Poils d&rsquo;animaux<\/li>\n<\/ul>\n<\/li>\n<\/ul>\n<\/div>\n<div class=\"product__disclosure-content\">\n<div class=\"js-read-more product-description__content read-more read-more--truncated\" style=\"max-height: 500px; overflow: hidden;\" data-read-more-name=\"description\">\n<div class=\"product__description-content read-more\">\n<p>Nettoyeur de sol ROBOROCK Flexi Lite : l&rsquo;alli\u00e9 propret\u00e9 de votre int\u00e9rieur<\/p>\n<h3>Performance et polyvalence au service du nettoyage<\/h3>\n<p>Le ROBOROCK Flexi Lite se distingue par sa capacit\u00e9 \u00e0 laver efficacement diff\u00e9rents types de sols gr\u00e2ce \u00e0 ses fonctions avanc\u00e9es. Dot\u00e9 d&rsquo;une puissance de 150 W et d&rsquo;une puissance d&rsquo;aspiration de 17 kPa, il assure un nettoyage impeccable sur le carrelage, le parquet et le b\u00e9ton cir\u00e9, tout en \u00e9tant sp\u00e9cialis\u00e9 pour g\u00e9rer les poils d&rsquo;animaux avec une cr\u00e9pine d\u00e9di\u00e9e dans le r\u00e9servoir d&rsquo;eau sale. Ses r\u00e9servoirs d&rsquo;eau propre et sale de 620 ml et 400 ml respectivement, \u00e9quip\u00e9s d&rsquo;un syst\u00e8me de double r\u00e9servoir, garantissent un nettoyage de qualit\u00e9 en s\u00e9parant l&rsquo;eau propre de l&rsquo;eau sale. De plus, la station d&rsquo;accueil permet un autonettoyage pratique des rouleaux et de la t\u00eate de nettoyage, tandis que le s\u00e9chage \u00e0 l&rsquo;air chaud pr\u00e9vient les moisissures et les mauvaises odeurs.<\/p>\n<h3>Confort d&rsquo;utilisation et facilit\u00e9 d&rsquo;entretien<\/h3>\n<p>Con\u00e7u pour offrir une exp\u00e9rience utilisateur optimale, le ROBOROCK Flexi Lite est un appareil sans fil offrant une autonomie \u00e9lev\u00e9e de 40 minutes, avec un temps de charge rapide de 3 heures. Son design permet une port\u00e9e \u00e0 plat pour atteindre les espaces difficiles sous les meubles et il peut tenir debout seul gr\u00e2ce \u00e0 sa position parking. L&rsquo;\u00e9cran LED fournit des informations en temps r\u00e9el telles que l&rsquo;autonomie restante ou l&rsquo;\u00e9tat du filtre. Avec ses dimensions compactes de 23.3 x 110.3 x 26.4 cm et son poids de 4 kg, ce nettoyeur de sol est \u00e0 la fois maniable et facile \u00e0 ranger, ce qui le rend id\u00e9al pour<\/p>\n<p>&nbsp;<\/p>\n<p>un usage quotidien.<\/p>\n<\/div>\n<\/div>\n<p>&nbsp;<\/p>\n<\/div>","protected":false},"excerpt":{"rendered":"<div class=\"keypoints\">\n<h3 class=\"keypoints__title\">Les points cl\u00e9s<\/h3>\n<ul role=\"list\">\n<li class=\"keypoints__item\" role=\"listitem\">Lave &#8211; Carrelage, Parquet, B\u00e9ton cir\u00e9, Sp\u00e9cial animaux<\/li>\n<li class=\"keypoints__item\" role=\"listitem\">4,00 Kg &#8211; sans fil, rayon d&rsquo;action illimit\u00e9<\/li>\n<li class=\"keypoints__item\" role=\"listitem\">R\u00e9servoir d&rsquo;eau propre : 620 ml &#8211; R\u00e9servoir d&rsquo;eau sale : 400 ml<\/li>\n<li class=\"keypoints__item\" role=\"listitem\">autonomie \u00e9lev\u00e9e (40 mn) &#8211; Temps de charge : 3 heures<\/li>\n<li class=\"keypoints__item keypoints__item--advantage\" role=\"listitem\"><strong>Le + :<\/strong> Sa flexibilit\u00e9 qui lui permet de nettoyer en profondeur sous les meubles bas (15cm)<\/li>\n<\/ul>\n<\/div>","protected":false},"featured_media":77010,"template":"","meta":{"_glsr_average":0,"_glsr_ranking":0,"_glsr_reviews":0},"product_cat":[330],"product_tag":[153,331,332],"class_list":{"0":"post-77011","1":"product","2":"type-product","3":"status-publish","4":"has-post-thumbnail","6":"product_cat-nettoyeur-de-sol","7":"product_tag-maison-entretien","8":"product_tag-nettoyeur","9":"product_tag-nettoyeur-de-sol","11":"first","12":"instock","13":"sale","14":"shipping-taxable","15":"purchasable","16":"product-type-simple"},"_links":{"self":[{"href":"https:\/\/electromenagerexpress.com\/en\/wp-json\/wp\/v2\/product\/77011","targetHints":{"allow":["GET"]}}],"collection":[{"href":"https:\/\/electromenagerexpress.com\/en\/wp-json\/wp\/v2\/product"}],"about":[{"href":"https:\/\/electromenagerexpress.com\/en\/wp-json\/wp\/v2\/types\/product"}],"wp:featuredmedia":[{"embeddable":true,"href":"https:\/\/electromenagerexpress.com\/en\/wp-json\/wp\/v2\/media\/77010"}],"wp:attachment":[{"href":"https:\/\/electromenagerexpress.com\/en\/wp-json\/wp\/v2\/media?parent=77011"}],"wp:term":[{"taxonomy":"product_cat","embeddable":true,"href":"https:\/\/electromenagerexpress.com\/en\/wp-json\/wp\/v2\/product_cat?post=77011"},{"taxonomy":"product_tag","embeddable":true,"href":"https:\/\/electromenagerexpress.com\/en\/wp-json\/wp\/v2\/product_tag?post=77011"}],"curies":[{"name":"wp","href":"https:\/\/api.w.org\/{rel}","templated":true}]}}