{"id":76998,"date":"2024-11-24T13:52:47","date_gmt":"2024-11-24T13:52:47","guid":{"rendered":"https:\/\/electromenagerexpress.com\/product\/nettoyeur-de-solsbissellcrosswave-c3-select-b3551n\/"},"modified":"2024-11-24T13:52:56","modified_gmt":"2024-11-24T13:52:56","slug":"nettoyeur-de-solsbissellcrosswave-c3-select-b3551n","status":"publish","type":"product","link":"https:\/\/electromenagerexpress.com\/en\/product\/nettoyeur-de-solsbissellcrosswave-c3-select-b3551n\/","title":{"rendered":"Nettoyeur de sols\t\t\t\t\t\t\tBISSELL\t\t\t\tCrossWave C3 Select B3551N"},"content":{"rendered":"<div class=\"product-features__content\">\n<ul role=\"list\">\n<li class=\"product-features__item\" role=\"listitem\">\n<h3 class=\"product-features__label\">Choisir ce produit pour quel usage ?<\/h3>\n<ul role=\"list\">\n<li class=\"product-features__item-list__item\" role=\"listitem\"><span class=\"is--medium\">Fonctions :<\/span> Lave vos sols\t\t\t\t\t<\/li>\n<li class=\"product-features__item-list__item\" role=\"listitem\"><span class=\"is--medium\">Sp\u00e9cial animaux :<\/span> Non\t\t\t\t\t<\/li>\n<li class=\"product-features__item-list__item\" role=\"listitem\"><span class=\"is--medium\">Type de surface \u00e0 nettoyer :<\/span> Carrelage, Parquet, B\u00e9ton cir\u00e9, Tapis, Moquette\t\t\t\t\t<\/li>\n<\/ul>\n<\/li>\n<li class=\"product-features__item\" role=\"listitem\">\n<h3 class=\"product-features__label\">Performance<\/h3>\n<ul role=\"list\">\n<li class=\"product-features__item-list__item\" role=\"listitem\"><span class=\"is--medium\">Puissance :<\/span> 560 W\t\t\t\t\t<\/li>\n<li class=\"product-features__item-list__item\" role=\"listitem\"><span class=\"is--medium\">Nombre de mode(s) de nettoyage :<\/span> 2\t\t\t\t\t<\/li>\n<li class=\"product-features__item-list__item\" role=\"listitem\"><span class=\"is--medium\">Vitesse du rouleau-brosse :<\/span> 3.000 tr\/mn\t\t\t\t\t<\/li>\n<li class=\"product-features__item-list__item\" role=\"listitem\"><span class=\"is--medium\">R\u00e9servoir amovible :<\/span> Oui\t\t\t\t\t<\/li>\n<li class=\"product-features__item-list__item\" role=\"listitem\"><span class=\"is--medium\">R\u00e9servoir d&rsquo;eau propre :<\/span> 820 ml\t\t\t\t\t<\/li>\n<li class=\"product-features__item-list__item\" role=\"listitem\"><span class=\"is--medium\">R\u00e9servoir d&rsquo;eau sale :<\/span> 620 ml\t\t\t\t\t<\/li>\n<li class=\"product-features__item-list__item\" role=\"listitem\"><span class=\"is--medium\">Avantage du double r\u00e9servoir :<\/span> S\u00e9pare l&rsquo;eau propre de l&rsquo;eau sale pour un nettoyage de qualit\u00e9\t\t\t\t\t<\/li>\n<li class=\"product-features__item-list__item\" role=\"listitem\"><span class=\"is--medium\">T\u00e9moin de niveau d&rsquo;eau propre min :<\/span> lumineux\t\t\t\t\t<\/li>\n<li class=\"product-features__item-list__item\" role=\"listitem\"><span class=\"is--medium\">T\u00e9moin de niveau d&rsquo;eau sale max :<\/span> lumineux\t\t\t\t\t<\/li>\n<li class=\"product-features__item-list__item\" role=\"listitem\"><span class=\"is--medium\">Produit utilis\u00e9 :<\/span> eau et d\u00e9tergent\t\t\t\t\t<\/li>\n<li class=\"product-features__item-list__item\" role=\"listitem\"><span class=\"is--medium\">Nettoyage au plus pr\u00e8s des bords et des plinthes :<\/span> Non\t\t\t\t\t<\/li>\n<li class=\"product-features__item-list__item\" role=\"listitem\"><span class=\"is--medium\">Aspiration \u00e0 sec :<\/span> Non\t\t\t\t\t<\/li>\n<li class=\"product-features__item-list__item\" role=\"listitem\"><span class=\"is--medium\">Mode turbo :<\/span> non\t\t\t\t\t<\/li>\n<li class=\"product-features__item-list__item\" role=\"listitem\"><span class=\"is--medium\">Mode auto nettoyage :<\/span> oui, les rouleaux et la t\u00eate de nettoyage se nettoient automatiquement sur la station d&rsquo;accueil.\t\t\t\t\t<\/li>\n<li class=\"product-features__item-list__item\" role=\"listitem\"><span class=\"is--medium\">Auto nettoyage \u00e0 l&rsquo;eau chaude :<\/span> non\t\t\t\t\t<\/li>\n<li class=\"product-features__item-list__item\" role=\"listitem\"><span class=\"is--medium\">S\u00e9chage de la brosse \u00e0 l&rsquo;air chaud :<\/span> non\t\t\t\t\t<\/li>\n<li class=\"product-features__item-list__item\" role=\"listitem\"><span class=\"is--medium\">Capteur de niveau de salissure :<\/span> Non\t\t\t\t\t<\/li>\n<\/ul>\n<\/li>\n<li class=\"product-features__item\" role=\"listitem\">\n<h3 class=\"product-features__label\">Confort d&rsquo;utilisation<\/h3>\n<ul role=\"list\">\n<li class=\"product-features__item-list__item\" role=\"listitem\"><span class=\"is--medium\">Utilisation :<\/span> Avec fil\t\t\t\t\t<\/li>\n<li class=\"product-features__item-list__item\" role=\"listitem\"><span class=\"is--medium\">Niveau sonore :<\/span> 80,0 dB\t\t\t\t\t<\/li>\n<li class=\"product-features__item-list__item\" role=\"listitem\"><span class=\"is--medium\">Rayon d&rsquo;action :<\/span> rayon d&rsquo;action jusqu&rsquo;\u00e0 7,5 m\t\t\t\t\t<\/li>\n<li class=\"product-features__item-list__item\" role=\"listitem\"><span class=\"is--medium\">Autonomie :<\/span> autonomie illimit\u00e9e (filaire)\t\t\t\t\t<\/li>\n<li class=\"product-features__item-list__item\" role=\"listitem\"><span class=\"is--medium\">Temps de charge :<\/span> sans charge (fonctionne sur secteur)\t\t\t\t\t<\/li>\n<li class=\"product-features__item-list__item\" role=\"listitem\"><span class=\"is--medium\">Autotract\u00e9 :<\/span> non\t\t\t\t\t<\/li>\n<li class=\"product-features__item-list__item\" role=\"listitem\"><span class=\"is--medium\">Position parking :<\/span> oui, permet de tenir seul debout\t\t\t\t\t<\/li>\n<li class=\"product-features__item-list__item\" role=\"listitem\"><span class=\"is--medium\">Ecran digital :<\/span> Non\t\t\t\t\t<\/li>\n<li class=\"product-features__item-list__item\" role=\"listitem\"><span class=\"is--medium\">Modes de nettoyage :<\/span> mode sols durs, mode tapis\t\t\t\t\t<\/li>\n<li class=\"product-features__item-list__item\" role=\"listitem\"><span class=\"is--medium\">D\u00e9tecteur automatique de changement de filtre \u00e0 air :<\/span> Non\t\t\t\t\t<\/li>\n<li class=\"product-features__item-list__item\" role=\"listitem\"><span class=\"is--medium\">Eclairage LED du sol :<\/span> Non\t\t\t\t\t<\/li>\n<\/ul>\n<\/li>\n<li class=\"product-features__item\" role=\"listitem\">\n<h3 class=\"product-features__label\">Equipement<\/h3>\n<ul role=\"list\">\n<li class=\"product-features__item-list__item\" role=\"listitem\"><span class=\"is--medium\">Brosse anti emm\u00ealement :<\/span> oui, elle r\u00e9duit l&rsquo;anchev\u00eatrement des cheveux autour du rouleau. Elle est aussi id\u00e9ale pour les propri\u00e9taires d&rsquo;animaux\t\t\t\t\t<\/li>\n<li class=\"product-features__item-list__item\" role=\"listitem\"><span class=\"is--medium\">Filtre de sortie d&rsquo;air :<\/span> HEPA\t\t\t\t\t<\/li>\n<li class=\"product-features__item-list__item\" role=\"listitem\"><span class=\"is--medium\">Nombre de rouleaux inclus dans la boite (dont pr\u00e9 install\u00e9 sur la brosse) :<\/span> 1\t\t\t\t\t<\/li>\n<\/ul>\n<\/li>\n<li class=\"product-features__item\" role=\"listitem\">\n<h3 class=\"product-features__label\">Dimensions<\/h3>\n<ul role=\"list\">\n<li class=\"product-features__item-list__item\" role=\"listitem\"><span class=\"is--medium\">Dimensions l x h x p :<\/span> 30 x 117 x 27 cm\t\t\t\t\t<\/li>\n<li class=\"product-features__item-list__item\" role=\"listitem\"><span class=\"is--medium\">Poids Net :<\/span> 5,20 Kg\t\t\t\t\t<\/li>\n<\/ul>\n<\/li>\n<li class=\"product-features__item\" role=\"listitem\">\n<h3 class=\"product-features__label\">Informations et Services<\/h3>\n<ul role=\"list\">\n<li class=\"product-features__item-list__item\" role=\"listitem\"><span class=\"is--medium\">Information importante: :<\/span> Il est conseill\u00e9 d&rsquo;utiliser la solution de nettoyage de la marque pour votre appareil et de respecter le dosage. Un d\u00e9tergent non adapt\u00e9 pourrait l&rsquo;endommager et nuire \u00e0 son bon fonctionnement. Le non respect des ses conseils peut occasionner la perte du b\u00e9n\u00e9fice de la garantie.\t\t\t\t\t<\/li>\n<li class=\"product-features__item-list__item\" role=\"listitem\"><span class=\"is--medium\">Information compl\u00e9mentaire: :<\/span> Il est important de choisir le nettoyant en fonction du type de sols ou tissus que vous souhaitez nettoyer (tapis, parquet, carrelage, moquette, &#8230;) pour ne pas les abimer.\t\t\t\t\t<\/li>\n<li class=\"product-features__item-list__item\" role=\"listitem\"><span class=\"is--medium\">Fabriqu\u00e9 en :<\/span> Chine\t\t\t\t\t<\/li>\n<li class=\"product-features__item-list__item\" role=\"listitem\"><span class=\"is--medium\">Disponibilit\u00e9 des pi\u00e8ces d\u00e9tach\u00e9es (donn\u00e9es fournisseur) :<\/span> Pendant 5 ans, \u00e0 compter de la date fin de commercialisation\t\t\t\t\t<\/li>\n<li class=\"product-features__item-list__item\" role=\"listitem\"><span class=\"is--medium\">R\u00e9f\u00e9rence constructeur :<\/span> CrossWave C3 Select B3551N\t\t\t\t\t<\/li>\n<li class=\"product-features__item-list__item\" role=\"listitem\"><span class=\"is--medium\">Marque :<\/span> BISSELL\t\t\t\t\t<\/li>\n<\/ul>\n<\/li>\n<li class=\"product-features__item\" role=\"listitem\">\n<h3 class=\"product-features__label\">Facette option Aspirateur<\/h3>\n<ul role=\"list\">\n<li class=\"product-features__item-list__item\" role=\"listitem\"><span class=\"is--medium\">Poils d&rsquo;animaux :<\/span> Non\t\t\t\t\t<\/li>\n<li class=\"product-features__item-list__item\" role=\"listitem\"><span class=\"is--medium\">2 en 1: aspirer et laver :<\/span> Non\t\t\t\t\t<\/li>\n<\/ul>\n<\/li>\n<\/ul>\n<\/div>\n<div class=\"product__disclosure-content\">\n<div class=\"js-read-more product-description__content read-more read-more--truncated\" data-read-more-name=\"description\" style=\"max-height: 500px; overflow: hidden;\">\n<p>Id\u00e9al pour l&rsquo;entretien quotidien, le nettoyeur multi-surface BISSELL CrossWave C3 Sele vient \u00e0 bout de toutes les traces en un seul passage. Avec sa puissance de 560 watts, il deviendra votre alli\u00e9 d\u00e9di\u00e9 pour une maison propre et saine.<\/p>\n<h3><img fetchpriority=\"high\" decoding=\"async\" ,=\"\" alt=\"Aspi nettoyeur BISSELL CrossWave C3 Sele\" class=\"wy_tableau_gauche\" height=\"270\" src=\"https:\/\/boulanger.scene7.com\/is\/image\/Boulanger\/0011120269703_h_f_l_0?wid=400&amp;hei=270\" width=\"400\"\/>Pour un nettoyage en profondeur sans perdre une goutte de sueur<\/h3>\n<p><b>Simple d&rsquo;utilisation,<\/b> l&rsquo;aspirateur nettoyeur BISSELL CrossWave C3 Sele vous permettra \u00e0 la fois d&rsquo;aspirer, de laver et de s\u00e9cher l&rsquo;int\u00e9gralit\u00e9 de vos sols. Cet appareil se r\u00e9v\u00e8le imbattable pour <b>prolonger la dur\u00e9e de vie de vos tapis et nettoyer les rev\u00eatements rigides,<\/b> du carrelage au parquet.<\/p>\n<p>Dot\u00e9 de <b>2 modes de nettoyage,<\/b> l&rsquo;aspirateur nettoyeur BISSELL CrossWave C3 Sele vous offre la possibilit\u00e9 de r\u00e9pondre \u00e0 vos besoins. Vous pourrez passer d&rsquo;un mode de nettoyage \u00e0 un autre en un claquement de doigts <b>gr\u00e2ce aux commandes tactiles.<\/b> Pensez \u00e9galement \u00e0 adapter la quantit\u00e9 d&rsquo;eau projet\u00e9e, astuce redoutable pour venir \u00e0 bout des traces les plus tenaces.<\/p>\n<h3><img decoding=\"async\" ,=\"\" alt=\"Aspi nettoyeur BISSELL CrossWave C3 Sele\" class=\"wy_tableau_right\" height=\"270\" src=\"https:\/\/boulanger.scene7.com\/is\/image\/Boulanger\/0011120269703_h_f_l_1?wid=400&amp;hei=270\" width=\"400\"\/>Une puissance d&rsquo;assainissement redoutable<\/h3>\n<p>Pour vous garantir plus d&rsquo;autonomie, l&rsquo;aspirateur nettoyeur BISSELL CrossWave C3 Sele est pourvu de <b>la technologie \u00e0 double r\u00e9servoirs<\/b> : l&rsquo;un sert \u00e0 r\u00e9cup\u00e9rer l&rsquo;eau sale, l&rsquo;autre distribue l&rsquo;eau claire. Gr\u00e2ce \u00e0 cette s\u00e9paration, vous \u00eates s\u00fbr de nettoyer votre sol avec de l&rsquo;eau propre et limpide.<\/p>\n<p>Pour faciliter l&rsquo;entretien de votre aspirateur nettoyeur BISSELL CrossWave C3 Sele, vous pourrez compter sur <b>son cycle d&rsquo;auto-nettoyage.<\/b> Il assainira la brosse et l&rsquo;int\u00e9rieur de l&rsquo;aspirateur, pour vous faire gagner un maximum de temps et d&rsquo;\u00e9nergie. Le syst\u00e8me anti-odeurs conjugu\u00e9 \u00e0 la brosse et au filtre antimicrobiens, lui, se chargera de <b>garder les mauvaises odeurs \u00e0 distance,<\/b> pour que vous ne soyez jamais incommod\u00e9.<\/p>\n<\/p>\n<p><video class=\"s7Video\" controls=\"\" controlslist=\"nodownload\" poster=\"https:\/\/boulanger.scene7.com\/is\/image\/Boulanger\/0011120269703_v_0?scl=1\" preload=\"metadata\" src=\"https:\/\/boulanger.scene7.com\/is\/content\/Boulanger\/0011120269703_v_0\" width=\"100%\"><\/video><\/p>\n<\/div>\n<p><bl-button a11yexpanded=\"false\" arialabel=\"Afficher toute la description\" class=\"read-more__btn\" full=\"false\" link=\"true\">Voir plus<\/bl-button><\/div>","protected":false},"excerpt":{"rendered":"<div class=\"keypoints\">\n<h3 class=\"keypoints__title\">Les points cl\u00e9s<\/h3>\n<ul role=\"list\">\n<li class=\"keypoints__item\" role=\"listitem\">                          Lave &#8211;                                                      Carrelage, Parquet, B\u00e9ton cir\u00e9, Tapis, Moquette                      <\/li>\n<li class=\"keypoints__item\" role=\"listitem\">                          5,20 Kg &#8211;                                                      rayon d&rsquo;action jusqu&rsquo;\u00e0 7,5 m                      <\/li>\n<li class=\"keypoints__item\" role=\"listitem\">                          R\u00e9servoir d&rsquo;eau propre : 820 ml &#8211;                                                      R\u00e9servoir d&rsquo;eau sale : 620 ml                      <\/li>\n<li class=\"keypoints__item\" role=\"listitem\">                          autonomie illimit\u00e9e (filaire) &#8211;                                                      Temps de charge : sans charge (fonctionne sur secteur)                      <\/li>\n<li class=\"keypoints__item keypoints__item--advantage\" role=\"listitem\"><strong>Le + :<\/strong> le sol est toujours nettoy\u00e9 \u00e0 de l&rsquo;eau propre avec la technologie \u00e0 double r\u00e9servoirs      <\/li>\n<\/ul>","protected":false},"featured_media":76997,"template":"","meta":{"_glsr_average":0,"_glsr_ranking":0,"_glsr_reviews":0},"product_cat":[330],"product_tag":[153,331,332],"class_list":{"0":"post-76998","1":"product","2":"type-product","3":"status-publish","4":"has-post-thumbnail","6":"product_cat-nettoyeur-de-sol","7":"product_tag-maison-entretien","8":"product_tag-nettoyeur","9":"product_tag-nettoyeur-de-sol","11":"first","12":"instock","13":"sale","14":"shipping-taxable","15":"purchasable","16":"product-type-simple"},"_links":{"self":[{"href":"https:\/\/electromenagerexpress.com\/en\/wp-json\/wp\/v2\/product\/76998","targetHints":{"allow":["GET"]}}],"collection":[{"href":"https:\/\/electromenagerexpress.com\/en\/wp-json\/wp\/v2\/product"}],"about":[{"href":"https:\/\/electromenagerexpress.com\/en\/wp-json\/wp\/v2\/types\/product"}],"wp:featuredmedia":[{"embeddable":true,"href":"https:\/\/electromenagerexpress.com\/en\/wp-json\/wp\/v2\/media\/76997"}],"wp:attachment":[{"href":"https:\/\/electromenagerexpress.com\/en\/wp-json\/wp\/v2\/media?parent=76998"}],"wp:term":[{"taxonomy":"product_cat","embeddable":true,"href":"https:\/\/electromenagerexpress.com\/en\/wp-json\/wp\/v2\/product_cat?post=76998"},{"taxonomy":"product_tag","embeddable":true,"href":"https:\/\/electromenagerexpress.com\/en\/wp-json\/wp\/v2\/product_tag?post=76998"}],"curies":[{"name":"wp","href":"https:\/\/api.w.org\/{rel}","templated":true}]}}