{"id":76968,"date":"2024-11-24T13:52:21","date_gmt":"2024-11-24T13:52:21","guid":{"rendered":"https:\/\/electromenagerexpress.com\/product\/robot-lave-vitreecovacswinbot-w2-omni\/"},"modified":"2024-11-24T13:52:36","modified_gmt":"2024-11-24T13:52:36","slug":"robot-lave-vitreecovacswinbot-w2-omni","status":"publish","type":"product","link":"https:\/\/electromenagerexpress.com\/en\/product\/robot-lave-vitreecovacswinbot-w2-omni\/","title":{"rendered":"Robot Lave vitre\t\t\t\t\t\t\tECOVACS\t\t\t\tWinbot W2 Omni"},"content":{"rendered":"<div class=\"product-features__content\">\n<ul role=\"list\">\n<li class=\"product-features__item\" role=\"listitem\">\n<h3 class=\"product-features__label\">Robot<\/h3>\n<ul role=\"list\">\n<li class=\"product-features__item-list__item\" role=\"listitem\"><span class=\"is--medium\">Fonctionnement :<\/span> sur batterie\t\t\t\t\t<\/li>\n<li class=\"product-features__item-list__item\" role=\"listitem\"><span class=\"is--medium\">Niveau sonore :<\/span> 75 dB\t\t\t\t\t<\/li>\n<li class=\"product-features__item-list__item\" role=\"listitem\"><span class=\"is--medium\">Poids du robot :<\/span> 1,6 kg\t\t\t\t\t<\/li>\n<li class=\"product-features__item-list__item\" role=\"listitem\"><span class=\"is--medium\">Longueur du cordon d&rsquo;alimentation :<\/span> 5,5 m\t\t\t\t\t<\/li>\n<li class=\"product-features__item-list__item\" role=\"listitem\"><span class=\"is--medium\">Retour automatique au point de d\u00e9part :<\/span> Oui\t\t\t\t\t<\/li>\n<li class=\"product-features__item-list__item\" role=\"listitem\"><span class=\"is--medium\">Nombre de mode(s) de nettoyage :<\/span> 5\t\t\t\t\t<\/li>\n<li class=\"product-features__item-list__item\" role=\"listitem\"><span class=\"is--medium\">Mode(s) de nettoyage :<\/span> nettoyage rapide, nettoyage en profondeur, nettoyage des bords, nettoyage localis\u00e9, nettoyage complet\t\t\t\t\t<\/li>\n<li class=\"product-features__item-list__item\" role=\"listitem\"><span class=\"is--medium\">Spray automatique :<\/span> oui, pulv\u00e9rise automatiquement la solution nettoyante en fines goutelettes de mani\u00e8re crois\u00e9e et tridirectionnelle\t\t\t\t\t<\/li>\n<\/ul>\n<\/li>\n<li class=\"product-features__item\" role=\"listitem\">\n<h3 class=\"product-features__label\">Station mobile<\/h3>\n<ul role=\"list\">\n<li class=\"product-features__item-list__item\" role=\"listitem\"><span class=\"is--medium\">Poids de la station mobile :<\/span> 5,6 kg\t\t\t\t\t<\/li>\n<li class=\"product-features__item-list__item\" role=\"listitem\"><span class=\"is--medium\">Fonctionnement :<\/span> la station Omni est \u00e9quip\u00e9e d&rsquo;une batterie qui alimente le robot. Elle le suit dans le moindre de ses mouvements pour un rayon d&rsquo;action illimit\u00e9. Elle poss\u00e8de plusieurs fonctions gr\u00e2ce \u00e0 son panneau de contr\u00f4le.\t\t\t\t\t<\/li>\n<li class=\"product-features__item-list__item\" role=\"listitem\"><span class=\"is--medium\">Autonomie batterie int\u00e9gr\u00e9e :<\/span> la station mobile poss\u00e8de une batterie int\u00e9gr\u00e9e d&rsquo;une autonomie de 110mn\t\t\t\t\t<\/li>\n<li class=\"product-features__item-list__item\" role=\"listitem\"><span class=\"is--medium\">Information autonomie :<\/span> elle peut varier en fonction du mode de nettoyage utilis\u00e9 et du degr\u00e9 de salissure des vitres\t\t\t\t\t<\/li>\n<li class=\"product-features__item-list__item\" role=\"listitem\"><span class=\"is--medium\">Enrouleur automatique :<\/span> oui, une pression sur le bouton de la station et le cable s&rsquo;enroule automatiquement pour un stockage facile sans risquer de l&rsquo;abimer.\t\t\t\t\t<\/li>\n<li class=\"product-features__item-list__item\" role=\"listitem\"><span class=\"is--medium\">Panneau de contr\u00f4le :<\/span> oui, la station est \u00e9quip\u00e9e d&rsquo;un panneau de contr\u00f4le dot\u00e9 de diff\u00e9rentes fonctions comme la s\u00e9lection du mode de nettoyage, l&rsquo;enrouleur automatique, la mise sous\/hors tension ou encore la mise en pause du robot.\t\t\t\t\t<\/li>\n<li class=\"product-features__item-list__item\" role=\"listitem\"><span class=\"is--medium\">Rangement et maniabilit\u00e9 :<\/span> la station est \u00e9quip\u00e9 d&rsquo;un emplacement de stockage pour ranger le robot et gagner de la place. Elle poss\u00e8de \u00e9galement une poign\u00e9e pour faciliter le transport\t\t\t\t\t<\/li>\n<\/ul>\n<\/li>\n<li class=\"product-features__item\" role=\"listitem\">\n<h3 class=\"product-features__label\">Performance<\/h3>\n<ul role=\"list\">\n<li class=\"product-features__item-list__item\" role=\"listitem\"><span class=\"is--medium\">Type de surface \u00e0 nettoyer :<\/span> Vitres, Miroir, Parois de douche\t\t\t\t\t<\/li>\n<li class=\"product-features__item-list__item\" role=\"listitem\"><span class=\"is--medium\">Puissance d&rsquo;aspiration :<\/span> 2 800 Pascals\t\t\t\t\t<\/li>\n<li class=\"product-features__item-list__item\" role=\"listitem\"><span class=\"is--medium\">R\u00e9servoir d&rsquo;eau propre amovible :<\/span> Non\t\t\t\t\t<\/li>\n<li class=\"product-features__item-list__item\" role=\"listitem\"><span class=\"is--medium\">Capacit\u00e9 du r\u00e9servoir d&rsquo;eau propre :<\/span> 60 ml\t\t\t\t\t<\/li>\n<li class=\"product-features__item-list__item\" role=\"listitem\"><span class=\"is--medium\">Surface nettoy\u00e9e r\u00e9servoir plein :<\/span> 30 m\u00b2\t\t\t\t\t<\/li>\n<li class=\"product-features__item-list__item\" role=\"listitem\"><span class=\"is--medium\">Surface nettoy\u00e9e batterie pleine :<\/span> 55 m\u00b2\t\t\t\t\t<\/li>\n<li class=\"product-features__item-list__item\" role=\"listitem\"><span class=\"is--medium\">Vitesse de nettoyage :<\/span> 2min pour 1m\u00b2 (en mode rapide)\t\t\t\t\t<\/li>\n<\/ul>\n<\/li>\n<li class=\"product-features__item\" role=\"listitem\">\n<h3 class=\"product-features__label\">Navigation et s\u00e9curit\u00e9<\/h3>\n<ul role=\"list\">\n<li class=\"product-features__item-list__item\" role=\"listitem\"><span class=\"is--medium\">D\u00e9tection du vide :<\/span> Oui\t\t\t\t\t<\/li>\n<li class=\"product-features__item-list__item\" role=\"listitem\"><span class=\"is--medium\">D\u00e9tection des bords :<\/span> Oui\t\t\t\t\t<\/li>\n<li class=\"product-features__item-list__item\" role=\"listitem\"><span class=\"is--medium\">D\u00e9tection d&rsquo;obstacles :<\/span> oui, le robot est capable d&rsquo;\u00e9viter des obstacles de plus de 4mm\t\t\t\t\t<\/li>\n<li class=\"product-features__item-list__item\" role=\"listitem\"><span class=\"is--medium\">Longueur du cordon de s\u00e9curit\u00e9 :<\/span> 5,5 m\t\t\t\t\t<\/li>\n<li class=\"product-features__item-list__item\" role=\"listitem\"><span class=\"is--medium\">Navigation :<\/span> le robot se d\u00e9place de mani\u00e8re lin\u00e9aire et m\u00e9thodique\t\t\t\t\t<\/li>\n<li class=\"product-features__item-list__item\" role=\"listitem\"><span class=\"is--medium\">Trajectoire intelligente :<\/span> oui, le robot planifie sa trajectoire et cr\u00e9e un parcours de nettoyage pour une efficacit\u00e9 optimale\t\t\t\t\t<\/li>\n<li class=\"product-features__item-list__item\" role=\"listitem\"><span class=\"is--medium\">Syst\u00e8me antid\u00e9rapant :<\/span> oui, le robot poss\u00e8de un syst\u00e8me de courroie tr\u00e8s r\u00e9sistant \u00e0 l&rsquo;eau et aux frottements. Ainsi, il reste stable sans glissement durant la session de nettoyage.\t\t\t\t\t<\/li>\n<li class=\"product-features__item-list__item\" role=\"listitem\"><span class=\"is--medium\">Connect\u00e9 :<\/span> Oui\t\t\t\t\t<\/li>\n<li class=\"product-features__item-list__item\" role=\"listitem\"><span class=\"is--medium\">Mode de connexion :<\/span> avec l&rsquo;application ECOVACS HOME qui vous permet de contr\u00f4ler et programmer votre robot lave vitre avec votre smartphone.\t\t\t\t\t<\/li>\n<\/ul>\n<\/li>\n<li class=\"product-features__item\" role=\"listitem\">\n<h3 class=\"product-features__label\">Dimensions<\/h3>\n<ul role=\"list\">\n<li class=\"product-features__item-list__item\" role=\"listitem\"><span class=\"is--medium\">Dimensions l x h x p :<\/span> 21.5 x 31 x 32.7 cm\t\t\t\t\t<\/li>\n<\/ul>\n<\/li>\n<li class=\"product-features__item\" role=\"listitem\">\n<h3 class=\"product-features__label\">Informations et Services<\/h3>\n<ul role=\"list\">\n<li class=\"product-features__item-list__item\" role=\"listitem\"><span class=\"is--medium\">Disponibilit\u00e9 des pi\u00e8ces d\u00e9tach\u00e9es (donn\u00e9es fournisseur) :<\/span> Pendant 5 ans, \u00e0 compter de la date fin de commercialisation\t\t\t\t\t<\/li>\n<li class=\"product-features__item-list__item\" role=\"listitem\"><span class=\"is--medium\">R\u00e9f\u00e9rence constructeur :<\/span> Winbot W2 Omni\t\t\t\t\t<\/li>\n<li class=\"product-features__item-list__item\" role=\"listitem\"><span class=\"is--medium\">Marque :<\/span> ECOVACS\t\t\t\t\t<\/li>\n<\/ul>\n<\/li>\n<li class=\"product-features__item\" role=\"listitem\">\n<h3 class=\"product-features__label\">Facettes nettoyeur<\/h3>\n<ul role=\"list\">\n<li class=\"product-features__item-list__item\" role=\"listitem\"><span class=\"is--medium\">Pour quel usage :<\/span> Laver les vitres\t\t\t\t\t<\/li>\n<li class=\"product-features__item-list__item\" role=\"listitem\"><span class=\"is--medium\">Type de produit :<\/span> Nettoyeur de vitres\t\t\t\t\t<\/li>\n<\/ul>\n<\/li>\n<\/ul>\n<\/div>\n<div class=\"product__disclosure-content\">\n<div class=\"js-read-more product-description__content read-more read-more--truncated\" data-read-more-name=\"description\" style=\"max-height: 500px; overflow: hidden;\">\n<p>ECOVACS Winbot W2 Omni : L&rsquo;Innovation au Service de la Propret\u00e9<\/p>\n<h3><img fetchpriority=\"high\" decoding=\"async\" ,=\"\" alt=\"Robot lave vitre Ecovacs\" class=\"wy_tableau_gauche\" height=\"270\" src=\"https:\/\/boulanger.scene7.com\/is\/image\/Boulanger\/6970135031306_h_f_l_2?wid=400&amp;hei=270\" width=\"400\"\/>Une technologie r\u00e9volutionnaire pour des vitres \u00e9clatantes<\/h3>\n<p>Le robot lave vitre ECOVACS Winbot W2 Omni se distingue par sa station de nettoyage 6-en-1 et son pulv\u00e9risateur automatique avec triple buse, offrant une solution compl\u00e8te pour un nettoyage des vitres sans pr\u00e9c\u00e9dent. La station de base portable d&rsquo;ECOVACS permet une alimentation continue gr\u00e2ce \u00e0 sa batterie au lithium de grande capacit\u00e9, rendant le nettoyage possible m\u00eame sans acc\u00e8s \u00e0 une prise de courant. Avec ses quatre fonctions int\u00e9gr\u00e9es, dont la r\u00e9traction du c\u00e2ble et le choix entre un nettoyage rapide ou en profondeur, ce robot lave vitre repr\u00e9sente le summum de la commodit\u00e9 et de l&rsquo;efficacit\u00e9.<\/p>\n<p><\/p>\n<h3><img decoding=\"async\" ,=\"\" alt=\"Robot lave vitre Ecovacs\" class=\"wy_tableau_right\" height=\"270\" src=\"https:\/\/boulanger.scene7.com\/is\/image\/Boulanger\/6970135031306_h_f_l_4?wid=400&amp;hei=270\" width=\"400\"\/>Adaptabilit\u00e9 et s\u00e9curit\u00e9 : les ma\u00eetres-mots du Winbot W2 Omni<\/h3>\n<p>Le WINBOT W2 OMNI s&rsquo;adapte \u00e0 toutes les situations gr\u00e2ce \u00e0 la technologie WIN-SLAM 4.0 mise \u00e0 jour, offrant cinq modes de nettoyage, dont le nettoyage des bords et le nettoyage localis\u00e9 pour une pr\u00e9cision in\u00e9gal\u00e9e. Sa puissance d&rsquo;aspiration de 2 800 Pa, associ\u00e9e \u00e0 un syst\u00e8me d&rsquo;escalade antid\u00e9rapant, garantit un nettoyage efficace et s\u00e9curis\u00e9 sur tous types de vitres (&gt;3mm). La protection compl\u00e8te \u00e0 12 niveaux assure une tranquillit\u00e9 d&rsquo;esprit totale, avec une s\u00e9curit\u00e9 renforc\u00e9e contre les interruptions de courant et une adh\u00e9rence optimale sur les surfaces glissantes. Le contr\u00f4le par application et la compatibilit\u00e9 avec les assistants vocaux ajoutent une couche suppl\u00e9mentaire de confort pour l&rsquo;utilisateur.<\/p>\n<\/p>\n<p><video class=\"s7Video\" controls=\"\" controlslist=\"nodownload\" poster=\"https:\/\/boulanger.scene7.com\/is\/image\/Boulanger\/6970135031306_v_0?scl=1\" preload=\"metadata\" src=\"https:\/\/boulanger.scene7.com\/is\/content\/Boulanger\/6970135031306_v_0\" width=\"100%\"><\/video><\/p>\n<\/div>\n<p><bl-button a11yexpanded=\"false\" arialabel=\"Afficher toute la description\" class=\"read-more__btn\" full=\"false\" link=\"true\">Voir plus<\/bl-button><\/div>","protected":false},"excerpt":{"rendered":"<div class=\"keypoints\">\n<h3 class=\"keypoints__title\">Les points cl\u00e9s<\/h3>\n<ul role=\"list\">\n<li class=\"keypoints__item\" role=\"listitem\">                          Fonctionnement : sur batterie &#8211;                                                      Niveau sonore : 75 dB                      <\/li>\n<li class=\"keypoints__item\" role=\"listitem\">                                        D\u00e9tection d&rsquo;obstacles : oui, le robot est capable d&rsquo;\u00e9viter des obstacles de plus de 4mm                      <\/li>\n<li class=\"keypoints__item\" role=\"listitem\">                          Vitesse de nettoyage : 2min pour 1m\u00b2 (en mode rapide) &#8211;                                                      D\u00e9tection des bords                      <\/li>\n<li class=\"keypoints__item\" role=\"listitem\">                          Capacit\u00e9 du r\u00e9servoir d&rsquo;eau propre : 60 ml &#8211;                                                      Connect\u00e9                      <\/li>\n<li class=\"keypoints__item keypoints__item--advantage\" role=\"listitem\"><strong>Le + :<\/strong> Robot avec station autonome permettant l&rsquo;acc\u00e8s aux zones sans prise de courant, jusqu&rsquo;\u00e0 110min-55m\u00b2      <\/li>\n<\/ul>","protected":false},"featured_media":76967,"template":"","meta":{"_glsr_average":0,"_glsr_ranking":0,"_glsr_reviews":0},"product_cat":[345],"product_tag":[153,331,346],"class_list":{"0":"post-76968","1":"product","2":"type-product","3":"status-publish","4":"has-post-thumbnail","6":"product_cat-nettoyeur-vitres","7":"product_tag-maison-entretien","8":"product_tag-nettoyeur","9":"product_tag-nettoyeur-vitres","11":"first","12":"instock","13":"sale","14":"shipping-taxable","15":"purchasable","16":"product-type-simple"},"_links":{"self":[{"href":"https:\/\/electromenagerexpress.com\/en\/wp-json\/wp\/v2\/product\/76968","targetHints":{"allow":["GET"]}}],"collection":[{"href":"https:\/\/electromenagerexpress.com\/en\/wp-json\/wp\/v2\/product"}],"about":[{"href":"https:\/\/electromenagerexpress.com\/en\/wp-json\/wp\/v2\/types\/product"}],"wp:featuredmedia":[{"embeddable":true,"href":"https:\/\/electromenagerexpress.com\/en\/wp-json\/wp\/v2\/media\/76967"}],"wp:attachment":[{"href":"https:\/\/electromenagerexpress.com\/en\/wp-json\/wp\/v2\/media?parent=76968"}],"wp:term":[{"taxonomy":"product_cat","embeddable":true,"href":"https:\/\/electromenagerexpress.com\/en\/wp-json\/wp\/v2\/product_cat?post=76968"},{"taxonomy":"product_tag","embeddable":true,"href":"https:\/\/electromenagerexpress.com\/en\/wp-json\/wp\/v2\/product_tag?post=76968"}],"curies":[{"name":"wp","href":"https:\/\/api.w.org\/{rel}","templated":true}]}}