{"id":76951,"date":"2024-11-24T13:52:06","date_gmt":"2024-11-24T13:52:06","guid":{"rendered":"https:\/\/electromenagerexpress.com\/product\/detacheurbissellspotclean-hydrosteam-pro-b3700n\/"},"modified":"2024-11-24T13:52:18","modified_gmt":"2024-11-24T13:52:18","slug":"detacheurbissellspotclean-hydrosteam-pro-b3700n","status":"publish","type":"product","link":"https:\/\/electromenagerexpress.com\/en\/product\/detacheurbissellspotclean-hydrosteam-pro-b3700n\/","title":{"rendered":"D\u00e9tacheur\t\t\t\t\t\t\tBISSELL\t\t\t\tSpotClean Hydrosteam Pro B3700N"},"content":{"rendered":"<div class=\"product-features__content\">\n<ul role=\"list\">\n<li class=\"product-features__item\" role=\"listitem\">\n<h3 class=\"product-features__label\">Choisir ce produit pour quel usage ?<\/h3>\n<ul role=\"list\">\n<li class=\"product-features__item-list__item\" role=\"listitem\"><span class=\"is--medium\">Fonctions :<\/span> d\u00e9tache, nettoie \u00e0 la vapeur et aspire les salet\u00e9s\t\t\t\t\t<\/li>\n<li class=\"product-features__item-list__item\" role=\"listitem\"><span class=\"is--medium\">Type de nettoyage :<\/span> Sa fonction vapeur sera id\u00e9ale pour venir \u00e0 bout des taches tr\u00e8s tenaces et assainir tout type de surfaces (tissus, ameublement, canap\u00e9s, tapis\/moquettes)\t\t\t\t\t<\/li>\n<li class=\"product-features__item-list__item\" role=\"listitem\"><span class=\"is--medium\">Type de surface \u00e0 nettoyer :<\/span> Tissus d&rsquo;ameublement (ex: rideaux), Canap\u00e9s en tissu, Moquettes, Int\u00e9rieur de voiture, Tapis, Tissus\t\t\t\t\t<\/li>\n<li class=\"product-features__item-list__item\" role=\"listitem\"><span class=\"is--medium\">Type de lavage :<\/span> \u00e0 l&rsquo;eau et \u00e0 la vapeur pour un nettoyage des taches tenaces encore plus efficace et plus rapide\t\t\t\t\t<\/li>\n<li class=\"product-features__item-list__item\" role=\"listitem\"><span class=\"is--medium\">Type de produit :<\/span> D\u00e9tacheur\t\t\t\t\t<\/li>\n<li class=\"product-features__item-list__item\" role=\"listitem\"><span class=\"is--medium\">Comment \u00e7a marche ? :<\/span> La solution de nettoyage est inject\u00e9e sous pression dans les tissus avant d&rsquo;\u00eatre aspir\u00e9e avec la salet\u00e9. Cette action r\u00e9p\u00e9t\u00e9e au coeur des fibres permet de d\u00e9tacher et nettoyer. La gachette sur la brosse vous permet de r\u00e9guler le jet de solution nettoyante.\t\t\t\t\t<\/li>\n<li class=\"product-features__item-list__item\" role=\"listitem\"><span class=\"is--medium\">Gamme :<\/span> SpotClean\t\t\t\t\t<\/li>\n<\/ul>\n<\/li>\n<li class=\"product-features__item\" role=\"listitem\">\n<h3 class=\"product-features__label\">Performance<\/h3>\n<ul role=\"list\">\n<li class=\"product-features__item-list__item\" role=\"listitem\"><span class=\"is--medium\">Puissance consomm\u00e9e :<\/span> 1.000 W\t\t\t\t\t<\/li>\n<li class=\"product-features__item-list__item\" role=\"listitem\"><span class=\"is--medium\">R\u00e9servoir eau propre :<\/span> 1,80 L\t\t\t\t\t<\/li>\n<li class=\"product-features__item-list__item\" role=\"listitem\"><span class=\"is--medium\">R\u00e9servoir eau sale :<\/span> 1,40 L\t\t\t\t\t<\/li>\n<li class=\"product-features__item-list__item\" role=\"listitem\"><span class=\"is--medium\">Produit utilis\u00e9 :<\/span> Spot &amp; Stain Pro Oxy\t\t\t\t\t<\/li>\n<li class=\"product-features__item-list__item\" role=\"listitem\"><span class=\"is--medium\">Fonction vapeur :<\/span> oui, la vapeur rend le nettoyage plus rapide et plus efficace. Elle sera id\u00e9ale pour nettoyer les joints de carrelage ou la terre sur les baskets\t\t\t\t\t<\/li>\n<li class=\"product-features__item-list__item\" role=\"listitem\"><span class=\"is--medium\">Nombre de modes de nettoyage :<\/span> 3\t\t\t\t\t<\/li>\n<li class=\"product-features__item-list__item\" role=\"listitem\"><span class=\"is--medium\">Modes de nettoyage :<\/span> nettoyage \u00e0 l&rsquo;eau, nettoyage \u00e0 la vapeur et nettoyage eau\/vapeur\t\t\t\t\t<\/li>\n<\/ul>\n<\/li>\n<li class=\"product-features__item\" role=\"listitem\">\n<h3 class=\"product-features__label\">Confort d&rsquo;utilisation<\/h3>\n<ul role=\"list\">\n<li class=\"product-features__item-list__item\" role=\"listitem\"><span class=\"is--medium\">Maniabilit\u00e9 :<\/span> roues multidirectionnelles pour faciliter le d\u00e9placement de votre d\u00e9tacheur et une poign\u00e9e de transport sur le dessus\t\t\t\t\t<\/li>\n<li class=\"product-features__item-list__item\" role=\"listitem\"><span class=\"is--medium\">Fonctionnement :<\/span> filaire\t\t\t\t\t<\/li>\n<li class=\"product-features__item-list__item\" role=\"listitem\"><span class=\"is--medium\">Longueur du cordon d&rsquo;alimentation :<\/span> 4,50 m\t\t\t\t\t<\/li>\n<li class=\"product-features__item-list__item\" role=\"listitem\"><span class=\"is--medium\">Longueur du tuyau :<\/span> 1,50 m\t\t\t\t\t<\/li>\n<li class=\"product-features__item-list__item\" role=\"listitem\"><span class=\"is--medium\">Rayon d&rsquo;action :<\/span> 6 m\u00e8tres\t\t\t\t\t<\/li>\n<li class=\"product-features__item-list__item\" role=\"listitem\"><span class=\"is--medium\">R\u00e9servoir amovible :<\/span> oui, permet de remplir le r\u00e9servoir facilement\t\t\t\t\t<\/li>\n<li class=\"product-features__item-list__item\" role=\"listitem\"><span class=\"is--medium\">Niveaux sonore :<\/span> 82,0 dB\t\t\t\t\t<\/li>\n<li class=\"product-features__item-list__item\" role=\"listitem\"><span class=\"is--medium\">Crochet pour le rangement du c\u00e2ble :<\/span> Non\t\t\t\t\t<\/li>\n<li class=\"product-features__item-list__item\" role=\"listitem\"><span class=\"is--medium\">Position parking :<\/span> Non\t\t\t\t\t<\/li>\n<li class=\"product-features__item-list__item\" role=\"listitem\"><span class=\"is--medium\">Poids :<\/span> 5,90 Kg\t\t\t\t\t<\/li>\n<\/ul>\n<\/li>\n<li class=\"product-features__item\" role=\"listitem\">\n<h3 class=\"product-features__label\">Equipement<\/h3>\n<ul role=\"list\">\n<li class=\"product-features__item-list__item\" role=\"listitem\"><span class=\"is--medium\">D\u00e9tergent :<\/span> Oui\t\t\t\t\t<\/li>\n<li class=\"product-features__item-list__item\" role=\"listitem\"><span class=\"is--medium\">Le saviez vous? :<\/span> Il est pr\u00e9f\u00e9rable d&rsquo;utiliser le d\u00e9tergent de la marque pour optimiser l&rsquo;efficacit\u00e9 de l&rsquo;appareil\t\t\t\t\t<\/li>\n<li class=\"product-features__item-list__item\" role=\"listitem\"><span class=\"is--medium\">Rangement int\u00e9gr\u00e9 :<\/span> oui, permet de ranger les accessoires sur le produit pour un gain de place\t\t\t\t\t<\/li>\n<li class=\"product-features__item-list__item\" role=\"listitem\"><span class=\"is--medium\">Outil autonettoyage :<\/span> oui, il permet d&rsquo;effectuer un autonettoyage de votre d\u00e9tacheur apr\u00e8s chaque utilisation\t\t\t\t\t<\/li>\n<li class=\"product-features__item-list__item\" role=\"listitem\"><span class=\"is--medium\">Accessoire multi surfaces :<\/span> oui, les poils plus souples de sa brosse vous permettront de passer rapidement d&rsquo;une surface\/mati\u00e8re \u00e0 l&rsquo;autre sans devoir changer de brosse\/accessoire\t\t\t\t\t<\/li>\n<li class=\"product-features__item-list__item\" role=\"listitem\"><span class=\"is--medium\">Brosse de 7 cm :<\/span> oui, elle est constitu\u00e9e de poils durs qui vous permettront de venir \u00e0 bout des taches collantes et incrust\u00e9es dans vos tissus, tapis\/moquettes ou si\u00e8ges de voiture\t\t\t\t\t<\/li>\n<li class=\"product-features__item-list__item\" role=\"listitem\"><span class=\"is--medium\">Brosse de 12 cm :<\/span> oui, elle est \u00e9quip\u00e9e de 2 rang\u00e9es de poils durs pour venir \u00e0 bout des salissures tr\u00e8s tenaces et incrust\u00e9es. Sa grande largeur vous permettra de traiter des surfaces plus grandes plus rapidement\t\t\t\t\t<\/li>\n<\/ul>\n<\/li>\n<li class=\"product-features__item\" role=\"listitem\">\n<h3 class=\"product-features__label\">Dimensions<\/h3>\n<ul role=\"list\">\n<li class=\"product-features__item-list__item\" role=\"listitem\"><span class=\"is--medium\">Dimensions l x h x p :<\/span> 32 x 36.8 x 39 cm\t\t\t\t\t<\/li>\n<li class=\"product-features__item-list__item\" role=\"listitem\"><span class=\"is--medium\">Poids :<\/span> 5,90 Kg\t\t\t\t\t<\/li>\n<\/ul>\n<\/li>\n<li class=\"product-features__item\" role=\"listitem\">\n<h3 class=\"product-features__label\">Informations et Services<\/h3>\n<ul role=\"list\">\n<li class=\"product-features__item-list__item\" role=\"listitem\"><span class=\"is--medium\">Fabriqu\u00e9 en :<\/span> Chine\t\t\t\t\t<\/li>\n<li class=\"product-features__item-list__item\" role=\"listitem\"><span class=\"is--medium\">Disponibilit\u00e9 des pi\u00e8ces d\u00e9tach\u00e9es (donn\u00e9es fournisseur) :<\/span> Pendant 10 ans, \u00e0 compter de la date d&rsquo;achat\t\t\t\t\t<\/li>\n<li class=\"product-features__item-list__item\" role=\"listitem\"><span class=\"is--medium\">R\u00e9f\u00e9rence constructeur :<\/span> SpotClean Hydrosteam Pro B3700N\t\t\t\t\t<\/li>\n<li class=\"product-features__item-list__item\" role=\"listitem\"><span class=\"is--medium\">Marque :<\/span> BISSELL\t\t\t\t\t<\/li>\n<li class=\"product-features__item-list__item\" role=\"listitem\"><span class=\"is--medium\">Information importante: :<\/span> Il est conseill\u00e9 d&rsquo;utiliser la solution de nettoyage de la marque pour votre appareil et de respecter le dosage. Un d\u00e9tergent non adapt\u00e9 pourrait l&rsquo;endommager et nuire \u00e0 son bon fonctionnement. Le non respect des ses conseils peut occasionner la perte du b\u00e9n\u00e9fice de la garantie.\t\t\t\t\t<\/li>\n<li class=\"product-features__item-list__item\" role=\"listitem\"><span class=\"is--medium\">Information compl\u00e9mentaire: :<\/span> Il est important de choisir le nettoyant en fonction du type de sols ou tissus que vous souhaitez nettoyer (tapis, parquet, canap\u00e9, moquette, &#8230;) pour ne pas les abimer.\t\t\t\t\t<\/li>\n<\/ul>\n<\/li>\n<li class=\"product-features__item\" role=\"listitem\">\n<h3 class=\"product-features__label\">Facette type de sols \u00e0 nettoyer<\/h3>\n<ul role=\"list\">\n<li class=\"product-features__item-list__item\" role=\"listitem\"><span class=\"is--medium\">Tapis :<\/span> Oui\t\t\t\t\t<\/li>\n<li class=\"product-features__item-list__item\" role=\"listitem\"><span class=\"is--medium\">Moquette :<\/span> Oui\t\t\t\t\t<\/li>\n<li class=\"product-features__item-list__item\" role=\"listitem\"><span class=\"is--medium\">Int\u00e9rieur de voiture :<\/span> Oui\t\t\t\t\t<\/li>\n<li class=\"product-features__item-list__item\" role=\"listitem\"><span class=\"is--medium\">Tissus et ameublement :<\/span> Oui\t\t\t\t\t<\/li>\n<li class=\"product-features__item-list__item\" role=\"listitem\"><span class=\"is--medium\">Type de sols \u00e0 nettoyer :<\/span> Tapis, Moquette, Int\u00e9rieur de voiture, Tissus et ameublement\t\t\t\t\t<\/li>\n<\/ul>\n<\/li>\n<\/ul>\n<\/div>\n<div class=\"product__disclosure-content\">\n<div class=\"js-read-more product-description__content read-more read-more--truncated\" data-read-more-name=\"description\" style=\"max-height: 500px; overflow: hidden;\">\n<div class=\"product__description-content read-more\" style=\"\">\n<p>D\u00e9couvrez le D\u00e9tacheur BISSELL SpotClean Hydrosteam Pro B3700N<\/p>\n<h3> <img fetchpriority=\"high\" decoding=\"async\" ,=\"\" alt=\"D\u00e9tacheur BISSELL SpotClean Hydrosteam Pro B3700N\" class=\"wy_tableau_gauche\" height=\"270\" src=\"https:\/\/boulanger.scene7.com\/is\/image\/Boulanger\/0011120272130_h_f_l_0?wid=400&amp;hei=270\" width=\"400\"\/>Une efficacit\u00e9 redoutable contre les taches                    <\/h3>\n<p>                        Le D\u00e9tacheur BISSELL SpotClean Hydrosteam Pro B3700N est con\u00e7u pour venir \u00e0 bout des taches les plus tenaces sur une multitude de surfaces. Gr\u00e2ce \u00e0 la technologie HydroSteam\u2122, ce d\u00e9tacheur offre un nettoyage 50 % plus efficace gr\u00e2ce \u00e0 la vapeur, permettant d&rsquo;\u00e9liminer efficacement et rapidement les taches incrust\u00e9es. Que ce soit sur les moquettes, les tissus d&rsquo;ameublement, l&rsquo;int\u00e9rieur des voitures ou les joints de carrelage, sa capacit\u00e9 \u00e0 vaporiser, frotter et aspirer la salet\u00e9 en fait un alli\u00e9 de taille pour un int\u00e9rieur impeccable. Avec ses deux r\u00e9servoirs s\u00e9par\u00e9s pour l&rsquo;eau propre et sale, la shampouineuse B3700N garantit un nettoyage toujours avec de l&rsquo;eau propre, tandis que les r\u00e9servoirs amovibles facilitent le remplissage et la vidange.                    <\/p>\n<\/p>\n<h3> <img decoding=\"async\" ,=\"\" alt=\"D\u00e9tacheur BISSELL SpotClean Hydrosteam Pro B3700N\" class=\"wy_tableau_right\" height=\"270\" src=\"https:\/\/boulanger.scene7.com\/is\/image\/Boulanger\/0011120272130_h_f_l_1?wid=400&amp;hei=270\" width=\"400\"\/>Confort et polyvalence d&rsquo;utilisation                    <\/h3>\n<p>                        Le d\u00e9tacheur BISSELL SpotClean Hydrosteam Pro B3700N est \u00e9quip\u00e9 d&rsquo;un syst\u00e8me de nettoyage Triple Action\u2122 qui comprend deux brosses de tailles diff\u00e9rentes et des roulettes pour une maniabilit\u00e9 accrue. L&rsquo;outil de nettoyage multi-surfaces inclus et l&rsquo;outil HydroRinse\u2122 pour un autonettoyage apr\u00e8s chaque utilisation, renforcent la praticit\u00e9 de cet appareil. Avec une puissance de 1000W, un temps de s\u00e9chage r\u00e9duit \u00e0 30 minutes en mode vapeur, et un niveau sonore de 73 dB, ce d\u00e9tacheur est \u00e0 la fois puissant et discret. Son cordon de 4,5 m\u00e8tres et son tuyau de 1,5 m\u00e8tre offrent une grande libert\u00e9 de mouvement, tandis que la poign\u00e9e de transport facilite son d\u00e9placement d&rsquo;une tache \u00e0 l&rsquo;autre. De plus, son design compact et son poids de 5,9 kg sans accessoires ni emballage le rendent facile \u00e0 ranger apr\u00e8s utilisation.                    <\/p>\n<\/p><\/div>\n<\/p>\n<p><video class=\"s7Video\" controls=\"\" controlslist=\"nodownload\" poster=\"https:\/\/boulanger.scene7.com\/is\/image\/Boulanger\/0011120272130_v_0?scl=1\" preload=\"metadata\" src=\"https:\/\/boulanger.scene7.com\/is\/content\/Boulanger\/0011120272130_v_0\" width=\"100%\"><\/video><\/p>\n<\/div>\n<p><bl-button a11yexpanded=\"false\" arialabel=\"Afficher toute la description\" class=\"read-more__btn\" full=\"false\" link=\"true\">Voir plus<\/bl-button><\/div>","protected":false},"excerpt":{"rendered":"<div class=\"keypoints\">\n<h3 class=\"keypoints__title\">Les points cl\u00e9s<\/h3>\n<ul role=\"list\">\n<li class=\"keypoints__item\" role=\"listitem\">                                        d\u00e9tache, nettoie \u00e0 la vapeur et aspire les salet\u00e9s                      <\/li>\n<li class=\"keypoints__item\" role=\"listitem\">                                        Tissus d&rsquo;ameublement (ex: rideaux), Canap\u00e9s en tissu, Moquettes, Int\u00e9rieur de voiture, Tapis, Tissus                      <\/li>\n<li class=\"keypoints__item\" role=\"listitem\">                          Rayon d&rsquo;action : 6 m\u00e8tres &#8211;                                                      Poids : 5,90 Kg                      <\/li>\n<li class=\"keypoints__item\" role=\"listitem\">                          R\u00e9servoir eau propre : 1,80 L &#8211;                                                      R\u00e9servoir eau sale : 1,40 L                      <\/li>\n<li class=\"keypoints__item keypoints__item--advantage\" role=\"listitem\"><strong>Le + :<\/strong> La fonction vapeur \u00e9limine les taches tenaces sur toutes les surfaces (ex: joints de carrelage)      <\/li>\n<\/ul>","protected":false},"featured_media":76950,"template":"","meta":{"_glsr_average":0,"_glsr_ranking":0,"_glsr_reviews":0},"product_cat":[341],"product_tag":[153,331,342],"class_list":{"0":"post-76951","1":"product","2":"type-product","3":"status-publish","4":"has-post-thumbnail","6":"product_cat-shampouineuse-detacheur","7":"product_tag-maison-entretien","8":"product_tag-nettoyeur","9":"product_tag-shampouineuse-detacheur","11":"first","12":"instock","13":"sale","14":"shipping-taxable","15":"purchasable","16":"product-type-simple"},"_links":{"self":[{"href":"https:\/\/electromenagerexpress.com\/en\/wp-json\/wp\/v2\/product\/76951","targetHints":{"allow":["GET"]}}],"collection":[{"href":"https:\/\/electromenagerexpress.com\/en\/wp-json\/wp\/v2\/product"}],"about":[{"href":"https:\/\/electromenagerexpress.com\/en\/wp-json\/wp\/v2\/types\/product"}],"wp:featuredmedia":[{"embeddable":true,"href":"https:\/\/electromenagerexpress.com\/en\/wp-json\/wp\/v2\/media\/76950"}],"wp:attachment":[{"href":"https:\/\/electromenagerexpress.com\/en\/wp-json\/wp\/v2\/media?parent=76951"}],"wp:term":[{"taxonomy":"product_cat","embeddable":true,"href":"https:\/\/electromenagerexpress.com\/en\/wp-json\/wp\/v2\/product_cat?post=76951"},{"taxonomy":"product_tag","embeddable":true,"href":"https:\/\/electromenagerexpress.com\/en\/wp-json\/wp\/v2\/product_tag?post=76951"}],"curies":[{"name":"wp","href":"https:\/\/api.w.org\/{rel}","templated":true}]}}