{"id":76895,"date":"2024-11-24T13:51:14","date_gmt":"2024-11-24T13:51:14","guid":{"rendered":"https:\/\/electromenagerexpress.com\/product\/robot-aspirateur-laveurecovacsaspirateur-robot-ecovacs-deebot-t30-omni\/"},"modified":"2024-11-26T12:05:18","modified_gmt":"2024-11-26T12:05:18","slug":"robot-aspirateur-laveurecovacsaspirateur-robot-ecovacs-deebot-t30-omni","status":"publish","type":"product","link":"https:\/\/electromenagerexpress.com\/en\/product\/robot-aspirateur-laveurecovacsaspirateur-robot-ecovacs-deebot-t30-omni\/","title":{"rendered":"Robot Aspirateur Laveur\t ECOVACS Aspirateur Robot ECOVACS DEEBOT T30 Omni"},"content":{"rendered":"<div class=\"product-features__content\">\n<h3 class=\"product-features__label\">\u00a0 \u00a0 \u00a0 \u00a0 Choisir ce produit pour quels usages ?<\/h3>\n<ul role=\"list\">\n<li style=\"list-style-type: none;\">\n<ul role=\"list\">\n<li class=\"product-features__item-list__item\" role=\"listitem\"><span class=\"is--medium\">Pour quelle utilisation ? :<\/span> Pour aspirer et laver<\/li>\n<li class=\"product-features__item-list__item\" role=\"listitem\"><span class=\"is--medium\">Type de sols :<\/span> Carrelages, parquets, tapis, moquettes<br \/>\n<h3 class=\"product-features__label\">Caract\u00e9ristiques de l&rsquo;aspirateur robot<\/h3>\n<ul role=\"list\">\n<li class=\"product-features__item-list__item\" role=\"listitem\"><span class=\"is--medium\">Fonction :<\/span> Aspire et lave automatiquement sans devoir changer de bac (poussi\u00e8re et produit de lavage)<\/li>\n<li class=\"product-features__item-list__item\" role=\"listitem\"><span class=\"is--medium\">Puissance d&rsquo;aspiration :<\/span> 11 000 Pascals<\/li>\n<li class=\"product-features__item-list__item\" role=\"listitem\"><span class=\"is--medium\">D\u00e9tail sur la puissance d&rsquo;aspiration :<\/span> Elle peut varier en fonction du type de sols aspir\u00e9 (carrelage, parquet, tapis, moquette)<\/li>\n<li class=\"product-features__item-list__item\" role=\"listitem\"><span class=\"is--medium\">Niveau sonore max :<\/span> 65 dB<\/li>\n<li class=\"product-features__item-list__item\" role=\"listitem\"><span class=\"is--medium\">D\u00e9tail sur le niveau sonore :<\/span> Il peut varier en fonction du type de sols aspir\u00e9 (carrelage, parquet, tapis, moquette) et du mode utilis\u00e9 (aspiration, lavage ou vidage)<\/li>\n<\/ul>\n<\/li>\n<\/ul>\n<\/li>\n<li class=\"product-features__item\" role=\"listitem\">\n<h3 class=\"product-features__label\">Performance<\/h3>\n<ul role=\"list\">\n<li class=\"product-features__item-list__item\" role=\"listitem\"><span class=\"is--medium\">Technologie :<\/span> Par cam\u00e9ra et lasers<\/li>\n<li class=\"product-features__item-list__item\" role=\"listitem\"><span class=\"is--medium\">Technologie cam\u00e9ra et laser :<\/span> permet une cartographie compl\u00e8te et tr\u00e8s pr\u00e9cise des pi\u00e8ces. Gr\u00e2ce \u00e0 ses cam\u00e9ras, ils analysent en temps r\u00e9el ce qu&rsquo;il a en face de lui pour am\u00e9liorer ses prises de d\u00e9cisions et garantir son efficacit\u00e9 de nettoyage<\/li>\n<li class=\"product-features__item-list__item\" role=\"listitem\"><span class=\"is--medium\">M\u00e9thode de navigation :<\/span> Cartographie permanente et syst\u00e8me de navigation personnalisable avec option zone interdite<\/li>\n<li class=\"product-features__item-list__item\" role=\"listitem\"><span class=\"is--medium\">Type de brosse :<\/span> Syst\u00e8me Tri-Brosse : id\u00e9al pour attirer les poussi\u00e8res et d\u00e9bris des coins et rebords gr\u00e2ce \u00e0 deux brossettes lat\u00e9rales rotatives. Les salet\u00e9s sont ensuite dirig\u00e9es vers la brosse motoris\u00e9e gr\u00e2ce aux guides lat\u00e9raux puis aspir\u00e9es<\/li>\n<\/ul>\n<\/li>\n<li class=\"product-features__item\" role=\"listitem\">\n<h3 class=\"product-features__label\">Connectivit\u00e9<\/h3>\n<ul role=\"list\">\n<li class=\"product-features__item-list__item\" role=\"listitem\"><span class=\"is--medium\">Application compatible :<\/span> Ecovacs Home<\/li>\n<li class=\"product-features__item-list__item\" role=\"listitem\"><span class=\"is--medium\">Cartographie multi \u00e9tage :<\/span> L&rsquo;application permet de g\u00e9rer plusieurs \u00e9tages<\/li>\n<li class=\"product-features__item-list__item\" role=\"listitem\"><span class=\"is--medium\">Programmation du nettoyage pi\u00e8ce par pi\u00e8ce :<\/span> Pratique, d\u00e9finissez quelle pi\u00e8ce vous souhaitez aspirer et\/ou laver<\/li>\n<li class=\"product-features__item-list__item\" role=\"listitem\"><span class=\"is--medium\">Nettoyage cibl\u00e9 \u00e0 la demande :<\/span> Permet de d\u00e9finir l&rsquo;endroit \u00e0 nettoyer (exemple: sous la table)<\/li>\n<li class=\"product-features__item-list__item\" role=\"listitem\"><span class=\"is--medium\">Exclusion des zones :<\/span> Permet d&rsquo;exclure des endroits \u00e0 aspirer (exemple: coin jeu pour enfants)<\/li>\n<li class=\"product-features__item-list__item\" role=\"listitem\"><span class=\"is--medium\">Programmation des horaires de nettoyage :<\/span> Oui<\/li>\n<li class=\"product-features__item-list__item\" role=\"listitem\"><span class=\"is--medium\">Surveillance du nettoyage de la maison via la cam\u00e9ra du robot \u00e0 distance :<\/span> Oui<\/li>\n<li class=\"product-features__item-list__item\" role=\"listitem\"><span class=\"is--medium\">Compatibilit\u00e9 assistant vocal :<\/span> Google, Alexa<\/li>\n<\/ul>\n<\/li>\n<li class=\"product-features__item\" role=\"listitem\">\n<h3 class=\"product-features__label\">Gestion des obstacles et des types de sols<\/h3>\n<ul role=\"list\">\n<li class=\"product-features__item-list__item\" role=\"listitem\"><span class=\"is--medium\">D\u00e9tection des marches \/ du vide :<\/span> oui, permet d&rsquo;\u00e9viter la chute de l&rsquo;aspirateur<\/li>\n<li class=\"product-features__item-list__item\" role=\"listitem\"><span class=\"is--medium\">Detection des objets en temps r\u00e9el :<\/span> Ne s&#8217;emm\u00eale pas dans les c\u00e2bles et permet de reconna\u00eetre les objets<\/li>\n<li class=\"product-features__item-list__item\" role=\"listitem\"><span class=\"is--medium\">Hauteur de l&rsquo;appareil :<\/span> 9,9 cm<\/li>\n<\/ul>\n<\/li>\n<li class=\"product-features__item\" role=\"listitem\">\n<h3 class=\"product-features__label\">Autonomie<\/h3>\n<ul role=\"list\">\n<li class=\"product-features__item-list__item\" role=\"listitem\"><span class=\"is--medium\">Autonomie jusqu&rsquo;\u00e0 :<\/span> 220 mn<\/li>\n<li class=\"product-features__item-list__item\" role=\"listitem\"><span class=\"is--medium\">Temps de charge :<\/span> 6 h<\/li>\n<li class=\"product-features__item-list__item\" role=\"listitem\"><span class=\"is--medium\">D\u00e9tail sur l&rsquo;autonomie :<\/span> Elle peut varier en fonction de plusieurs param\u00e8tres: le type de sols aspir\u00e9 (carrelage, parquet, tapis, moquette), le mode utilis\u00e9 (aspiration, lavage ou vidage) ou encore le degr\u00e9 de salissure du sol \u00e0 nettoyer<\/li>\n<li class=\"product-features__item-list__item\" role=\"listitem\"><span class=\"is--medium\">Retour automatique \u00e0 la base de chargement :<\/span> Retourne \u00e0 sa base quand la session de nettoyage est termin\u00e9e ou quand il est d\u00e9charg\u00e9<\/li>\n<li class=\"product-features__item-list__item\" role=\"listitem\"><span class=\"is--medium\">Reprise automatique du nettoyage :<\/span> Une fois recharg\u00e9, l&rsquo;aspirateur reprend sa session de nettoyage l\u00e0 o\u00f9 il s&rsquo;est arr\u00eat\u00e9<\/li>\n<li class=\"product-features__item-list__item\" role=\"listitem\"><span class=\"is--medium\">Autonettoyage des serpilli\u00e8res (fin de session de nettoyage) :<\/span> Oui<\/li>\n<\/ul>\n<ul role=\"list\">\n<li class=\"product-features__item-list__item\" role=\"listitem\"><span class=\"is--medium\">Indice de r\u00e9parabilit\u00e9 :<\/span> 8,5 \/10<br \/>\n<h3 class=\"product-features__label\">Informations et Services<\/h3>\n<\/li>\n<li class=\"product-features__item-list__item\" role=\"listitem\"><span class=\"is--medium\">Fabriqu\u00e9 en :<\/span> Chine<\/li>\n<li class=\"product-features__item-list__item\" role=\"listitem\"><span class=\"is--medium\">R\u00e9f\u00e9rence constructeur :<\/span> Aspirateur Robot ECOVACS DEEBOT T30 Omni<\/li>\n<li class=\"product-features__item-list__item\" role=\"listitem\"><span class=\"is--medium\">Marque :<\/span> ECOVACS<br \/>\n<h3 class=\"product-features__label\">Dimensions<\/h3>\n<ul role=\"list\">\n<li class=\"product-features__item-list__item\" role=\"listitem\"><span class=\"is--medium\">Dimensions du robot l x h x p :<\/span> 46 x 76 x 43 cm<\/li>\n<li class=\"product-features__item-list__item\" role=\"listitem\"><span class=\"is--medium\">Dimensions de la station l x h x p :<\/span> 40 x 49 x 48 cm<\/li>\n<li class=\"product-features__item-list__item\" role=\"listitem\"><span class=\"is--medium\">Poids du robot :<\/span> 18,0 kg<\/li>\n<li class=\"product-features__item-list__item\" role=\"listitem\"><span class=\"is--medium\">Poids de la station :<\/span> 10,4 kg<\/li>\n<\/ul>\n<\/li>\n<\/ul>\n<\/li>\n<\/ul>\n<\/div>\n<div class=\"product__disclosure-content\">\n<div class=\"js-read-more product-description__content read-more read-more--truncated\" style=\"max-height: 500px; overflow: hidden;\" data-read-more-name=\"description\">\n<p>La Station T30 OMNI est une solution peu encombrante de dimensions 409*490*480mm, qui r\u00e9duit le volume et la hauteur de 30%. Sa conception compacte permet une installation facile m\u00eame dans les espaces restreints. Elle est peu bruyante et offre des fonctions avanc\u00e9es comme l&rsquo;auto-vidage, le lavage, le s\u00e9chage, le nettoyage et le remplissage automatiques, garantissant une utilisation facile et sans intervention humaine.<\/p>\n<p>Le DEEBOT T30 OMNI est un aspirateur robot dot\u00e9 de la technologie de nettoyage humide adaptatif TruEdge pour un nettoyage pr\u00e9cis des bords. Il d\u00e9tecte les obstacles et s&rsquo;adapte intelligemment pour une performance efficace et durable. Sa structure solide garantit un fonctionnement fiable et sa technologie de nettoyage am\u00e9liore l&rsquo;efficacit\u00e9 pour un nettoyage complet.<\/p>\n<p>Avec la technologie ZeroTangle, l&rsquo;aspirateur robot DEEBOT T30 OMNI \u00e9vite l&#8217;emm\u00ealement des cheveux et assure une aspiration efficace. La machine est \u00e9quip\u00e9e de deux rang\u00e9es de dents de peigne et d&rsquo;une brosse anti-emm\u00ealement, r\u00e9duisant ainsi le besoin d&rsquo;entretien et offrant une exp\u00e9rience de nettoyage sans tracas.<\/p>\n<p>Relevez le niveau de votre nettoyage \u00e0 domicile avec l&rsquo;aspirateur robot T30 OMNI. Le puissant syst\u00e8me d&rsquo;aspiration HyperForce a \u00e9t\u00e9 port\u00e9 \u00e0 11 000 Pa, le rendant hautement efficace pour \u00e9liminer la salet\u00e9 et la poussi\u00e8re des moquettes et des sols durs. Il offre un nettoyage de moquette plus fort et plus efficace, tout en g\u00e9rant sans effort l&rsquo;\u00e9limination des grosses particules. La serpilli\u00e8re est sur\u00e9lev\u00e9e de 9 mm pour \u00e9viter de mouiller les tapis.<\/p>\n<p>La base de la station peut \u00eatre facilement d\u00e9tach\u00e9e pour un nettoyage complet, y compris le plateau de lavage de la serpilli\u00e8re. Elle est con\u00e7ue en une seule pi\u00e8ce, sans zones difficiles \u00e0 atteindre ni r\u00e9sidus de lavage de la serpilli\u00e8re. Le syst\u00e8me de filtration est mis \u00e0 jour pour un fonctionnement sans entretien jusqu&rsquo;\u00e0 150 jours avec une surface de filtration agrandie de 520 \u00e0 1400 mm\u00b2<\/p>\n<p>Deebot x 1 (avec filtre antibact\u00e9rien x 1), station OMNI x 1 (avec sac \u00e0 poussi\u00e8re antibact\u00e9rien x 1), plaque de serpilli\u00e8re x 1 paire, serpilli\u00e8re x 1 paire, c\u00e2ble de charge x 1, brosses lat\u00e9rale x 1 paire, manuel d&rsquo;utilisation x 1, brosse \u00e0 cheveux compl\u00e8te x 1, ustensile de nettoyage x 1<\/p>\n<\/div>\n<p>&nbsp;<\/p>\n<\/div>","protected":false},"excerpt":{"rendered":"<div class=\"keypoints\">\n<h3 class=\"keypoints__title\">Les points cl\u00e9s<\/h3>\n<ul role=\"list\">\n<li class=\"keypoints__item\" role=\"listitem\">Autonomie jusqu&rsquo;\u00e0 : 220 mn &#8211; Temps de charge : 6 h<\/li>\n<li class=\"keypoints__item\" role=\"listitem\">Puissance d&rsquo;aspiration : 11 000 Pascals &#8211; Niveau sonore max : 65 dB<\/li>\n<\/ul>\n<\/div>","protected":false},"featured_media":76894,"template":"","meta":{"_glsr_average":0,"_glsr_ranking":0,"_glsr_reviews":0},"product_cat":[326],"product_tag":[324,327,153],"class_list":{"0":"post-76895","1":"product","2":"type-product","3":"status-publish","4":"has-post-thumbnail","6":"product_cat-aspirateur-robot","7":"product_tag-aspirateur","8":"product_tag-aspirateur-robot","9":"product_tag-maison-entretien","11":"first","12":"instock","13":"sale","14":"shipping-taxable","15":"purchasable","16":"product-type-simple"},"_links":{"self":[{"href":"https:\/\/electromenagerexpress.com\/en\/wp-json\/wp\/v2\/product\/76895","targetHints":{"allow":["GET"]}}],"collection":[{"href":"https:\/\/electromenagerexpress.com\/en\/wp-json\/wp\/v2\/product"}],"about":[{"href":"https:\/\/electromenagerexpress.com\/en\/wp-json\/wp\/v2\/types\/product"}],"wp:featuredmedia":[{"embeddable":true,"href":"https:\/\/electromenagerexpress.com\/en\/wp-json\/wp\/v2\/media\/76894"}],"wp:attachment":[{"href":"https:\/\/electromenagerexpress.com\/en\/wp-json\/wp\/v2\/media?parent=76895"}],"wp:term":[{"taxonomy":"product_cat","embeddable":true,"href":"https:\/\/electromenagerexpress.com\/en\/wp-json\/wp\/v2\/product_cat?post=76895"},{"taxonomy":"product_tag","embeddable":true,"href":"https:\/\/electromenagerexpress.com\/en\/wp-json\/wp\/v2\/product_tag?post=76895"}],"curies":[{"name":"wp","href":"https:\/\/api.w.org\/{rel}","templated":true}]}}