{"id":76856,"date":"2024-11-24T13:50:41","date_gmt":"2024-11-24T13:50:41","guid":{"rendered":"https:\/\/electromenagerexpress.com\/product\/aspirateur-laveurthomasaqua-x10-multiclean\/"},"modified":"2024-11-24T13:50:45","modified_gmt":"2024-11-24T13:50:45","slug":"aspirateur-laveurthomasaqua-x10-multiclean","status":"publish","type":"product","link":"https:\/\/electromenagerexpress.com\/en\/product\/aspirateur-laveurthomasaqua-x10-multiclean\/","title":{"rendered":"Aspirateur laveur\t\t\t\t\t\t\tTHOMAS\t\t\t\tAQUA + X10 Multiclean"},"content":{"rendered":"<div class=\"product-features__content\">\n<ul role=\"list\">\n<li class=\"product-features__item\" role=\"listitem\">\n<h3 class=\"product-features__label\">Caract\u00e9ristiques g\u00e9n\u00e9rales<\/h3>\n<ul role=\"list\">\n<li class=\"product-features__item-list__item\" role=\"listitem\"><span class=\"is--medium\">Type d&rsquo;aspirateur :<\/span> Laveur\t\t\t\t\t<\/li>\n<li class=\"product-features__item-list__item\" role=\"listitem\"><span class=\"is--medium\">Puissance :<\/span> 1.600 W\t\t\t\t\t<\/li>\n<\/ul>\n<\/li>\n<li class=\"product-features__item\" role=\"listitem\">\n<h3 class=\"product-features__label\">Equipement<\/h3>\n<ul role=\"list\">\n<li class=\"product-features__item-list__item\" role=\"listitem\"><span class=\"is--medium\">Variateur de puissance :<\/span> Electronique\t\t\t\t\t<\/li>\n<li class=\"product-features__item-list__item\" role=\"listitem\"><span class=\"is--medium\">Commande \u00e0 la poign\u00e9e :<\/span> Oui\t\t\t\t\t<\/li>\n<\/ul>\n<\/li>\n<li class=\"product-features__item\" role=\"listitem\">\n<h3 class=\"product-features__label\">Brosse et accessoire<\/h3>\n<ul role=\"list\">\n<li class=\"product-features__item-list__item\" role=\"listitem\"><span class=\"is--medium\">D\u00e9tails des accessoires :<\/span> Brosse 2 positions, Brosse parquet\t\t\t\t\t<\/li>\n<\/ul>\n<\/li>\n<li class=\"product-features__item\" role=\"listitem\">\n<h3 class=\"product-features__label\">Tube<\/h3>\n<ul role=\"list\">\n<li class=\"product-features__item-list__item\" role=\"listitem\"><span class=\"is--medium\">Tube :<\/span> Inox t\u00e9lescopique\t\t\t\t\t<\/li>\n<\/ul>\n<\/li>\n<li class=\"product-features__item\" role=\"listitem\">\n<h3 class=\"product-features__label\">Filtre<\/h3>\n<ul role=\"list\">\n<li class=\"product-features__item-list__item\" role=\"listitem\"><span class=\"is--medium\">Filtre moteur :<\/span> Oui\t\t\t\t\t<\/li>\n<li class=\"product-features__item-list__item\" role=\"listitem\"><span class=\"is--medium\">Filtre sortie d&rsquo;air :<\/span> Microfiltre\t\t\t\t\t<\/li>\n<\/ul>\n<\/li>\n<li class=\"product-features__item\" role=\"listitem\">\n<h3 class=\"product-features__label\">Cordon<\/h3>\n<ul role=\"list\">\n<li class=\"product-features__item-list__item\" role=\"listitem\"><span class=\"is--medium\">Longeur cordon :<\/span> 8,0 m\t\t\t\t\t<\/li>\n<li class=\"product-features__item-list__item\" role=\"listitem\"><span class=\"is--medium\">Rayon d&rsquo;action :<\/span> 11,0 m\t\t\t\t\t<\/li>\n<\/ul>\n<\/li>\n<li class=\"product-features__item\" role=\"listitem\">\n<h3 class=\"product-features__label\">Transport et rangement<\/h3>\n<ul role=\"list\">\n<li class=\"product-features__item-list__item\" role=\"listitem\"><span class=\"is--medium\">Roues :<\/span> 2 roues fixes et 1 multidirectionnelle\t\t\t\t\t<\/li>\n<li class=\"product-features__item-list__item\" role=\"listitem\"><span class=\"is--medium\">Pare chocs souples :<\/span> Oui\t\t\t\t\t<\/li>\n<li class=\"product-features__item-list__item\" role=\"listitem\"><span class=\"is--medium\">Nombre de position parking :<\/span> 2\t\t\t\t\t<\/li>\n<li class=\"product-features__item-list__item\" role=\"listitem\"><span class=\"is--medium\">Poign\u00e9e de transport :<\/span> Oui\t\t\t\t\t<\/li>\n<\/ul>\n<\/li>\n<li class=\"product-features__item\" role=\"listitem\">\n<h3 class=\"product-features__label\">Informations et Services<\/h3>\n<ul role=\"list\">\n<li class=\"product-features__item-list__item\" role=\"listitem\"><span class=\"is--medium\">Garantie :<\/span> 2 ans\t\t\t\t\t<\/li>\n<li class=\"product-features__item-list__item\" role=\"listitem\"><span class=\"is--medium\">Fabriqu\u00e9 en :<\/span> Allemagne\t\t\t\t\t<\/li>\n<li class=\"product-features__item-list__item\" role=\"listitem\"><span class=\"is--medium\">Disponibilit\u00e9 des pi\u00e8ces d\u00e9tach\u00e9es (donn\u00e9es fournisseur) :<\/span> Non concern\u00e9\t\t\t\t\t<\/li>\n<li class=\"product-features__item-list__item\" role=\"listitem\"><span class=\"is--medium\">R\u00e9f\u00e9rence constructeur :<\/span> AQUA + X10 Multiclean\t\t\t\t\t<\/li>\n<li class=\"product-features__item-list__item\" role=\"listitem\"><span class=\"is--medium\">Marque :<\/span> THOMAS\t\t\t\t\t<\/li>\n<\/ul>\n<\/li>\n<\/ul>\n<\/div>\n<div class=\"product__disclosure-content\">\n<div class=\"js-read-more product-description__content read-more read-more--truncated\" data-read-more-name=\"description\" style=\"max-height: 500px; overflow: hidden;\">\n<p>Offrez \u00e0 vos sols un aspirateur laveur vraiment efficace gr\u00e2ce au mod\u00e8le THOMAS AQUA + X10 Multiclean. Con\u00e7u sp\u00e9cifiquement pour les parquets, il saura les nettoyer tout en les respectant.<\/p>\n<h3>Un aspirateur laveur sp\u00e9cial parquets<img fetchpriority=\"high\" decoding=\"async\" alt=\"Aspi Laveur THOMAS AQUA + X10 Multiclean\" class=\"wy_tableau_gauche\" height=\"270\" src=\"https:\/\/boulanger.scene7.com\/is\/image\/Boulanger\/4005435109638_p1?wid=400&amp;hei=270\" width=\"400\"\/><\/h3>\n<p>L&rsquo;aspirateur laveur THOMAS AQUA + X10 Multiclean a \u00e9t\u00e9 sp\u00e9cialement cr\u00e9\u00e9 pour prendre soin des parquets quelle que soit la nature du bois. Il est 3-en-1 puisqu&rsquo;il permet <b>d&rsquo;aspirer, de laver et de s\u00e9cher\u00a0!<\/b> Sa technologie brevet\u00e9e vous fait ainsi gagner un temps pr\u00e9cieux en nettoyant parfaitement vos sols et en obtenant un air plus sain.<\/p>\n<p>Il est, en fait, dot\u00e9 d&rsquo;un tout nouveau suceur qui assure un <b>nettoyage par voie humide<\/b> et un s\u00e9chage efficace. Mais il vous propose \u00e9galement un autre suceur qui s&rsquo;adaptera parfaitement \u00e0 vos sols durs, \u00e0 vos moquettes et \u00e0 vos tapis. Son r\u00e9servoir amovible permet de contenir <b>1,8 litre d&rsquo;eau<\/b>.<\/p>\n<h3>Un aspirateur puissant et efficace<img decoding=\"async\" alt=\"Aspi Laveur THOMAS AQUA + X10 Multiclean\" class=\"wy_tableau_right\" height=\"270\" src=\"https:\/\/boulanger.scene7.com\/is\/image\/Boulanger\/4005435109638_p2?wid=400&amp;hei=270\" width=\"400\"\/><\/h3>\n<p>L&rsquo;aspirateur laveur THOMAS AQUA + X10 Multiclean poss\u00e8de une <b>puissance maximale de 1\u00a0700 W<\/b>, id\u00e9ale pour aspirer la poussi\u00e8re dans tous les coins et recoins avec 3 niveaux d&rsquo;aspiration et un contr\u00f4le Eco. Il est dot\u00e9 d&rsquo;un sac \u00e0 poussi\u00e8re pour l&rsquo;aspiration \u00e0 sec et d&rsquo;un filtre lavable facilement avec micro-filtre de sortie d&rsquo;air.<\/p>\n<p>Vous appr\u00e9cierez \u00e9galement son design avec sa <b>radio-t\u00e9l\u00e9commande<\/b> au niveau de la poign\u00e9e et son large <b>rayon d&rsquo;action de 11 m\u00e8tres<\/b>. Son flexible est rev\u00eatu de tissu, son corps est muni de pare-chocs pour prot\u00e9ger les meubles et les roues sont mobiles \u00e0 360\u00b0.<\/p>\n<\/p>\n<\/div>\n<p><bl-button a11yexpanded=\"false\" arialabel=\"Afficher toute la description\" class=\"read-more__btn\" full=\"false\" link=\"true\"><\/bl-button><\/div>","protected":false},"excerpt":{"rendered":"<div class=\"keypoints\">\n<h3 class=\"keypoints__title\">Les points cl\u00e9s<\/h3>\n<ul role=\"list\">\n<li class=\"keypoints__item\" role=\"listitem\">                                        Puissance : 1.600 W                      <\/li>\n<\/ul>","protected":false},"featured_media":76855,"template":"","meta":{"_glsr_average":0,"_glsr_ranking":0,"_glsr_reviews":0},"product_cat":[341],"product_tag":[153,331,342],"class_list":{"0":"post-76856","1":"product","2":"type-product","3":"status-publish","4":"has-post-thumbnail","6":"product_cat-shampouineuse-detacheur","7":"product_tag-maison-entretien","8":"product_tag-nettoyeur","9":"product_tag-shampouineuse-detacheur","11":"first","12":"instock","13":"sale","14":"shipping-taxable","15":"purchasable","16":"product-type-simple"},"_links":{"self":[{"href":"https:\/\/electromenagerexpress.com\/en\/wp-json\/wp\/v2\/product\/76856","targetHints":{"allow":["GET"]}}],"collection":[{"href":"https:\/\/electromenagerexpress.com\/en\/wp-json\/wp\/v2\/product"}],"about":[{"href":"https:\/\/electromenagerexpress.com\/en\/wp-json\/wp\/v2\/types\/product"}],"wp:featuredmedia":[{"embeddable":true,"href":"https:\/\/electromenagerexpress.com\/en\/wp-json\/wp\/v2\/media\/76855"}],"wp:attachment":[{"href":"https:\/\/electromenagerexpress.com\/en\/wp-json\/wp\/v2\/media?parent=76856"}],"wp:term":[{"taxonomy":"product_cat","embeddable":true,"href":"https:\/\/electromenagerexpress.com\/en\/wp-json\/wp\/v2\/product_cat?post=76856"},{"taxonomy":"product_tag","embeddable":true,"href":"https:\/\/electromenagerexpress.com\/en\/wp-json\/wp\/v2\/product_tag?post=76856"}],"curies":[{"name":"wp","href":"https:\/\/api.w.org\/{rel}","templated":true}]}}