{"id":76844,"date":"2024-11-24T13:50:31","date_gmt":"2024-11-24T13:50:31","guid":{"rendered":"https:\/\/electromenagerexpress.com\/product\/aspirateur-laveurthomasboxer\/"},"modified":"2024-11-26T11:17:53","modified_gmt":"2024-11-26T11:17:53","slug":"aspirateur-laveurthomasboxer","status":"publish","type":"product","link":"https:\/\/electromenagerexpress.com\/en\/product\/aspirateur-laveurthomasboxer\/","title":{"rendered":"Aspirateur laveur  THOMAS\t BOXER"},"content":{"rendered":"<div class=\"product-features__content\">\n<h3 class=\"product-features__label\">\u00a0 \u00a0 \u00a0 \u00a0 Caract\u00e9ristiques g\u00e9n\u00e9rales<\/h3>\n<ul role=\"list\">\n<li style=\"list-style-type: none;\">\n<ul role=\"list\">\n<li class=\"product-features__item-list__item\" role=\"listitem\"><span class=\"is--medium\">Type d&rsquo;aspirateur :<\/span> Laveur<\/li>\n<li class=\"product-features__item-list__item\" role=\"listitem\"><span class=\"is--medium\">Puissance :<\/span> 1.400 W<\/li>\n<li class=\"product-features__item-list__item\" role=\"listitem\"><span class=\"is--medium\">Coloris :<\/span> Gris<br \/>\n<h3 class=\"product-features__label\">Performance<\/h3>\n<ul role=\"list\">\n<li class=\"product-features__item-list__item\" role=\"listitem\"><span class=\"is--medium\">D\u00e9pression :<\/span> 17<\/li>\n<li class=\"product-features__item-list__item\" role=\"listitem\"><span class=\"is--medium\">D\u00e9bit d&rsquo;air :<\/span> 34 dm\u00b3\/s<\/li>\n<li class=\"product-features__item-list__item\" role=\"listitem\"><span class=\"is--medium\">Niveau sonore :<\/span> 77 dB<br \/>\n<h3 class=\"product-features__label\">Equipement<\/h3>\n<ul role=\"list\">\n<li class=\"product-features__item-list__item\" role=\"listitem\"><span class=\"is--medium\">Type d&rsquo;enrouleur :<\/span> Sans<br \/>\n<h3 class=\"product-features__label\">Tube<\/h3>\n<ul role=\"list\">\n<li class=\"product-features__item-list__item\" role=\"listitem\"><span class=\"is--medium\">Tube :<\/span> M\u00e9tal<br \/>\n<h3 class=\"product-features__label\">Flexible<\/h3>\n<ul role=\"list\">\n<li class=\"product-features__item-list__item\" role=\"listitem\"><span class=\"is--medium\">Longueur flexible :<\/span> 2,2 m<br \/>\n<h3 class=\"product-features__label\">Filtre<\/h3>\n<ul role=\"list\">\n<li class=\"product-features__item-list__item\" role=\"listitem\"><span class=\"is--medium\">Filtre moteur :<\/span> Oui<br \/>\n<h3 class=\"product-features__label\">Informations et Services<\/h3>\n<ul role=\"list\">\n<li class=\"product-features__item-list__item\" role=\"listitem\"><span class=\"is--medium\">Garantie :<\/span> 2 ans<\/li>\n<li class=\"product-features__item-list__item\" role=\"listitem\"><span class=\"is--medium\">R\u00e9f\u00e9rence constructeur :<\/span> BOXER<\/li>\n<li class=\"product-features__item-list__item\" role=\"listitem\"><span class=\"is--medium\">Marque :<\/span> THOMAS<br \/>\n<h3 class=\"product-features__label\">Dimensions<\/h3>\n<ul role=\"list\">\n<li class=\"product-features__item-list__item\" role=\"listitem\"><span class=\"is--medium\">Dimensions l x h x p :<\/span> 39 x 49 x 39 cm<\/li>\n<li class=\"product-features__item-list__item\" role=\"listitem\"><span class=\"is--medium\">Poids Net (kg) :<\/span> 9.699<\/li>\n<\/ul>\n<\/li>\n<\/ul>\n<\/li>\n<\/ul>\n<\/li>\n<\/ul>\n<\/li>\n<\/ul>\n<\/li>\n<\/ul>\n<\/li>\n<\/ul>\n<\/li>\n<\/ul>\n<\/li>\n<\/ul>\n<\/div>\n<div class=\"product__disclosure-content\">\n<div class=\"js-read-more product-description__content read-more read-more--truncated\" style=\"max-height: 500px; overflow: hidden;\" data-read-more-name=\"description\">\n<p>Depuis plus de 30 ans, THOMAS, fabrique dans ses usines en Allemagne des aspirateurs-laveurs.Conscient que l&rsquo;aspiration quotidienne n&rsquo;est pas toujours suffisante et qu&rsquo;un nettoyage en profondeur est n\u00e9cessaire pour vos moquettes, tapis, si\u00e8ges de voiture&#8230;<\/p>\n<p>Voici son dernier n\u00e9 :Nouveau look, nouveau design, nouvelle couleur tendance : gris\/orange l&rsquo;aspirateur BOXER ne se cache plus !THOMAS vient de cr\u00e9er le BOXER, car aspirer &#8211; laver ne suffit pas il faut aussi les accessoires utiles qui vont rendre ce nettoyage EFFICACE.<\/p>\n<ul>\n<li>Un c\u00e2ble de 10 m<\/li>\n<li>un rayon d&rsquo;action de 13m<\/li>\n<li>Un parechoc de protection,<\/li>\n<li>une accroche c\u00e2ble,<\/li>\n<li>une poign\u00e9e porteuse,<\/li>\n<li>Position parking<\/li>\n<li>rangement d&rsquo;accessoires sur la t\u00eate moteur<\/li>\n<li>un flexible de 2.2m<\/li>\n<li>2 tubes acier inoxydable<\/li>\n<li>Roulettes multidirectionnelles<br \/>\n<h1><\/h1>\n<p>Equip\u00e9 d&rsquo;une brosse sol universelle mais aussi d&rsquo;une brosse commutable sp\u00e9ciale poils d&rsquo;animaux, d&rsquo;un suceur fauteuil, d&rsquo;une brosse meuble et d&rsquo;un suceur EXTRA-LONG de 36 cm, d&rsquo;un sac \u00e0 poussi\u00e8re et d&rsquo;une cartouche filtrante, ses multiples accessoires d&rsquo;aspiration r\u00e9pondront \u00e0 toutes vos attentes.<br \/>\nMais vous pourrez aussi laver tous vos sols et si\u00e8ges de voiture avec le grand suceur d&rsquo;injection-extraction, le petit suceur d&rsquo;injection-extraction, shampoing Protex 500ml.<\/p>\n<p>Utile pour vos travaux m\u00e9nagers, comme vos petits bricolages, le BOXER ne se contente pas uniquement d&rsquo;aspirer vos poussi\u00e8res, poils d&rsquo;animaux, &#8230; et autres salet\u00e9s quotidiennes, il peut aussi aspirer des liquides et laver !<\/p>\n<h1>ASPIRER MAIS AUSSI LAVER<\/h1>\n<p>Le produit de nettoyage situ\u00e9 dans un r\u00e9servoir d&rsquo;une capacit\u00e9 de 3,6L est inject\u00e9 dans les fibres avant d&rsquo;\u00eatre aspir\u00e9 avec la salet\u00e9. Les t\u00e2ches, les salet\u00e9s et les odeurs sont ainsi \u00e9limin\u00e9es en profondeur.<\/p>\n<p>Vos rev\u00eatements de sols, si\u00e8ges de voiture&#8230; sont ainsi nettoy\u00e9s, rafra\u00eechis et leur dur\u00e9e de vie est prolong\u00e9e. Le BOXER a la capacit\u00e9 d&rsquo;absorber 6L d&rsquo;eau en mode extraction. Le BOXER est \u00e9quip\u00e9 d&rsquo;un grand et d&rsquo;un petit suceur d&rsquo;injection-extraction et d&rsquo;un flacon de shampoing Protex.<\/p>\n<p>Le BOXER deviendra rapidement votre alli\u00e9 indispensable pour vos nettoyages. Informations pratiques :Garantie : 2 ans + 3 ans suppl\u00e9mentaires si enregistrement sur notre site THOMAS.<br \/>\nTHOMAS, En tant que Fabricant vous garantit la disponibilit\u00e9 des pi\u00e8ces pendant 10 ans.<\/li>\n<\/ul>\n<\/div>\n<p>&nbsp;<\/p>\n<\/div>","protected":false},"excerpt":{"rendered":"<div class=\"keypoints\">\n<h3 class=\"keypoints__title\">Les points cl\u00e9s<\/h3>\n<ul role=\"list\">\n<li class=\"keypoints__item\" role=\"listitem\">Puissance : 1.400 W &#8211; D\u00e9pression : 17 &#8211; Niveau sonore : 77 dB<\/li>\n<\/ul>\n<\/div>","protected":false},"featured_media":76843,"template":"","meta":{"_glsr_average":0,"_glsr_ranking":0,"_glsr_reviews":0},"product_cat":[339],"product_tag":[324,340,153],"class_list":{"0":"post-76844","1":"product","2":"type-product","3":"status-publish","4":"has-post-thumbnail","6":"product_cat-aspirateur-eau-et-poussiere","7":"product_tag-aspirateur","8":"product_tag-aspirateur-eau-et-poussiere","9":"product_tag-maison-entretien","11":"first","12":"instock","13":"sale","14":"shipping-taxable","15":"purchasable","16":"product-type-simple"},"_links":{"self":[{"href":"https:\/\/electromenagerexpress.com\/en\/wp-json\/wp\/v2\/product\/76844","targetHints":{"allow":["GET"]}}],"collection":[{"href":"https:\/\/electromenagerexpress.com\/en\/wp-json\/wp\/v2\/product"}],"about":[{"href":"https:\/\/electromenagerexpress.com\/en\/wp-json\/wp\/v2\/types\/product"}],"wp:featuredmedia":[{"embeddable":true,"href":"https:\/\/electromenagerexpress.com\/en\/wp-json\/wp\/v2\/media\/76843"}],"wp:attachment":[{"href":"https:\/\/electromenagerexpress.com\/en\/wp-json\/wp\/v2\/media?parent=76844"}],"wp:term":[{"taxonomy":"product_cat","embeddable":true,"href":"https:\/\/electromenagerexpress.com\/en\/wp-json\/wp\/v2\/product_cat?post=76844"},{"taxonomy":"product_tag","embeddable":true,"href":"https:\/\/electromenagerexpress.com\/en\/wp-json\/wp\/v2\/product_tag?post=76844"}],"curies":[{"name":"wp","href":"https:\/\/api.w.org\/{rel}","templated":true}]}}