{"id":76831,"date":"2024-11-24T13:50:21","date_gmt":"2024-11-24T13:50:21","guid":{"rendered":"https:\/\/electromenagerexpress.com\/product\/aspirateur-sans-sacthomas786551\/"},"modified":"2024-11-24T13:50:28","modified_gmt":"2024-11-24T13:50:28","slug":"aspirateur-sans-sacthomas786551","status":"publish","type":"product","link":"https:\/\/electromenagerexpress.com\/en\/product\/aspirateur-sans-sacthomas786551\/","title":{"rendered":"Aspirateur sans sac\t\t\t\t\t\t\tTHOMAS\t\t\t\t786551"},"content":{"rendered":"<div class=\"product-features__content\">\n<ul role=\"list\">\n<li class=\"product-features__item\" role=\"listitem\">\n<h3 class=\"product-features__label\">Choisir ce produit pour quels usages ?<\/h3>\n<ul role=\"list\">\n<li class=\"product-features__item-list__item\" role=\"listitem\"><span class=\"is--medium\">Pour quelle utilisation :<\/span> pour aspirer en profondeur, pratique sans sac\t\t\t\t\t<\/li>\n<li class=\"product-features__item-list__item\" role=\"listitem\"><span class=\"is--medium\">Type de sols :<\/span> Carrelages, parquets, tapis, moquettes\t\t\t\t\t<\/li>\n<li class=\"product-features__item-list__item\" role=\"listitem\"><span class=\"is--medium\">Brosses &amp; Accessoires sp\u00e9ciaux :<\/span> Brosse parquet\t\t\t\t\t<\/li>\n<\/ul>\n<\/li>\n<li class=\"product-features__item\" role=\"listitem\">\n<h3 class=\"product-features__label\">Confort d&rsquo;utilisation<\/h3>\n<ul role=\"list\">\n<li class=\"product-features__item-list__item\" role=\"listitem\"><span class=\"is--medium\">Niveau sonore :<\/span> 82 dB\t\t\t\t\t<\/li>\n<li class=\"product-features__item-list__item\" role=\"listitem\"><span class=\"is--medium\">D\u00e9tail sur le niveau sonore: :<\/span> Il peut varier en fonction du mode utilis\u00e9 et du type de sols aspir\u00e9 (parquet, carrelage, moquette, tapis)\t\t\t\t\t<\/li>\n<li class=\"product-features__item-list__item\" role=\"listitem\"><span class=\"is--medium\">Capacit\u00e9 bac\/sac :<\/span> 2,6 L\t\t\t\t\t<\/li>\n<li class=\"product-features__item-list__item\" role=\"listitem\"><span class=\"is--medium\">Indicateur de bac\/sac plein :<\/span> Non\t\t\t\t\t<\/li>\n<li class=\"product-features__item-list__item\" role=\"listitem\"><span class=\"is--medium\">D\u00e9tection automatique du type de sol pour adapter la puissance :<\/span> Non\t\t\t\t\t<\/li>\n<\/ul>\n<\/li>\n<li class=\"product-features__item\" role=\"listitem\">\n<h3 class=\"product-features__label\">Maniabilit\u00e9<\/h3>\n<ul role=\"list\">\n<li class=\"product-features__item-list__item\" role=\"listitem\"><span class=\"is--medium\">Poids :<\/span> 8,50 Kg\t\t\t\t\t<\/li>\n<li class=\"product-features__item-list__item\" role=\"listitem\"><span class=\"is--medium\">Mobilit\u00e9 :<\/span> 1 roue multidirectionnelle + 2 grandes roues arri\u00e8re\t\t\t\t\t<\/li>\n<li class=\"product-features__item-list__item\" role=\"listitem\"><span class=\"is--medium\">Poign\u00e9e de transport :<\/span> Oui, permet de monter l&rsquo;aspirateur facilement \u00e0 l&rsquo;\u00e9tage\t\t\t\t\t<\/li>\n<li class=\"product-features__item-list__item\" role=\"listitem\"><span class=\"is--medium\">Type d&rsquo;enrouleur de c\u00e2ble :<\/span> Tirez sur le c\u00e2ble pour qu&rsquo;il s&rsquo;enroule\t\t\t\t\t<\/li>\n<li class=\"product-features__item-list__item\" role=\"listitem\"><span class=\"is--medium\">Rayon d&rsquo;action :<\/span> 11 m (Grand)\t\t\t\t\t<\/li>\n<\/ul>\n<\/li>\n<li class=\"product-features__item\" role=\"listitem\">\n<h3 class=\"product-features__label\">Performance<\/h3>\n<ul role=\"list\">\n<li class=\"product-features__item-list__item\" role=\"listitem\"><span class=\"is--medium\">Technologie d&rsquo;aspiration :<\/span> Cyclonique : utilise la force centrifuge pour s\u00e9parer les poussi\u00e8res de l&rsquo;air et les coller sur les parois pour retomber dans le bac. Elle offre une force d&rsquo;aspiration constante pendant toute la dur\u00e9e du nettoyage\t\t\t\t\t<\/li>\n<li class=\"product-features__item-list__item\" role=\"listitem\"><span class=\"is--medium\">Entretien du filtre du r\u00e9servoir :<\/span> Manuel, n\u00e9cessite r\u00e9guli\u00e8rement de d\u00e9monter le filtre et le nettoyer\t\t\t\t\t<\/li>\n<li class=\"product-features__item-list__item\" role=\"listitem\"><span class=\"is--medium\">Brosse principale :<\/span> Brosse 2 en1 (sols durs et moquettes)\t\t\t\t\t<\/li>\n<\/ul>\n<\/li>\n<li class=\"product-features__item\" role=\"listitem\">\n<h3 class=\"product-features__label\">Autour de l&rsquo;hygi\u00e8ne<\/h3>\n<ul role=\"list\">\n<li class=\"product-features__item-list__item\" role=\"listitem\"><span class=\"is--medium\">Syst\u00e8me de filtration :<\/span> 3 \u00e9tapes de filtration, les aspirateurs \u00e0 plusieurs \u00e9tapes de filtration permetttent d&rsquo;aspirer jusqu&rsquo;\u00e0 99,99% des particules et allerg\u00e8nes\t\t\t\t\t<\/li>\n<li class=\"product-features__item-list__item\" role=\"listitem\"><span class=\"is--medium\">Filtre de sortie d&rsquo;air :<\/span> Filtration haute performance\t\t\t\t\t<\/li>\n<\/ul>\n<\/li>\n<li class=\"product-features__item\" role=\"listitem\">\n<h3 class=\"product-features__label\">Energie \/ Consommation<\/h3>\n<ul role=\"list\">\n<li class=\"product-features__item-list__item\" role=\"listitem\"><span class=\"is--medium\">Puissance du moteur \/ Consommation :<\/span> 1.700 W\t\t\t\t\t<\/li>\n<\/ul>\n<\/li>\n<li class=\"product-features__item\" role=\"listitem\">\n<h3 class=\"product-features__label\">Informations et Services<\/h3>\n<ul role=\"list\">\n<li class=\"product-features__item-list__item\" role=\"listitem\"><span class=\"is--medium\">Indice de r\u00e9parabilit\u00e9 :<\/span> 9,0 \/10\t\t\t\t\t<\/li>\n<li class=\"product-features__item-list__item\" role=\"listitem\"><span class=\"is--medium\">D\u00e9tail sur l&rsquo;indice de r\u00e9parabilit\u00e9 :<\/span> <u><a href=\"https:\/\/www.boulanger.com\/evenement\/indice-reparabilite\" target=\"_blank\"> en sa<\/a><\/u><\/li>\n<li class=\"product-features__item-list__item\" role=\"listitem\"><span class=\"is--medium\">Fabriqu\u00e9 en :<\/span> Allemagne\t\t\t\t\t<\/li>\n<li class=\"product-features__item-list__item\" role=\"listitem\"><span class=\"is--medium\">Disponibilit\u00e9 des pi\u00e8ces d\u00e9tach\u00e9es (donn\u00e9es fournisseur) :<\/span> Pendant 10 ans, \u00e0 compter de la date d&rsquo;achat\t\t\t\t\t<\/li>\n<li class=\"product-features__item-list__item\" role=\"listitem\"><span class=\"is--medium\">R\u00e9f\u00e9rence constructeur :<\/span> 786551\t\t\t\t\t<\/li>\n<li class=\"product-features__item-list__item\" role=\"listitem\"><span class=\"is--medium\">Marque :<\/span> THOMAS\t\t\t\t\t<\/li>\n<\/ul>\n<\/li>\n<li class=\"product-features__item\" role=\"listitem\">\n<h3 class=\"product-features__label\">Dimensions<\/h3>\n<ul role=\"list\">\n<li class=\"product-features__item-list__item\" role=\"listitem\"><span class=\"is--medium\">Dimensions l x h x p :<\/span> 46 x 29 x 31 cm\t\t\t\t\t<\/li>\n<li class=\"product-features__item-list__item\" role=\"listitem\"><span class=\"is--medium\">Poids net :<\/span> 8 kg\t\t\t\t\t<\/li>\n<li class=\"product-features__item-list__item\" role=\"listitem\"><span class=\"is--medium\">Poids brut :<\/span> 13 kg\t\t\t\t\t<\/li>\n<\/ul>\n<\/li>\n<li class=\"product-features__item\" role=\"listitem\">\n<h3 class=\"product-features__label\">Brosses et accessoires<\/h3>\n<ul role=\"list\">\n<li class=\"product-features__item-list__item\" role=\"listitem\"><span class=\"is--medium\">Brosse parquet :<\/span> brosse parquet \u00e9quip\u00e9e de poils doux pour ne pas abimer ou griffer le parquet\t\t\t\t\t<\/li>\n<\/ul>\n<\/li>\n<\/ul>\n<\/div>\n<div class=\"product__disclosure-content\">\n<div class=\"js-read-more product-description__content read-more read-more--truncated\" data-read-more-name=\"description\" style=\"max-height: 500px; overflow: hidden;\">\n<p>Amoureux des parquets, vous recherchez un aspirateur sans sac, cyclonique, qui rafra\u00eechira votre int\u00e9rieur tout en prenant soin de vos surfaces, m\u00eame les plus fragiles\u2009? <\/p>\n<p>Notre aspirateur thomas cyloon hybrid led parquet pourra r\u00e9pondre \u00e0 vos attentes :<\/p>\n<p>\u00c9limination des fines particules et des grosses poussi\u00e8res<br \/>Et neutralisation avanc\u00e9e des odeurs<\/p>\n<p>\u00c9limination des fines &amp; grosses poussi\u00e8res : la Cycloon-filterbox de l&rsquo;aspirateur est <br \/>compos\u00e9e d&rsquo;un syst\u00e8me \u00e0 double chambre, dans lequel les fines poussi\u00e8res allerg\u00e8nes sont s\u00e9par\u00e9es des grosses salet\u00e9s. Ce faisant, douze tourbillons rotatifs puissants acheminent les particules les plus fines vers deux chambres \u00e0 poussi\u00e8res fines. Elles y sont captur\u00e9es en toute s\u00e9curit\u00e9. Les grosses salet\u00e9s quant \u00e0 elles vont directement dans la chambre centrale. La vidange est simple et hygi\u00e9nique.<\/p>\n<p>Vous d\u00e9sirez apporter de la fra\u00eecheur \u00e0 votre int\u00e9rieur et supprimer les mauvaises odeurs !<\/p>\n<p>\u00c0 votre convenance, remplacer simplement la cycloon-filterbox par l&rsquo;aqua-filterbox de l&rsquo;aspirateur et lancer l&rsquo;aspiration avec filtration par l&rsquo;eau. Les odeurs d&rsquo;animaux, la poussi\u00e8re, les allerg\u00e8nes sont alors aspir\u00e9s et retenus d\u00e9finitivement dans l&rsquo;eau. Ensuite il suffit de vider la cuve d&rsquo;eau sale.<\/p>\n<p>Lors de l&rsquo;aspiration avec le filtre par eau de l&rsquo;aspirateur, l&rsquo;air est filtr\u00e9 plusieurs fois : \u00e0 travers le filtre \u00e0 eau puis d&rsquo;un filtre h\u00e9pa 13 et un filtre de sortie d&rsquo;air, formant ainsi un climat meilleur et plus frais dans toutes les pi\u00e8ces pour les personnes allergiques. <\/p>\n<p>Cet aspirateur vous permettra \u00e9galement d&rsquo;absorber, gr\u00e2ce \u00e0 sa puissance d&rsquo;aspiration et \u00e0 l&rsquo;aqua-filterbox, de petite quantit\u00e9 d&rsquo;eau lorsqu&rsquo;un vase se renverse, quand la machine \u00e0 laver fuit ou que votre animal s&rsquo;oublie pouvant aller jusqu&rsquo;\u00e0 2.6l max.<\/p>\n<p>Notre aspirateur cycloon hybrid parquet led est dot\u00e9 d&rsquo;un tube t\u00e9lescopique avec verrouillage, il dispose d&rsquo;un variateur de puissance et d&rsquo;une position parking pour un excellent confort d&rsquo;utilisation.<\/p>\n<p>Respectez vos parquets et sols fragiles avec les brosses et suceurs indispensables au nettoyage de toutes vos surfaces : brosse parquet\u2009; brosse commutable pour sols durs\/tapis\/moquette avec \u00e9clairage LED et clipable au pied\u2009; brosse fauteuil extra-large, suceur extra-long 360 mm avec adaptateur brosse meuble.<br \/>Maniable avec sa roulette \u00a0\u00bb easy-drive 360\u00b0 \u00a0\u00bb \u00e0 l&rsquo;avant, muni d&rsquo;un c\u00e2ble de 8 m avec enrouleur automatique, le thomas cycloon hybrid led parquet vous donne un grand rayon d&rsquo;action de 11 m\u00e8tres qui vous permet un d\u00e9poussi\u00e9rage efficace sur tous types de sols dans votre maison.<\/p>\n<p>Informations sp\u00e9cifiques :<\/p>\n<p>Moteur : 1700Wmax<br \/>C\u00e2ble enrouleur automatique, Longueur c\u00e2ble : 8 m rayon d\u2019action : 11m   <br \/>Consommable : set filtre HEPA 13 pollen &amp; charbon actif r\u00e9f : 787276 EAN : 4005435111402<br \/>Absorption eau 2.6 L max avec cuve AQUA-Filterbox (uniquement) <br \/>Nombre de roulettes : 1 roulette pivotante 360\u00b0 easy-drive \u00e0 l&rsquo;avant et 2 grandes roues \u00e0 l&rsquo;arri\u00e8re.<br \/>D\u00e9cibel dB(A) : 82<br \/>Dimension appareil\/colis : l : 467\/537mm    L:318\/390mm  H: 294\/494mm  poids: 8.5\/13.2kg<\/p>\n<p>Le THOMAS Cycloon Hybrid LED PARQUET a \u00e9t\u00e9 con\u00e7u et d\u00e9velopp\u00e9 par nos ing\u00e9nieurs. Il est int\u00e9gralement fabriqu\u00e9 sur le site allemand de Neunkirchen.<br \/>Garantie 2 ans pi\u00e8ces (hors accessoires et consommables), disponibilit\u00e9 pi\u00e8ces 10 ans.<\/p>\n<\/div>\n<p><bl-button a11yexpanded=\"false\" arialabel=\"Afficher toute la description\" class=\"read-more__btn\" full=\"false\" link=\"true\"><\/bl-button><\/div>","protected":false},"excerpt":{"rendered":"<div class=\"keypoints\">\n<h3 class=\"keypoints__title\">Les points cl\u00e9s<\/h3>\n<ul role=\"list\">\n<li class=\"keypoints__item\" role=\"listitem\">                                        Rayon d&rsquo;action : 11 m (Grand)                      <\/li>\n<li class=\"keypoints__item\" role=\"listitem\">                                        Capacit\u00e9 bac\/sac : 2,6 L                      <\/li>\n<li class=\"keypoints__item\" role=\"listitem\">                                        Niveau sonore : 82 dB                      <\/li>\n<li class=\"keypoints__item\" role=\"listitem\">                                        Poids : 8,50 Kg                      <\/li>\n<\/ul>","protected":false},"featured_media":76830,"template":"","meta":{"_glsr_average":0,"_glsr_ranking":0,"_glsr_reviews":0},"product_cat":[333],"product_tag":[324,334,153],"class_list":{"0":"post-76831","1":"product","2":"type-product","3":"status-publish","4":"has-post-thumbnail","6":"product_cat-aspirateur-sans-sac","7":"product_tag-aspirateur","8":"product_tag-aspirateur-sans-sac","9":"product_tag-maison-entretien","11":"first","12":"instock","13":"sale","14":"shipping-taxable","15":"purchasable","16":"product-type-simple"},"_links":{"self":[{"href":"https:\/\/electromenagerexpress.com\/en\/wp-json\/wp\/v2\/product\/76831","targetHints":{"allow":["GET"]}}],"collection":[{"href":"https:\/\/electromenagerexpress.com\/en\/wp-json\/wp\/v2\/product"}],"about":[{"href":"https:\/\/electromenagerexpress.com\/en\/wp-json\/wp\/v2\/types\/product"}],"wp:featuredmedia":[{"embeddable":true,"href":"https:\/\/electromenagerexpress.com\/en\/wp-json\/wp\/v2\/media\/76830"}],"wp:attachment":[{"href":"https:\/\/electromenagerexpress.com\/en\/wp-json\/wp\/v2\/media?parent=76831"}],"wp:term":[{"taxonomy":"product_cat","embeddable":true,"href":"https:\/\/electromenagerexpress.com\/en\/wp-json\/wp\/v2\/product_cat?post=76831"},{"taxonomy":"product_tag","embeddable":true,"href":"https:\/\/electromenagerexpress.com\/en\/wp-json\/wp\/v2\/product_tag?post=76831"}],"curies":[{"name":"wp","href":"https:\/\/api.w.org\/{rel}","templated":true}]}}