{"id":76752,"date":"2024-11-24T13:49:16","date_gmt":"2024-11-24T13:49:16","guid":{"rendered":"https:\/\/electromenagerexpress.com\/product\/aspirateur-avec-sacelectroluxpured9-pd91-green\/"},"modified":"2024-11-24T13:49:29","modified_gmt":"2024-11-24T13:49:29","slug":"aspirateur-avec-sacelectroluxpured9-pd91-green","status":"publish","type":"product","link":"https:\/\/electromenagerexpress.com\/en\/product\/aspirateur-avec-sacelectroluxpured9-pd91-green\/","title":{"rendered":"Aspirateur avec sac\t\t\t\t\t\t\tELECTROLUX\t\t\t\tPureD9 PD91-GREEN"},"content":{"rendered":"<div class=\"product-features__content\">\n<ul role=\"list\">\n<li class=\"product-features__item\" role=\"listitem\">\n<h3 class=\"product-features__label\">Confort d&rsquo;utilisation<\/h3>\n<ul role=\"list\">\n<li class=\"product-features__item-list__item\" role=\"listitem\"><span class=\"is--medium\">Variateur de puissance :<\/span> Electronique\t\t\t\t\t<\/li>\n<\/ul>\n<\/li>\n<li class=\"product-features__item\" role=\"listitem\">\n<h3 class=\"product-features__label\">Maniabilit\u00e9<\/h3>\n<ul role=\"list\">\n<li class=\"product-features__item-list__item\" role=\"listitem\"><span class=\"is--medium\">Poids :<\/span> 5,80 Kg\t\t\t\t\t<\/li>\n<li class=\"product-features__item-list__item\" role=\"listitem\"><span class=\"is--medium\">Longueur du cordon secteur :<\/span> 9,0 m\t\t\t\t\t<\/li>\n<\/ul>\n<\/li>\n<li class=\"product-features__item\" role=\"listitem\">\n<h3 class=\"product-features__label\">Informations et Services<\/h3>\n<ul role=\"list\">\n<li class=\"product-features__item-list__item\" role=\"listitem\"><span class=\"is--medium\">Fabriqu\u00e9 en :<\/span> Europe\t\t\t\t\t<\/li>\n<li class=\"product-features__item-list__item\" role=\"listitem\"><span class=\"is--medium\">Garantie :<\/span> 2 ans\t\t\t\t\t<\/li>\n<li class=\"product-features__item-list__item\" role=\"listitem\"><span class=\"is--medium\">Dur\u00e9e de la garantie Constructeur (voir les conditions sp\u00e9ciales) :<\/span> 2 ans\t\t\t\t\t<\/li>\n<li class=\"product-features__item-list__item\" role=\"listitem\"><span class=\"is--medium\">Disponibilit\u00e9 des pi\u00e8ces d\u00e9tach\u00e9es (donn\u00e9es fournisseur) :<\/span> Pendant 11 ans, \u00e0 compter de la date d&rsquo;achat\t\t\t\t\t<\/li>\n<li class=\"product-features__item-list__item\" role=\"listitem\"><span class=\"is--medium\">R\u00e9f\u00e9rence constructeur :<\/span> PureD9 PD91-GREEN\t\t\t\t\t<\/li>\n<li class=\"product-features__item-list__item\" role=\"listitem\"><span class=\"is--medium\">Marque :<\/span> ELECTROLUX\t\t\t\t\t<\/li>\n<\/ul>\n<\/li>\n<li class=\"product-features__item\" role=\"listitem\">\n<h3 class=\"product-features__label\">Dimensions<\/h3>\n<ul role=\"list\">\n<li class=\"product-features__item-list__item\" role=\"listitem\"><span class=\"is--medium\">Dimensions l x h x p :<\/span> NC x NC x 51 cm\t\t\t\t\t<\/li>\n<li class=\"product-features__item-list__item\" role=\"listitem\"><span class=\"is--medium\">Poids net :<\/span> 6 kg\t\t\t\t\t<\/li>\n<li class=\"product-features__item-list__item\" role=\"listitem\"><span class=\"is--medium\">Poids brut :<\/span> 10 kg\t\t\t\t\t<\/li>\n<\/ul>\n<\/li>\n<li class=\"product-features__item\" role=\"listitem\">\n<h3 class=\"product-features__label\">Brosses et accessoires<\/h3>\n<ul role=\"list\">\n<li class=\"product-features__item-list__item\" role=\"listitem\"><span class=\"is--medium\">Brosse matelas :<\/span> Pour extraire les acariens et les allerg\u00e8nes des matelas et tissus d&rsquo;ameublements.\t\t\t\t\t<\/li>\n<\/ul>\n<\/li>\n<\/ul>\n<\/div>\n<div class=\"product__disclosure-content\">\n<div class=\"js-read-more product-description__content read-more read-more--truncated\" data-read-more-name=\"description\" style=\"max-height: 500px; overflow: hidden;\">\n<p>Confort d&rsquo;utilisation incomparable Syst\u00e8me FlowMotion :  roues souples Extra Larges pour une maniabilit\u00e9 exceptionnelle et brosse \u00e9quip\u00e9e de roues \u00e0 roulements \u00e0 billes pour plus de souplesseAspiration exceptionnelleSyst\u00e8me PureFlow : circulation du flux d&rsquo;air en ligne droite et compartiment du sac alv\u00e9ol\u00e9 pour des performances optimales m\u00eame quand le sac est pleinChangement hygi\u00e9nique du sacSyst\u00e8me de fermeture automatique CleanLift Handle assurant un changement de sac totalement hygi\u00e9nique. Aucun contact avec la poussi\u00e8reAccessoire AeroPro 3 en 1Int\u00e9gr\u00e9 \u00e0 l&rsquo;arri\u00e8re de l&rsquo;aspirateur, il est toujours \u00e0 port\u00e9e de main. Facile \u00e0 trouver, facile \u00e0 enlever, facile \u00e0 ranger<\/p>\n<p><video class=\"s7Video\" controls=\"\" controlslist=\"nodownload\" poster=\"https:\/\/boulanger.scene7.com\/is\/image\/Boulanger\/7332543562145_v_0?scl=1\" preload=\"metadata\" src=\"https:\/\/boulanger.scene7.com\/is\/content\/Boulanger\/7332543562145_v_0\" width=\"100%\"><\/video><\/p>\n<\/p>\n<h3>echelle_sonore_v2<\/p>\n<p class=\"wy_tableau_right\"><iframe class=\"right\" height=\"265\" src=\"https:\/\/boulanger.scene7.com\/s7viewers\/html5\/VideoViewer.html?videoserverurl=https:\/\/boulanger.scene7.com\/is\/content\/&amp;emailurl=https:\/\/boulanger.scene7.com\/s7\/emailFriend&amp;serverUrl=https:\/\/boulanger.scene7.com\/is\/image\/&amp;config=Scene7SharedAssets\/Universal%5FHTML5%5FVideo&amp;contenturl=https:\/\/boulanger.scene7.com\/skins\/&amp;asset=Boulanger\/echelle_sonore_v2\" width=\"470\"><\/iframe><\/p>\n<\/h3>\n<p>\u00c0 la recherche d&rsquo;un aspirateur silencieux ? Alli\u00e9 incontestable contre la poussi\u00e8re, l&rsquo;aspirateur tra\u00eeneau a tout pour plaire. <\/p>\n<p>Avec ou sans fil, prise en main facile, flexible, autant d&rsquo;atouts qui peuvent vous s\u00e9duire. Mais qu&rsquo;en est- il de son <b>niveau sonore<\/b> ? Plus besoin de vous poser la question ! <\/p>\n<p><b>En exclusivit\u00e9 chez Boulanger<\/b>, d\u00e9couvrez l&rsquo;\u00e9chelle sonore des aspirateurs tra\u00eeneaux. Gr\u00e2ce \u00e0 cet outil pratique, vous pourrez choisir l&rsquo;aspirateur tra\u00eeneau qui correspond parfaitement \u00e0 vos attentes.<\/p>\n<p> \u00c0 vos aspirateurs, pr\u00eat, \u00e9coutez !<\/p>\n<p><\/p>\n<\/p>\n<\/div>\n<p><bl-button a11yexpanded=\"false\" arialabel=\"Afficher toute la description\" class=\"read-more__btn\" full=\"false\" link=\"true\"><\/bl-button><\/div>","protected":false},"excerpt":{"rendered":"<div class=\"keypoints\">\n<h3 class=\"keypoints__title\">Les points cl\u00e9s<\/h3>\n<ul role=\"list\">\n<li class=\"keypoints__item\" role=\"listitem\">                                        Poids : 5,80 Kg                      <\/li>\n<\/ul>","protected":false},"featured_media":76751,"template":"","meta":{"_glsr_average":0,"_glsr_ranking":0,"_glsr_reviews":0},"product_cat":[335],"product_tag":[324,336,153],"class_list":{"0":"post-76752","1":"product","2":"type-product","3":"status-publish","4":"has-post-thumbnail","6":"product_cat-aspirateur-avec-sac","7":"product_tag-aspirateur","8":"product_tag-aspirateur-avec-sac","9":"product_tag-maison-entretien","11":"first","12":"instock","13":"sale","14":"shipping-taxable","15":"purchasable","16":"product-type-simple"},"_links":{"self":[{"href":"https:\/\/electromenagerexpress.com\/en\/wp-json\/wp\/v2\/product\/76752","targetHints":{"allow":["GET"]}}],"collection":[{"href":"https:\/\/electromenagerexpress.com\/en\/wp-json\/wp\/v2\/product"}],"about":[{"href":"https:\/\/electromenagerexpress.com\/en\/wp-json\/wp\/v2\/types\/product"}],"wp:featuredmedia":[{"embeddable":true,"href":"https:\/\/electromenagerexpress.com\/en\/wp-json\/wp\/v2\/media\/76751"}],"wp:attachment":[{"href":"https:\/\/electromenagerexpress.com\/en\/wp-json\/wp\/v2\/media?parent=76752"}],"wp:term":[{"taxonomy":"product_cat","embeddable":true,"href":"https:\/\/electromenagerexpress.com\/en\/wp-json\/wp\/v2\/product_cat?post=76752"},{"taxonomy":"product_tag","embeddable":true,"href":"https:\/\/electromenagerexpress.com\/en\/wp-json\/wp\/v2\/product_tag?post=76752"}],"curies":[{"name":"wp","href":"https:\/\/api.w.org\/{rel}","templated":true}]}}