{"id":76719,"date":"2024-11-24T13:48:50","date_gmt":"2024-11-24T13:48:50","guid":{"rendered":"https:\/\/electromenagerexpress.com\/product\/aspirateur-laveurbissellcrosswave-sans-fil-nettoyeur-multifonc\/"},"modified":"2024-11-24T13:48:54","modified_gmt":"2024-11-24T13:48:54","slug":"aspirateur-laveurbissellcrosswave-sans-fil-nettoyeur-multifonc","status":"publish","type":"product","link":"https:\/\/electromenagerexpress.com\/en\/product\/aspirateur-laveurbissellcrosswave-sans-fil-nettoyeur-multifonc\/","title":{"rendered":"Aspirateur laveur\t\t\t\t\t\t\tBISSELL\t\t\t\tCrossWave sans fil &#8211; Nettoyeur multifonc"},"content":{"rendered":"<div class=\"product-features__content\">\n<ul role=\"list\">\n<li class=\"product-features__item\" role=\"listitem\">\n<h3 class=\"product-features__label\">Choisir ce produit pour quel usage ?<\/h3>\n<ul role=\"list\">\n<li class=\"product-features__item-list__item\" role=\"listitem\"><span class=\"is--medium\">Fonctions :<\/span> Lave, aspire et s\u00e8che vos sols\t\t\t\t\t<\/li>\n<li class=\"product-features__item-list__item\" role=\"listitem\"><span class=\"is--medium\">Sp\u00e9cial animaux :<\/span> oui, avec une cr\u00e9pine pour dissocier les poils des liquides dans le r\u00e9servoir d&rsquo;eau sale\t\t\t\t\t<\/li>\n<li class=\"product-features__item-list__item\" role=\"listitem\"><span class=\"is--medium\">Type de surface \u00e0 nettoyer :<\/span> Carrelage, Parquet, B\u00e9ton cir\u00e9, Tapis, Moquette, Sp\u00e9cial animaux\t\t\t\t\t<\/li>\n<\/ul>\n<\/li>\n<li class=\"product-features__item\" role=\"listitem\">\n<h3 class=\"product-features__label\">Performance<\/h3>\n<ul role=\"list\">\n<li class=\"product-features__item-list__item\" role=\"listitem\"><span class=\"is--medium\">Nombre de mode(s) de nettoyage :<\/span> 2\t\t\t\t\t<\/li>\n<li class=\"product-features__item-list__item\" role=\"listitem\"><span class=\"is--medium\">R\u00e9servoir amovible :<\/span> Oui\t\t\t\t\t<\/li>\n<li class=\"product-features__item-list__item\" role=\"listitem\"><span class=\"is--medium\">R\u00e9servoir d&rsquo;eau propre :<\/span> 1 ml\t\t\t\t\t<\/li>\n<li class=\"product-features__item-list__item\" role=\"listitem\"><span class=\"is--medium\">R\u00e9servoir d&rsquo;eau sale :<\/span> 400 ml\t\t\t\t\t<\/li>\n<li class=\"product-features__item-list__item\" role=\"listitem\"><span class=\"is--medium\">Avantage du double r\u00e9servoir :<\/span> S\u00e9pare l&rsquo;eau propre de l&rsquo;eau sale pour un nettoyage de qualit\u00e9\t\t\t\t\t<\/li>\n<li class=\"product-features__item-list__item\" role=\"listitem\"><span class=\"is--medium\">T\u00e9moin de niveau d&rsquo;eau propre min :<\/span> lumineux\t\t\t\t\t<\/li>\n<li class=\"product-features__item-list__item\" role=\"listitem\"><span class=\"is--medium\">T\u00e9moin de niveau d&rsquo;eau sale max :<\/span> lumineux\t\t\t\t\t<\/li>\n<li class=\"product-features__item-list__item\" role=\"listitem\"><span class=\"is--medium\">Produit utilis\u00e9 :<\/span> eau et d\u00e9tergent nettoyeur de sols\t\t\t\t\t<\/li>\n<li class=\"product-features__item-list__item\" role=\"listitem\"><span class=\"is--medium\">Nettoyage au plus pr\u00e8s des bords et des plinthes :<\/span> Oui\t\t\t\t\t<\/li>\n<li class=\"product-features__item-list__item\" role=\"listitem\"><span class=\"is--medium\">Aspiration \u00e0 sec :<\/span> oui, permet d&rsquo;aspirer les poussi\u00e8res comme peut le faire un aspirateur balai\t\t\t\t\t<\/li>\n<li class=\"product-features__item-list__item\" role=\"listitem\"><span class=\"is--medium\">Mode turbo :<\/span> non\t\t\t\t\t<\/li>\n<li class=\"product-features__item-list__item\" role=\"listitem\"><span class=\"is--medium\">Mode auto nettoyage :<\/span> non\t\t\t\t\t<\/li>\n<li class=\"product-features__item-list__item\" role=\"listitem\"><span class=\"is--medium\">Capteur de niveau de salissure :<\/span> Non\t\t\t\t\t<\/li>\n<\/ul>\n<\/li>\n<li class=\"product-features__item\" role=\"listitem\">\n<h3 class=\"product-features__label\">Confort d&rsquo;utilisation<\/h3>\n<ul role=\"list\">\n<li class=\"product-features__item-list__item\" role=\"listitem\"><span class=\"is--medium\">Utilisation :<\/span> Sans fil\t\t\t\t\t<\/li>\n<li class=\"product-features__item-list__item\" role=\"listitem\"><span class=\"is--medium\">Niveau sonore :<\/span> 80,0 dB\t\t\t\t\t<\/li>\n<li class=\"product-features__item-list__item\" role=\"listitem\"><span class=\"is--medium\">Rayon d&rsquo;action :<\/span> sans fil, rayon d&rsquo;action illimit\u00e9\t\t\t\t\t<\/li>\n<li class=\"product-features__item-list__item\" role=\"listitem\"><span class=\"is--medium\">Autonomie :<\/span> autonomie \u00e9lev\u00e9e (30 mn)\t\t\t\t\t<\/li>\n<li class=\"product-features__item-list__item\" role=\"listitem\"><span class=\"is--medium\">Temps de charge :<\/span> 4 heures\t\t\t\t\t<\/li>\n<li class=\"product-features__item-list__item\" role=\"listitem\"><span class=\"is--medium\">Autotract\u00e9 :<\/span> non\t\t\t\t\t<\/li>\n<li class=\"product-features__item-list__item\" role=\"listitem\"><span class=\"is--medium\">Position parking :<\/span> oui, permet de tenir seul debout\t\t\t\t\t<\/li>\n<li class=\"product-features__item-list__item\" role=\"listitem\"><span class=\"is--medium\">Ecran digital :<\/span> Non\t\t\t\t\t<\/li>\n<li class=\"product-features__item-list__item\" role=\"listitem\"><span class=\"is--medium\">Eclairage LED du sol :<\/span> oui, permet de voir la pousi\u00e8re, les poils d&rsquo;animaux, les taches&#8230;\t\t\t\t\t<\/li>\n<\/ul>\n<\/li>\n<li class=\"product-features__item\" role=\"listitem\">\n<h3 class=\"product-features__label\">Equipement<\/h3>\n<ul role=\"list\">\n<li class=\"product-features__item-list__item\" role=\"listitem\"><span class=\"is--medium\">Filtre de sortie d&rsquo;air :<\/span> ULPA\t\t\t\t\t<\/li>\n<li class=\"product-features__item-list__item\" role=\"listitem\"><span class=\"is--medium\">Nombre de rouleaux inclus dans la boite (dont pr\u00e9 install\u00e9 sur la brosse) :<\/span> 2\t\t\t\t\t<\/li>\n<\/ul>\n<\/li>\n<li class=\"product-features__item\" role=\"listitem\">\n<h3 class=\"product-features__label\">Dimensions<\/h3>\n<ul role=\"list\">\n<li class=\"product-features__item-list__item\" role=\"listitem\"><span class=\"is--medium\">Poids Net :<\/span> 5,00 Kg\t\t\t\t\t<\/li>\n<\/ul>\n<\/li>\n<li class=\"product-features__item\" role=\"listitem\">\n<h3 class=\"product-features__label\">Informations et Services<\/h3>\n<ul role=\"list\">\n<li class=\"product-features__item-list__item\" role=\"listitem\"><span class=\"is--medium\">Fabriqu\u00e9 en :<\/span> Chine\t\t\t\t\t<\/li>\n<li class=\"product-features__item-list__item\" role=\"listitem\"><span class=\"is--medium\">Disponibilit\u00e9 des pi\u00e8ces d\u00e9tach\u00e9es (donn\u00e9es fournisseur) :<\/span> Non communiqu\u00e9e\t\t\t\t\t<\/li>\n<li class=\"product-features__item-list__item\" role=\"listitem\"><span class=\"is--medium\">R\u00e9f\u00e9rence constructeur :<\/span> CrossWave sans fil &#8211; Nettoyeur multifonc\t\t\t\t\t<\/li>\n<li class=\"product-features__item-list__item\" role=\"listitem\"><span class=\"is--medium\">Marque :<\/span> BISSELL\t\t\t\t\t<\/li>\n<\/ul>\n<\/li>\n<li class=\"product-features__item\" role=\"listitem\">\n<h3 class=\"product-features__label\">Facette option Aspirateur<\/h3>\n<ul role=\"list\">\n<li class=\"product-features__item-list__item\" role=\"listitem\"><span class=\"is--medium\">Poils d&rsquo;animaux :<\/span> Oui\t\t\t\t\t<\/li>\n<li class=\"product-features__item-list__item\" role=\"listitem\"><span class=\"is--medium\">2 en 1: aspirer et laver :<\/span> Oui\t\t\t\t\t<\/li>\n<li class=\"product-features__item-list__item\" role=\"listitem\"><span class=\"is--medium\">Option Aspirateur :<\/span> Poils d&rsquo;animaux, 2 en 1: aspirer et laver\t\t\t\t\t<\/li>\n<\/ul>\n<\/li>\n<\/ul>\n<\/div>\n<div class=\"product__disclosure-content\">\n<div class=\"js-read-more product-description__content read-more read-more--truncated\" data-read-more-name=\"description\" style=\"max-height: 500px; overflow: hidden;\">\n<p>Garder une maison impeccablement propre et avoir des animaux de compagnie n&rsquo;est plus incompatible?! D\u00e9couvrez comment avec le nouvel aspirateur-nettoyeur Crosswave sans fil  3 en 1 de Bissell.<\/p>\n<\/p>\n<h2><strong>Bissell Crosswave sans fil : aspirez, lavez, s\u00e9chez en un seul passage<\/strong><\/h2>\n<p>Gagnez du temps avec le nouvel appareil de Bissell. Le Crosswave sans fil aspire, nettoie et s\u00e8che vos sols de tous types en un seul geste.<\/p>\n<p>Le nettoyeur de Bissell est bien plus efficace qu&rsquo;un lavage manuel classique. Avec sa brosse rotative pouvant atteindre 2500 t\/min, il vous garantit un r\u00e9sultat impeccable.<\/p>\n<p>Le r\u00e9servoir d&rsquo;eau propre du Crosswave sans fil est s\u00e9par\u00e9 des eaux sales, situ\u00e9es dans un autre compartiment. Vos sols sont ainsi encore plus propres car ils sont toujours lav\u00e9s \u00e0 l&rsquo;eau claire et propre.<\/p>\n<p>Le design novateur de la brosse qui \u00e9quipe le Crosswave sans fil la rend encore plus efficace. Nettoyez sans difficult\u00e9 au plus pr\u00e8s des murs et dans les moindres recoins.<\/p>\n<\/p>\n<h2><strong>Enfin un nettoyeur pens\u00e9 pour les propri\u00e9taires d&rsquo;animaux sign\u00e9 Bissell<\/strong><\/h2>\n<p>La formule lavante livr\u00e9e avec le Crosswave sans fil et les d\u00e9tegents Bissell sont sp\u00e9cialement con\u00e7ue pour neutraliser les mauvaises odeurs de vos animaux.<\/p>\n<p>Les poils et autres particules solides aspir\u00e9es par le nettoyeur de Bissell ne s&rsquo;amassent pas dans le r\u00e9servoir d&rsquo;eau sale. Une cr\u00e9pine les retient pour une vidange facilit\u00e9e de votre bac \u00e0 eau sale.<\/p>\n<p>La brosse du Crosswave sans fil \u00e9vite l&rsquo;accumulation de poils gr\u00e2ce \u00e0 son design sp\u00e9cifique. Plus besoin de d\u00e9faire les noeuds, elle reste propre plus longtemps.<\/p>\n<p>Le Crosswave sans fil est plus silencieux que le mod\u00e8le pr\u00e9c\u00e9dent.<\/p>\n<h2><strong>Un entretien facilit\u00e9 !<\/strong><\/h2>\n<p>La base qui re\u00e7oit la brosse du Crosswave sans fil comprend un petit r\u00e9servoir \u00e0 eau. Celui-ci permet au rouleau de s&rsquo;autonettoyer.<\/p>\n<p>Le Crosswave sans<\/p>\n<\/div>\n<p><bl-button a11yexpanded=\"false\" arialabel=\"Afficher toute la description\" class=\"read-more__btn\" full=\"false\" link=\"true\">Voir plus<\/bl-button><\/div>","protected":false},"excerpt":{"rendered":"<div class=\"keypoints\">\n<h3 class=\"keypoints__title\">Les points cl\u00e9s<\/h3>\n<ul role=\"list\">\n<li class=\"keypoints__item\" role=\"listitem\">                          Aspire, lave et s\u00e8che &#8211;                                                      Carrelage, Parquet, B\u00e9ton cir\u00e9, Tapis, Moquette, Sp\u00e9cial animaux                      <\/li>\n<li class=\"keypoints__item\" role=\"listitem\">                          5,00 Kg &#8211;                                                      sans fil, rayon d&rsquo;action illimit\u00e9                      <\/li>\n<li class=\"keypoints__item\" role=\"listitem\">                          R\u00e9servoir d&rsquo;eau propre : 1 ml &#8211;                                                      R\u00e9servoir d&rsquo;eau sale : 400 ml                      <\/li>\n<li class=\"keypoints__item\" role=\"listitem\">                          autonomie \u00e9lev\u00e9e (30 mn) &#8211;                                                      Temps de charge : 4 heures                      <\/li>\n<\/ul>","protected":false},"featured_media":76718,"template":"","meta":{"_glsr_average":0,"_glsr_ranking":0,"_glsr_reviews":0},"product_cat":[330],"product_tag":[153,331,332],"class_list":{"0":"post-76719","1":"product","2":"type-product","3":"status-publish","4":"has-post-thumbnail","6":"product_cat-nettoyeur-de-sol","7":"product_tag-maison-entretien","8":"product_tag-nettoyeur","9":"product_tag-nettoyeur-de-sol","11":"first","12":"instock","13":"sale","14":"shipping-taxable","15":"purchasable","16":"product-type-simple"},"_links":{"self":[{"href":"https:\/\/electromenagerexpress.com\/en\/wp-json\/wp\/v2\/product\/76719","targetHints":{"allow":["GET"]}}],"collection":[{"href":"https:\/\/electromenagerexpress.com\/en\/wp-json\/wp\/v2\/product"}],"about":[{"href":"https:\/\/electromenagerexpress.com\/en\/wp-json\/wp\/v2\/types\/product"}],"wp:featuredmedia":[{"embeddable":true,"href":"https:\/\/electromenagerexpress.com\/en\/wp-json\/wp\/v2\/media\/76718"}],"wp:attachment":[{"href":"https:\/\/electromenagerexpress.com\/en\/wp-json\/wp\/v2\/media?parent=76719"}],"wp:term":[{"taxonomy":"product_cat","embeddable":true,"href":"https:\/\/electromenagerexpress.com\/en\/wp-json\/wp\/v2\/product_cat?post=76719"},{"taxonomy":"product_tag","embeddable":true,"href":"https:\/\/electromenagerexpress.com\/en\/wp-json\/wp\/v2\/product_tag?post=76719"}],"curies":[{"name":"wp","href":"https:\/\/api.w.org\/{rel}","templated":true}]}}