{"id":76681,"date":"2024-11-24T13:48:21","date_gmt":"2024-11-24T13:48:21","guid":{"rendered":"https:\/\/electromenagerexpress.com\/product\/aspirateur-sans-sacthomasperfect-air-animal-pure\/"},"modified":"2024-11-24T13:48:27","modified_gmt":"2024-11-24T13:48:27","slug":"aspirateur-sans-sacthomasperfect-air-animal-pure","status":"publish","type":"product","link":"https:\/\/electromenagerexpress.com\/en\/product\/aspirateur-sans-sacthomasperfect-air-animal-pure\/","title":{"rendered":"Aspirateur sans sac\t\t\t\t\t\t\tTHOMAS\t\t\t\tPerfect air animal pure"},"content":{"rendered":"<div class=\"product-features__content\">\n<ul role=\"list\">\n<li class=\"product-features__item\" role=\"listitem\">\n<h3 class=\"product-features__label\">Maniabilit\u00e9<\/h3>\n<ul role=\"list\">\n<li class=\"product-features__item-list__item\" role=\"listitem\"><span class=\"is--medium\">Poids :<\/span> 6,90 Kg\t\t\t\t\t<\/li>\n<\/ul>\n<\/li>\n<li class=\"product-features__item\" role=\"listitem\">\n<h3 class=\"product-features__label\">Informations et Services<\/h3>\n<ul role=\"list\">\n<li class=\"product-features__item-list__item\" role=\"listitem\"><span class=\"is--medium\">Garantie :<\/span> 2 ans\t\t\t\t\t<\/li>\n<li class=\"product-features__item-list__item\" role=\"listitem\"><span class=\"is--medium\">Disponibilit\u00e9 des pi\u00e8ces d\u00e9tach\u00e9es (donn\u00e9es fournisseur) :<\/span> Non communiqu\u00e9e\t\t\t\t\t<\/li>\n<li class=\"product-features__item-list__item\" role=\"listitem\"><span class=\"is--medium\">R\u00e9f\u00e9rence constructeur :<\/span> Perfect air animal pure\t\t\t\t\t<\/li>\n<li class=\"product-features__item-list__item\" role=\"listitem\"><span class=\"is--medium\">Marque :<\/span> THOMAS\t\t\t\t\t<\/li>\n<\/ul>\n<\/li>\n<li class=\"product-features__item\" role=\"listitem\">\n<h3 class=\"product-features__label\">Dimensions<\/h3>\n<ul role=\"list\">\n<li class=\"product-features__item-list__item\" role=\"listitem\"><span class=\"is--medium\">Dimensions l x h x p :<\/span> NC x NC x 46.7 cm\t\t\t\t\t<\/li>\n<li class=\"product-features__item-list__item\" role=\"listitem\"><span class=\"is--medium\">Poids net :<\/span> 7 kg\t\t\t\t\t<\/li>\n<\/ul>\n<\/li>\n<\/ul>\n<\/div>\n<div class=\"product__disclosure-content\">\n<div class=\"js-read-more product-description__content read-more read-more--truncated\" data-read-more-name=\"description\" style=\"max-height: 500px; overflow: hidden;\">\n<h1>Saviez-vous qu&rsquo;un animal sur 3 est \u00e0 l&rsquo;origine d&rsquo;une allergie\u00a0\u00a0\u00bb <\/h1>\n<p><\/p>\n<p>Le THOMAS Perfect air animal pure r\u00e9duit ce risque. Le Perfect air animal pure nettoie l&rsquo;air ambiant lors de chaque aspiration.  <br \/>Les poils, la salet\u00e9 et les particules malodorantes sont retenus dans l&rsquo;eau  et \u00e9limin\u00e9s sans poussi\u00e8res ni odeurs. <\/p>\n<p><\/p>\n<p><b>TECHNOLOGIE  AQUA BOX<\/b>: L&rsquo;air pollu\u00e9, les poils d&rsquo;animaux et les salet\u00e9s aspir\u00e9s sont humidifi\u00e9s et propuls\u00e9s dans un bain d&rsquo;eau qui les retient d\u00e9finitivement. L&rsquo;air sortant a \u00e9t\u00e9 filtr\u00e9 lors de sa circulation dans l&rsquo;appareil et s&rsquo;est charg\u00e9 de particules d&rsquo;eau. Il est expuls\u00e9 au travers un filtre HEPA 13 renforc\u00e9 d&rsquo;un filtre anti-odeur \u00e0 charbon actif. Ensuite il n&rsquo;y a plus qu&rsquo;\u00e0 simplement vid\u00e9 l&rsquo;eau sale contenu dans la cuve. Tous les \u00e9l\u00e9ments ainsi aspir\u00e9s  sont d\u00e9finitivement et proprement \u00e9limin\u00e9s. <\/p>\n<p><\/p>\n<p>Le label DHA le prouve\u00a0: Les ma\u00eetres d&rsquo;animaux risquent de d\u00e9velopper des allergies aux poils d&rsquo;animaux. Le risque baisse lorsque le taux d&rsquo;allerg\u00e8nes dans l&rsquo;air est r\u00e9duit. Notre aspirateur THOMAS aspire avec de l&rsquo;eau et nettoie l&rsquo;air ambiant \u00e0 chaque aspiration. Une mesure de pr\u00e9vention efficace et une bonne raison pour la DHA (Assistance Allemande pour la peau et les allergies &#8211; de recommander le THOMAS Perfect air animal pure.<\/p>\n<p><\/p>\n<p>Son fonctionnement avec le filtre \u00e0 eau vous assure une puissance et une performance sans perte d&rsquo;aspiration. Un design moderne, des couleurs vives, le Perfect air animal  pure est aussi tr\u00e8s maniable gr\u00e2ce \u00e0 sa roulette \u00ab\u00a0easy-drive\u00a0\u00bb 360\u00b0 et &lsquo;\u00e0 son rayon d&rsquo;action de 11 m\u00e8tres.  <br \/>Technologie de filtration\u00a0: AQUA-FILTERBOX \u00a0 Filtre HEPA13 lavable  Filtre \u00e0 charbon actif  Micro-filtre pour sortie d&rsquo;air<\/p>\n<\/p>\n<p><video class=\"s7Video\" controls=\"\" controlslist=\"nodownload\" poster=\"https:\/\/boulanger.scene7.com\/is\/image\/Boulanger\/4005435110160_v_0?scl=1\" preload=\"metadata\" src=\"https:\/\/boulanger.scene7.com\/is\/content\/Boulanger\/4005435110160_v_0\" width=\"100%\"><\/video><\/p>\n<\/div>\n<p><bl-button a11yexpanded=\"false\" arialabel=\"Afficher toute la description\" class=\"read-more__btn\" full=\"false\" link=\"true\"><\/bl-button><\/div>","protected":false},"excerpt":{"rendered":"<div class=\"keypoints\">\n<h3 class=\"keypoints__title\">Les points cl\u00e9s<\/h3>\n<ul role=\"list\">\n<li class=\"keypoints__item\" role=\"listitem\">                                        Poids : 6,90 Kg                      <\/li>\n<\/ul>","protected":false},"featured_media":76680,"template":"","meta":{"_glsr_average":0,"_glsr_ranking":0,"_glsr_reviews":0},"product_cat":[333],"product_tag":[324,334,153],"class_list":{"0":"post-76681","1":"product","2":"type-product","3":"status-publish","4":"has-post-thumbnail","6":"product_cat-aspirateur-sans-sac","7":"product_tag-aspirateur","8":"product_tag-aspirateur-sans-sac","9":"product_tag-maison-entretien","11":"first","12":"instock","13":"sale","14":"shipping-taxable","15":"purchasable","16":"product-type-simple"},"_links":{"self":[{"href":"https:\/\/electromenagerexpress.com\/en\/wp-json\/wp\/v2\/product\/76681","targetHints":{"allow":["GET"]}}],"collection":[{"href":"https:\/\/electromenagerexpress.com\/en\/wp-json\/wp\/v2\/product"}],"about":[{"href":"https:\/\/electromenagerexpress.com\/en\/wp-json\/wp\/v2\/types\/product"}],"wp:featuredmedia":[{"embeddable":true,"href":"https:\/\/electromenagerexpress.com\/en\/wp-json\/wp\/v2\/media\/76680"}],"wp:attachment":[{"href":"https:\/\/electromenagerexpress.com\/en\/wp-json\/wp\/v2\/media?parent=76681"}],"wp:term":[{"taxonomy":"product_cat","embeddable":true,"href":"https:\/\/electromenagerexpress.com\/en\/wp-json\/wp\/v2\/product_cat?post=76681"},{"taxonomy":"product_tag","embeddable":true,"href":"https:\/\/electromenagerexpress.com\/en\/wp-json\/wp\/v2\/product_tag?post=76681"}],"curies":[{"name":"wp","href":"https:\/\/api.w.org\/{rel}","templated":true}]}}