{"id":76636,"date":"2024-11-24T13:47:44","date_gmt":"2024-11-24T13:47:44","guid":{"rendered":"https:\/\/electromenagerexpress.com\/product\/aspirateur-laveurthomascycloon-hybrid-family-et-pet\/"},"modified":"2024-11-24T13:47:56","modified_gmt":"2024-11-24T13:47:56","slug":"aspirateur-laveurthomascycloon-hybrid-family-et-pet","status":"publish","type":"product","link":"https:\/\/electromenagerexpress.com\/en\/product\/aspirateur-laveurthomascycloon-hybrid-family-et-pet\/","title":{"rendered":"Aspirateur laveur\t\t\t\t\t\t\tTHOMAS\t\t\t\tCycloon hybrid family et pet"},"content":{"rendered":"<div class=\"product-features__content\">\n<ul role=\"list\">\n<li class=\"product-features__item\" role=\"listitem\">\n<h3 class=\"product-features__label\">Caract\u00e9ristiques g\u00e9n\u00e9rales<\/h3>\n<ul role=\"list\">\n<li class=\"product-features__item-list__item\" role=\"listitem\"><span class=\"is--medium\">Type d&rsquo;aspirateur :<\/span> Laveur\t\t\t\t\t<\/li>\n<li class=\"product-features__item-list__item\" role=\"listitem\"><span class=\"is--medium\">Puissance :<\/span> 1.400 W\t\t\t\t\t<\/li>\n<li class=\"product-features__item-list__item\" role=\"listitem\"><span class=\"is--medium\">Technique d&rsquo;aspiration :<\/span> Cyclonique\t\t\t\t\t<\/li>\n<li class=\"product-features__item-list__item\" role=\"listitem\"><span class=\"is--medium\">Coloris :<\/span> Orange\t\t\t\t\t<\/li>\n<\/ul>\n<\/li>\n<li class=\"product-features__item\" role=\"listitem\">\n<h3 class=\"product-features__label\">Performance<\/h3>\n<ul role=\"list\">\n<li class=\"product-features__item-list__item\" role=\"listitem\"><span class=\"is--medium\">Niveau sonore :<\/span> 72 dB\t\t\t\t\t<\/li>\n<\/ul>\n<\/li>\n<li class=\"product-features__item\" role=\"listitem\">\n<h3 class=\"product-features__label\">Equipement<\/h3>\n<ul role=\"list\">\n<li class=\"product-features__item-list__item\" role=\"listitem\"><span class=\"is--medium\">Type d&rsquo;enrouleur :<\/span> Standard\t\t\t\t\t<\/li>\n<\/ul>\n<\/li>\n<li class=\"product-features__item\" role=\"listitem\">\n<h3 class=\"product-features__label\">Brosse et accessoire<\/h3>\n<ul role=\"list\">\n<li class=\"product-features__item-list__item\" role=\"listitem\"><span class=\"is--medium\">D\u00e9tails des accessoires :<\/span> Brosse motoris\u00e9e, Suceur long, Suceur plat, Brosse meuble\t\t\t\t\t<\/li>\n<\/ul>\n<\/li>\n<li class=\"product-features__item\" role=\"listitem\">\n<h3 class=\"product-features__label\">Tube<\/h3>\n<ul role=\"list\">\n<li class=\"product-features__item-list__item\" role=\"listitem\"><span class=\"is--medium\">Tube :<\/span> Acier t\u00e9lescopique\t\t\t\t\t<\/li>\n<\/ul>\n<\/li>\n<li class=\"product-features__item\" role=\"listitem\">\n<h3 class=\"product-features__label\">Flexible<\/h3>\n<ul role=\"list\">\n<li class=\"product-features__item-list__item\" role=\"listitem\"><span class=\"is--medium\">Rotation du flexible \u00e0 360\u00b0 :<\/span> Oui\t\t\t\t\t<\/li>\n<\/ul>\n<\/li>\n<li class=\"product-features__item\" role=\"listitem\">\n<h3 class=\"product-features__label\">Filtre<\/h3>\n<ul role=\"list\">\n<li class=\"product-features__item-list__item\" role=\"listitem\"><span class=\"is--medium\">Filtre moteur :<\/span> Oui\t\t\t\t\t<\/li>\n<li class=\"product-features__item-list__item\" role=\"listitem\"><span class=\"is--medium\">Filtre \u00e0 eau :<\/span> Oui\t\t\t\t\t<\/li>\n<li class=\"product-features__item-list__item\" role=\"listitem\"><span class=\"is--medium\">Filtre sortie d&rsquo;air :<\/span> HEPA 13\t\t\t\t\t<\/li>\n<\/ul>\n<\/li>\n<li class=\"product-features__item\" role=\"listitem\">\n<h3 class=\"product-features__label\">Cordon<\/h3>\n<ul role=\"list\">\n<li class=\"product-features__item-list__item\" role=\"listitem\"><span class=\"is--medium\">Longeur cordon :<\/span> 8,0 m\t\t\t\t\t<\/li>\n<li class=\"product-features__item-list__item\" role=\"listitem\"><span class=\"is--medium\">Rayon d&rsquo;action :<\/span> 11,0 m\t\t\t\t\t<\/li>\n<\/ul>\n<\/li>\n<li class=\"product-features__item\" role=\"listitem\">\n<h3 class=\"product-features__label\">Transport et rangement<\/h3>\n<ul role=\"list\">\n<li class=\"product-features__item-list__item\" role=\"listitem\"><span class=\"is--medium\">Roues :<\/span> 2 roues fixes et 1 multidirectionnelle\t\t\t\t\t<\/li>\n<li class=\"product-features__item-list__item\" role=\"listitem\"><span class=\"is--medium\">Roues souples :<\/span> Oui\t\t\t\t\t<\/li>\n<li class=\"product-features__item-list__item\" role=\"listitem\"><span class=\"is--medium\">Nombre de position parking :<\/span> 2\t\t\t\t\t<\/li>\n<li class=\"product-features__item-list__item\" role=\"listitem\"><span class=\"is--medium\">Poign\u00e9e de transport :<\/span> Oui\t\t\t\t\t<\/li>\n<\/ul>\n<\/li>\n<li class=\"product-features__item\" role=\"listitem\">\n<h3 class=\"product-features__label\">Informations et Services<\/h3>\n<ul role=\"list\">\n<li class=\"product-features__item-list__item\" role=\"listitem\"><span class=\"is--medium\">Garantie :<\/span> 2 ans\t\t\t\t\t<\/li>\n<li class=\"product-features__item-list__item\" role=\"listitem\"><span class=\"is--medium\">Disponibilit\u00e9 des pi\u00e8ces d\u00e9tach\u00e9es (donn\u00e9es fournisseur) :<\/span> Pendant 10 ans\t\t\t\t\t<\/li>\n<li class=\"product-features__item-list__item\" role=\"listitem\"><span class=\"is--medium\">R\u00e9f\u00e9rence constructeur :<\/span> Cycloon hybrid family et pet\t\t\t\t\t<\/li>\n<li class=\"product-features__item-list__item\" role=\"listitem\"><span class=\"is--medium\">Marque :<\/span> THOMAS\t\t\t\t\t<\/li>\n<\/ul>\n<\/li>\n<li class=\"product-features__item\" role=\"listitem\">\n<h3 class=\"product-features__label\">Dimensions<\/h3>\n<ul role=\"list\">\n<li class=\"product-features__item-list__item\" role=\"listitem\"><span class=\"is--medium\">Dimensions l x h x p :<\/span> 46.7 x 31.8 x 29.4 cm\t\t\t\t\t<\/li>\n<li class=\"product-features__item-list__item\" role=\"listitem\"><span class=\"is--medium\">Poids Net (kg) :<\/span> 6.9\t\t\t\t\t<\/li>\n<\/ul>\n<\/li>\n<\/ul>\n<\/div>\n<div class=\"product__disclosure-content\">\n<div class=\"js-read-more product-description__content read-more read-more--truncated\" data-read-more-name=\"description\" style=\"max-height: 500px; overflow: hidden;\">\n<p>Profitez d&rsquo;un int\u00e9rieur plus propre et plus sain avec l&rsquo;aspirateur THOMAS Cycloon hybrid family et pet. Cet aspirateur-traineau saura capturer salet\u00e9s, poils et poussi\u00e8res en un clin d&rsquo;oeil et sans effort de votre part.<\/p>\n<h3>Un nettoyage complet de votre maison<img fetchpriority=\"high\" decoding=\"async\" alt=\"Aspi Cuve THOMAS Cycloon hybryd family et pet\" class=\"wy_tableau_gauche\" height=\"270\" src=\"https:\/\/boulanger.scene7.com\/is\/image\/Boulanger\/4005435110948_h_f_l_0?wid=400&amp;hei=270\" width=\"400\"\/><\/h3>\n<p>Dites adieu \u00e0 la poussi\u00e8re avec l&rsquo;aspirateur THOMAS Cycloon hybrid family et pet. Son moteur d&rsquo;une puissance de 1400 W vous assure une belle aspiration pour un int\u00e9rieur propre rapidement et facilement. Son <b>contr\u00f4le d&rsquo;aspiration \u00e9lectronique<\/b> vous promet une aspiration adapt\u00e9e et continue. Le m\u00e9nage n&rsquo;a jamais \u00e9t\u00e9 aussi simple !<\/p>\n<p>Gr\u00e2ce \u00e0 ses accessoires comme son suceur extra-long de 360 mm avec adaptateur brosse meuble, vous venez \u00e0 bout de toutes les salet\u00e9s, m\u00eame celles dissimul\u00e9es dans les recoins. Cet aspirateur est \u00e9galement fourni avec une <b>brosse commutable sp\u00e9cial animaux<\/b> pour capturer tous les poils.<\/p>\n<h3>Un int\u00e9rieur plus propre et sain<img decoding=\"async\" alt=\"Aspi Cuve THOMAS Cycloon hybryd family et pet\" class=\"wy_tableau_right\" height=\"270\" src=\"https:\/\/boulanger.scene7.com\/is\/image\/Boulanger\/4005435110948_h_f_l_1?wid=400&amp;hei=270\" width=\"400\"\/><\/h3>\n<p>Et pour vous garantir un int\u00e9rieur propre, mais \u00e9galement plus sain, l&rsquo;aspirateur THOMAS Cycloon hybrid family et pet est \u00e9quip\u00e9 d&rsquo;un <b>syst\u00e8me de filtration de l&rsquo;air complet, le cyclone easyBox \u00e0 double entr\u00e9e<\/b>. Celui-ci est accompagn\u00e9 d&rsquo;un filtre HEPA 13, un filtre charbon actif, un filtre pollen et un micro-filtre de sortie. L&rsquo;air rejet\u00e9 par l&rsquo;appareil est ainsi d\u00e9pourvu d&rsquo;allerg\u00e8nes.<\/p>\n<p>Cet aspirateur-tra\u00eeneau est tr\u00e8s facile \u00e0 utiliser, mais aussi \u00e0 manier, en partie gr\u00e2ce \u00e0 sa <b>roue Easy-Drive tournant \u00e0 360\u00b0<\/b>. Il poss\u00e8de un c\u00e2ble de branchement de 8 m, vous donnant un rayon d&rsquo;action de 11 m. De quoi vous permettre de nettoyer une grande surface au sol !<\/p>\n<\/p>\n<\/div>\n<p><bl-button a11yexpanded=\"false\" arialabel=\"Afficher toute la description\" class=\"read-more__btn\" full=\"false\" link=\"true\"><\/bl-button><\/div>","protected":false},"excerpt":{"rendered":"<div class=\"keypoints\">\n<h3 class=\"keypoints__title\">Les points cl\u00e9s<\/h3>\n<ul role=\"list\">\n<li class=\"keypoints__item\" role=\"listitem\">                                        Aspire, nettoye et s\u00e8che                      <\/li>\n<li class=\"keypoints__item\" role=\"listitem\">                          Puissance : 1.400 W &#8211;                                                      Niveau sonore : 72 dB                      <\/li>\n<li class=\"keypoints__item\" role=\"listitem\">                                        Sans variateur                      <\/li>\n<li class=\"keypoints__item\" role=\"listitem\">                                        Air frais et propre                      <\/li>\n<li class=\"keypoints__item keypoints__item--advantage\" role=\"listitem\"><strong>Le + :<\/strong> il saura capturer salet\u00e9s, poils et poussi\u00e8res en un clin d&rsquo;oeil et sans effort de votre part.      <\/li>\n<\/ul>","protected":false},"featured_media":76635,"template":"","meta":{"_glsr_average":0,"_glsr_ranking":0,"_glsr_reviews":0},"product_cat":[341],"product_tag":[153,331,342],"class_list":{"0":"post-76636","1":"product","2":"type-product","3":"status-publish","4":"has-post-thumbnail","6":"product_cat-shampouineuse-detacheur","7":"product_tag-maison-entretien","8":"product_tag-nettoyeur","9":"product_tag-shampouineuse-detacheur","11":"first","12":"instock","13":"sale","14":"shipping-taxable","15":"purchasable","16":"product-type-simple"},"_links":{"self":[{"href":"https:\/\/electromenagerexpress.com\/en\/wp-json\/wp\/v2\/product\/76636","targetHints":{"allow":["GET"]}}],"collection":[{"href":"https:\/\/electromenagerexpress.com\/en\/wp-json\/wp\/v2\/product"}],"about":[{"href":"https:\/\/electromenagerexpress.com\/en\/wp-json\/wp\/v2\/types\/product"}],"wp:featuredmedia":[{"embeddable":true,"href":"https:\/\/electromenagerexpress.com\/en\/wp-json\/wp\/v2\/media\/76635"}],"wp:attachment":[{"href":"https:\/\/electromenagerexpress.com\/en\/wp-json\/wp\/v2\/media?parent=76636"}],"wp:term":[{"taxonomy":"product_cat","embeddable":true,"href":"https:\/\/electromenagerexpress.com\/en\/wp-json\/wp\/v2\/product_cat?post=76636"},{"taxonomy":"product_tag","embeddable":true,"href":"https:\/\/electromenagerexpress.com\/en\/wp-json\/wp\/v2\/product_tag?post=76636"}],"curies":[{"name":"wp","href":"https:\/\/api.w.org\/{rel}","templated":true}]}}