{"id":76574,"date":"2024-11-24T13:46:56","date_gmt":"2024-11-24T13:46:56","guid":{"rendered":"https:\/\/electromenagerexpress.com\/product\/aspirateur-laveurproscenicf20a-auto-nettoyage\/"},"modified":"2024-11-25T08:27:21","modified_gmt":"2024-11-25T08:27:21","slug":"aspirateur-laveurproscenicf20a-auto-nettoyage","status":"publish","type":"product","link":"https:\/\/electromenagerexpress.com\/en\/product\/aspirateur-laveurproscenicf20a-auto-nettoyage\/","title":{"rendered":"Aspirateur laveur\tPROSCENIC\tF20A &#8211; Auto-nettoyage"},"content":{"rendered":"<div class=\"product-features__content\">\n<ul role=\"list\">\n<li class=\"product-features__item\" role=\"listitem\">\n<h3 class=\"product-features__label\">Choisir ce produit pour quel usage ?<\/h3>\n<ul role=\"list\">\n<li class=\"product-features__item-list__item\" role=\"listitem\"><span class=\"is--medium\">Fonctions :<\/span> Lave, aspire et s\u00e8che vos sols<\/li>\n<li class=\"product-features__item-list__item\" role=\"listitem\"><span class=\"is--medium\">Sp\u00e9cial animaux :<\/span> oui, avec une cr\u00e9pine pour dissocier les poils des liquides dans le r\u00e9servoir d&rsquo;eau sale<\/li>\n<li class=\"product-features__item-list__item\" role=\"listitem\"><span class=\"is--medium\">Type de surface \u00e0 nettoyer :<\/span> Carrelage, Parquet, B\u00e9ton cir\u00e9, Sp\u00e9cial animaux<\/li>\n<\/ul>\n<\/li>\n<li class=\"product-features__item\" role=\"listitem\">\n<h3 class=\"product-features__label\">Performance<\/h3>\n<ul role=\"list\">\n<li class=\"product-features__item-list__item\" role=\"listitem\"><span class=\"is--medium\">Nombre de mode(s) de nettoyage :<\/span> 3<\/li>\n<li class=\"product-features__item-list__item\" role=\"listitem\"><span class=\"is--medium\">R\u00e9servoir amovible :<\/span> Oui<\/li>\n<li class=\"product-features__item-list__item\" role=\"listitem\"><span class=\"is--medium\">R\u00e9servoir d&rsquo;eau propre :<\/span> 1.000 ml<\/li>\n<li class=\"product-features__item-list__item\" role=\"listitem\"><span class=\"is--medium\">R\u00e9servoir d&rsquo;eau sale :<\/span> 1.000 ml<\/li>\n<li class=\"product-features__item-list__item\" role=\"listitem\"><span class=\"is--medium\">Avantage du double r\u00e9servoir :<\/span> S\u00e9pare l&rsquo;eau propre de l&rsquo;eau sale pour un nettoyage de qualit\u00e9<\/li>\n<li class=\"product-features__item-list__item\" role=\"listitem\"><span class=\"is--medium\">T\u00e9moin de niveau d&rsquo;eau propre min :<\/span> sonore<\/li>\n<li class=\"product-features__item-list__item\" role=\"listitem\"><span class=\"is--medium\">T\u00e9moin de niveau d&rsquo;eau sale max :<\/span> sonore<\/li>\n<li class=\"product-features__item-list__item\" role=\"listitem\"><span class=\"is--medium\">Produit utilis\u00e9 :<\/span> eau<\/li>\n<li class=\"product-features__item-list__item\" role=\"listitem\"><span class=\"is--medium\">Nettoyage au plus pr\u00e8s des bords et des plinthes :<\/span> Oui<\/li>\n<li class=\"product-features__item-list__item\" role=\"listitem\"><span class=\"is--medium\">Aspiration \u00e0 sec :<\/span> Non<\/li>\n<li class=\"product-features__item-list__item\" role=\"listitem\"><span class=\"is--medium\">Mode turbo :<\/span> non<\/li>\n<li class=\"product-features__item-list__item\" role=\"listitem\"><span class=\"is--medium\">Mode auto nettoyage :<\/span> oui, les rouleaux et la t\u00eate de nettoyage se nettoient automatiquement sur la station d&rsquo;accueil.<\/li>\n<li class=\"product-features__item-list__item\" role=\"listitem\"><span class=\"is--medium\">S\u00e9chage de la brosse \u00e0 l&rsquo;air chaud :<\/span> oui, le s\u00e9chage \u00e0 l&rsquo;air chaud \u00e9vite les moisissures et les mauvaises odeurs<\/li>\n<li class=\"product-features__item-list__item\" role=\"listitem\"><span class=\"is--medium\">Capteur de niveau de salissure :<\/span> Non<\/li>\n<\/ul>\n<\/li>\n<li class=\"product-features__item\" role=\"listitem\">\n<h3 class=\"product-features__label\">Confort d&rsquo;utilisation<\/h3>\n<ul role=\"list\">\n<li class=\"product-features__item-list__item\" role=\"listitem\"><span class=\"is--medium\">Utilisation :<\/span> Sans fil<\/li>\n<li class=\"product-features__item-list__item\" role=\"listitem\"><span class=\"is--medium\">Niveau sonore :<\/span> 76,0 dB<\/li>\n<li class=\"product-features__item-list__item\" role=\"listitem\"><span class=\"is--medium\">Rayon d&rsquo;action :<\/span> sans fil, rayon d&rsquo;action illimit\u00e9<\/li>\n<li class=\"product-features__item-list__item\" role=\"listitem\"><span class=\"is--medium\">Autonomie :<\/span> autonomie \u00e9lev\u00e9e (35 mn)<\/li>\n<li class=\"product-features__item-list__item\" role=\"listitem\"><span class=\"is--medium\">Temps de charge :<\/span> 3 heures<\/li>\n<li class=\"product-features__item-list__item\" role=\"listitem\"><span class=\"is--medium\">Autotract\u00e9 :<\/span> oui, permet de faciliter le nettoyage<\/li>\n<li class=\"product-features__item-list__item\" role=\"listitem\"><span class=\"is--medium\">Position parking :<\/span> oui, permet de tenir seul debout<\/li>\n<li class=\"product-features__item-list__item\" role=\"listitem\"><span class=\"is--medium\">Ecran digital :<\/span> Ecran LED qui vous donne des informations en temps r\u00e9el comme l&rsquo;autonomie restante ou l&rsquo;\u00e9tat du filtre<\/li>\n<li class=\"product-features__item-list__item\" role=\"listitem\"><span class=\"is--medium\">Modes de nettoyage :<\/span> mode sols durs<\/li>\n<li class=\"product-features__item-list__item\" role=\"listitem\"><span class=\"is--medium\">Eclairage LED du sol :<\/span> Non<\/li>\n<\/ul>\n<\/li>\n<li class=\"product-features__item\" role=\"listitem\">\n<h3 class=\"product-features__label\">Equipement<\/h3>\n<ul role=\"list\">\n<li class=\"product-features__item-list__item\" role=\"listitem\"><span class=\"is--medium\">Brosse anti emm\u00ealement :<\/span> oui, elle r\u00e9duit l&rsquo;anchev\u00eatrement des cheveux autour du rouleau. Elle est aussi id\u00e9ale pour les propri\u00e9taires d&rsquo;animaux<\/li>\n<li class=\"product-features__item-list__item\" role=\"listitem\"><span class=\"is--medium\">Filtre de sortie d&rsquo;air :<\/span> hepa<\/li>\n<li class=\"product-features__item-list__item\" role=\"listitem\"><span class=\"is--medium\">Nombre de rouleaux inclus dans la boite (dont pr\u00e9 install\u00e9 sur la brosse) :<\/span> 1<\/li>\n<\/ul>\n<\/li>\n<li class=\"product-features__item\" role=\"listitem\">\n<h3 class=\"product-features__label\">Informations et Services<\/h3>\n<ul role=\"list\">\n<li class=\"product-features__item-list__item\" role=\"listitem\"><span class=\"is--medium\">Fabriqu\u00e9 en :<\/span> Chine<\/li>\n<li class=\"product-features__item-list__item\" role=\"listitem\"><span class=\"is--medium\">Disponibilit\u00e9 des pi\u00e8ces d\u00e9tach\u00e9es (donn\u00e9es fournisseur) :<\/span> Non communiqu\u00e9e<\/li>\n<li class=\"product-features__item-list__item\" role=\"listitem\"><span class=\"is--medium\">R\u00e9f\u00e9rence constructeur :<\/span> F20A &#8211; Auto-nettoyage<\/li>\n<li class=\"product-features__item-list__item\" role=\"listitem\"><span class=\"is--medium\">Marque :<\/span> PROSCENIC<\/li>\n<\/ul>\n<\/li>\n<li class=\"product-features__item\" role=\"listitem\">\n<h3 class=\"product-features__label\">Facette option Aspirateur<\/h3>\n<ul role=\"list\">\n<li class=\"product-features__item-list__item\" role=\"listitem\"><span class=\"is--medium\">Poils d&rsquo;animaux :<\/span> Oui<\/li>\n<li class=\"product-features__item-list__item\" role=\"listitem\"><span class=\"is--medium\">2 en 1: aspirer et laver :<\/span> Oui<\/li>\n<li class=\"product-features__item-list__item\" role=\"listitem\"><span class=\"is--medium\">Option Aspirateur :<\/span> Poils d&rsquo;animaux, 2 en 1: aspirer et laver<\/li>\n<\/ul>\n<\/li>\n<\/ul>\n<\/div>\n<div class=\"product__disclosure-content\">\n<div class=\"js-read-more product-description__content read-more read-more--truncated\" style=\"max-height: 500px; overflow: hidden;\" data-read-more-name=\"description\">\n<h3><strong>Proscenic F20A &#8211; Aspirateur balai laveur &#8211; Aspirateur sec et humide 3 en 1 &#8211; Auto-nettoyage &#8211; Autonomie 35 min &#8211; Grand r\u00e9servoir 2L &#8211; Gris<\/strong><\/h3>\n<p>&nbsp;<\/p>\n<h4><strong>Nettoyage 3-en-1 : Sec\/Humide\/Nettoyage<\/strong><\/h4>\n<p>&nbsp;<\/p>\n<h4><strong>\u00c9cran LED intelligent avec affichage du temps restant<\/strong><\/h4>\n<p>&nbsp;<\/p>\n<p>L&rsquo;\u00e9tat de fonctionnement de la machine, comprenant le mode d&rsquo;alimentation s\u00e9lectionn\u00e9, la dur\u00e9e de fonctionnement restante (en minutes) et les alertes de maintenance, est visible sur l&rsquo;\u00e9cran d&rsquo;affichage LED. Vous pouvez toucher l&rsquo;\u00e9cran pour basculer entre trois modes de nettoyage afin de r\u00e9pondre \u00e0 diff\u00e9rents besoins de nettoyage, tout en visualisant facilement la dur\u00e9e d&rsquo;ex\u00e9cution restante en minutes pour chaque mode.<\/p>\n<p>&nbsp;<\/p>\n<p>&nbsp;<\/p>\n<p>&nbsp;<\/p>\n<p>&nbsp;<\/p>\n<\/div>\n<\/div>","protected":false},"excerpt":{"rendered":"<div class=\"keypoints\">\n<h3 class=\"keypoints__title\">Les points cl\u00e9s<\/h3>\n<ul role=\"list\">\n<li class=\"keypoints__item\" role=\"listitem\">Aspire, lave et s\u00e8che &#8211; Carrelage, Parquet, B\u00e9ton cir\u00e9, Sp\u00e9cial animaux<\/li>\n<li class=\"keypoints__item\" role=\"listitem\">sans fil, rayon d&rsquo;action illimit\u00e9<\/li>\n<li class=\"keypoints__item\" role=\"listitem\">R\u00e9servoir d&rsquo;eau propre : 1.000 ml &#8211; R\u00e9servoir d&rsquo;eau sale : 1.000 ml<\/li>\n<li class=\"keypoints__item\" role=\"listitem\">autonomie \u00e9lev\u00e9e (35 mn) &#8211; Temps de charge : 3 heures<\/li>\n<\/ul>\n<\/div>","protected":false},"featured_media":76573,"template":"","meta":{"_glsr_average":0,"_glsr_ranking":0,"_glsr_reviews":0},"product_cat":[330],"product_tag":[153,331,332],"class_list":{"0":"post-76574","1":"product","2":"type-product","3":"status-publish","4":"has-post-thumbnail","6":"product_cat-nettoyeur-de-sol","7":"product_tag-maison-entretien","8":"product_tag-nettoyeur","9":"product_tag-nettoyeur-de-sol","11":"first","12":"instock","13":"sale","14":"shipping-taxable","15":"purchasable","16":"product-type-simple"},"_links":{"self":[{"href":"https:\/\/electromenagerexpress.com\/en\/wp-json\/wp\/v2\/product\/76574","targetHints":{"allow":["GET"]}}],"collection":[{"href":"https:\/\/electromenagerexpress.com\/en\/wp-json\/wp\/v2\/product"}],"about":[{"href":"https:\/\/electromenagerexpress.com\/en\/wp-json\/wp\/v2\/types\/product"}],"wp:featuredmedia":[{"embeddable":true,"href":"https:\/\/electromenagerexpress.com\/en\/wp-json\/wp\/v2\/media\/76573"}],"wp:attachment":[{"href":"https:\/\/electromenagerexpress.com\/en\/wp-json\/wp\/v2\/media?parent=76574"}],"wp:term":[{"taxonomy":"product_cat","embeddable":true,"href":"https:\/\/electromenagerexpress.com\/en\/wp-json\/wp\/v2\/product_cat?post=76574"},{"taxonomy":"product_tag","embeddable":true,"href":"https:\/\/electromenagerexpress.com\/en\/wp-json\/wp\/v2\/product_tag?post=76574"}],"curies":[{"name":"wp","href":"https:\/\/api.w.org\/{rel}","templated":true}]}}