{"id":76508,"date":"2024-11-24T13:46:04","date_gmt":"2024-11-24T13:46:04","guid":{"rendered":"https:\/\/electromenagerexpress.com\/product\/aspirateur-laveurthomasaqua-allergy-family\/"},"modified":"2024-11-26T11:19:56","modified_gmt":"2024-11-26T11:19:56","slug":"aspirateur-laveurthomasaqua-allergy-family","status":"publish","type":"product","link":"https:\/\/electromenagerexpress.com\/en\/product\/aspirateur-laveurthomasaqua-allergy-family\/","title":{"rendered":"Aspirateur laveur\tTHOMAS\t AQUA+ Allergy &#038; Family"},"content":{"rendered":"<div class=\"product-features__content\">\n<h3 class=\"product-features__label\">Caract\u00e9ristiques g\u00e9n\u00e9rales<\/h3>\n<ul role=\"list\">\n<li style=\"list-style-type: none;\">\n<ul role=\"list\">\n<li class=\"product-features__item-list__item\" role=\"listitem\"><span class=\"is--medium\">Type d&rsquo;aspirateur :<\/span> Laveur<\/li>\n<li class=\"product-features__item-list__item\" role=\"listitem\"><span class=\"is--medium\">Puissance :<\/span> 1.600 W<\/li>\n<li class=\"product-features__item-list__item\" role=\"listitem\"><span class=\"is--medium\">Proc\u00e9d\u00e9 :<\/span> Les salet\u00e9s, poussi\u00e8res, allerg\u00e8nes &#8230; aspir\u00e9s sont humidifi\u00e9es et propuls\u00e9s dans un bain d&rsquo;eau qui les retient d\u00e9finitivement.<\/li>\n<li class=\"product-features__item-list__item\" role=\"listitem\"><span class=\"is--medium\">Coloris :<\/span> Rose<br \/>\n<h3 class=\"product-features__label\">Performance<\/h3>\n<ul role=\"list\">\n<li class=\"product-features__item-list__item\" role=\"listitem\"><span class=\"is--medium\">D\u00e9pression :<\/span> 28<\/li>\n<li class=\"product-features__item-list__item\" role=\"listitem\"><span class=\"is--medium\">D\u00e9bit d&rsquo;air :<\/span> 33 dm\u00b3\/s<\/li>\n<li class=\"product-features__item-list__item\" role=\"listitem\"><span class=\"is--medium\">Niveau sonore :<\/span> 72 dB<br \/>\n<h3 class=\"product-features__label\">Equipement<\/h3>\n<ul role=\"list\">\n<li class=\"product-features__item-list__item\" role=\"listitem\"><span class=\"is--medium\">Variateur de puissance :<\/span> Electronique<\/li>\n<li class=\"product-features__item-list__item\" role=\"listitem\"><span class=\"is--medium\">Commande \u00e0 la poign\u00e9e :<\/span> Non<\/li>\n<li class=\"product-features__item-list__item\" role=\"listitem\"><span class=\"is--medium\">Type d&rsquo;enrouleur :<\/span> Autoreverse<br \/>\n<h3 class=\"product-features__label\">Tube<\/h3>\n<ul role=\"list\">\n<li class=\"product-features__item-list__item\" role=\"listitem\"><span class=\"is--medium\">Tube :<\/span> Acier t\u00e9lescopique<\/li>\n<\/ul>\n<\/li>\n<\/ul>\n<\/li>\n<\/ul>\n<\/li>\n<\/ul>\n<\/li>\n<li class=\"product-features__item\" role=\"listitem\">\n<h3 class=\"product-features__label\">Filtre<\/h3>\n<ul role=\"list\">\n<li class=\"product-features__item-list__item\" role=\"listitem\"><span class=\"is--medium\">Filtre \u00e0 eau :<\/span> Oui<\/li>\n<li class=\"product-features__item-list__item\" role=\"listitem\"><span class=\"is--medium\">Filtre sortie d&rsquo;air :<\/span> Microfiltre<\/li>\n<\/ul>\n<\/li>\n<li class=\"product-features__item\" role=\"listitem\">\n<h3 class=\"product-features__label\">Informations et Services<\/h3>\n<ul role=\"list\">\n<li class=\"product-features__item-list__item\" role=\"listitem\"><span class=\"is--medium\">R\u00e9f\u00e9rence constructeur :<\/span> AQUA+ Allergy &amp; Family<\/li>\n<li class=\"product-features__item-list__item\" role=\"listitem\"><span class=\"is--medium\">Marque :<\/span> THOMAS<\/li>\n<\/ul>\n<\/li>\n<li class=\"product-features__item\" role=\"listitem\">\n<h3 class=\"product-features__label\">Dimensions<\/h3>\n<ul role=\"list\">\n<li class=\"product-features__item-list__item\" role=\"listitem\"><span class=\"is--medium\">Dimensions l x h x p :<\/span> 38.8 x 48.1 x 55.5 cm<\/li>\n<li class=\"product-features__item-list__item\" role=\"listitem\"><span class=\"is--medium\">Poids Net (kg) :<\/span> 8.2<\/li>\n<\/ul>\n<\/li>\n<\/ul>\n<\/div>\n<div class=\"product__disclosure-content\">\n<div class=\"js-read-more product-description__content read-more read-more--truncated\" style=\"max-height: 500px; overflow: hidden;\" data-read-more-name=\"description\">\n<p>L&rsquo;aqua+ allergy &amp; family r\u00e9unit en un seul appareil l&rsquo;aspiration de tous vos sols et le lavage de vos sols durs. Dot\u00e9 de la technologie AQUA BOX, il vous apportera la solution la plus compl\u00e8te et r\u00e9pondra \u00e0 vos attentes les plus exigeantes.<\/p>\n<p><b>TECHNOLOGIE AQUA BOX<\/b>: Les salet\u00e9s, poussi\u00e8res, allerg\u00e8nes &#8230; aspir\u00e9s sont humidifi\u00e9es et propuls\u00e9s dans un bain d&rsquo;eau qui les retient d\u00e9finitivement. L&rsquo;air sortant a \u00e9t\u00e9 filtr\u00e9 lors de sa circulation dans l&rsquo;appareil et s&rsquo;est charg\u00e9 de particules d&rsquo;eau. Il est expuls\u00e9 au travers un filtre hygi\u00e8ne lavable. Ensuite il n&rsquo;y a plus qu&rsquo;\u00e0 simplement vid\u00e9 l&rsquo;eau sale contenu dans la cuve. Tous les \u00e9l\u00e9ments ainsi aspir\u00e9s sont d\u00e9finitivement et proprement \u00e9limin\u00e9s.<\/p>\n<p>Cette technologie innovante comprend deux avantages d\u00e9cisifs :<br \/>\nLe premier : THOMAS a r\u00e9volutionn\u00e9 l&rsquo;aspiration avec une \u00e9limination efficace de la poussi\u00e8re, sans sac, avec seulement un litre d&rsquo;eau.<br \/>\nLe deuxi\u00e8me : \u00e9limination en profondeur des t\u00e2ches et de la salet\u00e9 gr\u00e2ce au syst\u00e8me efficace de lavage. Le r\u00e9sultat : M\u00eame les t\u00e2ches tenaces et les salet\u00e9s sur les sols durs et les si\u00e8ges de voiture sont nettoy\u00e9s efficacement en utilisant de l&rsquo;eau (pression de 4 bars).<\/p>\n<p>&nbsp;<\/p>\n<p>Son fonctionnement avec le filtre \u00e0 eau vous assure une puissance et une performance sans perte d&rsquo;aspiration. Un design moderne, des couleurs vives, l&rsquo;aqua+ allergy &amp; family est aussi tr\u00e8s maniable gr\u00e2ce \u00e0 sa roulette \u00ab\u00a0easy-drive 360\u00b0 \u00a0\u00bb et \u00e0 son rayon d&rsquo;action de 11 m\u00e8tres.<\/p>\n<p>&nbsp;<\/p>\n<p>Technologie de filtration :<\/p>\n<ul>\n<li>AQUA-FILTERBOX<\/li>\n<\/ul>\n<p>&nbsp;<\/p>\n<ul>\n<li>Filtre hygi\u00e8ne lavable<\/li>\n<\/ul>\n<p>&nbsp;<\/p>\n<ul>\n<li>Micro-filtre pour sortie d&rsquo;air<\/li>\n<\/ul>\n<p>&nbsp;<\/p>\n<ul>\n<li>Sac \u00e0 poussi\u00e8re XXL avec support de sac<\/li>\n<\/ul>\n<p>&nbsp;<\/p>\n<p>Confort d&rsquo;usage et \u00e9quipement :<\/p>\n<ul>\n<li>2 positions de parking<\/li>\n<\/ul>\n<p>&nbsp;<\/p>\n<ul>\n<li>Enrouleur de c\u00e2ble automatique<\/li>\n<\/ul>\n<p>&nbsp;<\/p>\n<ul>\n<li>3 niveaux d&rsquo;aspiration avec \u00e9co-control<\/li>\n<\/ul>\n<p>&nbsp;<\/p>\n<ul>\n<li>Tube t\u00e9lescopique en acier inoxydable<\/li>\n<\/ul>\n<p>&nbsp;<\/p>\n<ul>\n<li>Une brosse commutable sols durs\/tapis<\/li>\n<\/ul>\n<p>&nbsp;<\/p>\n<ul>\n<li>Une Turbo brosse<\/li>\n<\/ul>\n<p>&nbsp;<\/p>\n<ul>\n<li>Une brosse parquet<\/li>\n<\/ul>\n<p>&nbsp;<\/p>\n<ul>\n<li>Un suceur fauteuil<\/li>\n<\/ul>\n<p>&nbsp;<\/p>\n<ul>\n<li>Un suceur extra- long de 36 cm qui vous permettra aussi d&rsquo;aspirer de petite quantit\u00e9 d&rsquo;eau<\/li>\n<\/ul>\n<p>(contenance en eau env. 1.8L maxi)<\/p>\n<ul>\n<li>Brosse lavage sols durs &amp;fragiles avec 2 chiffonnettes microfibres<\/li>\n<\/ul>\n<p>&nbsp;<\/p>\n<ul>\n<li>Petit injecteur-extracteur de lavage<\/li>\n<\/ul>\n<p>&nbsp;<\/p>\n<ul>\n<li>Protex shampoing<\/li>\n<\/ul>\n<p>Dimension :L\/l\/H = 555x388x481mm poids : 8.2kg<\/p>\n<\/div>\n<p>&nbsp;<\/p>\n<\/div>","protected":false},"excerpt":{"rendered":"<div class=\"keypoints\">\n<h3 class=\"keypoints__title\">Les points cl\u00e9s<\/h3>\n<ul role=\"list\">\n<li class=\"keypoints__item\" role=\"listitem\">Puissance : 1.600 W &#8211; D\u00e9pression : 28 &#8211; Niveau sonore : 72 dB<\/li>\n<\/ul>\n<\/div>","protected":false},"featured_media":76507,"template":"","meta":{"_glsr_average":0,"_glsr_ranking":0,"_glsr_reviews":0},"product_cat":[339],"product_tag":[324,340,153],"class_list":{"0":"post-76508","1":"product","2":"type-product","3":"status-publish","4":"has-post-thumbnail","6":"product_cat-aspirateur-eau-et-poussiere","7":"product_tag-aspirateur","8":"product_tag-aspirateur-eau-et-poussiere","9":"product_tag-maison-entretien","11":"first","12":"instock","13":"sale","14":"shipping-taxable","15":"purchasable","16":"product-type-simple"},"_links":{"self":[{"href":"https:\/\/electromenagerexpress.com\/en\/wp-json\/wp\/v2\/product\/76508","targetHints":{"allow":["GET"]}}],"collection":[{"href":"https:\/\/electromenagerexpress.com\/en\/wp-json\/wp\/v2\/product"}],"about":[{"href":"https:\/\/electromenagerexpress.com\/en\/wp-json\/wp\/v2\/types\/product"}],"wp:featuredmedia":[{"embeddable":true,"href":"https:\/\/electromenagerexpress.com\/en\/wp-json\/wp\/v2\/media\/76507"}],"wp:attachment":[{"href":"https:\/\/electromenagerexpress.com\/en\/wp-json\/wp\/v2\/media?parent=76508"}],"wp:term":[{"taxonomy":"product_cat","embeddable":true,"href":"https:\/\/electromenagerexpress.com\/en\/wp-json\/wp\/v2\/product_cat?post=76508"},{"taxonomy":"product_tag","embeddable":true,"href":"https:\/\/electromenagerexpress.com\/en\/wp-json\/wp\/v2\/product_tag?post=76508"}],"curies":[{"name":"wp","href":"https:\/\/api.w.org\/{rel}","templated":true}]}}