{"id":76492,"date":"2024-11-24T13:45:51","date_gmt":"2024-11-24T13:45:51","guid":{"rendered":"https:\/\/electromenagerexpress.com\/product\/aspirateur-nettoyeur-vapeurpoltipolti-vaporetto-fav70-reconditionne\/"},"modified":"2024-11-24T13:45:55","modified_gmt":"2024-11-24T13:45:55","slug":"aspirateur-nettoyeur-vapeurpoltipolti-vaporetto-fav70-reconditionne","status":"publish","type":"product","link":"https:\/\/electromenagerexpress.com\/en\/product\/aspirateur-nettoyeur-vapeurpoltipolti-vaporetto-fav70-reconditionne\/","title":{"rendered":"Aspirateur nettoyeur vapeur\t\t\t\t\t\t\tPOLTI\t\t\t\tPolti Vaporetto FAV70 Reconditionn\u00e9"},"content":{"rendered":"<div class=\"product-features__content\">\n<ul role=\"list\">\n<li class=\"product-features__item\" role=\"listitem\">\n<h3 class=\"product-features__label\">Caract\u00e9ristiques g\u00e9n\u00e9rales<\/h3>\n<ul role=\"list\">\n<li class=\"product-features__item-list__item\" role=\"listitem\"><span class=\"is--medium\">Type de produit :<\/span> Aspirateur nettoyeur vapeur\t\t\t\t\t<\/li>\n<li class=\"product-features__item-list__item\" role=\"listitem\"><span class=\"is--medium\">Nombre de programme automatique :<\/span> 2 programmes\t\t\t\t\t<\/li>\n<li class=\"product-features__item-list__item\" role=\"listitem\"><span class=\"is--medium\">Coloris :<\/span> Blanc\t\t\t\t\t<\/li>\n<\/ul>\n<\/li>\n<li class=\"product-features__item\" role=\"listitem\">\n<h3 class=\"product-features__label\">Fonction nettoyeur vapeur<\/h3>\n<ul role=\"list\">\n<li class=\"product-features__item-list__item\" role=\"listitem\"><span class=\"is--medium\">Autonomie vapeur :<\/span> Illimit\u00e9e\t\t\t\t\t<\/li>\n<\/ul>\n<\/li>\n<li class=\"product-features__item\" role=\"listitem\">\n<h3 class=\"product-features__label\">Dimensions<\/h3>\n<ul role=\"list\">\n<li class=\"product-features__item-list__item\" role=\"listitem\"><span class=\"is--medium\">Dimensions l x h x p :<\/span> 39 x 56 x 54 cm\t\t\t\t\t<\/li>\n<\/ul>\n<\/li>\n<li class=\"product-features__item\" role=\"listitem\">\n<h3 class=\"product-features__label\">Points comparateurs<\/h3>\n<ul role=\"list\">\n<li class=\"product-features__item-list__item\" role=\"listitem\"><span class=\"is--medium\">Usage :<\/span> Aspire, nettoie \u00e0 la vapeur et s\u00e8che\t\t\t\t\t<\/li>\n<\/ul>\n<\/li>\n<\/ul>\n<\/div>\n<div class=\"product__disclosure-content\">\n<div class=\"js-read-more product-description__content\" data-read-more-name=\"description\" style=\"max-height: 500px; overflow: hidden;\">\n<p>Polti Vaporetto Lecoaspira FAV70_Intelligence est le nettoyeur vapeur reconditionn\u00e9 avec aspirateur int\u00e9gr\u00e9, avec 6 pr\u00e9r\u00e9glages qui simplifient le nettoyage tout en combinant la puissance de la vapeur avec l&rsquo;efficacit\u00e9 d&rsquo;un filtre \u00e0 eau. Convient pour traiter toutes les surfaces gr\u00e2ce \u00e0 la large gamme d&rsquo;accessoires. Nettoyeur vapeur et aspirateur Vapeur haute pression, jusqu&rsquo;\u00e0 5,5 bar Autonomie vapeur illimit\u00e9e Aspirateur salet\u00e9s s\u00e8ches et liquides br&gt; Fonction Turbo Vapeur Pr\u00eat en 6 min 15 accessoires inclus<\/p>\n<p>Nettoyeur \u00e0 vapeur reconditionn\u00e9 avec aspirateur int\u00e9gr\u00e9, filtre \u00e0 eau, avec action hygi\u00e9nisante<\/p>\n<\/div>\n<\/div>","protected":false},"excerpt":{"rendered":"<div class=\"keypoints\">\n<h3 class=\"keypoints__title\">Les points cl\u00e9s<\/h3>\n<ul role=\"list\">\n<li class=\"keypoints__item\" role=\"listitem\">                                        Aspire, nettoie \u00e0 la vapeur et s\u00e8che                      <\/li>\n<\/ul>","protected":false},"featured_media":76491,"template":"","meta":{"_glsr_average":0,"_glsr_ranking":0,"_glsr_reviews":0},"product_cat":[343],"product_tag":[153,331,344],"class_list":{"0":"post-76492","1":"product","2":"type-product","3":"status-publish","4":"has-post-thumbnail","6":"product_cat-nettoyeur-vapeur","7":"product_tag-maison-entretien","8":"product_tag-nettoyeur","9":"product_tag-nettoyeur-vapeur","11":"first","12":"instock","13":"sale","14":"shipping-taxable","15":"purchasable","16":"product-type-simple"},"_links":{"self":[{"href":"https:\/\/electromenagerexpress.com\/en\/wp-json\/wp\/v2\/product\/76492","targetHints":{"allow":["GET"]}}],"collection":[{"href":"https:\/\/electromenagerexpress.com\/en\/wp-json\/wp\/v2\/product"}],"about":[{"href":"https:\/\/electromenagerexpress.com\/en\/wp-json\/wp\/v2\/types\/product"}],"wp:featuredmedia":[{"embeddable":true,"href":"https:\/\/electromenagerexpress.com\/en\/wp-json\/wp\/v2\/media\/76491"}],"wp:attachment":[{"href":"https:\/\/electromenagerexpress.com\/en\/wp-json\/wp\/v2\/media?parent=76492"}],"wp:term":[{"taxonomy":"product_cat","embeddable":true,"href":"https:\/\/electromenagerexpress.com\/en\/wp-json\/wp\/v2\/product_cat?post=76492"},{"taxonomy":"product_tag","embeddable":true,"href":"https:\/\/electromenagerexpress.com\/en\/wp-json\/wp\/v2\/product_tag?post=76492"}],"curies":[{"name":"wp","href":"https:\/\/api.w.org\/{rel}","templated":true}]}}