{"id":76475,"date":"2024-11-24T13:45:38","date_gmt":"2024-11-24T13:45:38","guid":{"rendered":"https:\/\/electromenagerexpress.com\/product\/aspirateur-balaithomas785502\/"},"modified":"2024-11-24T13:45:44","modified_gmt":"2024-11-24T13:45:44","slug":"aspirateur-balaithomas785502","status":"publish","type":"product","link":"https:\/\/electromenagerexpress.com\/en\/product\/aspirateur-balaithomas785502\/","title":{"rendered":"Aspirateur balai\t\t\t\t\t\t\tTHOMAS\t\t\t\t785502"},"content":{"rendered":"<div class=\"product-features__content\">\n<ul role=\"list\">\n<li class=\"product-features__item\" role=\"listitem\">\n<h3 class=\"product-features__label\">Choisir ce produit pour quels usages ?<\/h3>\n<ul role=\"list\">\n<li class=\"product-features__item-list__item\" role=\"listitem\"><span class=\"is--medium\">Pour aspirer :<\/span> Sols\t\t\t\t\t<\/li>\n<li class=\"product-features__item-list__item\" role=\"listitem\"><span class=\"is--medium\">Type de sols :<\/span> Carrelages, parquets\t\t\t\t\t<\/li>\n<li class=\"product-features__item-list__item\" role=\"listitem\"><span class=\"is--medium\">Pour quelles surfaces ? :<\/span> Non concern\u00e9\t\t\t\t\t<\/li>\n<li class=\"product-features__item-list__item\" role=\"listitem\"><span class=\"is--medium\">Brosse ou Accessoire sp\u00e9cial :<\/span> Non concern\u00e9\t\t\t\t\t<\/li>\n<\/ul>\n<\/li>\n<li class=\"product-features__item\" role=\"listitem\">\n<h3 class=\"product-features__label\">Performance<\/h3>\n<ul role=\"list\">\n<li class=\"product-features__item-list__item\" role=\"listitem\"><span class=\"is--medium\">Puissance de la batterie :<\/span> 220,0 V\t\t\t\t\t<\/li>\n<li class=\"product-features__item-list__item\" role=\"listitem\"><span class=\"is--medium\">Brosse principale :<\/span> Non concern\u00e9\t\t\t\t\t<\/li>\n<\/ul>\n<\/li>\n<li class=\"product-features__item\" role=\"listitem\">\n<h3 class=\"product-features__label\">Autonomie<\/h3>\n<ul role=\"list\">\n<li class=\"product-features__item-list__item\" role=\"listitem\"><span class=\"is--medium\">Autonomie jusqu&rsquo;\u00e0 :<\/span> 35 mn\t\t\t\t\t<\/li>\n<li class=\"product-features__item-list__item\" role=\"listitem\"><span class=\"is--medium\">Temps de recharge :<\/span> 4,5 h\t\t\t\t\t<\/li>\n<\/ul>\n<\/li>\n<li class=\"product-features__item\" role=\"listitem\">\n<h3 class=\"product-features__label\">Confort d&rsquo;utilisation<\/h3>\n<ul role=\"list\">\n<li class=\"product-features__item-list__item\" role=\"listitem\"><span class=\"is--medium\">Niveau sonore :<\/span> 75 dB\t\t\t\t\t<\/li>\n<li class=\"product-features__item-list__item\" role=\"listitem\"><span class=\"is--medium\">D\u00e9tail sur le niveau sonore: :<\/span> Il peut varier en fonction du type de sols (parquet, carrelage, tapis, moquette) que vous aspirez et du mode utilis\u00e9 (standard, \u00e9co, boost)\t\t\t\t\t<\/li>\n<li class=\"product-features__item-list__item\" role=\"listitem\"><span class=\"is--medium\">Poids :<\/span> 4,0 kg\t\t\t\t\t<\/li>\n<li class=\"product-features__item-list__item\" role=\"listitem\"><span class=\"is--medium\">Position parking :<\/span> Reste en position verticale pour faire des pauses pendant votre session de nettoyage et pour le ranger\t\t\t\t\t<\/li>\n<li class=\"product-features__item-list__item\" role=\"listitem\"><span class=\"is--medium\">Bouton marche \/ arr\u00eat :<\/span> Pression unique (permet d&rsquo;avoir les doigts libres lors du nettoyage)\t\t\t\t\t<\/li>\n<li class=\"product-features__item-list__item\" role=\"listitem\"><span class=\"is--medium\">Station de recharge :<\/span> Station de chargement pour \u00e9viter de percer les murs : chargez ou rangez l&rsquo;appareil facilement.\t\t\t\t\t<\/li>\n<li class=\"product-features__item-list__item\" role=\"listitem\"><span class=\"is--medium\">Capacit\u00e9 du r\u00e9servoir :<\/span> 0,75 L\t\t\t\t\t<\/li>\n<li class=\"product-features__item-list__item\" role=\"listitem\"><span class=\"is--medium\">Aspirateur \u00e0 main :<\/span> Non concern\u00e9\t\t\t\t\t<\/li>\n<li class=\"product-features__item-list__item\" role=\"listitem\"><span class=\"is--medium\">Tube t\u00e9lescopique :<\/span> Non concern\u00e9\t\t\t\t\t<\/li>\n<li class=\"product-features__item-list__item\" role=\"listitem\"><span class=\"is--medium\">Tube pliable :<\/span> Non concern\u00e9\t\t\t\t\t<\/li>\n<\/ul>\n<\/li>\n<li class=\"product-features__item\" role=\"listitem\">\n<h3 class=\"product-features__label\">Autour de l&rsquo;hygi\u00e8ne<\/h3>\n<ul role=\"list\">\n<li class=\"product-features__item-list__item\" role=\"listitem\"><span class=\"is--medium\">Syst\u00e8me de filtration :<\/span> Non concern\u00e9\t\t\t\t\t<\/li>\n<li class=\"product-features__item-list__item\" role=\"listitem\"><span class=\"is--medium\">Entretien du filtre du r\u00e9servoir :<\/span> Lavable sous l&rsquo;eau\t\t\t\t\t<\/li>\n<\/ul>\n<\/li>\n<li class=\"product-features__item\" role=\"listitem\">\n<h3 class=\"product-features__label\">Dimensions<\/h3>\n<ul role=\"list\">\n<li class=\"product-features__item-list__item\" role=\"listitem\"><span class=\"is--medium\">Dimensions l x h x p :<\/span> 22 x 110 x 27 cm\t\t\t\t\t<\/li>\n<li class=\"product-features__item-list__item\" role=\"listitem\"><span class=\"is--medium\">Poids de l&rsquo;aspirateur :<\/span> 4,0 kg\t\t\t\t\t<\/li>\n<\/ul>\n<\/li>\n<li class=\"product-features__item\" role=\"listitem\">\n<h3 class=\"product-features__label\">Informations et Services<\/h3>\n<ul role=\"list\">\n<li class=\"product-features__item-list__item\" role=\"listitem\"><span class=\"is--medium\">Fabriqu\u00e9 en :<\/span> Chine\t\t\t\t\t<\/li>\n<li class=\"product-features__item-list__item\" role=\"listitem\"><span class=\"is--medium\">Disponibilit\u00e9 des pi\u00e8ces d\u00e9tach\u00e9es (donn\u00e9es fournisseur) :<\/span> Pendant 10 ans, \u00e0 compter de la date d&rsquo;achat\t\t\t\t\t<\/li>\n<\/ul>\n<\/li>\n<\/ul>\n<\/div>\n<div class=\"product__disclosure-content\">\n<div class=\"js-read-more product-description__content read-more read-more--truncated\" data-read-more-name=\"description\" style=\"max-height: 500px; overflow: hidden;\">\n<p>Pratique, Rapide, Facile et Efficace :<\/p>\n<p>Aspirer, laver et s\u00e9cher rapidement tous vos sols durs, en particulier les parquets et sols stratifi\u00e9s.<\/p>\n<p>Pratique- Sans fil :<br \/>Oubliez les seaux, les serpilli\u00e8res, les mains dans l&rsquo;eau sale et les aspirateurs lourds pendant que vous nettoyez. Le corps l\u00e9ger de seulement 4 kg et sans fil du THOMAS FLOORCLEANER PLUS Cordless vous permet de bouger librement. Montez et descendez les escaliers et changer de pi\u00e8ces facilement pour un nettoyage complet et pratique.<br \/>Profitez jusqu&rsquo;\u00e0 35 minutes d&rsquo;autonomie sans fil, des r\u00e9servoirs d&rsquo;eau propre et sale de grande capacit\u00e9 vous permettant de nettoyer de grandes surfaces sans interruption.<\/p>\n<p>L&rsquo;aspirateur-laveur qui vous fera gagner du temps :<\/p>\n<p>Le THOMAS FLOORCLEANER PLUS Cordless aspire et lave vos sols durs en un seul passage. Le s\u00e9chage de votre sol est tr\u00e8s rapide et offre \u00e0 vos parquets, carrelages, sols stratifi\u00e9s un nettoyage en douceur et en profondeur et pour vous du temps libre.<br \/> Cet appareil facile \u00e0 utiliser offre un gain de temps pratique en combinant l&rsquo;aspiration et le nettoyage en une seule op\u00e9ration.<\/p>\n<p>Facile d&rsquo;utilisation :<\/p>\n<p>Son \u00c9cran LED intelligent affiche toutes les informations n\u00e9cessaires pour une utilisation optimale de votre appareil. En plus, l&rsquo;assistant vocal (anglais\/allemand) vous indique ce qu&rsquo;il faut faire.<\/p>\n<p>Le THOMAS FLOORCLEANER PLUS Cordless dispose de 3 modes de nettoyage, \u00e0 vous de choisir celui qui vous convient le mieux. Vous s\u00e9lectionnez \u00e0 la poign\u00e9e votre mode de nettoyage : <br \/>Aspiration seule, pour aspirer les fines poussi\u00e8res et les liquides sans avoir \u00e0 passer la serpill\u00e8re. <br \/>Mode lavage ECO pour un nettoyage de base ou MAXI pour les taches plus tenaces avec diffusion automatique de l&rsquo;eau propre et du shampoing. <br \/>Ces 2 modes de nettoyage vous permettent d&rsquo;adapter la puissance d&rsquo;aspiration ainsi que la quantit\u00e9 d&rsquo;eau\/d\u00e9tergent diffus\u00e9e sur la brosse en fonction de l&rsquo;\u00e9tat de propret\u00e9 de votre sol. Les taches de caf\u00e9, les traces humides de chaussures et autres d\u00e9sagr\u00e9ments similaires s&rsquo;effacent en un rien de temps.<br \/>Sa direction auto-propuls\u00e9e le rend facile \u00e0 diriger et confortable \u00e0 manier m\u00eame au plus pr\u00e8s de vos plinthes et de vos meubles.<\/p>\n<p>Un nettoyage efficace de vos sols durs :<\/p>\n<p>Le THOMAS FLOORCLEANER PLUS Cordless est \u00e9quip\u00e9 d&rsquo;une brosse rouleau multi-surface tr\u00e8s efficace et d&rsquo;un filtre que vous pouvez nettoyer facilement \u00e0 l&rsquo;eau.<br \/>Il est con\u00e7u avec un double r\u00e9servoir amovible afin de toujours assurer un nettoyage de vos sols avec de l&rsquo;eau propre et claire. Un premier r\u00e9servoir \u00e0 eau propre et solution nettoyante de 0,750 litre et un autre pour r\u00e9cup\u00e9rer l&rsquo;eau us\u00e9e et les salet\u00e9s de 0,720 litre. <br \/>Ses 3 modes de nettoyages vous permettent d&rsquo;adapter l&rsquo;appareil \u00e0 vos besoins imm\u00e9diats.<\/p>\n<p>Auto-nettoyage pour une maintenance facilit\u00e9e :<\/p>\n<p>La station d&rsquo;accueil trois-en-un permet de ranger et de recharger le THOMAS FLOORCLEANER PLUS Cordless tout en permettant un auto-nettoyage facile d&rsquo;une simple pression sur un bouton.<br \/> Le cycle d&rsquo;auto-nettoyage via le mode st\u00e9rilisation nettoie l&rsquo;int\u00e9rieur de votre aspirateur et le rouleau.<\/p>\n<p>Accessoires inclus :<br \/>\t2 filtres lavables<br \/>\t 2 rouleaux lavables<br \/>\t Brosse de nettoyage<br \/>\tStation de chargement avec porte accessoires<br \/>\t Chargeur<\/p>\n<p>Dur\u00e9e utilisation: &gt; 35 min..<br \/> Temps de charge: 4,5 heures<br \/> Niveau sonore: &lt; 75 dBa <br \/> R\u00e9servoir eau propre: approx. 750  ml<br \/> R\u00e9servoir eau us\u00e9e: approx. 720 ml<br \/> Affichage LED                                                                                                                                                                                  2 2 2 niveaux de  puissance d\u2018aspiration en mode lavage                                                                                                                         Mode auto-nettoyant\/ st\u00e9r\u00e9lisation<br \/> Commande vocale (DE\/GB)  <br \/> Affichage en temps r\u00e9el de la charge batterie<br \/> Couleur: bleu<\/p>\n<\/div>\n<p><bl-button a11yexpanded=\"false\" arialabel=\"Afficher toute la description\" class=\"read-more__btn\" full=\"false\" link=\"true\">Voir plus<\/bl-button><\/div>","protected":false},"excerpt":{"rendered":"<div class=\"keypoints\">\n<h3 class=\"keypoints__title\">Les points cl\u00e9s<\/h3>\n<ul role=\"list\">\n<li class=\"keypoints__item\" role=\"listitem\">                                        Poids : 4,0 kg                      <\/li>\n<li class=\"keypoints__item\" role=\"listitem\">                          Puissance de la batterie : 220,0 V &#8211;                                                      Autonomie jusqu&rsquo;\u00e0 : 35 mn                      <\/li>\n<li class=\"keypoints__item\" role=\"listitem\">                          Niveau sonore : 75 dB &#8211;                                                      Capacit\u00e9 du r\u00e9servoir : 0,75 L                      <\/li>\n<\/ul>","protected":false},"featured_media":76474,"template":"","meta":{"_glsr_average":0,"_glsr_ranking":0,"_glsr_reviews":0},"product_cat":[328],"product_tag":[324,325,153],"class_list":{"0":"post-76475","1":"product","2":"type-product","3":"status-publish","4":"has-post-thumbnail","6":"product_cat-aspirateur-balai-aspirateur","7":"product_tag-aspirateur","8":"product_tag-aspirateur-balai","9":"product_tag-maison-entretien","11":"first","12":"instock","13":"sale","14":"shipping-taxable","15":"purchasable","16":"product-type-simple"},"_links":{"self":[{"href":"https:\/\/electromenagerexpress.com\/en\/wp-json\/wp\/v2\/product\/76475","targetHints":{"allow":["GET"]}}],"collection":[{"href":"https:\/\/electromenagerexpress.com\/en\/wp-json\/wp\/v2\/product"}],"about":[{"href":"https:\/\/electromenagerexpress.com\/en\/wp-json\/wp\/v2\/types\/product"}],"wp:featuredmedia":[{"embeddable":true,"href":"https:\/\/electromenagerexpress.com\/en\/wp-json\/wp\/v2\/media\/76474"}],"wp:attachment":[{"href":"https:\/\/electromenagerexpress.com\/en\/wp-json\/wp\/v2\/media?parent=76475"}],"wp:term":[{"taxonomy":"product_cat","embeddable":true,"href":"https:\/\/electromenagerexpress.com\/en\/wp-json\/wp\/v2\/product_cat?post=76475"},{"taxonomy":"product_tag","embeddable":true,"href":"https:\/\/electromenagerexpress.com\/en\/wp-json\/wp\/v2\/product_tag?post=76475"}],"curies":[{"name":"wp","href":"https:\/\/api.w.org\/{rel}","templated":true}]}}