{"id":76467,"date":"2024-11-24T13:45:32","date_gmt":"2024-11-24T13:45:32","guid":{"rendered":"https:\/\/electromenagerexpress.com\/product\/aspirateur-sans-sacthomasperfect-air-feel-fresh-x3\/"},"modified":"2024-11-24T13:45:36","modified_gmt":"2024-11-24T13:45:36","slug":"aspirateur-sans-sacthomasperfect-air-feel-fresh-x3","status":"publish","type":"product","link":"https:\/\/electromenagerexpress.com\/en\/product\/aspirateur-sans-sacthomasperfect-air-feel-fresh-x3\/","title":{"rendered":"Aspirateur sans sac\t\t\t\t\t\t\tTHOMAS\t\t\t\tPerfect air Feel Fresh x3"},"content":{"rendered":"<div class=\"product-features__content\">\n<ul role=\"list\">\n<li class=\"product-features__item\" role=\"listitem\">\n<h3 class=\"product-features__label\">Maniabilit\u00e9<\/h3>\n<ul role=\"list\">\n<li class=\"product-features__item-list__item\" role=\"listitem\"><span class=\"is--medium\">Poids :<\/span> 6,90 Kg\t\t\t\t\t<\/li>\n<\/ul>\n<\/li>\n<li class=\"product-features__item\" role=\"listitem\">\n<h3 class=\"product-features__label\">Informations et Services<\/h3>\n<ul role=\"list\">\n<li class=\"product-features__item-list__item\" role=\"listitem\"><span class=\"is--medium\">Garantie :<\/span> 2 ans\t\t\t\t\t<\/li>\n<li class=\"product-features__item-list__item\" role=\"listitem\"><span class=\"is--medium\">Disponibilit\u00e9 des pi\u00e8ces d\u00e9tach\u00e9es (donn\u00e9es fournisseur) :<\/span> Non communiqu\u00e9e\t\t\t\t\t<\/li>\n<li class=\"product-features__item-list__item\" role=\"listitem\"><span class=\"is--medium\">R\u00e9f\u00e9rence constructeur :<\/span> Perfect air Feel Fresh x3\t\t\t\t\t<\/li>\n<li class=\"product-features__item-list__item\" role=\"listitem\"><span class=\"is--medium\">Marque :<\/span> THOMAS\t\t\t\t\t<\/li>\n<\/ul>\n<\/li>\n<li class=\"product-features__item\" role=\"listitem\">\n<h3 class=\"product-features__label\">Dimensions<\/h3>\n<ul role=\"list\">\n<li class=\"product-features__item-list__item\" role=\"listitem\"><span class=\"is--medium\">Dimensions l x h x p :<\/span> NC x NC x 46.7 cm\t\t\t\t\t<\/li>\n<li class=\"product-features__item-list__item\" role=\"listitem\"><span class=\"is--medium\">Poids net :<\/span> 7 kg\t\t\t\t\t<\/li>\n<\/ul>\n<\/li>\n<\/ul>\n<\/div>\n<div class=\"product__disclosure-content\">\n<div class=\"js-read-more product-description__content read-more read-more--truncated\" data-read-more-name=\"description\" style=\"max-height: 500px; overflow: hidden;\">\n<h1>La soci\u00e9t\u00e9 THOMAS fond\u00e9 en 1900 est un fabricant allemand, leader des aspirateurs avec filtration par eau depuis plus de 15 ans.<\/h1>\n<p><\/p>\n<p>Le Perfect air Feel Fresh x3 est le dernier n\u00e9 de notre gamme,  sp\u00e9cialement con\u00e7u pour les personnes sensibles aux odeurs. Les amateurs d&rsquo;air frais ne peuvent respirer \u00e0 fond que lorsque l&rsquo;air ambiant est vraiment propre. Le nouvel aspirateur Feel fresh x3 de THOMAS assure un climat int\u00e9rieur \u00a0\u00bb  comme si vous veniez d&rsquo;a\u00e9rer \u00ab\u00a0, car \u00e0 chaque passage, il purifie l&rsquo;air ambiant en r\u00e9pandant un agr\u00e9able parfum d&rsquo;air frais.<\/p>\n<p><\/p>\n<h1>Comment fonctionne t-il \u00ab\u00a0<\/h1>\n<p><\/p>\n<p><center><img decoding=\"async\" 11=\"\" 360\u00b0=\"\" action=\"\" air=\"\" de=\"\" easy-drive\"=\"\" et=\"\" frais=\"\" m\u00e8tres.<br=\"\" src=\"https:\/\/boulanger.scene7.com\/is\/image\/Boulanger\/4005435110351_p0\" wid=\"1000&amp;hei=58\"\/>Aspirateur&gt;Aspirateur sans sac\u00a0\u00bb data-pimId=\u00a0\u00bb000000009000135333&Prime;&gt;                                                                                          <\/center><\/div>\n<p><bl-button a11yexpanded=\"false\" arialabel=\"Afficher toute la description\" class=\"read-more__btn\" full=\"false\" link=\"true\"><\/bl-button><\/div>","protected":false},"excerpt":{"rendered":"<div class=\"keypoints\">\n<h3 class=\"keypoints__title\">Les points cl\u00e9s<\/h3>\n<ul role=\"list\">\n<li class=\"keypoints__item\" role=\"listitem\">                                        Poids : 6,90 Kg                      <\/li>\n<li class=\"keypoints__item keypoints__item--advantage\" role=\"listitem\"><strong>Le + :<\/strong> Un air rafra\u00eechi ressenti \u00e0 100%      <\/li>\n<\/ul>","protected":false},"featured_media":76466,"template":"","meta":{"_glsr_average":0,"_glsr_ranking":0,"_glsr_reviews":0},"product_cat":[333],"product_tag":[324,334,153],"class_list":{"0":"post-76467","1":"product","2":"type-product","3":"status-publish","4":"has-post-thumbnail","6":"product_cat-aspirateur-sans-sac","7":"product_tag-aspirateur","8":"product_tag-aspirateur-sans-sac","9":"product_tag-maison-entretien","11":"first","12":"instock","13":"sale","14":"shipping-taxable","15":"purchasable","16":"product-type-simple"},"_links":{"self":[{"href":"https:\/\/electromenagerexpress.com\/en\/wp-json\/wp\/v2\/product\/76467","targetHints":{"allow":["GET"]}}],"collection":[{"href":"https:\/\/electromenagerexpress.com\/en\/wp-json\/wp\/v2\/product"}],"about":[{"href":"https:\/\/electromenagerexpress.com\/en\/wp-json\/wp\/v2\/types\/product"}],"wp:featuredmedia":[{"embeddable":true,"href":"https:\/\/electromenagerexpress.com\/en\/wp-json\/wp\/v2\/media\/76466"}],"wp:attachment":[{"href":"https:\/\/electromenagerexpress.com\/en\/wp-json\/wp\/v2\/media?parent=76467"}],"wp:term":[{"taxonomy":"product_cat","embeddable":true,"href":"https:\/\/electromenagerexpress.com\/en\/wp-json\/wp\/v2\/product_cat?post=76467"},{"taxonomy":"product_tag","embeddable":true,"href":"https:\/\/electromenagerexpress.com\/en\/wp-json\/wp\/v2\/product_tag?post=76467"}],"curies":[{"name":"wp","href":"https:\/\/api.w.org\/{rel}","templated":true}]}}