{"id":76429,"date":"2024-11-24T13:45:00","date_gmt":"2024-11-24T13:45:00","guid":{"rendered":"https:\/\/electromenagerexpress.com\/product\/aspirateur-avec-sacrotel1690150\/"},"modified":"2024-11-24T13:45:04","modified_gmt":"2024-11-24T13:45:04","slug":"aspirateur-avec-sacrotel1690150","status":"publish","type":"product","link":"https:\/\/electromenagerexpress.com\/en\/product\/aspirateur-avec-sacrotel1690150\/","title":{"rendered":"Aspirateur avec sac\t\t\t\t\t\t\tROTEL\t\t\t\t1690150"},"content":{"rendered":"<div class=\"product-features__content\">\n<ul role=\"list\">\n<li class=\"product-features__item\" role=\"listitem\">\n<h3 class=\"product-features__label\">Choisir ce produit pour quels usages ?<\/h3>\n<ul role=\"list\">\n<li class=\"product-features__item-list__item\" role=\"listitem\"><span class=\"is--medium\">Pour quelle utilisation :<\/span> pour aspirer en profondeur, hygi\u00e9nique avec sac\t\t\t\t\t<\/li>\n<li class=\"product-features__item-list__item\" role=\"listitem\"><span class=\"is--medium\">Type de sols :<\/span> Carrelages, parquets, tapis, moquettes\t\t\t\t\t<\/li>\n<li class=\"product-features__item-list__item\" role=\"listitem\"><span class=\"is--medium\">Brosses &amp; Accessoires sp\u00e9ciaux :<\/span> Poign\u00e9e classique\t\t\t\t\t<\/li>\n<\/ul>\n<\/li>\n<li class=\"product-features__item\" role=\"listitem\">\n<h3 class=\"product-features__label\">Confort d&rsquo;utilisation<\/h3>\n<ul role=\"list\">\n<li class=\"product-features__item-list__item\" role=\"listitem\"><span class=\"is--medium\">Niveau sonore :<\/span> 78 dB\t\t\t\t\t<\/li>\n<li class=\"product-features__item-list__item\" role=\"listitem\"><span class=\"is--medium\">D\u00e9tail sur le niveau sonore: :<\/span> Il peut varier en fonction du mode utilis\u00e9 et du type de sols aspir\u00e9 (parquet, carrelage, moquette, tapis)\t\t\t\t\t<\/li>\n<li class=\"product-features__item-list__item\" role=\"listitem\"><span class=\"is--medium\">Capacit\u00e9 bac\/sac :<\/span> 5,0 L\t\t\t\t\t<\/li>\n<li class=\"product-features__item-list__item\" role=\"listitem\"><span class=\"is--medium\">Indicateur de bac\/sac plein :<\/span> Oui\t\t\t\t\t<\/li>\n<li class=\"product-features__item-list__item\" role=\"listitem\"><span class=\"is--medium\">D\u00e9tection automatique du type de sol pour adapter la puissance :<\/span> Non\t\t\t\t\t<\/li>\n<\/ul>\n<\/li>\n<li class=\"product-features__item\" role=\"listitem\">\n<h3 class=\"product-features__label\">Maniabilit\u00e9<\/h3>\n<ul role=\"list\">\n<li class=\"product-features__item-list__item\" role=\"listitem\"><span class=\"is--medium\">Poids :<\/span> 10,10 Kg\t\t\t\t\t<\/li>\n<li class=\"product-features__item-list__item\" role=\"listitem\"><span class=\"is--medium\">Poign\u00e9e de transport :<\/span> Oui, permet de monter l&rsquo;aspirateur facilement \u00e0 l&rsquo;\u00e9tage\t\t\t\t\t<\/li>\n<li class=\"product-features__item-list__item\" role=\"listitem\"><span class=\"is--medium\">Type d&rsquo;enrouleur de c\u00e2ble :<\/span> Un seul appui suffit pour rentrer le c\u00e2ble dans l&rsquo;aspirateur\t\t\t\t\t<\/li>\n<li class=\"product-features__item-list__item\" role=\"listitem\"><span class=\"is--medium\">Rayon d&rsquo;action :<\/span> 6 m (Standard)\t\t\t\t\t<\/li>\n<\/ul>\n<\/li>\n<li class=\"product-features__item\" role=\"listitem\">\n<h3 class=\"product-features__label\">Performance<\/h3>\n<ul role=\"list\">\n<li class=\"product-features__item-list__item\" role=\"listitem\"><span class=\"is--medium\">Technologie d&rsquo;aspiration :<\/span> Non concern\u00e9\t\t\t\t\t<\/li>\n<li class=\"product-features__item-list__item\" role=\"listitem\"><span class=\"is--medium\">Entretien du filtre du r\u00e9servoir :<\/span> Non concern\u00e9\t\t\t\t\t<\/li>\n<li class=\"product-features__item-list__item\" role=\"listitem\"><span class=\"is--medium\">Brosse principale :<\/span> Non concern\u00e9\t\t\t\t\t<\/li>\n<\/ul>\n<\/li>\n<li class=\"product-features__item\" role=\"listitem\">\n<h3 class=\"product-features__label\">Autour de l&rsquo;hygi\u00e8ne<\/h3>\n<ul role=\"list\">\n<li class=\"product-features__item-list__item\" role=\"listitem\"><span class=\"is--medium\">Filtre de sortie d&rsquo;air :<\/span> Non communiqu\u00e9\t\t\t\t\t<\/li>\n<li class=\"product-features__item-list__item\" role=\"listitem\"><span class=\"is--medium\">Je trouve mon sac aspirateur :<\/span> <a href=\"https:\/\/www.boulanger.com\/c\/sacs-aspirateur\" target=\"_blank\">en sa<\/a><\/li>\n<\/ul>\n<\/li>\n<li class=\"product-features__item\" role=\"listitem\">\n<h3 class=\"product-features__label\">Energie \/ Consommation<\/h3>\n<ul role=\"list\">\n<li class=\"product-features__item-list__item\" role=\"listitem\"><span class=\"is--medium\">Puissance du moteur \/ Consommation :<\/span> 700 W\t\t\t\t\t<\/li>\n<\/ul>\n<\/li>\n<li class=\"product-features__item\" role=\"listitem\">\n<h3 class=\"product-features__label\">Informations et Services<\/h3>\n<ul role=\"list\">\n<li class=\"product-features__item-list__item\" role=\"listitem\"><span class=\"is--medium\">Indice de r\u00e9parabilit\u00e9 :<\/span> 8,0 \/10\t\t\t\t\t<\/li>\n<li class=\"product-features__item-list__item\" role=\"listitem\"><span class=\"is--medium\">D\u00e9tail sur l&rsquo;indice de r\u00e9parabilit\u00e9 :<\/span> <u><a href=\"https:\/\/www.boulanger.com\/evenement\/indice-reparabilite\" target=\"_blank\"> en sa<\/a><\/u><\/li>\n<li class=\"product-features__item-list__item\" role=\"listitem\"><span class=\"is--medium\">Fabriqu\u00e9 en :<\/span> Suisse\t\t\t\t\t<\/li>\n<li class=\"product-features__item-list__item\" role=\"listitem\"><span class=\"is--medium\">Disponibilit\u00e9 des pi\u00e8ces d\u00e9tach\u00e9es (donn\u00e9es fournisseur) :<\/span> Non communiqu\u00e9e\t\t\t\t\t<\/li>\n<li class=\"product-features__item-list__item\" role=\"listitem\"><span class=\"is--medium\">R\u00e9f\u00e9rence constructeur :<\/span> 1690150\t\t\t\t\t<\/li>\n<li class=\"product-features__item-list__item\" role=\"listitem\"><span class=\"is--medium\">Marque :<\/span> ROTEL\t\t\t\t\t<\/li>\n<\/ul>\n<\/li>\n<li class=\"product-features__item\" role=\"listitem\">\n<h3 class=\"product-features__label\">Dimensions<\/h3>\n<ul role=\"list\">\n<li class=\"product-features__item-list__item\" role=\"listitem\"><span class=\"is--medium\">Dimensions l x h x p :<\/span> 35.5 x 36.5 x 77.5 cm\t\t\t\t\t<\/li>\n<li class=\"product-features__item-list__item\" role=\"listitem\"><span class=\"is--medium\">Poids net :<\/span> 10 kg\t\t\t\t\t<\/li>\n<li class=\"product-features__item-list__item\" role=\"listitem\"><span class=\"is--medium\">Poids brut :<\/span> 10 kg\t\t\t\t\t<\/li>\n<\/ul>\n<\/li>\n<\/ul>\n<\/div>\n<div class=\"product__disclosure-content\">\n<div class=\"js-read-more product-description__content read-more read-more--truncated\" data-read-more-name=\"description\" style=\"max-height: 500px; overflow: hidden;\">\n<ul>\n<li>DESCRIPTION : Rotel vous propose cet aspirateur traineau avec ses accessoires d&rsquo;aspirateur contenant un embout d&rsquo;aspirateur rectangle classique, un embout suceur plat, une petite brosse rectangle et une petite brosse ronde<\/li>\n<li>LE PETIT + : Cet aspirateur traineau avec sac poss\u00e8de un enrouleur de c\u00e2ble automatique ainsi qu&rsquo;un indicateur de sac plein pour faciliter votre quotidien. Aspirez la poussi\u00e8re en toute s\u00e9r\u00e9nit\u00e9 gr\u00e2ce \u00e0 cet aspirateur. Cet aspirateur est tr\u00e8s silencieux (62dB)<\/li>\n<li>COMPOSITION : Plastique, m\u00e9tal<\/li>\n<li>DIMENSIONS : 46 x 32 x 26 cm<\/li>\n<li>CONTENU : 1 aspirateur traineau Alpine<\/li>\n<\/ul>\n<p>L&rsquo;aspirateur alpine Rotel a un <strong>design \u00e9pur\u00e9<\/strong>. Il poss\u00e8de <strong>4 niveaux de puissance<\/strong>, il est <strong>silencieux<\/strong> et dispose d&rsquo;une <strong>poign\u00e9e ergonomique<\/strong>. Vous retrouverez plusieurs accessoires : une brosse de sol, une brosse pour meubles, une brosse \u00e0 parquet en crin naturel et une buse fine. Passer l&rsquo;aspirateur n&rsquo;aura jamais \u00e9t\u00e9 aussi agr\u00e9able !<\/p>\n<p>Rotel est une marque suisse d&rsquo;\u00e9lectrom\u00e9nager. Cela fait <em>plus de 70 ans<\/em> que Rotel est sur le march\u00e9 de l&rsquo;\u00e9lectrom\u00e9nager et la marque a conclu un partenariat exclusif avec Fackelmann France afin de proposer ses produits dans l&rsquo;hexagone. Elle est notamment <em>sp\u00e9cialis\u00e9e dans le petit \u00e9lectrom\u00e9nager<\/em>. La marque Rotel poss\u00e8de un design \u00e9pur\u00e9 qui repr\u00e9sente parfaitement ses appareils<em> haut de gamme<\/em>. \u00a0<\/p>\n<p>L&rsquo;expertise de Rotel se remarque sur la dur\u00e9e. En effet, la marque s&rsquo;est plac\u00e9e sur le march\u00e9 suisse gr\u00e2ce \u00e0 son <em>expertise dans les moteurs \u00e9lectriques<\/em>. Le savoir-faire et la recherche continuelle de l&rsquo;innovation font de Rotel une marque <em>proactive<\/em>, <em>\u00e0 l&rsquo;\u00e9coute de ses clients et de haute qualit\u00e9.<\/em> \u00a0<\/p>\n<\/p>\n<ul>\n<li>DESCRIPTION : Rotel vous propose cet aspirateur traineau avec ses accessoires d&rsquo;aspirateur contenant un embout d&rsquo;aspirateur rectangle classique, un embout suceur plat, une petite brosse rectangle et une petite brosse ronde<\/li>\n<li>LE PETIT + : Cet aspirateur traineau avec sac poss\u00e8de un enrouleur de c\u00e2ble automatique ainsi qu&rsquo;un indicateur de sac plein pour faciliter votre quotidien. Aspirez la poussi\u00e8re en toute s\u00e9r\u00e9nit\u00e9 gr\u00e2ce \u00e0 cet aspirateur. Cet aspirateur est tr\u00e8s silencieux (62dB)<\/li>\n<li>COMPOSITION : Plastique, m\u00e9tal<\/li>\n<li>DIMENSIONS : 46 x 32 x 26 cm<\/li>\n<li>CONTENU : 1 aspirateur traineau Alpine<\/li>\n<\/ul>\n<p>L&rsquo;aspirateur alpine Rotel a un <strong>design \u00e9pur\u00e9<\/strong>. Il poss\u00e8de <strong>4 niveaux de puissance<\/strong>, il est <strong>silencieux<\/strong> et dispose d&rsquo;une <strong>poign\u00e9e ergonomique<\/strong>. Vous retrouverez plusieurs accessoires : une brosse de sol, une brosse pour meubles, une brosse \u00e0 parquet en crin naturel et une buse fine. Passer l&rsquo;aspirateur n&rsquo;aura jamais \u00e9t\u00e9 aussi agr\u00e9able !<\/p>\n<p>Rotel est une marque suisse d\u2019\u00e9lectrom\u00e9nager. Cela fait <em>plus de 70 ans<\/em> que Rotel est sur le march\u00e9 de l\u2019\u00e9lectrom\u00e9nager et la marque a conclu un partenariat exclusif avec Fackelmann France afin de proposer ses produits dans l&rsquo;hexagone. Elle est notamment <em>sp\u00e9cialis\u00e9e dans le petit \u00e9lectrom\u00e9nager<\/em>. La marque Rotel poss\u00e8de un design \u00e9pur\u00e9 qui repr\u00e9sente parfaitement ses appareils<em> haut de gamme<\/em>. \u00a0<\/p>\n<p>L\u2019expertise de Rotel se remarque sur la dur\u00e9e. En effet, la marque s\u2019est plac\u00e9e sur le march\u00e9 suisse gr\u00e2ce \u00e0 son <em>expertise dans les moteurs \u00e9lectriques<\/em>. Le savoir-faire et la recherche continuelle de l\u2019innovation font de Rotel une marque <em>proactive<\/em>, <em>\u00e0 l\u2019\u00e9coute de ses clients et de haute qualit\u00e9.<\/em> \u00a0<\/p>\n<\/p>\n<\/div>\n<p><bl-button a11yexpanded=\"false\" arialabel=\"Afficher toute la description\" class=\"read-more__btn\" full=\"false\" link=\"true\"><\/bl-button><\/div>","protected":false},"excerpt":{"rendered":"<div class=\"keypoints\">\n<h3 class=\"keypoints__title\">Les points cl\u00e9s<\/h3>\n<ul role=\"list\">\n<li class=\"keypoints__item\" role=\"listitem\">                                        Rayon d&rsquo;action : 6 m (Standard)                      <\/li>\n<li class=\"keypoints__item\" role=\"listitem\">                                        Capacit\u00e9 bac\/sac : 5,0 L                      <\/li>\n<li class=\"keypoints__item\" role=\"listitem\">                                        Niveau sonore : 78 dB                      <\/li>\n<li class=\"keypoints__item\" role=\"listitem\">                                        Poids : 10,10 Kg                      <\/li>\n<\/ul>","protected":false},"featured_media":76428,"template":"","meta":{"_glsr_average":0,"_glsr_ranking":0,"_glsr_reviews":0},"product_cat":[335],"product_tag":[324,336,153],"class_list":{"0":"post-76429","1":"product","2":"type-product","3":"status-publish","4":"has-post-thumbnail","6":"product_cat-aspirateur-avec-sac","7":"product_tag-aspirateur","8":"product_tag-aspirateur-avec-sac","9":"product_tag-maison-entretien","11":"first","12":"instock","13":"sale","14":"shipping-taxable","15":"purchasable","16":"product-type-simple"},"_links":{"self":[{"href":"https:\/\/electromenagerexpress.com\/en\/wp-json\/wp\/v2\/product\/76429","targetHints":{"allow":["GET"]}}],"collection":[{"href":"https:\/\/electromenagerexpress.com\/en\/wp-json\/wp\/v2\/product"}],"about":[{"href":"https:\/\/electromenagerexpress.com\/en\/wp-json\/wp\/v2\/types\/product"}],"wp:featuredmedia":[{"embeddable":true,"href":"https:\/\/electromenagerexpress.com\/en\/wp-json\/wp\/v2\/media\/76428"}],"wp:attachment":[{"href":"https:\/\/electromenagerexpress.com\/en\/wp-json\/wp\/v2\/media?parent=76429"}],"wp:term":[{"taxonomy":"product_cat","embeddable":true,"href":"https:\/\/electromenagerexpress.com\/en\/wp-json\/wp\/v2\/product_cat?post=76429"},{"taxonomy":"product_tag","embeddable":true,"href":"https:\/\/electromenagerexpress.com\/en\/wp-json\/wp\/v2\/product_tag?post=76429"}],"curies":[{"name":"wp","href":"https:\/\/api.w.org\/{rel}","templated":true}]}}