{"id":76418,"date":"2024-11-24T13:44:51","date_gmt":"2024-11-24T13:44:51","guid":{"rendered":"https:\/\/electromenagerexpress.com\/product\/aspirateur-eau-et-poussierethomasinox-1530\/"},"modified":"2024-11-26T09:13:46","modified_gmt":"2024-11-26T09:13:46","slug":"aspirateur-eau-et-poussierethomasinox-1530","status":"publish","type":"product","link":"https:\/\/electromenagerexpress.com\/en\/product\/aspirateur-eau-et-poussierethomasinox-1530\/","title":{"rendered":"Aspirateur eau et poussi\u00e8re\tTHOMAS\t INOX 1530"},"content":{"rendered":"<div class=\"product-features__content\">\n<h3 class=\"product-features__label\">\u00a0 \u00a0 \u00a0 \u00a0 \u00a0Informations et Services<\/h3>\n<ul role=\"list\">\n<li style=\"list-style-type: none;\">\n<ul role=\"list\">\n<li class=\"product-features__item-list__item\" role=\"listitem\"><span class=\"is--medium\">Disponibilit\u00e9 des pi\u00e8ces d\u00e9tach\u00e9es\u00a0 :<\/span> Pendant 10 ans<\/li>\n<li class=\"product-features__item-list__item\" role=\"listitem\"><span class=\"is--medium\">R\u00e9f\u00e9rence constructeur :<\/span> INOX 1530<\/li>\n<li class=\"product-features__item-list__item\" role=\"listitem\"><span class=\"is--medium\">Marque :<\/span> THOMAS<br \/>\n<h3 class=\"product-features__label\">Dimensions<\/h3>\n<ul role=\"list\">\n<li class=\"product-features__item-list__item\" role=\"listitem\"><span class=\"is--medium\">Dimensions l x h x p :<\/span> 43.5 x 54.4 x 43.5 cm<\/li>\n<li class=\"product-features__item-list__item\" role=\"listitem\"><span class=\"is--medium\">Poids net :<\/span> 8,4 kg<\/li>\n<\/ul>\n<\/li>\n<\/ul>\n<\/li>\n<\/ul>\n<\/div>\n<div class=\"product__disclosure-content\">\n<div class=\"js-read-more product-description__content\" style=\"max-height: 500px; overflow: hidden;\" data-read-more-name=\"description\">\n<p>Thomas, fabricant allemand depuis plusieurs d\u00e9cennies,est un des leaders sur son march\u00e9. L&rsquo;INOX 1530 allie qualit\u00e9 et robustesse avec son moteur 1500w double turbine et sa cuve compact de 30L pouvant absorber jusqu&rsquo;\u00e0 20L de liquide.Boitier moteur en plastique r\u00e9sistant aux chocs, protection contre les projections d&rsquo;eau, pare-choc de protection, 5 doubles roulettes orientables, la qualit\u00e9 de ses mat\u00e9riaux vous donnera enti\u00e8re satisfaction. Equip\u00e9 d&rsquo;un suceur triangle , d&rsquo;un suceur plat en D50mm, d&rsquo;un r\u00e9ducteur permettant d&rsquo;adapter un suceur plat, d&rsquo;une brosse universelle, d&rsquo;un d\u00e9bouche \u00e9vier en D32mm, d&rsquo;un sac \u00e0 poussi\u00e8re et d&rsquo;une cartouche filtrante, ainsi vous pourrez aspirer aussi bien vos poussi\u00e8res m\u00e9nag\u00e8res que des gros d\u00e9chets.<\/p>\n<p>&nbsp;<\/p>\n<\/div>\n<\/div>","protected":false},"excerpt":{"rendered":"<p>None<\/p>","protected":false},"featured_media":76417,"template":"","meta":{"_glsr_average":0,"_glsr_ranking":0,"_glsr_reviews":0},"product_cat":[339],"product_tag":[324,340,153],"class_list":{"0":"post-76418","1":"product","2":"type-product","3":"status-publish","4":"has-post-thumbnail","6":"product_cat-aspirateur-eau-et-poussiere","7":"product_tag-aspirateur","8":"product_tag-aspirateur-eau-et-poussiere","9":"product_tag-maison-entretien","11":"first","12":"instock","13":"shipping-taxable","14":"purchasable","15":"product-type-simple"},"_links":{"self":[{"href":"https:\/\/electromenagerexpress.com\/en\/wp-json\/wp\/v2\/product\/76418","targetHints":{"allow":["GET"]}}],"collection":[{"href":"https:\/\/electromenagerexpress.com\/en\/wp-json\/wp\/v2\/product"}],"about":[{"href":"https:\/\/electromenagerexpress.com\/en\/wp-json\/wp\/v2\/types\/product"}],"wp:featuredmedia":[{"embeddable":true,"href":"https:\/\/electromenagerexpress.com\/en\/wp-json\/wp\/v2\/media\/76417"}],"wp:attachment":[{"href":"https:\/\/electromenagerexpress.com\/en\/wp-json\/wp\/v2\/media?parent=76418"}],"wp:term":[{"taxonomy":"product_cat","embeddable":true,"href":"https:\/\/electromenagerexpress.com\/en\/wp-json\/wp\/v2\/product_cat?post=76418"},{"taxonomy":"product_tag","embeddable":true,"href":"https:\/\/electromenagerexpress.com\/en\/wp-json\/wp\/v2\/product_tag?post=76418"}],"curies":[{"name":"wp","href":"https:\/\/api.w.org\/{rel}","templated":true}]}}