{"id":76411,"date":"2024-11-24T13:44:46","date_gmt":"2024-11-24T13:44:46","guid":{"rendered":"https:\/\/electromenagerexpress.com\/product\/robot-aspirateur-laveurezicleanaqua-xpert-s250-animal\/"},"modified":"2024-11-26T18:53:43","modified_gmt":"2024-11-26T18:53:43","slug":"robot-aspirateur-laveurezicleanaqua-xpert-s250-animal","status":"publish","type":"product","link":"https:\/\/electromenagerexpress.com\/en\/product\/robot-aspirateur-laveurezicleanaqua-xpert-s250-animal\/","title":{"rendered":"Robot Aspirateur Laveur\tEZICLEAN Aqua Xpert S250 Animal"},"content":{"rendered":"<div class=\"product-features__content\">\n<ul role=\"list\">\n<li class=\"product-features__item\" role=\"listitem\">\n<h3 class=\"product-features__label\">Choisir ce produit pour quels usages ?<\/h3>\n<ul role=\"list\">\n<li class=\"product-features__item-list__item\" role=\"listitem\"><span class=\"is--medium\">Pour quelle utilisation ? :<\/span> Pour aspirer et laver<\/li>\n<li class=\"product-features__item-list__item\" role=\"listitem\"><span class=\"is--medium\">Type de sols :<\/span> Carrelages, parquets, tapis, moquettes<\/li>\n<\/ul>\n<\/li>\n<li class=\"product-features__item\" role=\"listitem\">\n<h3 class=\"product-features__label\">Caract\u00e9ristiques de l&rsquo;aspirateur robot<\/h3>\n<ul role=\"list\">\n<li class=\"product-features__item-list__item\" role=\"listitem\"><span class=\"is--medium\">Niveau sonore max :<\/span> 60 dB<\/li>\n<li class=\"product-features__item-list__item\" role=\"listitem\"><span class=\"is--medium\">D\u00e9tail sur le niveau sonore :<\/span> Il peut varier en fonction du type de sols aspir\u00e9 (carrelage, parquet, tapis, moquette) et du mode utilis\u00e9 (aspiration, lavage ou vidage)<\/li>\n<\/ul>\n<\/li>\n<li class=\"product-features__item\" role=\"listitem\">\n<h3 class=\"product-features__label\">Performance<\/h3>\n<ul role=\"list\">\n<li class=\"product-features__item-list__item\" role=\"listitem\"><span class=\"is--medium\">Technologie :<\/span> Par capteur<\/li>\n<li class=\"product-features__item-list__item\" role=\"listitem\"><span class=\"is--medium\">M\u00e9thode de navigation :<\/span> Navigation gyroscopique<\/li>\n<li class=\"product-features__item-list__item\" role=\"listitem\"><span class=\"is--medium\">Type de brosse :<\/span> Brosse centrale motoris\u00e9e sp\u00e9cifique animal (nylon et polyur\u00e9thane)<\/li>\n<\/ul>\n<\/li>\n<li class=\"product-features__item\" role=\"listitem\">\n<h3 class=\"product-features__label\">Connectivit\u00e9<\/h3>\n<ul role=\"list\">\n<li class=\"product-features__item-list__item\" role=\"listitem\"><span class=\"is--medium\">Application compatible :<\/span> Oui<\/li>\n<li class=\"product-features__item-list__item\" role=\"listitem\"><span class=\"is--medium\">Programmation du nettoyage pi\u00e8ce par pi\u00e8ce :<\/span> Non concern\u00e9<\/li>\n<li class=\"product-features__item-list__item\" role=\"listitem\"><span class=\"is--medium\">Nettoyage cibl\u00e9 \u00e0 la demande :<\/span> Permet de d\u00e9finir l&rsquo;endroit \u00e0 nettoyer (exemple: sous la table)<\/li>\n<li class=\"product-features__item-list__item\" role=\"listitem\"><span class=\"is--medium\">Exclusion des zones :<\/span> Permet d&rsquo;exclure des endroits \u00e0 aspirer (exemple: coin jeu pour enfants)<\/li>\n<li class=\"product-features__item-list__item\" role=\"listitem\"><span class=\"is--medium\">Programmation des horaires de nettoyage :<\/span> Oui<\/li>\n<li class=\"product-features__item-list__item\" role=\"listitem\"><span class=\"is--medium\">Surveillance du nettoyage de la maison via la cam\u00e9ra du robot \u00e0 distance :<\/span> Non<\/li>\n<li class=\"product-features__item-list__item\" role=\"listitem\"><span class=\"is--medium\">Compatibilit\u00e9 assistant vocal :<\/span> Google, Alexa<\/li>\n<\/ul>\n<\/li>\n<li class=\"product-features__item\" role=\"listitem\">\n<h3 class=\"product-features__label\">Gestion des obstacles et des types de sols<\/h3>\n<ul role=\"list\">\n<li class=\"product-features__item-list__item\" role=\"listitem\"><span class=\"is--medium\">D\u00e9tection des marches \/ du vide :<\/span> oui, permet d&rsquo;\u00e9viter la chute de l&rsquo;aspirateur<\/li>\n<li class=\"product-features__item-list__item\" role=\"listitem\"><span class=\"is--medium\">Detection des objets en temps r\u00e9el :<\/span> Ne s&#8217;emm\u00eale pas dans les c\u00e2bles et permet de reconna\u00eetre les objets<\/li>\n<li class=\"product-features__item-list__item\" role=\"listitem\"><span class=\"is--medium\">Hauteur du seuil :<\/span> 3,0 cm<\/li>\n<li class=\"product-features__item-list__item\" role=\"listitem\"><span class=\"is--medium\">Hauteur de l&rsquo;appareil :<\/span> 7,6 cm<\/li>\n<\/ul>\n<\/li>\n<li class=\"product-features__item\" role=\"listitem\">\n<h3 class=\"product-features__label\">Autonomie<\/h3>\n<ul role=\"list\">\n<li class=\"product-features__item-list__item\" role=\"listitem\"><span class=\"is--medium\">Autonomie jusqu&rsquo;\u00e0 :<\/span> 120 mn<\/li>\n<li class=\"product-features__item-list__item\" role=\"listitem\"><span class=\"is--medium\">Temps de charge :<\/span> 240 h<\/li>\n<li class=\"product-features__item-list__item\" role=\"listitem\"><span class=\"is--medium\">D\u00e9tail sur l&rsquo;autonomie :<\/span> Elle peut varier en fonction de plusieurs param\u00e8tres: le type de sols aspir\u00e9 (carrelage, parquet, tapis, moquette), le mode utilis\u00e9 (aspiration, lavage ou vidage) ou encore le degr\u00e9 de salissure du sol \u00e0 nettoyer<\/li>\n<li class=\"product-features__item-list__item\" role=\"listitem\"><span class=\"is--medium\">Retour automatique \u00e0 la base de chargement :<\/span> Retourne \u00e0 sa base quand la session de nettoyage est termin\u00e9e ou quand il est d\u00e9charg\u00e9<\/li>\n<li class=\"product-features__item-list__item\" role=\"listitem\"><span class=\"is--medium\">Reprise automatique du nettoyage :<\/span> Une fois recharg\u00e9, l&rsquo;aspirateur reprend sa session de nettoyage l\u00e0 o\u00f9 il s&rsquo;est arr\u00eat\u00e9<\/li>\n<\/ul>\n<\/li>\n<li class=\"product-features__item\" role=\"listitem\">\n<ul role=\"list\">\n<li class=\"product-features__item-list__item\" role=\"listitem\"><span class=\"is--medium\">Indice de r\u00e9parabilit\u00e9 :<\/span> 8,2 \/10<br \/>\n<h3 class=\"product-features__label\">Informations et Services<\/h3>\n<\/li>\n<li class=\"product-features__item-list__item\" role=\"listitem\"><span class=\"is--medium\">Fabriqu\u00e9 en :<\/span> Chine<\/li>\n<li class=\"product-features__item-list__item\" role=\"listitem\"><span class=\"is--medium\">Disponibilit\u00e9 des pi\u00e8ces d\u00e9tach\u00e9es (donn\u00e9es fournisseur) :<\/span> Pendant 13 ans, \u00e0 compter de la date fin de commercialisation<\/li>\n<li class=\"product-features__item-list__item\" role=\"listitem\"><span class=\"is--medium\">R\u00e9f\u00e9rence constructeur :<\/span> Aqua Xpert S250 Animal<\/li>\n<li class=\"product-features__item-list__item\" role=\"listitem\"><span class=\"is--medium\">Marque :<\/span> EZICLEAN<\/li>\n<\/ul>\n<\/li>\n<li class=\"product-features__item\" role=\"listitem\">\n<h3 class=\"product-features__label\">Dimensions<\/h3>\n<ul role=\"list\">\n<li class=\"product-features__item-list__item\" role=\"listitem\"><span class=\"is--medium\">Dimensions du robot l x h x p :<\/span> 33 x 7.6 x 33 cm<\/li>\n<li class=\"product-features__item-list__item\" role=\"listitem\"><span class=\"is--medium\">Poids du robot :<\/span> 2,7 kg<\/li>\n<li class=\"product-features__item-list__item\" role=\"listitem\"><span class=\"is--medium\">Poids de la station :<\/span> 3,0 kg<\/li>\n<\/ul>\n<\/li>\n<\/ul>\n<\/div>\n<div class=\"product__disclosure-content\">\n<div class=\"js-read-more product-description__content read-more read-more--truncated\" style=\"max-height: 500px; overflow: hidden;\" data-read-more-name=\"description\">\n<h3><strong>Il aspire et passe la serpilli\u00e8re \u00e0 votre place<\/strong><\/h3>\n<p>Votre aspirateur robot effectue en un seul passage les 3 \u00e9tapes essentielles d&rsquo;un nettoyage en profondeur. En effet, lors de son cycle de nettoyage il balaye les poussi\u00e8res et autres salet\u00e9s du quotidien, les aspire gr\u00e2ce \u00e0 sa puissante turbine d&rsquo;aspiration, puis passe la serpilli\u00e8re pour une finition soign\u00e9e. Il est \u00e9galement \u00e9quip\u00e9 d&rsquo;un r\u00e9servoir \u00e0 eau \u00e9lectronique qui contr\u00f4le automatiquement son d\u00e9bit d&rsquo;eau. Ainsi, soyez serein, l&rsquo;eau de votre appareil ne coulera que lorsqu&rsquo;il aura d\u00e9marr\u00e9 son cycle de nettoyage.<\/p>\n<h3><strong>Une technologie de navigation gyroscopique NAVIG+\u2122<\/strong><\/h3>\n<p>Gr\u00e2ce \u00e0 sa technologie de navigation NAVIG+\u2122, votre aspirateur robot \u00e9tablit, lors de son passage, un sch\u00e9ma pr\u00e9cis de la pi\u00e8ce qu&rsquo;il est en train de nettoyer. Ainsi, quel que soit l&rsquo;agencement de votre int\u00e9rieur et les obstacles rencontr\u00e9s, il parcourt l&rsquo;int\u00e9gralit\u00e9 de votre int\u00e9rieur en optimisant ses moindres d\u00e9placements.<br \/>\nS&rsquo;il rencontre un obstacle, il le contourne pour reprendre son chemin. Puis, une fois son nettoyage termin\u00e9, il retourne \u00e0 sa base de chargement en empruntant le chemin le plus rapide et ce, m\u00eame si vous stoppez vous-m\u00eame son cycle.<br \/>\nNe craignez plus de retrouver votre robot coinc\u00e9 entre deux meubles, la technologie NAVIG+\u2122 offre \u00e0 votre robot la capacit\u00e9 de se sortir des endroits les plus \u00e9troits en un rien de temps. Ayant au pr\u00e9alable enregistr\u00e9 sa navigation, il sait d&rsquo;avance o\u00f9 se trouve la sortie.<\/p>\n<h3><strong>Con\u00e7u pour les propri\u00e9taires d&rsquo;animaux de compagnie<\/strong><\/h3>\n<p>Votre robot aspirateur EZIclean\u00ae Aqua Xpert animal S250 est \u00e9quip\u00e9 d&rsquo;une nouvelle g\u00e9n\u00e9ration de moteur \u00e0 technologie MAGNETIK\u2122 qui vous offrira une aspiration exceptionnelle. Gr\u00e2ce \u00e0 sa turbine d&rsquo;aspiration surpuissante, vous b\u00e9n\u00e9ficiez d&rsquo;une aspiration de 3,5 Kpa qui vous permettra d&rsquo;aspirer les fines poussi\u00e8res et autres micro-particules. Il promet ainsi un nettoyage impeccable de votre int\u00e9rieur et ce, m\u00eame si vous \u00eates propri\u00e9taires d&rsquo;animaux de compagnie.<\/p>\n<h3><strong>Une exp\u00e9rience digitale exceptionnelle<\/strong><\/h3>\n<p>Lancez son nettoyage en un clic depuis votre smartphone. Il affichera en temps r\u00e9el la surface qu&rsquo;il a parcourue, le temps \u00e9coul\u00e9 et le pourcentage restant de la batterie. Vous pourrez \u00e9galement ajuster la puissance d&rsquo;aspiration ou le d\u00e9bit d&rsquo;eau de votre appareil. L&rsquo;application EZIclean\u00ae vous permet de planifier et contr\u00f4ler votre robot depuis votre smartphone, et peu importe l&rsquo;endroit o\u00f9 vous vous trouvez. Programmez votre aspirateur selon vos besoins ! Le lundi \u00e0 15h, le mardi \u00e0 10h et m\u00eame plusieurs fois par jour, personnalisez son emploi du temps \u00e0 l&rsquo;infini.<\/p>\n<h3><strong>Compatible avec Google Home et Alexa<\/strong><\/h3>\n<p>D\u00e9couvrez une nouvelle mani\u00e8re d&rsquo;interagir avec votre EZIclean\u00ae Aqua Xpert animal S250 en le commandant simplement avec votre voix.<\/p>\n<h3><strong>Une grande autonomie<\/strong><\/h3>\n<p>Votre appareil offre une tr\u00e8s grande autonomie de 120 min pour une couverture allant jusqu&rsquo;\u00e0 100m\u00b2.*<br \/>\n*(superficie estimative pouvant varier selon le taux d&rsquo;encombrement de votre int\u00e9rieur, la superficie de chacune des pi\u00e8ces \u00e0 nettoyer, la complexit\u00e9 de votre agencement, etc.).<\/p>\n<h3><strong>Silencieux<\/strong><\/h3>\n<p>Nos ing\u00e9nieurs ont apport\u00e9 une attention toute particuli\u00e8re \u00e0 la conception de nos aspirateurs robots afin qu&rsquo;ils soient les plus silencieux du march\u00e9. Vous pourrez donc lancer son cycle de nettoyage aussi bien pendant vos absences que lorsque vous \u00eates dans la pi\u00e8ce. Ainsi, contrairement aux autres aspirateurs robots qui atteignent souvent 75dB, sont faible niveau sonore de 55 dB vous permettra de regarder la t\u00e9l\u00e9vision ou m\u00eame de passer des appels t\u00e9l\u00e9phoniques sans \u00eatre d\u00e9rang\u00e9.<\/p>\n<h3><strong>Enti\u00e8rement autonome<\/strong><\/h3>\n<p>\u00c9quip\u00e9 de d\u00e9tecteurs d&rsquo;obstacles et de capteurs de vides, votre robot aspirateur est parfaitement autonome. Il d\u00e9tecte les escaliers et poursuit son nettoyage entre les obstacles sans se coincer. Une fois son cycle termin\u00e9, il retournera tout seul \u00e0 sa base pour se recharger.<\/p>\n<\/div>\n<p>&nbsp;<\/p>\n<\/div>","protected":false},"excerpt":{"rendered":"<div class=\"keypoints\">\n<h3 class=\"keypoints__title\">Les points cl\u00e9s<\/h3>\n<ul role=\"list\">\n<li class=\"keypoints__item\" role=\"listitem\">Autonomie jusqu&rsquo;\u00e0 : 120 mn &#8211; Temps de charge : 240 h<\/li>\n<li class=\"keypoints__item\" role=\"listitem\">Niveau sonore max : 60 dB<\/li>\n<\/ul>\n<\/div>","protected":false},"featured_media":76410,"template":"","meta":{"_glsr_average":0,"_glsr_ranking":0,"_glsr_reviews":0},"product_cat":[326],"product_tag":[324,327,153],"class_list":{"0":"post-76411","1":"product","2":"type-product","3":"status-publish","4":"has-post-thumbnail","6":"product_cat-aspirateur-robot","7":"product_tag-aspirateur","8":"product_tag-aspirateur-robot","9":"product_tag-maison-entretien","11":"first","12":"instock","13":"shipping-taxable","14":"purchasable","15":"product-type-simple"},"_links":{"self":[{"href":"https:\/\/electromenagerexpress.com\/en\/wp-json\/wp\/v2\/product\/76411","targetHints":{"allow":["GET"]}}],"collection":[{"href":"https:\/\/electromenagerexpress.com\/en\/wp-json\/wp\/v2\/product"}],"about":[{"href":"https:\/\/electromenagerexpress.com\/en\/wp-json\/wp\/v2\/types\/product"}],"wp:featuredmedia":[{"embeddable":true,"href":"https:\/\/electromenagerexpress.com\/en\/wp-json\/wp\/v2\/media\/76410"}],"wp:attachment":[{"href":"https:\/\/electromenagerexpress.com\/en\/wp-json\/wp\/v2\/media?parent=76411"}],"wp:term":[{"taxonomy":"product_cat","embeddable":true,"href":"https:\/\/electromenagerexpress.com\/en\/wp-json\/wp\/v2\/product_cat?post=76411"},{"taxonomy":"product_tag","embeddable":true,"href":"https:\/\/electromenagerexpress.com\/en\/wp-json\/wp\/v2\/product_tag?post=76411"}],"curies":[{"name":"wp","href":"https:\/\/api.w.org\/{rel}","templated":true}]}}