{"id":76396,"date":"2024-11-24T13:44:33","date_gmt":"2024-11-24T13:44:33","guid":{"rendered":"https:\/\/electromenagerexpress.com\/product\/aspirateur-laveurbissellcrosswave-hydrosteam-pet-select-3401n\/"},"modified":"2024-11-24T20:04:00","modified_gmt":"2024-11-24T20:04:00","slug":"aspirateur-laveurbissellcrosswave-hydrosteam-pet-select-3401n","status":"publish","type":"product","link":"https:\/\/electromenagerexpress.com\/en\/product\/aspirateur-laveurbissellcrosswave-hydrosteam-pet-select-3401n\/","title":{"rendered":"Aspirateur laveur\tBISSELL\tCrossWave HydroSteam Pet Select 3401N"},"content":{"rendered":"<div class=\"product-features__content\">\n<ul role=\"list\">\n<li class=\"product-features__item\" role=\"listitem\">\n<h3 class=\"product-features__label\">Choisir ce produit pour quels usages?<\/h3>\n<ul role=\"list\">\n<li class=\"product-features__item-list__item\" role=\"listitem\"><span class=\"is--medium\">Type de produit :<\/span> Aspirateur balai vapeur, permet d&rsquo;aspirer, de laver et de d\u00e9sinfecter vos sols avec plus de maniabilit\u00e9 qu&rsquo;avec un tra\u00eeneau<\/li>\n<li class=\"product-features__item-list__item\" role=\"listitem\"><span class=\"is--medium\">Fonction :<\/span> Pour aspirer et laver \u00e0 la vapeur<\/li>\n<li class=\"product-features__item-list__item\" role=\"listitem\"><span class=\"is--medium\">Id\u00e9al pour nettoyer :<\/span> Sols, tapis, moquettes<\/li>\n<\/ul>\n<\/li>\n<li class=\"product-features__item\" role=\"listitem\">\n<h3 class=\"product-features__label\">Performances<\/h3>\n<ul role=\"list\">\n<li class=\"product-features__item-list__item\" role=\"listitem\"><span class=\"is--medium\">Puissance :<\/span> 1.100,0 W<\/li>\n<li class=\"product-features__item-list__item\" role=\"listitem\"><span class=\"is--medium\">Utilisation :<\/span> avec fil<\/li>\n<li class=\"product-features__item-list__item\" role=\"listitem\"><span class=\"is--medium\">D\u00e9bit de vapeur :<\/span> 50 g\/min<\/li>\n<li class=\"product-features__item-list__item\" role=\"listitem\"><span class=\"is--medium\">Pression max :<\/span> 3,0 bars<\/li>\n<li class=\"product-features__item-list__item\" role=\"listitem\"><span class=\"is--medium\">R\u00e9glage vapeur :<\/span> Oui<\/li>\n<li class=\"product-features__item-list__item\" role=\"listitem\"><span class=\"is--medium\">R\u00e9glage aspiration :<\/span> 1 niveau<\/li>\n<li class=\"product-features__item-list__item\" role=\"listitem\"><span class=\"is--medium\">Capacit\u00e9 du r\u00e9servoir :<\/span> 0,82 L<\/li>\n<li class=\"product-features__item-list__item\" role=\"listitem\"><span class=\"is--medium\">Temps de chauffe :<\/span> 30 s<\/li>\n<\/ul>\n<\/li>\n<li class=\"product-features__item\" role=\"listitem\">\n<h3 class=\"product-features__label\">Confort d&rsquo;utilisation<\/h3>\n<ul role=\"list\">\n<li class=\"product-features__item-list__item\" role=\"listitem\"><span class=\"is--medium\">Indicateur de vapeur pr\u00eate :<\/span> Oui<\/li>\n<li class=\"product-features__item-list__item\" role=\"listitem\"><span class=\"is--medium\">Signal manque d&rsquo;eau :<\/span> Non<\/li>\n<li class=\"product-features__item-list__item\" role=\"listitem\"><span class=\"is--medium\">Position parking :<\/span> oui, toujours \u00e0 port\u00e9e de main et pour un rangement facile<\/li>\n<li class=\"product-features__item-list__item\" role=\"listitem\"><span class=\"is--medium\">Commande \u00e0 la poign\u00e9e :<\/span> Oui<\/li>\n<li class=\"product-features__item-list__item\" role=\"listitem\"><span class=\"is--medium\">Rayon d&rsquo;action :<\/span> 8 m<\/li>\n<li class=\"product-features__item-list__item\" role=\"listitem\"><span class=\"is--medium\">T\u00eate pivotante :<\/span> Oui<\/li>\n<li class=\"product-features__item-list__item\" role=\"listitem\"><span class=\"is--medium\">R\u00e9servoir amovible :<\/span> oui, permet de remplir facilement le r\u00e9servoir d&rsquo;eau<\/li>\n<li class=\"product-features__item-list__item\" role=\"listitem\"><span class=\"is--medium\">Longueur du cordon :<\/span> 7,50 m<\/li>\n<\/ul>\n<\/li>\n<li class=\"product-features__item\" role=\"listitem\">\n<h3 class=\"product-features__label\">Dimensions<\/h3>\n<ul role=\"list\">\n<li class=\"product-features__item-list__item\" role=\"listitem\"><span class=\"is--medium\">Dimensions l x h x p :<\/span> 27 x 111 x 25 cm<\/li>\n<li class=\"product-features__item-list__item\" role=\"listitem\"><span class=\"is--medium\">Poids net :<\/span> 5,0 kg<\/li>\n<\/ul>\n<\/li>\n<li class=\"product-features__item\" role=\"listitem\">\n<h3 class=\"product-features__label\">Informations et Services<\/h3>\n<ul role=\"list\">\n<li class=\"product-features__item-list__item\" role=\"listitem\"><span class=\"is--medium\">R\u00e9f\u00e9rence constructeur :<\/span> Crosswave Hydrosteam Pet Select &#8211; Nettoy<\/li>\n<li class=\"product-features__item-list__item\" role=\"listitem\"><span class=\"is--medium\">Marque :<\/span> BISSELL<\/li>\n<li class=\"product-features__item-list__item\" role=\"listitem\"><span class=\"is--medium\">Disponibilit\u00e9 des pi\u00e8ces d\u00e9tach\u00e9es (donn\u00e9es fournisseur) :<\/span> Non communiqu\u00e9e<\/li>\n<li class=\"product-features__item-list__item\" role=\"listitem\"><span class=\"is--medium\">Fabriqu\u00e9 en :<\/span> Chine<\/li>\n<\/ul>\n<\/li>\n<\/ul>\n<\/div>\n<div class=\"product__disclosure-content\">\n<div class=\"js-read-more product-description__content read-more read-more--truncated\" style=\"max-height: 500px; overflow: hidden;\" data-read-more-name=\"description\">\n<p>Le Crosswave Hydrosteam Pet Select de Bissel est un appareil 3-en-1 qui aspire la salet\u00e9, lave vos sols et les s\u00e8che en un seul passage avec une innovation en plus, la vapeur ! L&rsquo;appareil id\u00e9al pour d\u00e9sinfecter toute la maison?et la nettoyer de fa\u00e7on imp\u00e9ccable !<\/p>\n<h2><strong>Le Crosswave Hydrosteam Pet Select vous fait gagner du temps?!<\/strong><\/h2>\n<p>Son fort pouvoir d&rsquo;aspiration et sa puissance lui permettent de vous d\u00e9barrasser de la salet\u00e9 en un seul passage. Miettes de nourriture, terre, poils d&rsquo;animaux, mais aussi liquide renvers\u00e9 seront nettoy\u00e9s sans aucun effort. Le Crosswave Hydrosteam Pet Select s&rsquo;adapte aussi \u00e0 toutes les surfaces, de la moquette au carrelage en passant par le parquet, gr\u00e2ce \u00e0 son bouton tactile de changement de surface.<\/p>\n<p>Vous n&rsquo;aurez plus besoin de sortir l&rsquo;aspirateur, la serpilli\u00e8re et d&rsquo;attendre que vos sols s\u00e8chent. Le Crosswave Hydrosteam Pet Select s&rsquo;occupe de tout \u00e0 la fois et vous fait gagner un temps pr\u00e9cieux ?!<\/p>\n<h2><strong>La Vapeur pour une hygi\u00e8ne parfaite avec le Crosswave Hydrosteam Pet Select !<\/strong><\/h2>\n<p>Le Crosswave Hydrosteam Pet Select poss\u00e8de deux r\u00e9servoirs : un pour l&rsquo;eau propre et l&rsquo;autre pour l&rsquo;eau sale. Le r\u00e9servoir d&rsquo;eau propre vous permet d&rsquo;envoyer un m\u00e9lange d&rsquo;eau et de solution nettoyante sur le sol en appuyant sur la g\u00e2chette tandis que l&rsquo;eau sale est r\u00e9cup\u00e9r\u00e9e dans un r\u00e9servoir s\u00e9par\u00e9. <strong>Cette technologie vous assure de toujours nettoyer vos sols avec de l&rsquo;eau propre.<\/strong><\/p>\n<p>Le nettoyage compartiment\u00e9 entre eau sale et eau propre est bien plus hygi\u00e9nique qu&rsquo;en utilisant une serpilli\u00e8re tremp\u00e9e toujours dans le m\u00eame bac d&rsquo;eau et de produit.<\/p>\n<p>Le Crosswave Hydrosteam Pet Select dispose d&rsquo;une technologie suppl\u00e9mentaire par rapport au autres crosswave \u00e0 savoir la possibilit\u00e9 de disposer de vapeur lors de son utilisation. Cette vapeur coupl\u00e9e \u00e0 a rotation du rouleau brosse vous assurera un nettoyage parfait de vos sols.<\/p>\n<\/div>\n<p>&nbsp;<\/p>\n<\/div>","protected":false},"excerpt":{"rendered":"<div class=\"keypoints\">\n<h3 class=\"keypoints__title\">Les points cl\u00e9s<\/h3>\n<ul role=\"list\">\n<li class=\"keypoints__item\" role=\"listitem\">Pour aspirer et laver \u00e0 la vapeur<\/li>\n<li class=\"keypoints__item\" role=\"listitem\">D\u00e9bit de vapeur : 50 g\/min<\/li>\n<li class=\"keypoints__item\" role=\"listitem\">Pression max : 3,0 bars<\/li>\n<li class=\"keypoints__item\" role=\"listitem\">Temps de chauffe : 30 s<\/li>\n<\/ul>\n<\/div>","protected":false},"featured_media":76395,"template":"","meta":{"_glsr_average":0,"_glsr_ranking":0,"_glsr_reviews":0},"product_cat":[343],"product_tag":[153,331,344],"class_list":{"0":"post-76396","1":"product","2":"type-product","3":"status-publish","4":"has-post-thumbnail","6":"product_cat-nettoyeur-vapeur","7":"product_tag-maison-entretien","8":"product_tag-nettoyeur","9":"product_tag-nettoyeur-vapeur","11":"first","12":"instock","13":"sale","14":"shipping-taxable","15":"purchasable","16":"product-type-simple"},"_links":{"self":[{"href":"https:\/\/electromenagerexpress.com\/en\/wp-json\/wp\/v2\/product\/76396","targetHints":{"allow":["GET"]}}],"collection":[{"href":"https:\/\/electromenagerexpress.com\/en\/wp-json\/wp\/v2\/product"}],"about":[{"href":"https:\/\/electromenagerexpress.com\/en\/wp-json\/wp\/v2\/types\/product"}],"wp:featuredmedia":[{"embeddable":true,"href":"https:\/\/electromenagerexpress.com\/en\/wp-json\/wp\/v2\/media\/76395"}],"wp:attachment":[{"href":"https:\/\/electromenagerexpress.com\/en\/wp-json\/wp\/v2\/media?parent=76396"}],"wp:term":[{"taxonomy":"product_cat","embeddable":true,"href":"https:\/\/electromenagerexpress.com\/en\/wp-json\/wp\/v2\/product_cat?post=76396"},{"taxonomy":"product_tag","embeddable":true,"href":"https:\/\/electromenagerexpress.com\/en\/wp-json\/wp\/v2\/product_tag?post=76396"}],"curies":[{"name":"wp","href":"https:\/\/api.w.org\/{rel}","templated":true}]}}