{"id":76366,"date":"2024-11-24T13:44:07","date_gmt":"2024-11-24T13:44:07","guid":{"rendered":"https:\/\/electromenagerexpress.com\/product\/aspirateur-laveurthomasperfect-air-allergy-pur\/"},"modified":"2024-11-24T13:44:12","modified_gmt":"2024-11-24T13:44:12","slug":"aspirateur-laveurthomasperfect-air-allergy-pur","status":"publish","type":"product","link":"https:\/\/electromenagerexpress.com\/en\/product\/aspirateur-laveurthomasperfect-air-allergy-pur\/","title":{"rendered":"Aspirateur laveur\t\t\t\t\t\t\tTHOMAS\t\t\t\tPERFECT AIR ALLERGY PUR"},"content":{"rendered":"<div class=\"product-features__content\">\n<ul role=\"list\">\n<li class=\"product-features__item\" role=\"listitem\">\n<h3 class=\"product-features__label\">Caract\u00e9ristiques g\u00e9n\u00e9rales<\/h3>\n<ul role=\"list\">\n<li class=\"product-features__item-list__item\" role=\"listitem\"><span class=\"is--medium\">Type d&rsquo;aspirateur :<\/span> Laveur\t\t\t\t\t<\/li>\n<li class=\"product-features__item-list__item\" role=\"listitem\"><span class=\"is--medium\">Proc\u00e9d\u00e9 :<\/span> Id\u00e9al pour les personnes \u00e0 sensibilit\u00e9 respiratoire, allergiques aux pollens ou sujettes au rhume des foins.\t\t\t\t\t<\/li>\n<\/ul>\n<\/li>\n<li class=\"product-features__item\" role=\"listitem\">\n<h3 class=\"product-features__label\">Equipement<\/h3>\n<ul role=\"list\">\n<li class=\"product-features__item-list__item\" role=\"listitem\"><span class=\"is--medium\">Variateur de puissance :<\/span> Electronique\t\t\t\t\t<\/li>\n<li class=\"product-features__item-list__item\" role=\"listitem\"><span class=\"is--medium\">Type d&rsquo;enrouleur :<\/span> Standard\t\t\t\t\t<\/li>\n<\/ul>\n<\/li>\n<li class=\"product-features__item\" role=\"listitem\">\n<h3 class=\"product-features__label\">Tube<\/h3>\n<ul role=\"list\">\n<li class=\"product-features__item-list__item\" role=\"listitem\"><span class=\"is--medium\">Tube :<\/span> Acier t\u00e9lescopique\t\t\t\t\t<\/li>\n<\/ul>\n<\/li>\n<li class=\"product-features__item\" role=\"listitem\">\n<h3 class=\"product-features__label\">Flexible<\/h3>\n<ul role=\"list\">\n<li class=\"product-features__item-list__item\" role=\"listitem\"><span class=\"is--medium\">Rotation du flexible \u00e0 360\u00b0 :<\/span> Oui\t\t\t\t\t<\/li>\n<\/ul>\n<\/li>\n<li class=\"product-features__item\" role=\"listitem\">\n<h3 class=\"product-features__label\">Filtre<\/h3>\n<ul role=\"list\">\n<li class=\"product-features__item-list__item\" role=\"listitem\"><span class=\"is--medium\">Filtre moteur :<\/span> Oui\t\t\t\t\t<\/li>\n<li class=\"product-features__item-list__item\" role=\"listitem\"><span class=\"is--medium\">Filtre \u00e0 eau :<\/span> Oui\t\t\t\t\t<\/li>\n<li class=\"product-features__item-list__item\" role=\"listitem\"><span class=\"is--medium\">Filtre sortie d&rsquo;air :<\/span> Microfiltre\t\t\t\t\t<\/li>\n<\/ul>\n<\/li>\n<li class=\"product-features__item\" role=\"listitem\">\n<h3 class=\"product-features__label\">Cordon<\/h3>\n<ul role=\"list\">\n<li class=\"product-features__item-list__item\" role=\"listitem\"><span class=\"is--medium\">Longeur cordon :<\/span> 8,0 m\t\t\t\t\t<\/li>\n<li class=\"product-features__item-list__item\" role=\"listitem\"><span class=\"is--medium\">Rayon d&rsquo;action :<\/span> 11,0 m\t\t\t\t\t<\/li>\n<\/ul>\n<\/li>\n<li class=\"product-features__item\" role=\"listitem\">\n<h3 class=\"product-features__label\">Informations et Services<\/h3>\n<ul role=\"list\">\n<li class=\"product-features__item-list__item\" role=\"listitem\"><span class=\"is--medium\">Garantie :<\/span> 2 ans\t\t\t\t\t<\/li>\n<li class=\"product-features__item-list__item\" role=\"listitem\"><span class=\"is--medium\">Disponibilit\u00e9 des pi\u00e8ces d\u00e9tach\u00e9es (donn\u00e9es fournisseur) :<\/span> Pendant 10 ans\t\t\t\t\t<\/li>\n<li class=\"product-features__item-list__item\" role=\"listitem\"><span class=\"is--medium\">R\u00e9f\u00e9rence constructeur :<\/span> PERFECT AIR ALLERGY PUR\t\t\t\t\t<\/li>\n<li class=\"product-features__item-list__item\" role=\"listitem\"><span class=\"is--medium\">Marque :<\/span> THOMAS\t\t\t\t\t<\/li>\n<\/ul>\n<\/li>\n<\/ul>\n<\/div>\n<div class=\"product__disclosure-content\">\n<div class=\"js-read-more product-description__content read-more read-more--truncated\" data-read-more-name=\"description\" style=\"max-height: 500px; overflow: hidden;\">\n<p>L&rsquo;aspirateur THOMAS PERFECT AIR ALLERGY PUR se fait l&rsquo;alli\u00e9 indiscutable des personnes sujettes aux allergies. Cet appareil sans sac se r\u00e9v\u00e8le pratique et facile \u00e0 manier pour un r\u00e9sultat d&rsquo;exception. Vous retrouvez un air purifi\u00e9 et frais apr\u00e8s seulement un passage de ce nettoyeur. Il s&rsquo;adapte \u00e0 toutes les situations gr\u00e2ce \u00e0 ses nombreux accessoires, pour vous offrir un environnement propre.<\/p>\n<h3>Un aspirateur sans sac et facile \u00e0 employer<img fetchpriority=\"high\" decoding=\"async\" alt=\"Aspi THOMAS PERFECT AIR ALLERGY PUR\" class=\"wy_tableau_gauche\" height=\"270\" src=\"https:\/\/boulanger.scene7.com\/is\/image\/Boulanger\/4005435110153_p1?wid=400&amp;hei=270\" width=\"400\"\/><\/h3>\n<p>Cet <b>aspirateur sans sac<\/b> vous fera vite oublier tout autre appareil de nettoyage. Pratique, il se suffit \u00e0 lui-m\u00eame. Ainsi, vous ne vous retrouverez plus jamais dans la situation o\u00f9 vous n&rsquo;avez plus de sac pour aspirateur : voil\u00e0 qui ravira plus d&rsquo;une personne !<\/p>\n<p>Aussi <b>facile \u00e0 manier et \u00e0 nettoyer<\/b>, il vous fait profiter d&rsquo;une poign\u00e9e ergonomique pour un rayon d&rsquo;action de 11 m\u00e8tres. Vous pouvez, selon vos besoins, r\u00e9guler sa puissance d&rsquo;aspiration de mani\u00e8re m\u00e9canique ou bien \u00e9lectronique.<\/p>\n<h3>Un appareil de nettoyage id\u00e9al pour une fra\u00eecheur de l&rsquo;air exceptionnelle<img decoding=\"async\" alt=\"Aspi THOMAS PERFECT AIR ALLERGY PUR\" class=\"wy_tableau_right\" height=\"270\" src=\"https:\/\/boulanger.scene7.com\/is\/image\/Boulanger\/4005435110153_p2?wid=400&amp;hei=270\" width=\"400\"\/><\/h3>\n<p>Cet aspirateur <b>id\u00e9al pour les personnes sensibles et allergiques<\/b> vous permet de retrouver un air 100 % frais. Une fois votre nettoyage termin\u00e9, il vous suffit de laver son filtre anti-pollen pour l&#8217;employer \u00e0 nouveau. Fiable, cet \u00e9quipement ne vous l\u00e2chera pas de sit\u00f4t.<\/p>\n<p><b>Rien ne lui r\u00e9siste<\/b> ! Il aspire les poussi\u00e8res, les mites et autres allerg\u00e8nes, les bact\u00e9ries et le pollen qui sont ensuite retenus dans son syst\u00e8me par l&rsquo;eau. Oubliez les allergies et les rhumes des foins gr\u00e2ce \u00e0 lui.<\/p>\n<\/p>\n<p><video class=\"s7Video\" controls=\"\" controlslist=\"nodownload\" poster=\"https:\/\/boulanger.scene7.com\/is\/image\/Boulanger\/4005435110153_v_0?scl=1\" preload=\"metadata\" src=\"https:\/\/boulanger.scene7.com\/is\/content\/Boulanger\/4005435110153_v_0\" width=\"100%\"><\/video><\/p>\n<\/div>\n<p><bl-button a11yexpanded=\"false\" arialabel=\"Afficher toute la description\" class=\"read-more__btn\" full=\"false\" link=\"true\"><\/bl-button><\/div>","protected":false},"excerpt":{"rendered":"<p>None<\/p>","protected":false},"featured_media":76365,"template":"","meta":{"_glsr_average":0,"_glsr_ranking":0,"_glsr_reviews":0},"product_cat":[341],"product_tag":[153,331,342],"class_list":{"0":"post-76366","1":"product","2":"type-product","3":"status-publish","4":"has-post-thumbnail","6":"product_cat-shampouineuse-detacheur","7":"product_tag-maison-entretien","8":"product_tag-nettoyeur","9":"product_tag-shampouineuse-detacheur","11":"first","12":"instock","13":"sale","14":"shipping-taxable","15":"purchasable","16":"product-type-simple"},"_links":{"self":[{"href":"https:\/\/electromenagerexpress.com\/en\/wp-json\/wp\/v2\/product\/76366","targetHints":{"allow":["GET"]}}],"collection":[{"href":"https:\/\/electromenagerexpress.com\/en\/wp-json\/wp\/v2\/product"}],"about":[{"href":"https:\/\/electromenagerexpress.com\/en\/wp-json\/wp\/v2\/types\/product"}],"wp:featuredmedia":[{"embeddable":true,"href":"https:\/\/electromenagerexpress.com\/en\/wp-json\/wp\/v2\/media\/76365"}],"wp:attachment":[{"href":"https:\/\/electromenagerexpress.com\/en\/wp-json\/wp\/v2\/media?parent=76366"}],"wp:term":[{"taxonomy":"product_cat","embeddable":true,"href":"https:\/\/electromenagerexpress.com\/en\/wp-json\/wp\/v2\/product_cat?post=76366"},{"taxonomy":"product_tag","embeddable":true,"href":"https:\/\/electromenagerexpress.com\/en\/wp-json\/wp\/v2\/product_tag?post=76366"}],"curies":[{"name":"wp","href":"https:\/\/api.w.org\/{rel}","templated":true}]}}