{"id":76323,"date":"2024-11-24T13:43:35","date_gmt":"2024-11-24T13:43:35","guid":{"rendered":"https:\/\/electromenagerexpress.com\/product\/aspirateur-sans-sacrowentax-o-160-sans-fil-ix7777ea\/"},"modified":"2024-11-24T13:43:54","modified_gmt":"2024-11-24T13:43:54","slug":"aspirateur-sans-sacrowentax-o-160-sans-fil-ix7777ea","status":"publish","type":"product","link":"https:\/\/electromenagerexpress.com\/en\/product\/aspirateur-sans-sacrowentax-o-160-sans-fil-ix7777ea\/","title":{"rendered":"Aspirateur sans sac\t\t\t\t\t\t\tROWENTA\t\t\t\tX-\u00d4 160 sans fil IX7777EA"},"content":{"rendered":"<div class=\"product-features__content\">\n<ul role=\"list\">\n<li class=\"product-features__item\" role=\"listitem\">\n<h3 class=\"product-features__label\">Choisir ce produit pour quels usages ?<\/h3>\n<ul role=\"list\">\n<li class=\"product-features__item-list__item\" role=\"listitem\"><span class=\"is--medium\">Pour quelle utilisation :<\/span> pour aspirer en profondeur, pratique sans sac\t\t\t\t\t<\/li>\n<li class=\"product-features__item-list__item\" role=\"listitem\"><span class=\"is--medium\">Type de sols :<\/span> Carrelages, parquets, tapis, moquettes\t\t\t\t\t<\/li>\n<li class=\"product-features__item-list__item\" role=\"listitem\"><span class=\"is--medium\">Brosses &amp; Accessoires sp\u00e9ciaux :<\/span> Technologie Flex, pour nettoyer plus loin sous les meubles bas\t\t\t\t\t<\/li>\n<\/ul>\n<\/li>\n<li class=\"product-features__item\" role=\"listitem\">\n<h3 class=\"product-features__label\">Confort d&rsquo;utilisation<\/h3>\n<ul role=\"list\">\n<li class=\"product-features__item-list__item\" role=\"listitem\"><span class=\"is--medium\">Niveau sonore :<\/span> 69 dB\t\t\t\t\t<\/li>\n<li class=\"product-features__item-list__item\" role=\"listitem\"><span class=\"is--medium\">D\u00e9tail sur le niveau sonore: :<\/span> Il peut varier en fonction du mode utilis\u00e9 et du type de sols aspir\u00e9 (parquet, carrelage, moquette, tapis)\t\t\t\t\t<\/li>\n<li class=\"product-features__item-list__item\" role=\"listitem\"><span class=\"is--medium\">Capacit\u00e9 bac\/sac :<\/span> 1,0 L\t\t\t\t\t<\/li>\n<li class=\"product-features__item-list__item\" role=\"listitem\"><span class=\"is--medium\">Variateur de puissance :<\/span> Electronique\t\t\t\t\t<\/li>\n<li class=\"product-features__item-list__item\" role=\"listitem\"><span class=\"is--medium\">Indicateur de bac\/sac plein :<\/span> Non\t\t\t\t\t<\/li>\n<li class=\"product-features__item-list__item\" role=\"listitem\"><span class=\"is--medium\">S\u00e9curit\u00e9 de pr\u00e9sence de sac :<\/span> Non concern\u00e9\t\t\t\t\t<\/li>\n<li class=\"product-features__item-list__item\" role=\"listitem\"><span class=\"is--medium\">D\u00e9tection automatique du type de sol pour adapter la puissance :<\/span> Non\t\t\t\t\t<\/li>\n<li class=\"product-features__item-list__item\" role=\"listitem\"><span class=\"is--medium\">Rangement des accessoires :<\/span> sans rangement\t\t\t\t\t<\/li>\n<li class=\"product-features__item-list__item\" role=\"listitem\"><span class=\"is--medium\">Temps de charge :<\/span> 4,0 h\t\t\t\t\t<\/li>\n<\/ul>\n<\/li>\n<li class=\"product-features__item\" role=\"listitem\">\n<h3 class=\"product-features__label\">Maniabilit\u00e9<\/h3>\n<ul role=\"list\">\n<li class=\"product-features__item-list__item\" role=\"listitem\"><span class=\"is--medium\">Poids :<\/span> 7,22 Kg\t\t\t\t\t<\/li>\n<li class=\"product-features__item-list__item\" role=\"listitem\"><span class=\"is--medium\">Mobilit\u00e9 :<\/span> Grandes roues souples\t\t\t\t\t<\/li>\n<li class=\"product-features__item-list__item\" role=\"listitem\"><span class=\"is--medium\">Poign\u00e9e de transport :<\/span> Oui, permet de monter l&rsquo;aspirateur facilement \u00e0 l&rsquo;\u00e9tage\t\t\t\t\t<\/li>\n<li class=\"product-features__item-list__item\" role=\"listitem\"><span class=\"is--medium\">Type d&rsquo;enrouleur de c\u00e2ble :<\/span> Non concern\u00e9\t\t\t\t\t<\/li>\n<li class=\"product-features__item-list__item\" role=\"listitem\"><span class=\"is--medium\">Rayon d&rsquo;action :<\/span> Illimit\u00e9\t\t\t\t\t<\/li>\n<\/ul>\n<\/li>\n<li class=\"product-features__item\" role=\"listitem\">\n<h3 class=\"product-features__label\">Performance<\/h3>\n<ul role=\"list\">\n<li class=\"product-features__item-list__item\" role=\"listitem\"><span class=\"is--medium\">Technologie d&rsquo;aspiration :<\/span> Cyclonique : utilise la force centrifuge pour s\u00e9parer les poussi\u00e8res de l&rsquo;air et les coller sur les parois pour retomber dans le bac. Elle offre une force d&rsquo;aspiration constante pendant toute la dur\u00e9e du nettoyage\t\t\t\t\t<\/li>\n<li class=\"product-features__item-list__item\" role=\"listitem\"><span class=\"is--medium\">Entretien du filtre du r\u00e9servoir :<\/span> Manuel, n\u00e9cessite r\u00e9guli\u00e8rement de d\u00e9monter le filtre et le nettoyer\t\t\t\t\t<\/li>\n<li class=\"product-features__item-list__item\" role=\"listitem\"><span class=\"is--medium\">Brosse principale :<\/span> Brosse 2 en1 (sols durs et moquettes)\t\t\t\t\t<\/li>\n<\/ul>\n<\/li>\n<li class=\"product-features__item\" role=\"listitem\">\n<h3 class=\"product-features__label\">Autour de l&rsquo;hygi\u00e8ne<\/h3>\n<ul role=\"list\">\n<li class=\"product-features__item-list__item\" role=\"listitem\"><span class=\"is--medium\">Syst\u00e8me de filtration :<\/span> 3 \u00e9tapes de filtration, les aspirateurs \u00e0 plusieurs \u00e9tapes de filtration permetttent d&rsquo;aspirer jusqu&rsquo;\u00e0 99,99% des particules et allerg\u00e8nes\t\t\t\t\t<\/li>\n<li class=\"product-features__item-list__item\" role=\"listitem\"><span class=\"is--medium\">Filtre de sortie d&rsquo;air :<\/span> Filtration haute performance\t\t\t\t\t<\/li>\n<\/ul>\n<\/li>\n<li class=\"product-features__item\" role=\"listitem\">\n<h3 class=\"product-features__label\">Informations et Services<\/h3>\n<ul role=\"list\">\n<li class=\"product-features__item-list__item\" role=\"listitem\"><span class=\"is--medium\">Indice de r\u00e9parabilit\u00e9 :<\/span> 9,7 \/10\t\t\t\t\t<\/li>\n<li class=\"product-features__item-list__item\" role=\"listitem\"><span class=\"is--medium\">D\u00e9tail sur l&rsquo;indice de r\u00e9parabilit\u00e9 :<\/span> <u><a href=\"https:\/\/www.boulanger.com\/evenement\/indice-reparabilite\" target=\"_blank\"> en sa<\/a><\/u><\/li>\n<li class=\"product-features__item-list__item\" role=\"listitem\"><span class=\"is--medium\">Fabriqu\u00e9 en :<\/span> France\t\t\t\t\t<\/li>\n<li class=\"product-features__item-list__item\" role=\"listitem\"><span class=\"is--medium\">Garantie :<\/span> 2 ans\t\t\t\t\t<\/li>\n<li class=\"product-features__item-list__item\" role=\"listitem\"><span class=\"is--medium\">Disponibilit\u00e9 des pi\u00e8ces d\u00e9tach\u00e9es (donn\u00e9es fournisseur) :<\/span> Pendant 15 ans, \u00e0 compter de la date d&rsquo;achat\t\t\t\t\t<\/li>\n<li class=\"product-features__item-list__item\" role=\"listitem\"><span class=\"is--medium\">R\u00e9f\u00e9rence constructeur :<\/span> IX7777EA X-O 160\t\t\t\t\t<\/li>\n<li class=\"product-features__item-list__item\" role=\"listitem\"><span class=\"is--medium\">Marque :<\/span> ROWENTA\t\t\t\t\t<\/li>\n<\/ul>\n<\/li>\n<li class=\"product-features__item\" role=\"listitem\">\n<h3 class=\"product-features__label\">Dimensions<\/h3>\n<ul role=\"list\">\n<li class=\"product-features__item-list__item\" role=\"listitem\"><span class=\"is--medium\">Dimensions l x h x p :<\/span> 37.98 x 31.31 x 30 cm\t\t\t\t\t<\/li>\n<li class=\"product-features__item-list__item\" role=\"listitem\"><span class=\"is--medium\">Poids net :<\/span> 7 kg\t\t\t\t\t<\/li>\n<li class=\"product-features__item-list__item\" role=\"listitem\"><span class=\"is--medium\">Poids brut :<\/span> 9 kg\t\t\t\t\t<\/li>\n<\/ul>\n<\/li>\n<li class=\"product-features__item\" role=\"listitem\">\n<h3 class=\"product-features__label\">Brosses et accessoires<\/h3>\n<ul role=\"list\">\n<li class=\"product-features__item-list__item\" role=\"listitem\"><span class=\"is--medium\">Mini turbo brosse :<\/span> Retire efficacement les cheveux et poils d&rsquo;animaux sur les canap\u00e9s et les tissus d&rsquo;ameublement.\t\t\t\t\t<\/li>\n<\/ul>\n<\/li>\n<\/ul>\n<\/div>\n<div class=\"product__disclosure-content\">\n<div class=\"js-read-more product-description__content read-more read-more--truncated\" data-read-more-name=\"description\" style=\"max-height: 500px; overflow: hidden;\">\n<p><strong>SANS FIL\u00a0 X\u00a0 PUISSANT\u00a0<img decoding=\"async\" alt=\"URL SCENE7\" class=\"wy_tableau_right\" src=\"https:\/\/boulanger.scene7.com\/is\/image\/Boulanger\/3221616018488_h_z_l_0\"\/><\/strong><\/p>\n<p>Apr\u00e8s des ann\u00e9es de recherche, Rowenta <strong>repousse les limites de l&rsquo;aspiration sans fil<\/strong> avec X-\u00d4 qui, gr\u00e2ce \u00e0 sa technologie r\u00e9volutionnaire, assure une <strong>aspiration agile et facile sans compromis sur la puissance<\/strong>. Equip\u00e9 du moteur Digital Force le plus puissant de Rowenta, comprenant des aimants permanents inspir\u00e9s de l&rsquo;industrie automobile, X-\u00d4 lib\u00e8re une <strong>puissance d&rsquo;aspiration tr\u00e8s \u00e9lev\u00e9e<\/strong>, jusqu&rsquo;\u00e0 <strong>230 watts air<\/strong>. De plus, il est \u00e9quip\u00e9 d&rsquo;un <strong>syst\u00e8me de filtration<\/strong> HEPA en 3 \u00e9tapes qui capture <strong>jusqu&rsquo;\u00e0 99,98 % de toutes les micro et fines particules<\/strong>, pour offrir un environnement sain \u00e0 toute la famille et aux personnes sujettes aux allergies.<\/p>\n<p><strong>SANS FIL\u00a0 X\u00a0 AUTONOME\u00a0<\/strong>Sans fil : plus besoin de brancher et d\u00e9brancher sans arr\u00eat votre appareil. Equip\u00e9 d&rsquo;une\u00a0<strong>puissante batterie amovible<\/strong>, cet aspirateur sans fil dispose d&rsquo;une\u00a0<strong>autonomie allant jusqu&rsquo;\u00e0 90 minutes<\/strong>\u00a0en mode\u00a0ECO, <strong>50 minutes<\/strong>\u00a0en mode\u00a0HIGH\u00a0et\u00a0<strong>20 minutes\u00a0<\/strong>en mode\u00a0MAX\u00a0pour nettoyer tout votre int\u00e9rieur<strong>\u00a0jusqu&rsquo;\u00e0 140 m\u00b2 en une seule charge<\/strong>.<\/p>\n<p><strong>SANS FIL X AGILE\u00a0<img decoding=\"async\" alt=\"URL SCENE7\" class=\"wy_tableau_gauche\" src=\"https:\/\/boulanger.scene7.com\/is\/image\/Boulanger\/3221616018488_h_z_l_1\"\/><\/strong><\/p>\n<p>Sa puissance d&rsquo;aspiration et sa t\u00eate maniable \u00e0 180\u00b0 sont parfaites pour nettoyer <strong>tous les sols<\/strong> : parquets, carrelages, moquettes, tapis, et la technologie Flex permet d&rsquo;atteindre les endroits les plus difficiles sans vous baisser.<\/p>\n<p>Gr\u00e2ce \u00e0 sa conception innovante avec <strong>4 roues principales et 54 mini-roues lat\u00e9rales<\/strong>, X-\u00d4 160 de Rowenta \u00e9vite tout obstacle, pour une libert\u00e9 de mouvement exceptionnelle et une manipulation souple et fluide \u00e0 360\u00b0.<\/p>\n<p>Son <strong>design compact<\/strong> dont la base repose sur le sol permet une parfaite r\u00e9partition du poids, et le <strong>manche ultral\u00e9ger<\/strong> offre un <strong>confort total<\/strong>, m\u00eame lors de longues s\u00e9ances de nettoyage.<\/p>\n<p><strong>SANS FIL X SILENCIEUX\u00a0<img decoding=\"async\" alt=\"URL SCENE7\" class=\"wy_tableau_right\" src=\"https:\/\/boulanger.scene7.com\/is\/image\/Boulanger\/3221616018488_h_z_l_2\"\/><\/strong><\/p>\n<p>Au final, vous obtiendrez une aspiration qui n&rsquo;\u00e9touffe pas vos conversations, la t\u00e9l\u00e9vision ou vos podcasts, et qui n&rsquo;effraie pas votre animal de compagnie : avec son bloc-moteur silencieux, une t\u00eate d&rsquo;aspiration sur mesure et une mousse acoustique \u00e0 trois couches, X-\u00d4 assure un niveau sonore de <strong>69 dB(A)<\/strong> en mode Boost, <strong>le plus silencieux des aspirateurs sans fil<\/strong>.<\/p>\n<p>\u00a0<\/p>\n<p>\u00a0<\/p>\n<p>\u00a0<\/p>\n<p><strong>SANS FIL X ULTRA COMPLET\u00a0<img decoding=\"async\" alt=\"URL SCENE7\" class=\"wy_tableau_gauche\" src=\"https:\/\/boulanger.scene7.com\/is\/image\/Boulanger\/3221616018488_h_z_l_3\"\/><\/strong><\/p>\n<p>Avec sa brosse 2en1 et ses accessoires, l&rsquo;aspirateur sans fil X-\u00d4 est id\u00e9al pour <strong>traquer les poils de chiens et chats<\/strong> partout o\u00f9 ils se cachent.<\/p>\n<p>Gr\u00e2ce \u00e0 <strong>ses brossettes incluses<\/strong>, vous pouvez atteindre facilement les plafonds ou autres surfaces en hauteur, mais aussi nettoyer les tiroirs, bas de placards et m\u00eame votre voiture. <strong>D&rsquo;autres accessoires<\/strong> sont inclus : un suceur fente, une brosse sofa et d&rsquo;une mini turbo brosse pour aspirer en profondeur les poussi\u00e8res les plus incrust\u00e9es. Il est \u00e9galement dot\u00e9 d&rsquo;une seconde batterie amovible et d&rsquo;une t\u00e9l\u00e9commande qui facilite l&rsquo;utilisation.<\/p>\n<p>Son\u00a0 <strong>grand bac \u00e0 poussi\u00e8re d&rsquo;1L<\/strong> permet de le vider moins souvent ; transparent, il permet de v\u00e9rifier facilement le niveau de remplissage.<\/p>\n<p>Con\u00e7u et fabriqu\u00e9 en France, en Normandie, l&rsquo;aspirateur sans fil X-\u00d4 IX7777 b\u00e9n\u00e9ficie de la qualit\u00e9 Rowenta et est <strong>garanti 2 ans<\/strong>. Il b\u00e9n\u00e9ficie \u00e9galement d&rsquo;une <strong>r\u00e9parabilit\u00e9 de 15 ans<\/strong> avec mise \u00e0 disposition rapide des pi\u00e8ces \u00e0 co\u00fbt limit\u00e9, dans l&rsquo;un des 6500 centres de r\u00e9parations dans le monde, pour un aspirateur durable \u00e0 la production de d\u00e9chets limit\u00e9e.<\/p>\n<\/p>\n<p><video class=\"s7Video\" controls=\"\" controlslist=\"nodownload\" poster=\"https:\/\/boulanger.scene7.com\/is\/image\/Boulanger\/3221616018488_v_0?scl=1\" preload=\"metadata\" src=\"https:\/\/boulanger.scene7.com\/is\/content\/Boulanger\/3221616018488_v_0\" width=\"100%\"><\/video><\/p>\n<\/div>\n<p><bl-button a11yexpanded=\"false\" arialabel=\"Afficher toute la description\" class=\"read-more__btn\" full=\"false\" link=\"true\"><\/bl-button><\/div>","protected":false},"excerpt":{"rendered":"<div class=\"keypoints\">\n<h3 class=\"keypoints__title\">Les points cl\u00e9s<\/h3>\n<ul role=\"list\">\n<li class=\"keypoints__item\" role=\"listitem\">                                        Rayon d&rsquo;action : Illimit\u00e9                      <\/li>\n<li class=\"keypoints__item\" role=\"listitem\">                                        Capacit\u00e9 bac\/sac : 1,0 L                      <\/li>\n<li class=\"keypoints__item\" role=\"listitem\">                                        Niveau sonore : 69 dB                      <\/li>\n<li class=\"keypoints__item\" role=\"listitem\">                                        Poids : 7,22 Kg                      <\/li>\n<li class=\"keypoints__item keypoints__item--advantage\" role=\"listitem\"><strong>Le + :<\/strong> 2 Batteries incluses, autonomie prolong\u00e9e, silencieux, l\u00e9ger, anti-allergie, mini turbobrosse animal      <\/li>\n<\/ul>","protected":false},"featured_media":76322,"template":"","meta":{"_glsr_average":0,"_glsr_ranking":0,"_glsr_reviews":0},"product_cat":[333],"product_tag":[324,334,153],"class_list":{"0":"post-76323","1":"product","2":"type-product","3":"status-publish","4":"has-post-thumbnail","6":"product_cat-aspirateur-sans-sac","7":"product_tag-aspirateur","8":"product_tag-aspirateur-sans-sac","9":"product_tag-maison-entretien","11":"first","12":"instock","13":"sale","14":"shipping-taxable","15":"purchasable","16":"product-type-simple"},"_links":{"self":[{"href":"https:\/\/electromenagerexpress.com\/en\/wp-json\/wp\/v2\/product\/76323","targetHints":{"allow":["GET"]}}],"collection":[{"href":"https:\/\/electromenagerexpress.com\/en\/wp-json\/wp\/v2\/product"}],"about":[{"href":"https:\/\/electromenagerexpress.com\/en\/wp-json\/wp\/v2\/types\/product"}],"wp:featuredmedia":[{"embeddable":true,"href":"https:\/\/electromenagerexpress.com\/en\/wp-json\/wp\/v2\/media\/76322"}],"wp:attachment":[{"href":"https:\/\/electromenagerexpress.com\/en\/wp-json\/wp\/v2\/media?parent=76323"}],"wp:term":[{"taxonomy":"product_cat","embeddable":true,"href":"https:\/\/electromenagerexpress.com\/en\/wp-json\/wp\/v2\/product_cat?post=76323"},{"taxonomy":"product_tag","embeddable":true,"href":"https:\/\/electromenagerexpress.com\/en\/wp-json\/wp\/v2\/product_tag?post=76323"}],"curies":[{"name":"wp","href":"https:\/\/api.w.org\/{rel}","templated":true}]}}