{"id":76314,"date":"2024-11-24T13:43:28","date_gmt":"2024-11-24T13:43:28","guid":{"rendered":"https:\/\/electromenagerexpress.com\/product\/aspirateur-sans-sacelectroluxelectrolux-pure-c9-4mg\/"},"modified":"2024-11-24T13:43:33","modified_gmt":"2024-11-24T13:43:33","slug":"aspirateur-sans-sacelectroluxelectrolux-pure-c9-4mg","status":"publish","type":"product","link":"https:\/\/electromenagerexpress.com\/en\/product\/aspirateur-sans-sacelectroluxelectrolux-pure-c9-4mg\/","title":{"rendered":"Aspirateur sans sac\t\t\t\t\t\t\tELECTROLUX\t\t\t\tElectrolux pure C9 &#8211; 4MG"},"content":{"rendered":"<div class=\"product-features__content\">\n<ul role=\"list\">\n<li class=\"product-features__item\" role=\"listitem\">\n<h3 class=\"product-features__label\">Confort d&rsquo;utilisation<\/h3>\n<ul role=\"list\">\n<li class=\"product-features__item-list__item\" role=\"listitem\"><span class=\"is--medium\">Variateur de puissance :<\/span> Electronique\t\t\t\t\t<\/li>\n<\/ul>\n<\/li>\n<li class=\"product-features__item\" role=\"listitem\">\n<h3 class=\"product-features__label\">Maniabilit\u00e9<\/h3>\n<ul role=\"list\">\n<li class=\"product-features__item-list__item\" role=\"listitem\"><span class=\"is--medium\">Poids :<\/span> 5,60 Kg\t\t\t\t\t<\/li>\n<li class=\"product-features__item-list__item\" role=\"listitem\"><span class=\"is--medium\">Longueur du cordon secteur :<\/span> 9,0 m\t\t\t\t\t<\/li>\n<\/ul>\n<\/li>\n<li class=\"product-features__item\" role=\"listitem\">\n<h3 class=\"product-features__label\">Informations et Services<\/h3>\n<ul role=\"list\">\n<li class=\"product-features__item-list__item\" role=\"listitem\"><span class=\"is--medium\">Garantie :<\/span> 2 ans\t\t\t\t\t<\/li>\n<li class=\"product-features__item-list__item\" role=\"listitem\"><span class=\"is--medium\">Disponibilit\u00e9 des pi\u00e8ces d\u00e9tach\u00e9es (donn\u00e9es fournisseur) :<\/span> Pendant 10 ans, \u00e0 compter de la date d&rsquo;achat\t\t\t\t\t<\/li>\n<li class=\"product-features__item-list__item\" role=\"listitem\"><span class=\"is--medium\">R\u00e9f\u00e9rence constructeur :<\/span> Electrolux pure C9 &#8211; 4MG\t\t\t\t\t<\/li>\n<li class=\"product-features__item-list__item\" role=\"listitem\"><span class=\"is--medium\">Marque :<\/span> ELECTROLUX\t\t\t\t\t<\/li>\n<\/ul>\n<\/li>\n<li class=\"product-features__item\" role=\"listitem\">\n<h3 class=\"product-features__label\">Dimensions<\/h3>\n<ul role=\"list\">\n<li class=\"product-features__item-list__item\" role=\"listitem\"><span class=\"is--medium\">Dimensions l x h x p :<\/span> 43.7 x 30.8 x 29.6 cm\t\t\t\t\t<\/li>\n<li class=\"product-features__item-list__item\" role=\"listitem\"><span class=\"is--medium\">Poids net :<\/span> 6 kg\t\t\t\t\t<\/li>\n<li class=\"product-features__item-list__item\" role=\"listitem\"><span class=\"is--medium\">Poids brut :<\/span> 9 kg\t\t\t\t\t<\/li>\n<\/ul>\n<\/li>\n<li class=\"product-features__item\" role=\"listitem\">\n<h3 class=\"product-features__label\">Brosses et accessoires<\/h3>\n<ul role=\"list\">\n<li class=\"product-features__item-list__item\" role=\"listitem\"><span class=\"is--medium\">Brosse parquet :<\/span> brosse parquet \u00e9quip\u00e9e de poils doux pour ne pas abimer ou griffer le parquet\t\t\t\t\t<\/li>\n<li class=\"product-features__item-list__item\" role=\"listitem\"><span class=\"is--medium\">Brosse meuble :<\/span> Pour aspirer les petites surfaces d\u00e9licates et les meubles sans les abimer\t\t\t\t\t<\/li>\n<li class=\"product-features__item-list__item\" role=\"listitem\"><span class=\"is--medium\">Accessoire 3 en 1 :<\/span> id\u00e9al, pour tissus, canap\u00e9s, rideaux, int\u00e9rieur de voiture, meubles et endroits difficiles d&rsquo;acc\u00e8s\t\t\t\t\t<\/li>\n<li class=\"product-features__item-list__item\" role=\"listitem\"><span class=\"is--medium\">Suceur long :<\/span> Id\u00e9al pour les endroits difficiles d&rsquo;acc\u00e8s comme les radiateurs.\t\t\t\t\t<\/li>\n<\/ul>\n<\/li>\n<li class=\"product-features__item\" role=\"listitem\">\n<h3 class=\"product-features__label\">Accessoires int\u00e9gr\u00e9s<\/h3>\n<ul role=\"list\">\n<li class=\"product-features__item-list__item\" role=\"listitem\"><span class=\"is--medium\">A la poign\u00e9e :<\/span> Oui\t\t\t\t\t<\/li>\n<\/ul>\n<\/li>\n<\/ul>\n<\/div>\n<div class=\"product__disclosure-content\">\n<div class=\"js-read-more product-description__content read-more read-more--truncated\" data-read-more-name=\"description\" style=\"max-height: 500px; overflow: hidden;\">\n<p>Assurez-vous un nettoyage facile et rapide de vos sols en choisissant l&rsquo;aspirateur ELECTROLUX PC91-4MG. Il vous promet de belles performances d&rsquo;aspiration et de filtration, laissant derri\u00e8re lui un int\u00e9rieur propre et sain.<\/p>\n<h3>Une aspiration et une filtration puissantes<img fetchpriority=\"high\" decoding=\"async\" alt=\"Aspi ELECTROLUX PC91-4MG\" class=\"wy_tableau_gauche\" height=\"270\" src=\"https:\/\/boulanger.scene7.com\/is\/image\/Boulanger\/7332543670574_h_f_l_0?wid=400&amp;hei=270\" width=\"400\"\/><\/h3>\n<p>L&rsquo;aspirateur ELECTROLUX PC91-4MG vous promet des sols impeccables rapidement et sans effort. Pour r\u00e9ussir ce pari, il est \u00e9quip\u00e9 du <b>syst\u00e8me PureFlow<\/b> qui vous garantit une puissance d&rsquo;aspiration excellente sur tous les types de sols, qu&rsquo;il s&rsquo;agisse de sols durs ou de tapis. Votre int\u00e9rieur devient ainsi d&rsquo;une propret\u00e9 irr\u00e9prochable en un seul passage.<\/p>\n<p>Et pour optimiser le passage de l&rsquo;aspirateur, celui-ci est dot\u00e9 d&rsquo;un <b>syst\u00e8me de filtration en 7 \u00e9tapes<\/b> compos\u00e9 de filtres PureAdvantage et 3D multicouche. Un syst\u00e8me qui r\u00e9duit la perte d&rsquo;aspiration et retient efficacement les microparticules afin de rejeter un air plus sain.<\/p>\n<h3>Un aspirateur facile \u00e0 manipuler et \u00e0 nettoyer<img decoding=\"async\" alt=\"Aspi ELECTROLUX PC91-4MG\" class=\"wy_tableau_right\" height=\"270\" src=\"https:\/\/boulanger.scene7.com\/is\/image\/Boulanger\/7332543670574_h_f_l_1?wid=400&amp;hei=270\" width=\"400\"\/><\/h3>\n<p>L&rsquo;aspirateur ELECTROLUX PC91-4MG vous fera \u00e9conomiser du temps lors de l&rsquo;entretien de votre int\u00e9rieur, tout en vous soulageant gr\u00e2ce \u00e0 ses roues souples extralarges qui facilitent le d\u00e9placement de l&rsquo;appareil sur un <b>rayon de 12 m<\/b>. Il dispose \u00e9galement d&rsquo;une poign\u00e9e confort pour un transport ais\u00e9. Par ailleurs, il se montrera discret durant son fonctionnement avec un <b>volume sonore ne d\u00e9passant par 72dB(A)<\/b>.<\/p>\n<p>Et pour garantir votre tranquillit\u00e9, cet aspirateur ne n\u00e9cessite que tr\u00e8s peu d&rsquo;entretien, gr\u00e2ce \u00e0 un <b>syst\u00e8me de vidage de sac \u00e0 poussi\u00e8re hygi\u00e9nique<\/b> facile \u00e0 manipuler. Les filtres sont quant \u00e0 eux accessibles en un tour de main et \u00e0 partir d&rsquo;un seul point d&rsquo;acc\u00e8s.<\/p>\n<\/p>\n<\/div>\n<p><bl-button a11yexpanded=\"false\" arialabel=\"Afficher toute la description\" class=\"read-more__btn\" full=\"false\" link=\"true\"><\/bl-button><\/div>","protected":false},"excerpt":{"rendered":"<div class=\"keypoints\">\n<h3 class=\"keypoints__title\">Les points cl\u00e9s<\/h3>\n<ul role=\"list\">\n<li class=\"keypoints__item\" role=\"listitem\">                                        Poids : 5,60 Kg                      <\/li>\n<li class=\"keypoints__item keypoints__item--advantage\" role=\"listitem\"><strong>Le + :<\/strong> le syst\u00e8me de filtration en 7 \u00e9tapes capture efficacement les microparticules pour un air plus sain.      <\/li>\n<\/ul>","protected":false},"featured_media":76313,"template":"","meta":{"_glsr_average":0,"_glsr_ranking":0,"_glsr_reviews":0},"product_cat":[333],"product_tag":[324,334,153],"class_list":{"0":"post-76314","1":"product","2":"type-product","3":"status-publish","4":"has-post-thumbnail","6":"product_cat-aspirateur-sans-sac","7":"product_tag-aspirateur","8":"product_tag-aspirateur-sans-sac","9":"product_tag-maison-entretien","11":"first","12":"instock","13":"sale","14":"shipping-taxable","15":"purchasable","16":"product-type-simple"},"_links":{"self":[{"href":"https:\/\/electromenagerexpress.com\/en\/wp-json\/wp\/v2\/product\/76314","targetHints":{"allow":["GET"]}}],"collection":[{"href":"https:\/\/electromenagerexpress.com\/en\/wp-json\/wp\/v2\/product"}],"about":[{"href":"https:\/\/electromenagerexpress.com\/en\/wp-json\/wp\/v2\/types\/product"}],"wp:featuredmedia":[{"embeddable":true,"href":"https:\/\/electromenagerexpress.com\/en\/wp-json\/wp\/v2\/media\/76313"}],"wp:attachment":[{"href":"https:\/\/electromenagerexpress.com\/en\/wp-json\/wp\/v2\/media?parent=76314"}],"wp:term":[{"taxonomy":"product_cat","embeddable":true,"href":"https:\/\/electromenagerexpress.com\/en\/wp-json\/wp\/v2\/product_cat?post=76314"},{"taxonomy":"product_tag","embeddable":true,"href":"https:\/\/electromenagerexpress.com\/en\/wp-json\/wp\/v2\/product_tag?post=76314"}],"curies":[{"name":"wp","href":"https:\/\/api.w.org\/{rel}","templated":true}]}}