{"id":76186,"date":"2024-11-24T13:41:46","date_gmt":"2024-11-24T13:41:46","guid":{"rendered":"https:\/\/electromenagerexpress.com\/product\/aspirateur-laveurezicleancyclowash-ultimate\/"},"modified":"2024-11-26T09:17:26","modified_gmt":"2024-11-26T09:17:26","slug":"aspirateur-laveurezicleancyclowash-ultimate","status":"publish","type":"product","link":"https:\/\/electromenagerexpress.com\/en\/product\/aspirateur-laveurezicleancyclowash-ultimate\/","title":{"rendered":"Aspirateur laveur\tEZICLEAN Cyclowash Ultimate"},"content":{"rendered":"<div class=\"product-features__content\">\n<h3 class=\"product-features__label\">\u00a0 \u00a0 \u00a0 \u00a0 \u00a0Caract\u00e9ristiques g\u00e9n\u00e9rales<\/h3>\n<ul role=\"list\">\n<li style=\"list-style-type: none;\">\n<ul role=\"list\">\n<li class=\"product-features__item-list__item\" role=\"listitem\"><span class=\"is--medium\">Type d&rsquo;aspirateur :<\/span> Aspirateur nettoyeur laveur<\/li>\n<li class=\"product-features__item-list__item\" role=\"listitem\"><span class=\"is--medium\">Puissance :<\/span> 200 W<\/li>\n<li class=\"product-features__item-list__item\" role=\"listitem\"><span class=\"is--medium\">Fonction suppl\u00e9mentaire :<\/span> Rouleaux rotatifs et autonettoyants<\/li>\n<li class=\"product-features__item-list__item\" role=\"listitem\"><span class=\"is--medium\">Technique d&rsquo;aspiration :<\/span> Lave et aspire liquides et poussi\u00e8res<\/li>\n<li class=\"product-features__item-list__item\" role=\"listitem\"><span class=\"is--medium\">Coloris :<\/span> Gris<br \/>\n<h3 class=\"product-features__label\">Performance<\/h3>\n<ul role=\"list\">\n<li class=\"product-features__item-list__item\" role=\"listitem\"><span class=\"is--medium\">Capacit\u00e9 du r\u00e9servoir (en litres) :<\/span> 0.7<\/li>\n<li class=\"product-features__item-list__item\" role=\"listitem\"><span class=\"is--medium\">D\u00e9pression :<\/span> 15<\/li>\n<li class=\"product-features__item-list__item\" role=\"listitem\"><span class=\"is--medium\">D\u00e9bit d&rsquo;air :<\/span> 0 dm\u00b3\/s<\/li>\n<li class=\"product-features__item-list__item\" role=\"listitem\"><span class=\"is--medium\">Niveau sonore :<\/span> 78 dB<br \/>\n<h3 class=\"product-features__label\">Equipement<\/h3>\n<ul role=\"list\">\n<li class=\"product-features__item-list__item\" role=\"listitem\"><span class=\"is--medium\">Variateur de puissance :<\/span> Standard<\/li>\n<li class=\"product-features__item-list__item\" role=\"listitem\"><span class=\"is--medium\">Commande \u00e0 la poign\u00e9e :<\/span> Oui<br \/>\n<h3 class=\"product-features__label\">Brosse et accessoire<\/h3>\n<ul role=\"list\">\n<li class=\"product-features__item-list__item\" role=\"listitem\"><span class=\"is--medium\">D\u00e9tails des accessoires :<\/span> Brosse motoris\u00e9e, Brosse parquet, D\u00e9tergent sols dur<br \/>\n<h3 class=\"product-features__label\">Filtre<\/h3>\n<ul role=\"list\">\n<li class=\"product-features__item-list__item\" role=\"listitem\"><span class=\"is--medium\">T\u00e9moin lumineux de nettoyage du filtre :<\/span> Non<br \/>\n<h3 class=\"product-features__label\">Transport et rangement<\/h3>\n<ul role=\"list\">\n<li class=\"product-features__item-list__item\" role=\"listitem\"><span class=\"is--medium\">Nombre de position parking :<\/span> 1<br \/>\n<h3 class=\"product-features__label\">Informations et Services<\/h3>\n<ul role=\"list\">\n<li class=\"product-features__item-list__item\" role=\"listitem\"><span class=\"is--medium\">Indice de r\u00e9parabilit\u00e9 :<\/span> 8.5<\/li>\n<li class=\"product-features__item-list__item\" role=\"listitem\"><span class=\"is--medium\">Fabriqu\u00e9 en :<\/span> Chine<\/li>\n<li class=\"product-features__item-list__item\" role=\"listitem\"><span class=\"is--medium\">Disponibilit\u00e9 des pi\u00e8ces d\u00e9tach\u00e9es (donn\u00e9es fournisseur) :<\/span> Pendant 13 ans, \u00e0 compter de la date fin de commercialisation<\/li>\n<li class=\"product-features__item-list__item\" role=\"listitem\"><span class=\"is--medium\">R\u00e9f\u00e9rence constructeur :<\/span> Cyclowash Ultimate<\/li>\n<li class=\"product-features__item-list__item\" role=\"listitem\"><span class=\"is--medium\">Marque :<\/span> EZICLEAN<br \/>\n<h3 class=\"product-features__label\">Dimensions<\/h3>\n<ul role=\"list\">\n<li class=\"product-features__item-list__item\" role=\"listitem\"><span class=\"is--medium\">Dimensions l x h x p :<\/span> 18 x 115 x 28 cm<\/li>\n<li class=\"product-features__item-list__item\" role=\"listitem\"><span class=\"is--medium\">Poids Net (kg) :<\/span> 1.3<\/li>\n<li class=\"product-features__item-list__item\" role=\"listitem\"><span class=\"is--medium\">Poids Brut (kg) :<\/span> 7<br \/>\n<h3 class=\"product-features__label\">Choisir ce produit pour quel usage ?<\/h3>\n<ul role=\"list\">\n<li class=\"product-features__item-list__item\" role=\"listitem\"><span class=\"is--medium\">Fonctions :<\/span> Aspire, nettoye et s\u00e8che<\/li>\n<li class=\"product-features__item-list__item\" role=\"listitem\"><span class=\"is--medium\">Zone \u00e0 nettoyer :<\/span> Grande surface (sols durs, tapis, moquette,&#8230;)<\/li>\n<li class=\"product-features__item-list__item\" role=\"listitem\"><span class=\"is--medium\">Tissus d&rsquo;ameublement :<\/span> Non<\/li>\n<li class=\"product-features__item-list__item\" role=\"listitem\"><span class=\"is--medium\">Canap\u00e9 tissus :<\/span> Non<\/li>\n<li class=\"product-features__item-list__item\" role=\"listitem\"><span class=\"is--medium\">Moquette :<\/span> Non<\/li>\n<li class=\"product-features__item-list__item\" role=\"listitem\"><span class=\"is--medium\">Int\u00e9rieur de voiture :<\/span> Non<\/li>\n<li class=\"product-features__item-list__item\" role=\"listitem\"><span class=\"is--medium\">Tapis :<\/span> Non<\/li>\n<li class=\"product-features__item-list__item\" role=\"listitem\"><span class=\"is--medium\">Tissus :<\/span> Non<\/li>\n<li class=\"product-features__item-list__item\" role=\"listitem\"><span class=\"is--medium\">Sp\u00e9cial Animaux (s) :<\/span> Non<br \/>\n<h3 class=\"product-features__label\">Confort d&rsquo;utilisation<\/h3>\n<ul role=\"list\">\n<li class=\"product-features__item-list__item\" role=\"listitem\"><span class=\"is--medium\">Maniabilit\u00e9 :<\/span> Portatif<\/li>\n<li class=\"product-features__item-list__item\" role=\"listitem\"><span class=\"is--medium\">Poids :<\/span> 1.3<\/li>\n<li class=\"product-features__item-list__item\" role=\"listitem\"><span class=\"is--medium\">R\u00e9servoir(s) amovible(s) :<\/span> Oui<\/li>\n<li class=\"product-features__item-list__item\" role=\"listitem\"><span class=\"is--medium\">Niveaux sonore :<\/span> 78<\/li>\n<li class=\"product-features__item-list__item\" role=\"listitem\"><span class=\"is--medium\">Position parking :<\/span> Oui<br \/>\n<h3 class=\"product-features__label\">Equipements<\/h3>\n<ul role=\"list\">\n<li class=\"product-features__item-list__item\" role=\"listitem\"><span class=\"is--medium\">D\u00e9tergent :<\/span> Oui<\/li>\n<li class=\"product-features__item-list__item\" role=\"listitem\"><span class=\"is--medium\">Accessoires :<\/span> brosse rouleau, filtre Hepa 13, 50 pastilles de solution nettoyante, base de rangement, c\u00e2ble d&rsquo;alimentation, goupillon de nettoyage<\/li>\n<li class=\"product-features__item-list__item\" role=\"listitem\"><span class=\"is--medium\">Avantage de la brosse :<\/span> pratique pour nettoyer sans efforts les surfaces larges<\/li>\n<li class=\"product-features__item-list__item\" role=\"listitem\"><span class=\"is--medium\">Filtre moteur :<\/span> Oui<\/li>\n<li class=\"product-features__item-list__item\" role=\"listitem\"><span class=\"is--medium\">Avec sac :<\/span> Non<\/li>\n<\/ul>\n<\/li>\n<\/ul>\n<\/li>\n<\/ul>\n<\/li>\n<\/ul>\n<\/li>\n<\/ul>\n<\/li>\n<\/ul>\n<\/li>\n<\/ul>\n<\/li>\n<\/ul>\n<\/li>\n<\/ul>\n<\/li>\n<\/ul>\n<\/li>\n<\/ul>\n<\/li>\n<\/ul>\n<\/div>\n<div class=\"product__disclosure-content\">\n<div class=\"js-read-more product-description__content read-more read-more--truncated\" style=\"max-height: 500px; overflow: hidden;\" data-read-more-name=\"description\">\n<p>EZIclean\u00ae Cyclowash Ultimate est un appareil tout-en-un qui aspire et lave vos sols en un seul passage. Dites adieu \u00e0 votre serpilli\u00e8re, vos lingettes d\u00e9sinfectantes et autres ustensiles m\u00e9nagers, EZIclean\u00ae Cyclowash Ultimate r\u00e9pondra \u00e0 toutes vos attentes et d&rsquo;un seul geste.<\/p>\n<h3><strong>Simple, rapide et efficace pour un nettoyage complet<\/strong><\/h3>\n<p>Gr\u00e2ce \u00e0 ses multiples fonctions, votre appareil EZIclean\u00ae Cyclowash ultimate vous permet, \u00e0 lui seul, d&rsquo;aspirer, laver et s\u00e9cher vos sols. En un seul passage vous effectuez donc les 3 autres \u00e9tapes que vous feriez avec votre aspirateur, votre balai et votre serpilli\u00e8re. Pour un gain de temps et d&rsquo;espace garanti !<\/p>\n<h3><strong>Un assistant vocal pour un nettoyage simplifi\u00e9<\/strong><\/h3>\n<p>EZIclean\u00ae Cyclowash ultimate est dot\u00e9 d&rsquo;un assistant vocal qui vous accompagnera tout au long de votre cycle de nettoyage. Remplir le r\u00e9servoir d&rsquo;eau propre, vider le r\u00e9servoir d&rsquo;eau sale, recharger l&rsquo;appareil, lancer le nettoyage de la brosse, font partie des nombreuses requ\u00eates faites par votre appareil et qui vous guideront lors de vos s\u00e9ances pour un nettoyage impeccable.<\/p>\n<h3><strong>Un nettoyage automatique pour une brosse propre apr\u00e8s chaque passage<\/strong><\/h3>\n<p>Une fois le nettoyage termin\u00e9, placez votre appareil sur sa base de chargement et lancez le nettoyage automatique en appuyant simplement sur le bouton pr\u00e9vu \u00e0 cet effet. Plus besoin de d\u00e9monter votre brosse pour la nettoyer \u00e0 la main, elle sera rinc\u00e9e et essor\u00e9e, pr\u00eate pour un nouvel emploi.<\/p>\n<h3><strong>Un appareil ultra maniable<\/strong><\/h3>\n<p>EZIclean\u00ae Cyclowash ultimate est \u00e9quip\u00e9 d&rsquo;une technologie de rotation de sa brosse qui vous accompagnera lors de vos s\u00e9ances de nettoyage. En effet, le syst\u00e8me d&rsquo;entrainement de sa brosse vous offrira une aide au d\u00e9placement exceptionnel avec laquelle vous pourrez parcourir les sols de votre int\u00e9rieur sans aucun effort.<\/p>\n<h3><strong>Deux r\u00e9servoirs d&rsquo;eau distincts pour s\u00e9parer l&rsquo;eau propre de l&rsquo;eau sale<\/strong><\/h3>\n<p>Lorsque vous nettoyez vos sols avec une serpilli\u00e8re classique, l&rsquo;eau que vous utilisez est la m\u00eame que celle dont vous vous servez pour rincer votre serpilli\u00e8re. Vous utilisez donc tr\u00e8s rapidement une eau sale pour laver vos sols. Gr\u00e2ce \u00e0 votre EZIclean\u00ae Cyclowash ultimate et ses deux r\u00e9servoirs s\u00e9par\u00e9s, l&rsquo;eau que vous utiliserez sera toujours propre. L&rsquo;eau sale quant \u00e0 elle, sera r\u00e9cup\u00e9r\u00e9e dans un autre r\u00e9servoir avec les poussi\u00e8res et autres salet\u00e9s collect\u00e9es pendant votre nettoyage.<\/p>\n<h3><strong>Une grande autonomie pour un nettoyage en profondeur<\/strong><\/h3>\n<p>EZIclean\u00ae Cyclowash ultimate est \u00e9quip\u00e9 d&rsquo;une batterie Lithium-Ion derni\u00e8re g\u00e9n\u00e9ration tr\u00e8s puissante qui lui permettra non seulement une dur\u00e9e de vie exceptionnelle mais \u00e9galement une grande autonomie de 35 minutes pour nettoyer vos sols en profondeur sans risquer de vous retrouver en panne de batterie.<\/p>\n<h3><strong>Une base de rangement sans per\u00e7age<\/strong><\/h3>\n<p>Gr\u00e2ce \u00e0 sa base de rangement au sol, plus besoin de percer de trou au mur : vous pourrez ranger et recharger votre appareil en un clin d&rsquo;oeil. Vous gardez donc un appareil \u00e0 port\u00e9e de main, toujours charg\u00e9 et pr\u00eat \u00e0 l&#8217;emploi.<\/p>\n<\/div>\n<p>&nbsp;<\/p>\n<\/div>","protected":false},"excerpt":{"rendered":"<div class=\"keypoints\">\n<h3 class=\"keypoints__title\">Les points cl\u00e9s<\/h3>\n<ul role=\"list\">\n<li class=\"keypoints__item\" role=\"listitem\">3 en 1 : Aspire, lave et s\u00e8che<\/li>\n<li class=\"keypoints__item\" role=\"listitem\">Puissance : 200 W &#8211; D\u00e9pression : 15 &#8211; Niveau sonore : 78 dB<\/li>\n<li class=\"keypoints__item\" role=\"listitem\">Variateur \u00e9lectronique<\/li>\n<li class=\"keypoints__item\" role=\"listitem\">Rouleaux rotatifs et autonettoyants<\/li>\n<\/ul>\n<\/div>","protected":false},"featured_media":76185,"template":"","meta":{"_glsr_average":0,"_glsr_ranking":0,"_glsr_reviews":0},"product_cat":[339],"product_tag":[324,340,153],"class_list":{"0":"post-76186","1":"product","2":"type-product","3":"status-publish","4":"has-post-thumbnail","6":"product_cat-aspirateur-eau-et-poussiere","7":"product_tag-aspirateur","8":"product_tag-aspirateur-eau-et-poussiere","9":"product_tag-maison-entretien","11":"first","12":"instock","13":"sale","14":"shipping-taxable","15":"purchasable","16":"product-type-simple"},"_links":{"self":[{"href":"https:\/\/electromenagerexpress.com\/en\/wp-json\/wp\/v2\/product\/76186","targetHints":{"allow":["GET"]}}],"collection":[{"href":"https:\/\/electromenagerexpress.com\/en\/wp-json\/wp\/v2\/product"}],"about":[{"href":"https:\/\/electromenagerexpress.com\/en\/wp-json\/wp\/v2\/types\/product"}],"wp:featuredmedia":[{"embeddable":true,"href":"https:\/\/electromenagerexpress.com\/en\/wp-json\/wp\/v2\/media\/76185"}],"wp:attachment":[{"href":"https:\/\/electromenagerexpress.com\/en\/wp-json\/wp\/v2\/media?parent=76186"}],"wp:term":[{"taxonomy":"product_cat","embeddable":true,"href":"https:\/\/electromenagerexpress.com\/en\/wp-json\/wp\/v2\/product_cat?post=76186"},{"taxonomy":"product_tag","embeddable":true,"href":"https:\/\/electromenagerexpress.com\/en\/wp-json\/wp\/v2\/product_tag?post=76186"}],"curies":[{"name":"wp","href":"https:\/\/api.w.org\/{rel}","templated":true}]}}