{"id":76158,"date":"2024-11-24T13:41:26","date_gmt":"2024-11-24T13:41:26","guid":{"rendered":"https:\/\/electromenagerexpress.com\/product\/detacheurbissellspotclean-auto-pro-select-detacheurs-a\/"},"modified":"2024-11-26T11:43:44","modified_gmt":"2024-11-26T11:43:44","slug":"detacheurbissellspotclean-auto-pro-select-detacheurs-a","status":"publish","type":"product","link":"https:\/\/electromenagerexpress.com\/en\/product\/detacheurbissellspotclean-auto-pro-select-detacheurs-a\/","title":{"rendered":"D\u00e9tacheur BISSELL\tSpotClean Auto Pro Select &#8211; D\u00e9tacheurs \u00e0"},"content":{"rendered":"<div class=\"product-features__content\">\n<h3 class=\"product-features__label\">\u00a0 \u00a0 \u00a0Caract\u00e9ristiques g\u00e9n\u00e9rales<\/h3>\n<ul role=\"list\">\n<li style=\"list-style-type: none;\">\n<ul role=\"list\">\n<li class=\"product-features__item-list__item\" role=\"listitem\"><span class=\"is--medium\">Puissance :<\/span> 750 W<\/li>\n<li class=\"product-features__item-list__item\" role=\"listitem\"><span class=\"is--medium\">Coloris :<\/span> Noir<br \/>\n<h3 class=\"product-features__label\">Performance<\/h3>\n<ul role=\"list\">\n<li class=\"product-features__item-list__item\" role=\"listitem\"><span class=\"is--medium\">D\u00e9pression :<\/span> 40<\/li>\n<li class=\"product-features__item-list__item\" role=\"listitem\"><span class=\"is--medium\">D\u00e9bit d&rsquo;air :<\/span> 0 dm\u00b3\/s<\/li>\n<li class=\"product-features__item-list__item\" role=\"listitem\"><span class=\"is--medium\">Niveau sonore :<\/span> 82 dB<br \/>\n<h3 class=\"product-features__label\">Equipement<\/h3>\n<ul role=\"list\">\n<li class=\"product-features__item-list__item\" role=\"listitem\"><span class=\"is--medium\">Variateur de puissance :<\/span> Aucun<br \/>\n<h3 class=\"product-features__label\">Informations et Services<\/h3>\n<ul role=\"list\">\n<li class=\"product-features__item-list__item\" role=\"listitem\"><span class=\"is--medium\">Fabriqu\u00e9 en :<\/span> Chine<\/li>\n<li class=\"product-features__item-list__item\" role=\"listitem\"><span class=\"is--medium\">R\u00e9f\u00e9rence constructeur :<\/span> SpotClean Auto Pro Select &#8211; D\u00e9tacheurs \u00e0<\/li>\n<li class=\"product-features__item-list__item\" role=\"listitem\"><span class=\"is--medium\">Marque :<\/span> BISSELL<br \/>\n<h3 class=\"product-features__label\">Dimensions<\/h3>\n<ul role=\"list\">\n<li class=\"product-features__item-list__item\" role=\"listitem\"><span class=\"is--medium\">Dimensions l x h x p :<\/span> 36 x 36.6 x 25 cm<\/li>\n<li class=\"product-features__item-list__item\" role=\"listitem\"><span class=\"is--medium\">Poids Net (kg) :<\/span> 8<\/li>\n<\/ul>\n<\/li>\n<\/ul>\n<\/li>\n<\/ul>\n<\/li>\n<\/ul>\n<\/li>\n<\/ul>\n<\/li>\n<\/ul>\n<\/div>\n<div class=\"product__disclosure-content\">\n<div class=\"js-read-more product-description__content read-more read-more--truncated\" style=\"max-height: 500px; overflow: hidden;\" data-read-more-name=\"description\">\n<h1><strong>SpotClean Auto Pro Select<\/strong><\/h1>\n<p>Avant de vous \u00e9quiper du nettoyeur de Bissell, renverser quelque chose sur la moquette \u00e9tait un geste souvent irr\u00e9parable. D\u00e9sormais, le d\u00e9tacheur+ SpotClean Auto Pro Select vient \u00e0 bout de toutes les taches.<\/p>\n<h2><strong>SpotClean Auto Pro Select votre allier du quotidien<\/strong><\/h2>\n<p>Le SpotClean Auto Pro Select est un d\u00e9tacheur particuli\u00e8rement efficace, car sa puissance est centralis\u00e9e. Elle permet d&rsquo;\u00e9liminer les taches sans difficult\u00e9 et sans effort.<\/p>\n<p>La triple action du SpotClean Auto Pro Select est une garantie de propret\u00e9. Il humidifie, brosse et aspire en m\u00eame temps l&rsquo;endroit \u00e0 nettoyer, pour un r\u00e9sultat parfait<\/p>\n<p>Il peut \u00e9galement \u00eatre utiliser pour rafraichir tous vos tissus d&rsquo;ameublement.<\/p>\n<p>L&rsquo;appareil SpotClean Auto Pro Select pulv\u00e9rise un m\u00e9lange d&rsquo;eau et de d\u00e9tegent sur vos surfaces \u00e0 nettoyer puis aspire les zones humides, avec une puissance de 750 watts.<\/p>\n<p>Une simple pression sur la g\u00e2chette du SpotClean Auto Pro Select vous permet de contr\u00f4ler le volume de liquide vaporis\u00e9.<\/p>\n<p>La shampouineuse SpotClean Auto Pro Select est dot\u00e9 d&rsquo;un double r\u00e9servoir : l&rsquo;un pour l&rsquo;eau propre et l&rsquo;autre pour r\u00e9cup\u00e9rer les eaux sales.<\/p>\n<p>Le bac \u00e0 eau sale de votre SpotClean ne risque pas de d\u00e9border. Il est \u00e9quip\u00e9 d&rsquo;un flotteur qui bloque l&rsquo;aspiration lorsqu&rsquo;il est temps de le vidanger.<\/p>\n<h2><strong>Les accessoires du SpotClean Auto Pro Select facilitent son utilisation<\/strong><\/h2>\n<p>Le SpotClean Auto Pro Select est livr\u00e9 avec une brosse d\u00e9di\u00e9e aux taches r\u00e9sistantes, concentr\u00e9e sur une largeur de 15 cm. Elle permet de gratter le tissu humidifi\u00e9 afin de venir \u00e0 bout des marques les plus tenaces.<\/p>\n<p>SpotClean Auto Pro Select est \u00e9galement livr\u00e9 avec un embout suceur permettant d&rsquo;acc\u00e9der entre les assises.<\/p>\n<p>Le SpotClean Auto Pro Select est accompagn\u00e9 \u00e9galement d&rsquo;un<\/p>\n<\/div>\n<p>&nbsp;<\/p>\n<\/div>","protected":false},"excerpt":{"rendered":"<div class=\"keypoints\">\n<h3 class=\"keypoints__title\">Les points cl\u00e9s<\/h3>\n<ul role=\"list\">\n<li class=\"keypoints__item\" role=\"listitem\">Aspire et lave<\/li>\n<li class=\"keypoints__item\" role=\"listitem\">Puissance : 750 W &#8211; D\u00e9pression : 40 &#8211; Niveau sonore : 82 dB<\/li>\n<li class=\"keypoints__item\" role=\"listitem\">Sans variateur<\/li>\n<li class=\"keypoints__item\" role=\"listitem\">Air frais et propre<\/li>\n<\/ul>\n<\/div>","protected":false},"featured_media":76157,"template":"","meta":{"_glsr_average":0,"_glsr_ranking":0,"_glsr_reviews":0},"product_cat":[339],"product_tag":[324,340,153],"class_list":{"0":"post-76158","1":"product","2":"type-product","3":"status-publish","4":"has-post-thumbnail","6":"product_cat-aspirateur-eau-et-poussiere","7":"product_tag-aspirateur","8":"product_tag-aspirateur-eau-et-poussiere","9":"product_tag-maison-entretien","11":"first","12":"instock","13":"sale","14":"shipping-taxable","15":"purchasable","16":"product-type-simple"},"_links":{"self":[{"href":"https:\/\/electromenagerexpress.com\/en\/wp-json\/wp\/v2\/product\/76158","targetHints":{"allow":["GET"]}}],"collection":[{"href":"https:\/\/electromenagerexpress.com\/en\/wp-json\/wp\/v2\/product"}],"about":[{"href":"https:\/\/electromenagerexpress.com\/en\/wp-json\/wp\/v2\/types\/product"}],"wp:featuredmedia":[{"embeddable":true,"href":"https:\/\/electromenagerexpress.com\/en\/wp-json\/wp\/v2\/media\/76157"}],"wp:attachment":[{"href":"https:\/\/electromenagerexpress.com\/en\/wp-json\/wp\/v2\/media?parent=76158"}],"wp:term":[{"taxonomy":"product_cat","embeddable":true,"href":"https:\/\/electromenagerexpress.com\/en\/wp-json\/wp\/v2\/product_cat?post=76158"},{"taxonomy":"product_tag","embeddable":true,"href":"https:\/\/electromenagerexpress.com\/en\/wp-json\/wp\/v2\/product_tag?post=76158"}],"curies":[{"name":"wp","href":"https:\/\/api.w.org\/{rel}","templated":true}]}}