{"id":76150,"date":"2024-11-24T13:41:19","date_gmt":"2024-11-24T13:41:19","guid":{"rendered":"https:\/\/electromenagerexpress.com\/product\/bissellmulticlean-spot-stain-detacheurs-a-e\/"},"modified":"2024-11-26T11:32:09","modified_gmt":"2024-11-26T11:32:09","slug":"bissellmulticlean-spot-stain-detacheurs-a-e","status":"publish","type":"product","link":"https:\/\/electromenagerexpress.com\/en\/product\/bissellmulticlean-spot-stain-detacheurs-a-e\/","title":{"rendered":"BISSELL\tMulticlean Spot &#038; Stain"},"content":{"rendered":"<div class=\"product-features__content\">\n<h3 class=\"product-features__label\">\u00a0 \u00a0 \u00a0 \u00a0Caract\u00e9ristiques g\u00e9n\u00e9rales<\/h3>\n<ul role=\"list\">\n<li style=\"list-style-type: none;\">\n<ul role=\"list\">\n<li class=\"product-features__item-list__item\" role=\"listitem\"><span class=\"is--medium\">Puissance :<\/span> 330 W<\/li>\n<li class=\"product-features__item-list__item\" role=\"listitem\"><span class=\"is--medium\">Coloris :<\/span> Noir<br \/>\n<h3 class=\"product-features__label\">Performance<\/h3>\n<ul role=\"list\">\n<li class=\"product-features__item-list__item\" role=\"listitem\"><span class=\"is--medium\">D\u00e9pression :<\/span> 40<\/li>\n<li class=\"product-features__item-list__item\" role=\"listitem\"><span class=\"is--medium\">D\u00e9bit d&rsquo;air :<\/span> 0 dm\u00b3\/s<\/li>\n<li class=\"product-features__item-list__item\" role=\"listitem\"><span class=\"is--medium\">Niveau sonore :<\/span> 74 dB<br \/>\n<h3 class=\"product-features__label\">Equipement<\/h3>\n<ul role=\"list\">\n<li class=\"product-features__item-list__item\" role=\"listitem\"><span class=\"is--medium\">Variateur de puissance :<\/span> Aucun<br \/>\n<h3 class=\"product-features__label\">Informations et Services<\/h3>\n<ul role=\"list\">\n<li class=\"product-features__item-list__item\" role=\"listitem\"><span class=\"is--medium\">Fabriqu\u00e9 en :<\/span> Chine<\/li>\n<li class=\"product-features__item-list__item\" role=\"listitem\"><span class=\"is--medium\">R\u00e9f\u00e9rence constructeur :<\/span> Multiclean Spot &amp; Stain &#8211; D\u00e9tacheurs \u00e0 e<\/li>\n<li class=\"product-features__item-list__item\" role=\"listitem\"><span class=\"is--medium\">Marque :<\/span> BISSELL<br \/>\n<h3 class=\"product-features__label\">Dimensions<\/h3>\n<ul role=\"list\">\n<li class=\"product-features__item-list__item\" role=\"listitem\"><span class=\"is--medium\">Dimensions l x h x p :<\/span> 30 x 37 x 17 cm<\/li>\n<li class=\"product-features__item-list__item\" role=\"listitem\"><span class=\"is--medium\">Poids Net (kg) :<\/span> 4.2<\/li>\n<\/ul>\n<\/li>\n<\/ul>\n<\/li>\n<\/ul>\n<\/li>\n<\/ul>\n<\/li>\n<\/ul>\n<\/li>\n<\/ul>\n<\/div>\n<div class=\"product__disclosure-content\">\n<div class=\"js-read-more product-description__content read-more read-more--truncated\" style=\"max-height: 500px; overflow: hidden;\" data-read-more-name=\"description\">\n<p>Le nettoyeur Multiclean Spot &amp; Stain de Bissell est portatif, et vient \u00e0 bout de vos taches les plus coriaces sur vos surfaces souples et dans votre v\u00e9hicule.<\/p>\n<h2><strong>Le <\/strong><strong>Multiclean Spot &amp; Stain de Bissel \u00e9limine toutes les taches difficiles<\/strong><\/h2>\n<p>Le nettoyeur Multiclean Spot &amp; Stain de Bissell fait preuve d&rsquo;une redoutable efficacit\u00e9 pour supprimer vos taches inattendues sans le moindre effort.<\/p>\n<p>Les contenants \u00e0 eau du nettoyeur sont amovibles pour plus de praticit\u00e9 et de rapidit\u00e9 lors du remplissage et du vidage.<\/p>\n<p>Nettoyez en toute simplicit\u00e9 et efficacement, gr\u00e2ce \u00e0 l&rsquo;appareil de Bissell, vos surfaces souples comme le canap\u00e9, le sofa, les matelas et dans votre voiture.<\/p>\n<p>Le nettoyeur \u00e0 main de Bissell est dot\u00e9 d&rsquo;un r\u00e9servoir \u00e0 eau propre d&rsquo;une contenance de 1,1 l et d&rsquo;un second pour l&rsquo;eau souill\u00e9e de 1,4 l. La capacit\u00e9 des contenants est largement suffisante pour un nettoyage efficace, par rapport \u00e0 la petite taille de l&rsquo;appareil.<\/p>\n<p>Le syst\u00e8me de deux r\u00e9servoirs distincts du Multiclean Spot &amp; Saint permet de bien s\u00e9parer l&rsquo;eau propre de l&rsquo;eau souill\u00e9e et d&rsquo;\u00eatre s\u00fbr d&rsquo;effectuer un nettoyage sans impuret\u00e9s.<\/p>\n<p>Accomplissez votre m\u00e9nage avec de l&rsquo;eau bien propre, sachant que le r\u00e9servoir de celle-ci est bien s\u00e9par\u00e9 de l&rsquo;autre contenant, dans lequel est recueillie la salet\u00e9.<\/p>\n<h2><strong>Le nettoyeur vapeur de Bissell, une technologie en faveur de l&rsquo;efficacit\u00e9<\/strong><\/h2>\n<p>Le nettoyeur vapeur Multiclean Spot &amp; Stain de Bissell b\u00e9n\u00e9ficie de la technologie Heatwave. Celle-ci garde l&rsquo;eau \u00e0 chaleur constante durant tout le temps d&rsquo;utilisation de la machine, pour une efficacit\u00e9 de nettoyage optimale.<\/p>\n<p>Utilisez tr\u00e8s facilement et sans encombre votre nettoyeur vapeur \u00e0 main, gr\u00e2ce \u00e0 sa taille menue. Vous le poserez \u00e0 chaque instant dans un petit espace de la pi\u00e8ce durant votre m\u00e9nage et vous le rangerez dans votre placar<\/p>\n<\/div>\n<p>&nbsp;<\/p>\n<\/div>","protected":false},"excerpt":{"rendered":"<div class=\"keypoints\">\n<h3 class=\"keypoints__title\">Les points cl\u00e9s<\/h3>\n<ul role=\"list\">\n<li class=\"keypoints__item\" role=\"listitem\">Aspire et lave<\/li>\n<li class=\"keypoints__item\" role=\"listitem\">Puissance : 330 W &#8211; D\u00e9pression : 40 &#8211; Niveau sonore : 74 dB<\/li>\n<li class=\"keypoints__item\" role=\"listitem\">Sans variateur<\/li>\n<li class=\"keypoints__item\" role=\"listitem\">Air frais et propre<\/li>\n<\/ul>\n<\/div>","protected":false},"featured_media":76149,"template":"","meta":{"_glsr_average":0,"_glsr_ranking":0,"_glsr_reviews":0},"product_cat":[339],"product_tag":[324,340,153],"class_list":{"0":"post-76150","1":"product","2":"type-product","3":"status-publish","4":"has-post-thumbnail","6":"product_cat-aspirateur-eau-et-poussiere","7":"product_tag-aspirateur","8":"product_tag-aspirateur-eau-et-poussiere","9":"product_tag-maison-entretien","11":"first","12":"instock","13":"sale","14":"shipping-taxable","15":"purchasable","16":"product-type-simple"},"_links":{"self":[{"href":"https:\/\/electromenagerexpress.com\/en\/wp-json\/wp\/v2\/product\/76150","targetHints":{"allow":["GET"]}}],"collection":[{"href":"https:\/\/electromenagerexpress.com\/en\/wp-json\/wp\/v2\/product"}],"about":[{"href":"https:\/\/electromenagerexpress.com\/en\/wp-json\/wp\/v2\/types\/product"}],"wp:featuredmedia":[{"embeddable":true,"href":"https:\/\/electromenagerexpress.com\/en\/wp-json\/wp\/v2\/media\/76149"}],"wp:attachment":[{"href":"https:\/\/electromenagerexpress.com\/en\/wp-json\/wp\/v2\/media?parent=76150"}],"wp:term":[{"taxonomy":"product_cat","embeddable":true,"href":"https:\/\/electromenagerexpress.com\/en\/wp-json\/wp\/v2\/product_cat?post=76150"},{"taxonomy":"product_tag","embeddable":true,"href":"https:\/\/electromenagerexpress.com\/en\/wp-json\/wp\/v2\/product_tag?post=76150"}],"curies":[{"name":"wp","href":"https:\/\/api.w.org\/{rel}","templated":true}]}}