{"id":76144,"date":"2024-11-24T13:41:15","date_gmt":"2024-11-24T13:41:15","guid":{"rendered":"https:\/\/electromenagerexpress.com\/product\/thomas786204\/"},"modified":"2024-11-26T11:29:02","modified_gmt":"2024-11-26T11:29:02","slug":"thomas786204","status":"publish","type":"product","link":"https:\/\/electromenagerexpress.com\/en\/product\/thomas786204\/","title":{"rendered":"THOMAS\t786204"},"content":{"rendered":"<div class=\"product-features__content\">\n<h3 class=\"product-features__label\">\u00a0 \u00a0 \u00a0 \u00a0 \u00a0 \u00a0 \u00a0 \u00a0 Choisir ce produit pour quels usages ?<\/h3>\n<ul role=\"list\">\n<li style=\"list-style-type: none;\">\n<ul role=\"list\">\n<li class=\"product-features__item-list__item\" role=\"listitem\"><span class=\"is--medium\">Pour quelle utilisation ? :<\/span> Permet d&rsquo;aspirer rapidement eau et poussi\u00e8res \/ gravats<\/li>\n<li class=\"product-features__item-list__item\" role=\"listitem\"><span class=\"is--medium\">Pour aspirer :<\/span> Id\u00e9al pour \u00e9liminer les salet\u00e9s et les grandes quantit\u00e9s d&rsquo;eau. Pendant les petits travaux, permet de nettoyer son garage, son atelier, sa cave ou son ext\u00e9rieur<br \/>\n<h3 class=\"product-features__label\">Performance d&rsquo;utilisation<\/h3>\n<ul role=\"list\">\n<li class=\"product-features__item-list__item\" role=\"listitem\"><span class=\"is--medium\">Puissance moteur :<\/span> 1.600,0 W<\/li>\n<li class=\"product-features__item-list__item\" role=\"listitem\"><span class=\"is--medium\">D\u00e9pression :<\/span> 21<\/li>\n<li class=\"product-features__item-list__item\" role=\"listitem\"><span class=\"is--medium\">D\u00e9bit d&rsquo;air :<\/span> 34 dm\u00b3\/s<\/li>\n<li class=\"product-features__item-list__item\" role=\"listitem\"><span class=\"is--medium\">Fonction d\u00e9colmatage du filtre :<\/span> Non<br \/>\n<h3 class=\"product-features__label\">Confort d&rsquo;utilisation<\/h3>\n<ul role=\"list\">\n<li class=\"product-features__item-list__item\" role=\"listitem\"><span class=\"is--medium\">Fonction injecteur\/extracteur :<\/span> Non<\/li>\n<li class=\"product-features__item-list__item\" role=\"listitem\"><span class=\"is--medium\">Fonctionne sur batterie :<\/span> Non<\/li>\n<li class=\"product-features__item-list__item\" role=\"listitem\"><span class=\"is--medium\">Mati\u00e8re de la cuve :<\/span> Polypropyl\u00e8ne<\/li>\n<li class=\"product-features__item-list__item\" role=\"listitem\"><span class=\"is--medium\">Capacit\u00e9 de la cuve :<\/span> 30,0 L<\/li>\n<li class=\"product-features__item-list__item\" role=\"listitem\"><span class=\"is--medium\">Rayon d&rsquo;action :<\/span> 7,5 m<\/li>\n<li class=\"product-features__item-list__item\" role=\"listitem\"><span class=\"is--medium\">Branchement prise :<\/span> Non<\/li>\n<li class=\"product-features__item-list__item\" role=\"listitem\"><span class=\"is--medium\">Bouton de vidange :<\/span> Non<\/li>\n<li class=\"product-features__item-list__item\" role=\"listitem\"><span class=\"is--medium\">Fonction soufflerie :<\/span> Non<\/li>\n<li class=\"product-features__item-list__item\" role=\"listitem\"><span class=\"is--medium\">Protection anti-choc :<\/span> Non<\/li>\n<li class=\"product-features__item-list__item\" role=\"listitem\"><span class=\"is--medium\">Interrupteur marche \/ arr\u00eat :<\/span> Oui<\/li>\n<li class=\"product-features__item-list__item\" role=\"listitem\"><span class=\"is--medium\">Poign\u00e9e de transport :<\/span> Oui<br \/>\n<h3 class=\"product-features__label\">Autour de l&rsquo;hygi\u00e8ne<\/h3>\n<ul role=\"list\">\n<li class=\"product-features__item-list__item\" role=\"listitem\"><span class=\"is--medium\">Sac :<\/span> Oui<\/li>\n<li class=\"product-features__item-list__item\" role=\"listitem\"><span class=\"is--medium\">Sac filtrant :<\/span> Non<\/li>\n<li class=\"product-features__item-list__item\" role=\"listitem\"><span class=\"is--medium\">Filtre :<\/span> Oui<br \/>\n<h3 class=\"product-features__label\">Equipement \/ Accessoires<\/h3>\n<ul role=\"list\">\n<li class=\"product-features__item-list__item\" role=\"listitem\"><span class=\"is--medium\">Nombre de roulettes :<\/span> Oui<\/li>\n<li class=\"product-features__item-list__item\" role=\"listitem\"><span class=\"is--medium\">Suceur triangle :<\/span> Oui<\/li>\n<li class=\"product-features__item-list__item\" role=\"listitem\"><span class=\"is--medium\">Equipements et Accesoires :<\/span> Nombre de roulettes, Suceur triangle<br \/>\n<h3 class=\"product-features__label\">Informations et Services<\/h3>\n<ul role=\"list\">\n<li class=\"product-features__item-list__item\" role=\"listitem\"><span class=\"is--medium\">Fabriqu\u00e9 en :<\/span> Allemagne<\/li>\n<li class=\"product-features__item-list__item\" role=\"listitem\"><span class=\"is--medium\">R\u00e9f\u00e9rence constructeur :<\/span> 786204<\/li>\n<li class=\"product-features__item-list__item\" role=\"listitem\"><span class=\"is--medium\">Marque :<\/span> THOMAS<br \/>\n<h3 class=\"product-features__label\">Dimensions<\/h3>\n<ul role=\"list\">\n<li class=\"product-features__item-list__item\" role=\"listitem\"><span class=\"is--medium\">Dimensions l x h x p :<\/span> 38 x 56 x 38 cm<\/li>\n<li class=\"product-features__item-list__item\" role=\"listitem\"><span class=\"is--medium\">Poids net :<\/span> 6,2 kg<\/li>\n<li class=\"product-features__item-list__item\" role=\"listitem\"><span class=\"is--medium\">Poids brut :<\/span> 8,9 kg<\/li>\n<\/ul>\n<\/li>\n<\/ul>\n<\/li>\n<\/ul>\n<\/li>\n<\/ul>\n<\/li>\n<\/ul>\n<\/li>\n<\/ul>\n<\/li>\n<\/ul>\n<\/li>\n<\/ul>\n<\/div>\n<div class=\"product__disclosure-content\">\n<div class=\"js-read-more product-description__content read-more read-more--truncated\" style=\"max-height: 500px; overflow: hidden;\" data-read-more-name=\"description\">\n<p>L&rsquo;aspirateur Power Pack 1630 : con\u00e7u pour les gros travaux de nettoyage<\/p>\n<p>Aspirateur multifonction, le Thomas Power Pack 1630 est un aspirateur semi-professionnel. Sa grande cuve de 30 l lui permet de faire face \u00e0 toutes les situations. De plus, il peut aspirer jusqu&rsquo;\u00e0 23 l de liquides, vous permettant d&rsquo;op\u00e9rer rapidement et efficacement partout dans votre maison, votre garage ou votre atelier.<\/p>\n<p>Appareil m\u00e9nager \u00e0 haut rendement il dispose d&rsquo;un d\u00e9bit d&rsquo;air de 34 l\/s et d&rsquo;une d\u00e9pression de 21 kPa. Son moteur By-Pass \u00e0 double turbine vous assure une puissance d&rsquo;aspiration de 1\u2009600 watts pour avaler poussi\u00e8res, salet\u00e9s, sciures, copeaux, poils d&rsquo;animaux et liquide.<\/p>\n<p>Un aspirateur eau et poussi\u00e8re pour vos chantiers :<\/p>\n<p>Notre aspirateur bidon Power Pack 1630 est fourni avec des accessoires sp\u00e9cialement con\u00e7us pour nettoyer votre atelier ou votre chantier. Notre appareil est livr\u00e9 avec des brosses et suceurs au diam\u00e8tre Professionnel 50mm :<br \/>\n\u2022 2 tubes plastiques tr\u00e8s r\u00e9sistants d&rsquo;aspiration D50 mm et 0,5 m de long ;<br \/>\n\u2022 Brosse universelle eau et poussi\u00e8re\u2009;<br \/>\n\u2022 Suceur long pour fentes D 50 mm ;<br \/>\n\u2022 Suceur triangulaire D 50 mm pour gros d\u00e9chets ;<br \/>\n\u2022 1 sac \u00e0 d\u00e9chets\u2009(r\u00e9f : 787179)<br \/>\n\u2022 1 cartouche filtrante (r\u00e9f : 787421)<br \/>\n\u2022<br \/>\nSon c\u00e2ble de 5 m\u00e8tres et ses tubes d&rsquo;aspiration suppl\u00e9mentaires vous offriront un large rayon d&rsquo;action pour aspirer et nettoyer tous vos chantiers et tous types de sols.<br \/>\nAspirateur Thomas Power Pack 1630 : efficacit\u00e9 et maniabilit\u00e9<br \/>\nSa cuve antichoc en plastique r\u00e9sistant lui assure un poids de seulement 6 kg et il est \u00e9quip\u00e9 de 5 roulettes orientables. Avec notre Power Pack 1630, vous nettoyez sols durs, tapis de votre v\u00e9hicule et toutes les surfaces.<\/p>\n<p>D\u00e9cibel dB(A) : 84<br \/>\nPuissance moteur : 1600W max<br \/>\nDiam\u00e8tre accessoire : 50mm<br \/>\nDimension appareil\/colis : l : 380\/394mm L:380\/394mm H: 560\/610mm poids: 6.2\/8.9Kg<br \/>\nGaranti 3 ans pi\u00e8ces (hors accessoires et consommables), main d&rsquo;oeuvre et transport retour (transport aller \u00e0 la charge du client), disponibilit\u00e9 des pi\u00e8ces 10 ans<br \/>\nFabriqu\u00e9 en ALLEMAGNE<\/p>\n<p>Avec sa grande capacit\u00e9 de 30L et pouvant r\u00e9cup\u00e9rer jusqu&rsquo;\u00e0 23L de liquide, cet aspirateur eau &amp; poussi\u00e8re , robuste et l\u00e9ger vous accompagnera pour vos travaux ou grand nettoyage.<\/p>\n<\/div>\n<p>&nbsp;<\/p>\n<\/div>","protected":false},"excerpt":{"rendered":"<div class=\"keypoints\">\n<h3 class=\"keypoints__title\">Les points cl\u00e9s<\/h3>\n<ul role=\"list\">\n<li class=\"keypoints__item\" role=\"listitem\">Permet d&rsquo;aspirer rapidement eau et poussi\u00e8res \/ gravats<\/li>\n<li class=\"keypoints__item\" role=\"listitem\">Mati\u00e8re de la cuve : Polypropyl\u00e8ne &#8211; Capacit\u00e9 de la cuve : 30,0 L<\/li>\n<li class=\"keypoints__item\" role=\"listitem\">D\u00e9pression : 21<\/li>\n<\/ul>\n<\/div>","protected":false},"featured_media":76143,"template":"","meta":{"_glsr_average":0,"_glsr_ranking":0,"_glsr_reviews":0},"product_cat":[339],"product_tag":[324,340,153],"class_list":{"0":"post-76144","1":"product","2":"type-product","3":"status-publish","4":"has-post-thumbnail","6":"product_cat-aspirateur-eau-et-poussiere","7":"product_tag-aspirateur","8":"product_tag-aspirateur-eau-et-poussiere","9":"product_tag-maison-entretien","11":"first","12":"instock","13":"shipping-taxable","14":"purchasable","15":"product-type-simple"},"_links":{"self":[{"href":"https:\/\/electromenagerexpress.com\/en\/wp-json\/wp\/v2\/product\/76144","targetHints":{"allow":["GET"]}}],"collection":[{"href":"https:\/\/electromenagerexpress.com\/en\/wp-json\/wp\/v2\/product"}],"about":[{"href":"https:\/\/electromenagerexpress.com\/en\/wp-json\/wp\/v2\/types\/product"}],"wp:featuredmedia":[{"embeddable":true,"href":"https:\/\/electromenagerexpress.com\/en\/wp-json\/wp\/v2\/media\/76143"}],"wp:attachment":[{"href":"https:\/\/electromenagerexpress.com\/en\/wp-json\/wp\/v2\/media?parent=76144"}],"wp:term":[{"taxonomy":"product_cat","embeddable":true,"href":"https:\/\/electromenagerexpress.com\/en\/wp-json\/wp\/v2\/product_cat?post=76144"},{"taxonomy":"product_tag","embeddable":true,"href":"https:\/\/electromenagerexpress.com\/en\/wp-json\/wp\/v2\/product_tag?post=76144"}],"curies":[{"name":"wp","href":"https:\/\/api.w.org\/{rel}","templated":true}]}}