{"id":76107,"date":"2024-11-24T13:40:44","date_gmt":"2024-11-24T13:40:44","guid":{"rendered":"https:\/\/electromenagerexpress.com\/product\/maxblast10678\/"},"modified":"2024-11-26T09:40:17","modified_gmt":"2024-11-26T09:40:17","slug":"maxblast10678","status":"publish","type":"product","link":"https:\/\/electromenagerexpress.com\/en\/product\/maxblast10678\/","title":{"rendered":"MAXBLAST 10678"},"content":{"rendered":"<div class=\"product-features__content\">\n<h3 class=\"product-features__label\">\u00a0 \u00a0 \u00a0 \u00a0Choisir ce produit pour quels usages ?<\/h3>\n<ul role=\"list\">\n<li style=\"list-style-type: none;\">\n<ul role=\"list\">\n<li class=\"product-features__item-list__item\" role=\"listitem\"><span class=\"is--medium\">Pour quelle utilisation ? :<\/span> Permet d&rsquo;aspirer rapidement eau et poussi\u00e8res \/ gravats<\/li>\n<li class=\"product-features__item-list__item\" role=\"listitem\"><span class=\"is--medium\">Pour aspirer :<\/span> Id\u00e9al pour \u00e9liminer les salet\u00e9s et les grandes quantit\u00e9s d&rsquo;eau. Pendant les petits travaux, permet de nettoyer son garage, son atelier, sa cave ou son ext\u00e9rieur<br \/>\n<h3 class=\"product-features__label\">Performance d&rsquo;utilisation<\/h3>\n<ul role=\"list\">\n<li class=\"product-features__item-list__item\" role=\"listitem\"><span class=\"is--medium\">Puissance moteur :<\/span> 3.000,0 W<\/li>\n<li class=\"product-features__item-list__item\" role=\"listitem\"><span class=\"is--medium\">D\u00e9pression :<\/span> 19<\/li>\n<li class=\"product-features__item-list__item\" role=\"listitem\"><span class=\"is--medium\">D\u00e9bit d&rsquo;air :<\/span> 76 dm\u00b3\/s<\/li>\n<li class=\"product-features__item-list__item\" role=\"listitem\"><span class=\"is--medium\">Fonction d\u00e9colmatage du filtre :<\/span> Permet de d\u00e9colmater les r\u00e9sidus qui reste sur le filtre pour r\u00e9cup\u00e9rer une puissance d&rsquo;aspiration optimale<br \/>\n<h3 class=\"product-features__label\">Confort d&rsquo;utilisation<\/h3>\n<ul role=\"list\">\n<li class=\"product-features__item-list__item\" role=\"listitem\"><span class=\"is--medium\">Fonction injecteur\/extracteur :<\/span> Oui<\/li>\n<li class=\"product-features__item-list__item\" role=\"listitem\"><span class=\"is--medium\">Fonctionne sur batterie :<\/span> Non<\/li>\n<li class=\"product-features__item-list__item\" role=\"listitem\"><span class=\"is--medium\">Mati\u00e8re de la cuve :<\/span> M\u00e9tal<\/li>\n<li class=\"product-features__item-list__item\" role=\"listitem\"><span class=\"is--medium\">Capacit\u00e9 de la cuve :<\/span> 80,0 L<\/li>\n<li class=\"product-features__item-list__item\" role=\"listitem\"><span class=\"is--medium\">Rayon d&rsquo;action :<\/span> 2,0 m<\/li>\n<li class=\"product-features__item-list__item\" role=\"listitem\"><span class=\"is--medium\">Branchement prise :<\/span> Non<\/li>\n<li class=\"product-features__item-list__item\" role=\"listitem\"><span class=\"is--medium\">Bouton de vidange :<\/span> Non<\/li>\n<li class=\"product-features__item-list__item\" role=\"listitem\"><span class=\"is--medium\">Fonction soufflerie :<\/span> Permet de d\u00e9coller la poussi\u00e8re dans les endroits difficiles ou de ramasser les feuilles \u00e0 l&rsquo;automne<\/li>\n<li class=\"product-features__item-list__item\" role=\"listitem\"><span class=\"is--medium\">Protection anti-choc :<\/span> Non<br \/>\n<h3 class=\"product-features__label\">Autour de l&rsquo;hygi\u00e8ne<\/h3>\n<ul role=\"list\">\n<li class=\"product-features__item-list__item\" role=\"listitem\"><span class=\"is--medium\">Sac filtrant :<\/span> Non<\/li>\n<li class=\"product-features__item-list__item\" role=\"listitem\"><span class=\"is--medium\">Filtre :<\/span> Oui<br \/>\n<h3 class=\"product-features__label\">Informations et Services<\/h3>\n<ul role=\"list\">\n<li class=\"product-features__item-list__item\" role=\"listitem\"><span class=\"is--medium\">Fabriqu\u00e9 en :<\/span> Chine<\/li>\n<li class=\"product-features__item-list__item\" role=\"listitem\"><span class=\"is--medium\">R\u00e9f\u00e9rence constructeur :<\/span> 10678<\/li>\n<li class=\"product-features__item-list__item\" role=\"listitem\"><span class=\"is--medium\">Marque :<\/span> MAXBLAST<\/li>\n<\/ul>\n<\/li>\n<\/ul>\n<\/li>\n<\/ul>\n<\/li>\n<\/ul>\n<\/li>\n<\/ul>\n<\/li>\n<\/ul>\n<\/div>\n<div class=\"product__disclosure-content\">\n<div class=\"js-read-more product-description__content read-more read-more--truncated\" style=\"max-height: 500px; overflow: hidden;\" data-read-more-name=\"description\">\n<h3><b>Du nettoyage \u00c3\u00a0 grande \u00c3\u00a9chelle !<\/b><\/h3>\n<p>_x000D_<\/p>\n<p>R\u00c3\u00a9pondant parfaitement aux exigences des \u00c3\u00a9tablissements commerciaux et susceptible d\u00e2\u20ac\u2122assurer proprement et facilement le nettoyage quotidien de tout endroit, l\u00e2\u20ac\u2122aspirateur Professionnel et Industriel MAXBLAST est l\u00e2\u20ac\u2122ustensile parfait pour vous.<\/p>\n<p>_x000D_<\/p>\n<p>Dot\u00c3\u00a9 d\u00e2\u20ac\u2122un moteur puissant de 3000W et d\u00e2\u20ac\u2122un r\u00c3\u00a9ceptacle d\u00e2\u20ac\u2122une capacit\u00c3\u00a9 de 80 litres, cet aspirateur professionnel MAXBLAST vous permettra de nettoyer rapidement et en profondeur toutes poussi\u00c3\u00a8res, salet\u00c3\u00a9s, poils d\u00e2\u20ac\u2122animaux et m\u00c3\u00aame tout liquides renvers\u00c3\u00a9s sur le sol ou sur vos tapis. Ni vu ni connu !<\/p>\n<p>_x000D_<br \/>\n_x000D_<\/p>\n<h3><b>Caract\u00c3\u00a9ristiques du produit :<\/b><\/h3>\n<p>_x000D_<\/p>\n<ul>\n<li>Tout \u00c3\u00a0 fait id\u00c3\u00a9al pour une aspiration s\u00c3\u00a8che et humide_x000D_<\/li>\n<li>Capacit\u00c3\u00a9 du r\u00c3\u00a9ceptacle : 80 litres_x000D_<\/li>\n<li>Comprend un tuyau d\u00e2\u20ac\u2122aspiration de 1,5 m et 3 accessoires_x000D_<\/li>\n<li>Puissant moteur de 3000W _x000D_<\/li>\n<li>Amp\u00c3\u00a9rage: 13A_x000D_<\/li>\n<li>Inclinable et facile \u00c3\u00a0 vider_x000D_<\/li>\n<li>Utilisable pour une aspiration avec ou sans sac_x000D_<\/li>\n<li>Filtre en tissus id\u00c3\u00a9al pour le nettoyage de poussi\u00c3\u00a8res, salet\u00c3\u00a9s et poils d\u00e2\u20ac\u2122animaux _x000D_<\/li>\n<li>C\u00c3\u00a2ble d\u00e2\u20ac\u2122alimentation de 9m _x000D_<\/li>\n<li>Equip\u00c3\u00a9 de 4 roulettes et une poign\u00c3\u00a9e d\u00c3\u00a9montable pour assurer une facilit\u00c3\u00a9 de transport et mobilit\u00c3\u00a9_x000D_<\/li>\n<li>Sac \u00c3\u00a0 poussi\u00c3\u00a8re de 80L Offert gratuitement &#8211; Cet aspirateur peut \u00c3\u00aatre utilis\u00c3\u00a9 avec ou sans sac \u00c3\u00a0 poussi\u00c3\u00a8re mais pour ceux qui pr\u00c3\u00a9f\u00c3\u00a8rent garder les d\u00c3\u00a9chets compacts, un sac gratuit vous est offert avec cet aspirateur._x000D_<\/li>\n<li>Equip\u00c3\u00a9 de 4 roulettes, l\u00e2\u20ac\u2122Aspirateur est d\u00c3\u00a9pla\u00c3\u00a7able n\u00e2\u20ac\u2122importe o\u00c3\u00b9 vous voulez et sa base inclinable vous permet de vider rapidement et sans effort le r\u00c3\u00a9servoir.<\/li>\n<\/ul>\n<p>_x000D_<br \/>\n_x000D_<\/p>\n<p>Les accessoires inclus vous permettront de nettoyer les coins et recoins difficilement accessibles.<\/p>\n<p>_x000D_<\/p>\n<ul>\n<li>Embout pour plancher &#8211; pour un nettoyage sec et humide de sols et tapis _x000D_<\/li>\n<li>Embout \u00c3\u00a0 brosse, pour une aspiration facile des fen\u00c3\u00aatres et autres surfaces _x000D_<\/li>\n<li>Embout suceur de crevasse, pour le nettoyage des coins et recoins<\/li>\n<\/ul>\n<\/div>\n<p>&nbsp;<\/p>\n<\/div>","protected":false},"excerpt":{"rendered":"<div class=\"keypoints\">\n<h3 class=\"keypoints__title\">Les points cl\u00e9s<\/h3>\n<ul role=\"list\">\n<li class=\"keypoints__item\" role=\"listitem\">Permet d&rsquo;aspirer rapidement eau et poussi\u00e8res \/ gravats<\/li>\n<li class=\"keypoints__item\" role=\"listitem\">Mati\u00e8re de la cuve : M\u00e9tal &#8211; Capacit\u00e9 de la cuve : 80,0 L<\/li>\n<li class=\"keypoints__item\" role=\"listitem\">D\u00e9pression : 19<\/li>\n<li class=\"keypoints__item\" role=\"listitem\">Permet de d\u00e9coller la poussi\u00e8re dans les endroits difficiles ou de ramasser les feuilles \u00e0 l&rsquo;automne<\/li>\n<\/ul>\n<\/div>","protected":false},"featured_media":76106,"template":"","meta":{"_glsr_average":0,"_glsr_ranking":0,"_glsr_reviews":0},"product_cat":[339],"product_tag":[324,340,153],"class_list":{"0":"post-76107","1":"product","2":"type-product","3":"status-publish","4":"has-post-thumbnail","6":"product_cat-aspirateur-eau-et-poussiere","7":"product_tag-aspirateur","8":"product_tag-aspirateur-eau-et-poussiere","9":"product_tag-maison-entretien","11":"first","12":"instock","13":"sale","14":"shipping-taxable","15":"purchasable","16":"product-type-simple"},"_links":{"self":[{"href":"https:\/\/electromenagerexpress.com\/en\/wp-json\/wp\/v2\/product\/76107","targetHints":{"allow":["GET"]}}],"collection":[{"href":"https:\/\/electromenagerexpress.com\/en\/wp-json\/wp\/v2\/product"}],"about":[{"href":"https:\/\/electromenagerexpress.com\/en\/wp-json\/wp\/v2\/types\/product"}],"wp:featuredmedia":[{"embeddable":true,"href":"https:\/\/electromenagerexpress.com\/en\/wp-json\/wp\/v2\/media\/76106"}],"wp:attachment":[{"href":"https:\/\/electromenagerexpress.com\/en\/wp-json\/wp\/v2\/media?parent=76107"}],"wp:term":[{"taxonomy":"product_cat","embeddable":true,"href":"https:\/\/electromenagerexpress.com\/en\/wp-json\/wp\/v2\/product_cat?post=76107"},{"taxonomy":"product_tag","embeddable":true,"href":"https:\/\/electromenagerexpress.com\/en\/wp-json\/wp\/v2\/product_tag?post=76107"}],"curies":[{"name":"wp","href":"https:\/\/api.w.org\/{rel}","templated":true}]}}