{"id":76099,"date":"2024-11-24T13:40:38","date_gmt":"2024-11-24T13:40:38","guid":{"rendered":"https:\/\/electromenagerexpress.com\/product\/maxblast24937\/"},"modified":"2024-11-26T11:14:47","modified_gmt":"2024-11-26T11:14:47","slug":"maxblast24937","status":"publish","type":"product","link":"https:\/\/electromenagerexpress.com\/en\/product\/maxblast24937\/","title":{"rendered":"MAXBLAST 24937"},"content":{"rendered":"<div class=\"product-features__content\">\n<ul role=\"list\">\n<li class=\"product-features__item\" role=\"listitem\">\n<h3 class=\"product-features__label\">Choisir ce produit pour quels usages ?<\/h3>\n<ul role=\"list\">\n<li class=\"product-features__item-list__item\" role=\"listitem\"><span class=\"is--medium\">Pour quelle utilisation ? :<\/span> Permet d&rsquo;aspirer rapidement eau et poussi\u00e8res \/ gravats<\/li>\n<li class=\"product-features__item-list__item\" role=\"listitem\"><span class=\"is--medium\">Pour aspirer :<\/span> Id\u00e9al pour \u00e9liminer les salet\u00e9s et les grandes quantit\u00e9s d&rsquo;eau. Pendant les petits travaux, permet de nettoyer son garage, son atelier, sa cave ou son ext\u00e9rieur<\/li>\n<\/ul>\n<\/li>\n<li class=\"product-features__item\" role=\"listitem\">\n<h3 class=\"product-features__label\">Performance d&rsquo;utilisation<\/h3>\n<ul role=\"list\">\n<li class=\"product-features__item-list__item\" role=\"listitem\"><span class=\"is--medium\">Puissance moteur :<\/span> 3.000,0 W<\/li>\n<li class=\"product-features__item-list__item\" role=\"listitem\"><span class=\"is--medium\">D\u00e9pression :<\/span> 19<\/li>\n<li class=\"product-features__item-list__item\" role=\"listitem\"><span class=\"is--medium\">D\u00e9bit d&rsquo;air :<\/span> 76 dm\u00b3\/s<\/li>\n<li class=\"product-features__item-list__item\" role=\"listitem\"><span class=\"is--medium\">Fonction d\u00e9colmatage du filtre :<\/span> Permet de d\u00e9colmater les r\u00e9sidus qui reste sur le filtre pour r\u00e9cup\u00e9rer une puissance d&rsquo;aspiration optimale<\/li>\n<\/ul>\n<\/li>\n<li class=\"product-features__item\" role=\"listitem\">\n<h3 class=\"product-features__label\">Confort d&rsquo;utilisation<\/h3>\n<ul role=\"list\">\n<li class=\"product-features__item-list__item\" role=\"listitem\"><span class=\"is--medium\">Fonction injecteur\/extracteur :<\/span> Oui<\/li>\n<li class=\"product-features__item-list__item\" role=\"listitem\"><span class=\"is--medium\">Fonctionne sur batterie :<\/span> Non<\/li>\n<li class=\"product-features__item-list__item\" role=\"listitem\"><span class=\"is--medium\">Mati\u00e8re de la cuve :<\/span> M\u00e9tal<\/li>\n<li class=\"product-features__item-list__item\" role=\"listitem\"><span class=\"is--medium\">Capacit\u00e9 de la cuve :<\/span> 80,0 L<\/li>\n<li class=\"product-features__item-list__item\" role=\"listitem\"><span class=\"is--medium\">Rayon d&rsquo;action :<\/span> 2,0 m<\/li>\n<li class=\"product-features__item-list__item\" role=\"listitem\"><span class=\"is--medium\">Branchement prise :<\/span> Non<\/li>\n<li class=\"product-features__item-list__item\" role=\"listitem\"><span class=\"is--medium\">Bouton de vidange :<\/span> Non<\/li>\n<li class=\"product-features__item-list__item\" role=\"listitem\"><span class=\"is--medium\">Fonction soufflerie :<\/span> Permet de d\u00e9coller la poussi\u00e8re dans les endroits difficiles ou de ramasser les feuilles \u00e0 l&rsquo;automne<\/li>\n<li class=\"product-features__item-list__item\" role=\"listitem\"><span class=\"is--medium\">Protection anti-choc :<\/span> Non<\/li>\n<\/ul>\n<\/li>\n<li class=\"product-features__item\" role=\"listitem\">\n<h3 class=\"product-features__label\">Autour de l&rsquo;hygi\u00e8ne<\/h3>\n<ul role=\"list\">\n<li class=\"product-features__item-list__item\" role=\"listitem\"><span class=\"is--medium\">Sac filtrant :<\/span> Non<\/li>\n<li class=\"product-features__item-list__item\" role=\"listitem\"><span class=\"is--medium\">Filtre :<\/span> Oui<\/li>\n<\/ul>\n<\/li>\n<li class=\"product-features__item\" role=\"listitem\">\n<h3 class=\"product-features__label\">Informations et Services<\/h3>\n<ul role=\"list\">\n<li class=\"product-features__item-list__item\" role=\"listitem\"><span class=\"is--medium\">Fabriqu\u00e9 en :<\/span> Chine<\/li>\n<li class=\"product-features__item-list__item\" role=\"listitem\"><span class=\"is--medium\">R\u00e9f\u00e9rence constructeur :<\/span> 24937<\/li>\n<li class=\"product-features__item-list__item\" role=\"listitem\"><span class=\"is--medium\">Marque :<\/span> MAXBLAST<\/li>\n<\/ul>\n<\/li>\n<\/ul>\n<\/div>\n<div class=\"product__disclosure-content\">\n<div class=\"js-read-more product-description__content read-more read-more--truncated\" style=\"max-height: 500px; overflow: hidden;\" data-read-more-name=\"description\">\n<p><b>Du nettoyage \u00c3\u00a0 grande \u00c3\u00a9chelle !<\/b>_x000D_<\/p>\n<p>R\u00c3\u00a9pondant parfaitement aux exigences des \u00c3\u00a9tablissements commerciaux et susceptible d\u00e2\u20ac\u2122assurer proprement et facilement le nettoyage quotidien de tout endroit, l\u00e2\u20ac\u2122aspirateur Industriel Professionnel MAXBLAST de 80L et l\u00e2\u20ac\u2122embout d\u00e2\u20ac\u2122aspiration compl\u00c3\u00a9mentaire sont les ustensile dont vous avez besoin.<\/p>\n<p>_x000D_<\/p>\n<p>Dot\u00c3\u00a9 d\u00e2\u20ac\u2122un moteur puissant de 3000W et d\u00e2\u20ac\u2122un r\u00c3\u00a9ceptacle d\u00e2\u20ac\u2122une capacit\u00c3\u00a9 de 80 litres, cet aspirateur professionnel MAXBLAST vous permettra de nettoyer rapidement et en profondeur toutes poussi\u00c3\u00a8res, salet\u00c3\u00a9s, poils d\u00e2\u20ac\u2122animaux et m\u00c3\u00aame tout liquides renvers\u00c3\u00a9s sur le sol ou sur vos tapis. Ni vu ni connu !_x000D_<\/p>\n<p>Facile \u00c3\u00a0 utiliser, il suffit tout simplement de fixer l\u00e2\u20ac\u2122embout d\u00e2\u20ac\u2122aspiration \u00c3\u00a0 l\u00e2\u20ac\u2122arri\u00c3\u00a8re de l\u00e2\u20ac\u2122aspirateur MaxBlast de 80L et de le faire passer sur toutes les surfaces que vous voulez nettoyer.<\/p>\n<p>_x000D_<br \/>\n<b>Caract\u00c3\u00a9ristiques du produit : <\/b>_x000D_<\/p>\n<ul>\n<li>Tout \u00c3\u00a0 fait id\u00c3\u00a9al pour une aspiration s\u00c3\u00a8che et humide_x000D_<\/li>\n<li>Double filtre comprenant un filtre en tissus et un filtre HEPA_x000D_<\/li>\n<li>Capacit\u00c3\u00a9 du r\u00c3\u00a9ceptacle : 80 litres_x000D_<\/li>\n<li>Comprend un tuyau d\u00e2\u20ac\u2122aspiration de 1,5 m et 3 accessoires_x000D_<\/li>\n<li>Puissant moteur de 3000W_x000D_<\/li>\n<li>L\u00e2\u20ac\u2122embout d\u00e2\u20ac\u2122aspiration facilite le nettoyage au niveau des coins et prot\u00c3\u00a8ge votre dos en vous \u00c3\u00a9vitant de vous pencher_x000D_<\/li>\n<li>Utilisable pour une aspiration avec ou sans sac_x000D_<\/li>\n<li>C\u00c3\u00a2ble d\u00e2\u20ac\u2122alimentation de 9m_x000D_<\/li>\n<li>Inclinable et facile \u00c3\u00a0 vider_x000D_<\/li>\n<li>Equip\u00c3\u00a9 de 4 roulettes et une poign\u00c3\u00a9e d\u00c3\u00a9montable pour assurer une facilit\u00c3\u00a9 de transport et mobilit\u00c3\u00a9<\/li>\n<\/ul>\n<p>_x000D_<\/p>\n<p>Les accessoires inclus vous permettront de nettoyer les coins et recoins difficilement accessibles.<\/p>\n<p>_x000D_<\/p>\n<ul>\n<li>Embout pour plancher &#8211; pour un nettoyage sec et humide de sols et tapis _x000D_<\/li>\n<li>Embout \u00c3\u00a0 brosse, pour une aspiration facile des fen\u00c3\u00aatres et autres surfaces _x000D_<\/li>\n<li>Embout suceur de crevasse, pour le nettoyage des coins et recoins<\/li>\n<\/ul>\n<p>_x000D_<br \/>\n_x000D_<br \/>\n<b>Caract\u00c3\u00a9ristiques techniques du produit : <\/b>_x000D_<\/p>\n<ul>\n<li>Dimensions : 58,5cm de large x 57,3cm de profondeur x 99cm de hauteur_x000D_<\/li>\n<li>Tension : 230V \/ 50Hz_x000D_<\/li>\n<li>Dimensions de l\u00e2\u20ac\u2122embout d\u00e2\u20ac\u2122aspiration: 15 cm de large x 66 cm de long x 12 cm de profondeur_x000D_<\/li>\n<li>Puissance : 3000W_x000D_<\/li>\n<li>Amp\u00c3\u00a9rage : 13A_x000D_<\/li>\n<li>D\u00c3\u00a9bit d&rsquo;air : 106 L \/ S_x000D_<\/li>\n<li>Niveau sonore : 80 dB_x000D_<\/li>\n<li>Filtres : filtre en tissus &amp; filtre HEPA_x000D_<\/li>\n<li>Capacit\u00c3\u00a9 du r\u00c3\u00a9ceptacle : 80 litres_x000D_<\/li>\n<li>Prise : 13A, 3 broches UK<\/li>\n<\/ul>\n<\/div>\n<p>&nbsp;<\/p>\n<\/div>","protected":false},"excerpt":{"rendered":"<div class=\"keypoints\">\n<h3 class=\"keypoints__title\">Les points cl\u00e9s<\/h3>\n<ul role=\"list\">\n<li class=\"keypoints__item\" role=\"listitem\">Permet d&rsquo;aspirer rapidement eau et poussi\u00e8res \/ gravats<\/li>\n<li class=\"keypoints__item\" role=\"listitem\">Mati\u00e8re de la cuve : M\u00e9tal &#8211; Capacit\u00e9 de la cuve : 80,0 L<\/li>\n<li class=\"keypoints__item\" role=\"listitem\">D\u00e9pression : 19<\/li>\n<li class=\"keypoints__item\" role=\"listitem\">Permet de d\u00e9coller la poussi\u00e8re dans les endroits difficiles ou de ramasser les feuilles \u00e0 l&rsquo;automne<\/li>\n<\/ul>\n<\/div>","protected":false},"featured_media":76098,"template":"","meta":{"_glsr_average":0,"_glsr_ranking":0,"_glsr_reviews":0},"product_cat":[339],"product_tag":[324,340,153],"class_list":{"0":"post-76099","1":"product","2":"type-product","3":"status-publish","4":"has-post-thumbnail","6":"product_cat-aspirateur-eau-et-poussiere","7":"product_tag-aspirateur","8":"product_tag-aspirateur-eau-et-poussiere","9":"product_tag-maison-entretien","11":"first","12":"instock","13":"sale","14":"shipping-taxable","15":"purchasable","16":"product-type-simple"},"_links":{"self":[{"href":"https:\/\/electromenagerexpress.com\/en\/wp-json\/wp\/v2\/product\/76099","targetHints":{"allow":["GET"]}}],"collection":[{"href":"https:\/\/electromenagerexpress.com\/en\/wp-json\/wp\/v2\/product"}],"about":[{"href":"https:\/\/electromenagerexpress.com\/en\/wp-json\/wp\/v2\/types\/product"}],"wp:featuredmedia":[{"embeddable":true,"href":"https:\/\/electromenagerexpress.com\/en\/wp-json\/wp\/v2\/media\/76098"}],"wp:attachment":[{"href":"https:\/\/electromenagerexpress.com\/en\/wp-json\/wp\/v2\/media?parent=76099"}],"wp:term":[{"taxonomy":"product_cat","embeddable":true,"href":"https:\/\/electromenagerexpress.com\/en\/wp-json\/wp\/v2\/product_cat?post=76099"},{"taxonomy":"product_tag","embeddable":true,"href":"https:\/\/electromenagerexpress.com\/en\/wp-json\/wp\/v2\/product_tag?post=76099"}],"curies":[{"name":"wp","href":"https:\/\/api.w.org\/{rel}","templated":true}]}}