{"id":76090,"date":"2024-11-24T13:40:31","date_gmt":"2024-11-24T13:40:31","guid":{"rendered":"https:\/\/electromenagerexpress.com\/product\/thomas786203\/"},"modified":"2024-11-26T09:35:37","modified_gmt":"2024-11-26T09:35:37","slug":"thomas786203","status":"publish","type":"product","link":"https:\/\/electromenagerexpress.com\/en\/product\/thomas786203\/","title":{"rendered":"THOMAS\t786203"},"content":{"rendered":"<div class=\"product-features__content\">\n<h3 class=\"product-features__label\">\u00a0 \u00a0 \u00a0 \u00a0 \u00a0 \u00a0Choisir ce produit pour quels usages ?<\/h3>\n<ul role=\"list\">\n<li style=\"list-style-type: none;\">\n<ul role=\"list\">\n<li class=\"product-features__item-list__item\" role=\"listitem\"><span class=\"is--medium\">Pour quelle utilisation ? :<\/span> Permet d&rsquo;aspirer rapidement eau et poussi\u00e8res<\/li>\n<li class=\"product-features__item-list__item\" role=\"listitem\"><span class=\"is--medium\">Pour aspirer :<\/span> Id\u00e9al pour \u00e9liminer les salet\u00e9s et les grandes quantit\u00e9s d&rsquo;eau. Pendant les petits travaux, permet de nettoyer son garage, son atelier, sa cave ou son ext\u00e9rieur<br \/>\n<h3 class=\"product-features__label\">Performance d&rsquo;utilisation<\/h3>\n<ul role=\"list\">\n<li class=\"product-features__item-list__item\" role=\"listitem\"><span class=\"is--medium\">Puissance moteur :<\/span> 1.600,0 W<\/li>\n<li class=\"product-features__item-list__item\" role=\"listitem\"><span class=\"is--medium\">D\u00e9pression :<\/span> 21<\/li>\n<li class=\"product-features__item-list__item\" role=\"listitem\"><span class=\"is--medium\">D\u00e9bit d&rsquo;air :<\/span> 34 dm\u00b3\/s<\/li>\n<li class=\"product-features__item-list__item\" role=\"listitem\"><span class=\"is--medium\">Fonction d\u00e9colmatage du filtre :<\/span> Non<br \/>\n<h3 class=\"product-features__label\">Confort d&rsquo;utilisation<\/h3>\n<ul role=\"list\">\n<li class=\"product-features__item-list__item\" role=\"listitem\"><span class=\"is--medium\">Fonction injecteur\/extracteur :<\/span> Non<\/li>\n<li class=\"product-features__item-list__item\" role=\"listitem\"><span class=\"is--medium\">Fonctionne sur batterie :<\/span> Non<\/li>\n<li class=\"product-features__item-list__item\" role=\"listitem\"><span class=\"is--medium\">Mati\u00e8re de la cuve :<\/span> Polypropyl\u00e8ne<\/li>\n<li class=\"product-features__item-list__item\" role=\"listitem\"><span class=\"is--medium\">Capacit\u00e9 de la cuve :<\/span> 20,0 L<\/li>\n<li class=\"product-features__item-list__item\" role=\"listitem\"><span class=\"is--medium\">Rayon d&rsquo;action :<\/span> 7,5 m<\/li>\n<li class=\"product-features__item-list__item\" role=\"listitem\"><span class=\"is--medium\">Branchement prise :<\/span> Non<\/li>\n<li class=\"product-features__item-list__item\" role=\"listitem\"><span class=\"is--medium\">Bouton de vidange :<\/span> Non<\/li>\n<li class=\"product-features__item-list__item\" role=\"listitem\"><span class=\"is--medium\">Fonction soufflerie :<\/span> Non<\/li>\n<li class=\"product-features__item-list__item\" role=\"listitem\"><span class=\"is--medium\">Protection anti-choc :<\/span> Non<\/li>\n<li class=\"product-features__item-list__item\" role=\"listitem\"><span class=\"is--medium\">Interrupteur marche \/ arr\u00eat :<\/span> Non<\/li>\n<li class=\"product-features__item-list__item\" role=\"listitem\"><span class=\"is--medium\">Poign\u00e9e de transport :<\/span> Oui<br \/>\n<h3 class=\"product-features__label\">Autour de l&rsquo;hygi\u00e8ne<\/h3>\n<ul role=\"list\">\n<li class=\"product-features__item-list__item\" role=\"listitem\"><span class=\"is--medium\">Sac :<\/span> Oui<\/li>\n<li class=\"product-features__item-list__item\" role=\"listitem\"><span class=\"is--medium\">Sac filtrant :<\/span> Non<\/li>\n<li class=\"product-features__item-list__item\" role=\"listitem\"><span class=\"is--medium\">Filtre :<\/span> Oui<br \/>\n<h3 class=\"product-features__label\">Equipement \/ Accessoires<\/h3>\n<ul role=\"list\">\n<li class=\"product-features__item-list__item\" role=\"listitem\"><span class=\"is--medium\">Nombre de roulettes :<\/span> Oui<\/li>\n<li class=\"product-features__item-list__item\" role=\"listitem\"><span class=\"is--medium\">Equipements et Accesoires :<\/span> Nombre de roulettes<br \/>\n<h3 class=\"product-features__label\">Informations et Services<\/h3>\n<ul role=\"list\">\n<li class=\"product-features__item-list__item\" role=\"listitem\"><span class=\"is--medium\">Fabriqu\u00e9 en :<\/span> Allemagne<\/li>\n<li class=\"product-features__item-list__item\" role=\"listitem\"><span class=\"is--medium\">Disponibilit\u00e9 des pi\u00e8ces d\u00e9tach\u00e9es (donn\u00e9es fournisseur) :<\/span> Non communiqu\u00e9e<\/li>\n<li class=\"product-features__item-list__item\" role=\"listitem\"><span class=\"is--medium\">R\u00e9f\u00e9rence constructeur :<\/span> 786203<\/li>\n<li class=\"product-features__item-list__item\" role=\"listitem\"><span class=\"is--medium\">Marque :<\/span> THOMAS<br \/>\n<h3 class=\"product-features__label\">Dimensions<\/h3>\n<ul role=\"list\">\n<li class=\"product-features__item-list__item\" role=\"listitem\"><span class=\"is--medium\">Dimensions l x h x p :<\/span> 38 x 47 x 38 cm<\/li>\n<li class=\"product-features__item-list__item\" role=\"listitem\"><span class=\"is--medium\">Poids net :<\/span> 6,0 kg<\/li>\n<li class=\"product-features__item-list__item\" role=\"listitem\"><span class=\"is--medium\">Poids brut :<\/span> 8,3 kg<\/li>\n<\/ul>\n<\/li>\n<\/ul>\n<\/li>\n<\/ul>\n<\/li>\n<\/ul>\n<\/li>\n<\/ul>\n<\/li>\n<\/ul>\n<\/li>\n<\/ul>\n<\/li>\n<\/ul>\n<\/div>\n<div class=\"product__disclosure-content\">\n<div class=\"js-read-more product-description__content read-more read-more--truncated\" style=\"max-height: 500px; overflow: hidden;\" data-read-more-name=\"description\">\n<p>Un aspirateur complet pour un nettoyage efficace.<br \/>\nCave, atelier, garage, voiture ou votre int\u00e9rieur, aucune salissure n&rsquo;\u00e9chappe \u00e0 la voracit\u00e9 du THOMAS POWER PACK 1620 C.<br \/>\nEn aspiration s\u00e8che, son sac \u00e0 poussi\u00e8re et ses accessoires vous permettent d&rsquo;aspirer rapidement toutes les poussi\u00e8res, salet\u00e9s et poils d&rsquo;animaux sur vos sols durs, tapis et moquettes.<br \/>\nNotre aspirateur de chantier POWER PACK 1620 C vous permet \u00e9galement, sans sac, d&rsquo;aspirer vos petits gravats et jusqu&rsquo;\u00e0 13 litres d&rsquo;eau dans son r\u00e9servoir. Il poss\u00e8de aussi un d\u00e9bouche \u00e9vier pour faciliter le nettoyage des canalisations bouch\u00e9es.<br \/>\nL&rsquo;aspirateur est dot\u00e9 de nombreux accessoires et \u00e9quipements pour que l&rsquo;entretien de toutes vos surfaces soit simple, rapide, efficace :<br \/>\n\u2022 Brosse tapis<br \/>\n\u2022 Brosse universelle<br \/>\n\u2022 Suceur fauteuil<br \/>\n\u2022 Suceur long<br \/>\n\u2022 D\u00e9bouche \u00e9vier<br \/>\n\u2022 Sac \u00e0 poussi\u00e8re<br \/>\n\u2022 2 tubes d&rsquo;aspiration inoxydable<br \/>\n\u2022 Filtre cartouches<br \/>\n\u2022 1 sac \u00e0 poussi\u00e8re.<br \/>\nPuissance moteur :1600 Watt max ; capacit\u00e9 cuve : 20L; absorption eau: 13L max.; longueur de c\u00e2ble: 5 m; syst\u00e8me accessoires diam\u00e8tre: 32mm ; nombre de roulettes: 4<br \/>\nGarantie 3 ans pi\u00e8ces ( hors accessoires et consommables), main d&rsquo;oeuvre et transport retour (transport aller \u00e0 la charge du client), disponibilit\u00e9 des pi\u00e8ces 10 ans.<br \/>\nFabriqu\u00e9 en ALLEMAGNE<br \/>\nDimension appareil\/colis : l: 380\/390mm L:380\/390mm H : 470.\/532mm poids: 6\/8.3Kg<\/p>\n<p>L&rsquo;aspirateur eau &amp; poussi\u00e8res THOMAS POWER PACK 1620C , l\u00e9ger et tr\u00e9s complet vous permettra de faire votre nettoyage dans votre maison mais aussi tout vos petits travaux<\/p>\n<\/div>\n<p>&nbsp;<\/p>\n<\/div>","protected":false},"excerpt":{"rendered":"<div class=\"keypoints\">\n<h3 class=\"keypoints__title\">Les points cl\u00e9s<\/h3>\n<ul role=\"list\">\n<li class=\"keypoints__item\" role=\"listitem\">Permet d&rsquo;aspirer rapidement eau et poussi\u00e8res<\/li>\n<li class=\"keypoints__item\" role=\"listitem\">Mati\u00e8re de la cuve : Polypropyl\u00e8ne &#8211; Capacit\u00e9 de la cuve : 20,0 L<\/li>\n<li class=\"keypoints__item\" role=\"listitem\">D\u00e9pression : 21<\/li>\n<\/ul>\n<\/div>","protected":false},"featured_media":76089,"template":"","meta":{"_glsr_average":0,"_glsr_ranking":0,"_glsr_reviews":0},"product_cat":[339],"product_tag":[324,340,153],"class_list":{"0":"post-76090","1":"product","2":"type-product","3":"status-publish","4":"has-post-thumbnail","6":"product_cat-aspirateur-eau-et-poussiere","7":"product_tag-aspirateur","8":"product_tag-aspirateur-eau-et-poussiere","9":"product_tag-maison-entretien","11":"first","12":"instock","13":"shipping-taxable","14":"purchasable","15":"product-type-simple"},"_links":{"self":[{"href":"https:\/\/electromenagerexpress.com\/en\/wp-json\/wp\/v2\/product\/76090","targetHints":{"allow":["GET"]}}],"collection":[{"href":"https:\/\/electromenagerexpress.com\/en\/wp-json\/wp\/v2\/product"}],"about":[{"href":"https:\/\/electromenagerexpress.com\/en\/wp-json\/wp\/v2\/types\/product"}],"wp:featuredmedia":[{"embeddable":true,"href":"https:\/\/electromenagerexpress.com\/en\/wp-json\/wp\/v2\/media\/76089"}],"wp:attachment":[{"href":"https:\/\/electromenagerexpress.com\/en\/wp-json\/wp\/v2\/media?parent=76090"}],"wp:term":[{"taxonomy":"product_cat","embeddable":true,"href":"https:\/\/electromenagerexpress.com\/en\/wp-json\/wp\/v2\/product_cat?post=76090"},{"taxonomy":"product_tag","embeddable":true,"href":"https:\/\/electromenagerexpress.com\/en\/wp-json\/wp\/v2\/product_tag?post=76090"}],"curies":[{"name":"wp","href":"https:\/\/api.w.org\/{rel}","templated":true}]}}