{"id":76082,"date":"2024-11-24T13:40:24","date_gmt":"2024-11-24T13:40:24","guid":{"rendered":"https:\/\/electromenagerexpress.com\/product\/maxblast10680\/"},"modified":"2024-11-26T11:11:59","modified_gmt":"2024-11-26T11:11:59","slug":"maxblast10680","status":"publish","type":"product","link":"https:\/\/electromenagerexpress.com\/en\/product\/maxblast10680\/","title":{"rendered":"MAXBLAST 10680"},"content":{"rendered":"<div class=\"product-features__content\">\n<ul role=\"list\">\n<li class=\"product-features__item\" role=\"listitem\">\n<h3 class=\"product-features__label\">Choisir ce produit pour quels usages ?<\/h3>\n<ul role=\"list\">\n<li class=\"product-features__item-list__item\" role=\"listitem\"><span class=\"is--medium\">Pour quelle utilisation ? :<\/span> Permet d&rsquo;aspirer rapidement eau et poussi\u00e8res \/ gravats<\/li>\n<li class=\"product-features__item-list__item\" role=\"listitem\"><span class=\"is--medium\">Pour aspirer :<\/span> Id\u00e9al pour \u00e9liminer les salet\u00e9s et les grandes quantit\u00e9s d&rsquo;eau. Pendant les petits travaux, permet de nettoyer son garage, son atelier, sa cave ou son ext\u00e9rieur<\/li>\n<\/ul>\n<\/li>\n<li class=\"product-features__item\" role=\"listitem\">\n<h3 class=\"product-features__label\">Performance d&rsquo;utilisation<\/h3>\n<ul role=\"list\">\n<li class=\"product-features__item-list__item\" role=\"listitem\"><span class=\"is--medium\">Puissance moteur :<\/span> 1.400,0 W<\/li>\n<li class=\"product-features__item-list__item\" role=\"listitem\"><span class=\"is--medium\">D\u00e9pression :<\/span> 19<\/li>\n<li class=\"product-features__item-list__item\" role=\"listitem\"><span class=\"is--medium\">D\u00e9bit d&rsquo;air :<\/span> 76 dm\u00b3\/s<\/li>\n<li class=\"product-features__item-list__item\" role=\"listitem\"><span class=\"is--medium\">Fonction d\u00e9colmatage du filtre :<\/span> Permet de d\u00e9colmater les r\u00e9sidus qui reste sur le filtre pour r\u00e9cup\u00e9rer une puissance d&rsquo;aspiration optimale<\/li>\n<\/ul>\n<\/li>\n<li class=\"product-features__item\" role=\"listitem\">\n<h3 class=\"product-features__label\">Confort d&rsquo;utilisation<\/h3>\n<ul role=\"list\">\n<li class=\"product-features__item-list__item\" role=\"listitem\"><span class=\"is--medium\">Fonction injecteur\/extracteur :<\/span> Oui<\/li>\n<li class=\"product-features__item-list__item\" role=\"listitem\"><span class=\"is--medium\">Fonctionne sur batterie :<\/span> Non<\/li>\n<li class=\"product-features__item-list__item\" role=\"listitem\"><span class=\"is--medium\">Mati\u00e8re de la cuve :<\/span> M\u00e9tal<\/li>\n<li class=\"product-features__item-list__item\" role=\"listitem\"><span class=\"is--medium\">Capacit\u00e9 de la cuve :<\/span> 50,0 L<\/li>\n<li class=\"product-features__item-list__item\" role=\"listitem\"><span class=\"is--medium\">Rayon d&rsquo;action :<\/span> 2,0 m<\/li>\n<li class=\"product-features__item-list__item\" role=\"listitem\"><span class=\"is--medium\">Branchement prise :<\/span> Non<\/li>\n<li class=\"product-features__item-list__item\" role=\"listitem\"><span class=\"is--medium\">Bouton de vidange :<\/span> Non<\/li>\n<li class=\"product-features__item-list__item\" role=\"listitem\"><span class=\"is--medium\">Fonction soufflerie :<\/span> Permet de d\u00e9coller la poussi\u00e8re dans les endroits difficiles ou de ramasser les feuilles \u00e0 l&rsquo;automne<\/li>\n<li class=\"product-features__item-list__item\" role=\"listitem\"><span class=\"is--medium\">Protection anti-choc :<\/span> Non<\/li>\n<\/ul>\n<\/li>\n<li class=\"product-features__item\" role=\"listitem\">\n<h3 class=\"product-features__label\">Autour de l&rsquo;hygi\u00e8ne<\/h3>\n<ul role=\"list\">\n<li class=\"product-features__item-list__item\" role=\"listitem\"><span class=\"is--medium\">Sac filtrant :<\/span> Non<\/li>\n<li class=\"product-features__item-list__item\" role=\"listitem\"><span class=\"is--medium\">Filtre :<\/span> Oui<\/li>\n<\/ul>\n<\/li>\n<li class=\"product-features__item\" role=\"listitem\">\n<h3 class=\"product-features__label\">Informations et Services<\/h3>\n<ul role=\"list\">\n<li class=\"product-features__item-list__item\" role=\"listitem\"><span class=\"is--medium\">Fabriqu\u00e9 en :<\/span> Chine<\/li>\n<li role=\"listitem\"><\/li>\n<li class=\"product-features__item-list__item\" role=\"listitem\"><span class=\"is--medium\">R\u00e9f\u00e9rence constructeur :<\/span> 10680<\/li>\n<li class=\"product-features__item-list__item\" role=\"listitem\"><span class=\"is--medium\">Marque :<\/span> MAXBLAST<\/li>\n<\/ul>\n<\/li>\n<\/ul>\n<\/div>\n<div class=\"product__disclosure-content\">\n<div class=\"js-read-more product-description__content read-more read-more--truncated\" style=\"max-height: 500px; overflow: hidden;\" data-read-more-name=\"description\">\n<h3><b>Du nettoyage \u00c3\u00a0 grande \u00c3\u00a9chelle !<\/b><\/h3>\n<p>_x000D_<\/p>\n<p>Gardez vos espaces nets et propres, rendez vos int\u00c3\u00a9rieurs totalement impeccables gr\u00c3\u00a2ce cet aspirateur industriel qui aspirera poussi\u00c3\u00a8res, salet\u00c3\u00a9s, poils d\u00e2\u20ac\u2122animaux et m\u00c3\u00aame tout liquides renvers\u00c3\u00a9s sur le sol ou tapis. Dot\u00c3\u00a9 d\u00e2\u20ac\u2122un moteur de 1400W et d\u00e2\u20ac\u2122un double filtre totalement hygi\u00c3\u00a9nique, cet aspirateur est tout \u00c3\u00a0 fait id\u00c3\u00a9al pour une aspiration s\u00c3\u00a8che et humide de vos sols et tapis.<\/p>\n<p>_x000D_<\/p>\n<h3><b>Caract\u00c3\u00a9ristiques du produit :<\/b><\/h3>\n<p>_x000D_<\/p>\n<ul>\n<li>Tout \u00c3\u00a0 fait id\u00c3\u00a9al pour une aspiration S\u00c3\u00a8che et humide_x000D_<\/li>\n<li>Double filtre compos\u00c3\u00a9 de filtre en tissus et filtre HEPA_x000D_<\/li>\n<li>Capacit\u00c3\u00a9 du r\u00c3\u00a9ceptacle : 50 litres_x000D_<\/li>\n<li>Comprend un tuyau d\u00e2\u20ac\u2122aspiration de 1,5 m et 3 accessoires_x000D_<\/li>\n<li>Puissant moteur de 1400W _x000D_<\/li>\n<li>Utilisable pour une aspiration avec ou sans sac_x000D_<\/li>\n<li>C\u00c3\u00a2ble d\u00e2\u20ac\u2122alimentation de 9m _x000D_<\/li>\n<li>Inclinable et facile \u00c3\u00a0 vider _x000D_<\/li>\n<li>Equip\u00c3\u00a9 de poign\u00c3\u00a9e et roulettes pour une facilit\u00c3\u00a9 de transport et mobilit\u00c3\u00a9_x000D_<\/li>\n<li>Sac \u00c3\u00a0 poussi\u00c3\u00a8re de 50L Offert gratuitement &#8211; Cet aspirateur peut \u00c3\u00aatre utilis\u00c3\u00a9 avec ou sans sac \u00c3\u00a0 poussi\u00c3\u00a8re mais pour ceux qui pr\u00c3\u00a9f\u00c3\u00a8rent garder les d\u00c3\u00a9chets compacts, un sac gratuit vous est offert avec cet aspirateur.<\/li>\n<\/ul>\n<p>_x000D_<\/p>\n<p>Le double filtre comprend un filtre normal en tissus et un filtre HEPA, hygi\u00c3\u00a9nique et \u00c3\u00a9limine \u00c3\u00a0 la fois les bact\u00c3\u00a9ries et les particules fines ind\u00c3\u00a9sirables_x000D_<\/p>\n<p>Les accessoires inclus vous permettront de nettoyer les coins et recoins difficilement accessibles.<\/p>\n<p>_x000D_<\/p>\n<ul>\n<li>Embout pour plancher &#8211; pour un nettoyage sec et humide de sols et tapis _x000D_<\/li>\n<li>Embout \u00c3\u00a0 brosse, pour une aspiration facile de tout surfaces _x000D_<\/li>\n<li>Embout suceur de crevasse, pour le nettoyage des coins et recoins<\/li>\n<\/ul>\n<\/div>\n<p>&nbsp;<\/p>\n<\/div>","protected":false},"excerpt":{"rendered":"<div class=\"keypoints\">\n<h3 class=\"keypoints__title\">Les points cl\u00e9s<\/h3>\n<ul role=\"list\">\n<li class=\"keypoints__item\" role=\"listitem\">Permet d&rsquo;aspirer rapidement eau et poussi\u00e8res \/ gravats<\/li>\n<li class=\"keypoints__item\" role=\"listitem\">Mati\u00e8re de la cuve : M\u00e9tal &#8211; Capacit\u00e9 de la cuve : 50,0 L<\/li>\n<li class=\"keypoints__item\" role=\"listitem\">D\u00e9pression : 19<\/li>\n<li class=\"keypoints__item\" role=\"listitem\">Permet de d\u00e9coller la poussi\u00e8re dans les endroits difficiles ou de ramasser les feuilles \u00e0 l&rsquo;automne<\/li>\n<\/ul>\n<\/div>","protected":false},"featured_media":76081,"template":"","meta":{"_glsr_average":0,"_glsr_ranking":0,"_glsr_reviews":0},"product_cat":[339],"product_tag":[324,340,153],"class_list":{"0":"post-76082","1":"product","2":"type-product","3":"status-publish","4":"has-post-thumbnail","6":"product_cat-aspirateur-eau-et-poussiere","7":"product_tag-aspirateur","8":"product_tag-aspirateur-eau-et-poussiere","9":"product_tag-maison-entretien","11":"first","12":"instock","13":"sale","14":"shipping-taxable","15":"purchasable","16":"product-type-simple"},"_links":{"self":[{"href":"https:\/\/electromenagerexpress.com\/en\/wp-json\/wp\/v2\/product\/76082","targetHints":{"allow":["GET"]}}],"collection":[{"href":"https:\/\/electromenagerexpress.com\/en\/wp-json\/wp\/v2\/product"}],"about":[{"href":"https:\/\/electromenagerexpress.com\/en\/wp-json\/wp\/v2\/types\/product"}],"wp:featuredmedia":[{"embeddable":true,"href":"https:\/\/electromenagerexpress.com\/en\/wp-json\/wp\/v2\/media\/76081"}],"wp:attachment":[{"href":"https:\/\/electromenagerexpress.com\/en\/wp-json\/wp\/v2\/media?parent=76082"}],"wp:term":[{"taxonomy":"product_cat","embeddable":true,"href":"https:\/\/electromenagerexpress.com\/en\/wp-json\/wp\/v2\/product_cat?post=76082"},{"taxonomy":"product_tag","embeddable":true,"href":"https:\/\/electromenagerexpress.com\/en\/wp-json\/wp\/v2\/product_tag?post=76082"}],"curies":[{"name":"wp","href":"https:\/\/api.w.org\/{rel}","templated":true}]}}