{"id":75747,"date":"2024-11-24T13:36:00","date_gmt":"2024-11-24T13:36:00","guid":{"rendered":"https:\/\/electromenagerexpress.com\/product\/aspirateur-laveurrowentagz7035wo-x-clean-10\/"},"modified":"2024-11-24T20:38:12","modified_gmt":"2024-11-24T20:38:12","slug":"aspirateur-laveurrowentagz7035wo-x-clean-10","status":"publish","type":"product","link":"https:\/\/electromenagerexpress.com\/en\/product\/aspirateur-laveurrowentagz7035wo-x-clean-10\/","title":{"rendered":"Aspirateur laveur ROWENTA\tGZ7035WO X Clean 10"},"content":{"rendered":"<div class=\"product-features__content\">\n<ul role=\"list\">\n<li class=\"product-features__item\" role=\"listitem\">\n<h3 class=\"product-features__label\">Choisir ce produit pour quel usage ?<\/h3>\n<ul role=\"list\">\n<li class=\"product-features__item-list__item\" role=\"listitem\"><span class=\"is--medium\">Fonctions :<\/span> Lave et aspire vos sols<\/li>\n<li class=\"product-features__item-list__item\" role=\"listitem\"><span class=\"is--medium\">Sp\u00e9cial animaux :<\/span> Non<\/li>\n<li class=\"product-features__item-list__item\" role=\"listitem\"><span class=\"is--medium\">Type de surface \u00e0 nettoyer :<\/span> Carrelage, Parquet, B\u00e9ton cir\u00e9<\/li>\n<\/ul>\n<\/li>\n<li class=\"product-features__item\" role=\"listitem\">\n<h3 class=\"product-features__label\">Performance<\/h3>\n<ul role=\"list\">\n<li class=\"product-features__item-list__item\" role=\"listitem\"><span class=\"is--medium\">Puissance :<\/span> 200 W<\/li>\n<li class=\"product-features__item-list__item\" role=\"listitem\"><span class=\"is--medium\">Nombre de mode(s) de nettoyage :<\/span> 1<\/li>\n<li class=\"product-features__item-list__item\" role=\"listitem\"><span class=\"is--medium\">Vitesse du rouleau-brosse :<\/span> 550 tr\/mn<\/li>\n<li class=\"product-features__item-list__item\" role=\"listitem\"><span class=\"is--medium\">R\u00e9servoir amovible :<\/span> Oui<\/li>\n<li class=\"product-features__item-list__item\" role=\"listitem\"><span class=\"is--medium\">R\u00e9servoir d&rsquo;eau propre :<\/span> 790 ml<\/li>\n<li class=\"product-features__item-list__item\" role=\"listitem\"><span class=\"is--medium\">R\u00e9servoir d&rsquo;eau sale :<\/span> 670 ml<\/li>\n<li class=\"product-features__item-list__item\" role=\"listitem\"><span class=\"is--medium\">Avantage du double r\u00e9servoir :<\/span> S\u00e9pare l&rsquo;eau propre de l&rsquo;eau sale pour un nettoyage de qualit\u00e9<\/li>\n<li class=\"product-features__item-list__item\" role=\"listitem\"><span class=\"is--medium\">T\u00e9moin de niveau d&rsquo;eau propre min :<\/span> sonore<\/li>\n<li class=\"product-features__item-list__item\" role=\"listitem\"><span class=\"is--medium\">T\u00e9moin de niveau d&rsquo;eau sale max :<\/span> sonore<\/li>\n<li class=\"product-features__item-list__item\" role=\"listitem\"><span class=\"is--medium\">Produit utilis\u00e9 :<\/span> eau et d\u00e9tergent<\/li>\n<li class=\"product-features__item-list__item\" role=\"listitem\"><span class=\"is--medium\">Nettoyage au plus pr\u00e8s des bords et des plinthes :<\/span> Oui<\/li>\n<li class=\"product-features__item-list__item\" role=\"listitem\"><span class=\"is--medium\">Aspiration \u00e0 sec :<\/span> oui, permet d&rsquo;aspirer les poussi\u00e8res comme peut le faire un aspirateur balai<\/li>\n<li class=\"product-features__item-list__item\" role=\"listitem\"><span class=\"is--medium\">Mode turbo :<\/span> oui, le mode turbo permet d&rsquo;am\u00e9liorer la puissance de l&rsquo;appareil pour les taches les plus tenaces<\/li>\n<li class=\"product-features__item-list__item\" role=\"listitem\"><span class=\"is--medium\">Mode auto nettoyage :<\/span> nettoyage automatique comprenant un nettoyage en profondeur et un s\u00e9chage en deux \u00e9tapes, pour un appareil toujours pr\u00eat \u00e0 l&#8217;emploi.<\/li>\n<li class=\"product-features__item-list__item\" role=\"listitem\"><span class=\"is--medium\">Auto nettoyage \u00e0 l&rsquo;eau chaude :<\/span> non<\/li>\n<li class=\"product-features__item-list__item\" role=\"listitem\"><span class=\"is--medium\">S\u00e9chage de la brosse \u00e0 l&rsquo;air chaud :<\/span> oui, le s\u00e9chage \u00e0 l&rsquo;air chaud \u00e9vite les moisissures et les mauvaises odeurs<\/li>\n<li class=\"product-features__item-list__item\" role=\"listitem\"><span class=\"is--medium\">Capteur de niveau de salissure :<\/span> oui, adapte la vitesse de rotation du rouleau et le d\u00e9bit d&rsquo;eau selon la salissure d\u00e9tect\u00e9e<\/li>\n<\/ul>\n<\/li>\n<li class=\"product-features__item\" role=\"listitem\">\n<h3 class=\"product-features__label\">Confort d&rsquo;utilisation<\/h3>\n<ul role=\"list\">\n<li class=\"product-features__item-list__item\" role=\"listitem\"><span class=\"is--medium\">Utilisation :<\/span> Sans fil<\/li>\n<li class=\"product-features__item-list__item\" role=\"listitem\"><span class=\"is--medium\">Niveau sonore :<\/span> 72,0 dB<\/li>\n<li class=\"product-features__item-list__item\" role=\"listitem\"><span class=\"is--medium\">Rayon d&rsquo;action :<\/span> sans fil, rayon d&rsquo;action illimit\u00e9<\/li>\n<li class=\"product-features__item-list__item\" role=\"listitem\"><span class=\"is--medium\">Autonomie :<\/span> autonomie tr\u00e8s \u00e9lev\u00e9e (60 mn)<\/li>\n<li class=\"product-features__item-list__item\" role=\"listitem\"><span class=\"is--medium\">Temps de charge :<\/span> 3h30<\/li>\n<li class=\"product-features__item-list__item\" role=\"listitem\"><span class=\"is--medium\">Autotract\u00e9 :<\/span> oui, permet de faciliter le nettoyage<\/li>\n<li class=\"product-features__item-list__item\" role=\"listitem\"><span class=\"is--medium\">Port\u00e9e \u00e0 plat :<\/span> oui, le nettoyeur de sols s&rsquo;incline enti\u00e8rement \u00e0 plat pour nettoyer facilement sous les meubles\/chaises<\/li>\n<li class=\"product-features__item-list__item\" role=\"listitem\"><span class=\"is--medium\">Position parking :<\/span> oui, permet de tenir seul debout<\/li>\n<li class=\"product-features__item-list__item\" role=\"listitem\"><span class=\"is--medium\">Port\u00e9e \u00e0 plat \u00e0 180\u00b0C :<\/span> Oui<\/li>\n<li class=\"product-features__item-list__item\" role=\"listitem\"><span class=\"is--medium\">Ecran digital :<\/span> Ecran LED qui vous donne des informations en temps r\u00e9el comme l&rsquo;autonomie restante ou l&rsquo;\u00e9tat du filtre<\/li>\n<li class=\"product-features__item-list__item\" role=\"listitem\"><span class=\"is--medium\">Modes de nettoyage :<\/span> Auto, Silence, Turbo, Aspiration, Max<\/li>\n<li class=\"product-features__item-list__item\" role=\"listitem\"><span class=\"is--medium\">D\u00e9tecteur automatique de changement de filtre \u00e0 air :<\/span> oui, permet d&rsquo;am\u00e9liorer la long\u00e9vit\u00e9 de l&rsquo;appareil<\/li>\n<li class=\"product-features__item-list__item\" role=\"listitem\"><span class=\"is--medium\">Eclairage LED du sol :<\/span> Non<\/li>\n<\/ul>\n<\/li>\n<li class=\"product-features__item\" role=\"listitem\">\n<h3 class=\"product-features__label\">Equipement<\/h3>\n<ul role=\"list\">\n<li class=\"product-features__item-list__item\" role=\"listitem\"><span class=\"is--medium\">Brosse anti emm\u00ealement :<\/span> oui, elle r\u00e9duit l&rsquo;anchev\u00eatrement des cheveux autour du rouleau. Elle est aussi id\u00e9ale pour les propri\u00e9taires d&rsquo;animaux<\/li>\n<li class=\"product-features__item-list__item\" role=\"listitem\"><span class=\"is--medium\">Filtre de sortie d&rsquo;air :<\/span> filtre lavable<\/li>\n<li class=\"product-features__item-list__item\" role=\"listitem\"><span class=\"is--medium\">Nombre de rouleaux inclus dans la boite (dont pr\u00e9 install\u00e9 sur la brosse) :<\/span> 1<\/li>\n<\/ul>\n<\/li>\n<li class=\"product-features__item\" role=\"listitem\">\n<h3 class=\"product-features__label\">Dimensions<\/h3>\n<ul role=\"list\">\n<li class=\"product-features__item-list__item\" role=\"listitem\"><span class=\"is--medium\">Dimensions l x h x p :<\/span> 23 x 116 x 27 cm<\/li>\n<li class=\"product-features__item-list__item\" role=\"listitem\"><span class=\"is--medium\">Poids Net :<\/span> 4,10 Kg<\/li>\n<\/ul>\n<\/li>\n<li class=\"product-features__item\" role=\"listitem\">\n<h3 class=\"product-features__label\">Informations et Services<\/h3>\n<ul role=\"list\">\n<li class=\"product-features__item-list__item\" role=\"listitem\"><span class=\"is--medium\">Information compl\u00e9mentaire: :<\/span> Il est important de choisir le nettoyant en fonction du type de sols ou tissus que vous souhaitez nettoyer (tapis, parquet, carrelage, moquette, &#8230;) pour ne pas les abimer.<\/li>\n<li class=\"product-features__item-list__item\" role=\"listitem\"><span class=\"is--medium\">Fabriqu\u00e9 en :<\/span> Chine<\/li>\n<li class=\"product-features__item-list__item\" role=\"listitem\"><span class=\"is--medium\">Disponibilit\u00e9 des pi\u00e8ces d\u00e9tach\u00e9es (donn\u00e9es fournisseur) :<\/span> Pendant 15 ans, \u00e0 compter de la date d&rsquo;achat<\/li>\n<li class=\"product-features__item-list__item\" role=\"listitem\"><span class=\"is--medium\">R\u00e9f\u00e9rence constructeur :<\/span> GZ7035WO X Clean 10<\/li>\n<li class=\"product-features__item-list__item\" role=\"listitem\"><span class=\"is--medium\">Marque :<\/span> ROWENTA<\/li>\n<\/ul>\n<\/li>\n<li class=\"product-features__item\" role=\"listitem\">\n<h3 class=\"product-features__label\">Facette option Aspirateur<\/h3>\n<ul role=\"list\">\n<li class=\"product-features__item-list__item\" role=\"listitem\"><span class=\"is--medium\">Poils d&rsquo;animaux :<\/span> Non<\/li>\n<li class=\"product-features__item-list__item\" role=\"listitem\"><span class=\"is--medium\">2 en 1: aspirer et laver :<\/span> Oui<\/li>\n<li class=\"product-features__item-list__item\" role=\"listitem\"><span class=\"is--medium\">Option Aspirateur :<\/span> 2 en 1: aspirer et laver<\/li>\n<\/ul>\n<\/li>\n<\/ul>\n<\/div>\n<div class=\"product__disclosure-content\">\n<div class=\"js-read-more product-description__content read-more read-more--truncated\" style=\"max-height: 500px; overflow: hidden;\" data-read-more-name=\"description\">\n<div class=\"product__description-content read-more\">\n<p>Aspirateur laveur ROWENTA GZ7035WO X Clean 10 : Nettoyage impeccable et rapide<\/p>\n<h3>Nettoyage tout-en-un avec une technologie avanc\u00e9e<\/h3>\n<p>Le nettoyeur de sol ROWENTA GZ7035WO X Clean 10 r\u00e9volutionne l&rsquo;entretien des sols gr\u00e2ce \u00e0 son syst\u00e8me 2-en-1 qui aspire et lave en un seul passage. \u00c9quip\u00e9 d&rsquo;un rouleau autopropuls\u00e9 Narwal, cet aspirateur laveur sans fil offre une exp\u00e9rience de nettoyage l\u00e9g\u00e8re avec un poids de 0,8 kg en main, et un design plat \u00e0 180\u00b0 pour un acc\u00e8s facile sous les meubles. La technologie de pointe inclut une assistance vocale, des commandes sur \u00e9cran LED et une d\u00e9tection automatique de la salet\u00e9, garantissant des r\u00e9sultats impeccables rapidement et sans effort.<\/p>\n<h3>Autonomie exceptionnelle et entretien simplifi\u00e9<\/h3>\n<p>Avec une autonomie allant jusqu&rsquo;\u00e0 60 minutes, l&rsquo;aspirateur laveur ROWENTA GZ7035WO X Clean 10 est parfait pour les nettoyages quotidiens comme pour les sessions plus longues. Son syst\u00e8me de nettoyage et s\u00e9chage automatique \u00e0 65\u00b0C assure un appareil toujours propre et pr\u00eat \u00e0 l&#8217;emploi. La r\u00e9duction du bruit intelligente et le rouleau anti-emm\u00ealement offrent une utilisation silencieuse et fluide. De plus, sa compatibilit\u00e9 avec une large gamme de d\u00e9tergents et son syst\u00e8me de double filtration soulignent la polyvalence et l&rsquo;efficacit\u00e9 de cet aspirateur laveur haut de gamme.<\/p>\n<\/div>\n<\/div>\n<p>&nbsp;<\/p>\n<\/div>","protected":false},"excerpt":{"rendered":"<div class=\"keypoints\">\n<h3 class=\"keypoints__title\">Les points cl\u00e9s<\/h3>\n<ul role=\"list\">\n<li class=\"keypoints__item\" role=\"listitem\">Lave et aspire &#8211; Carrelage, Parquet, B\u00e9ton cir\u00e9<\/li>\n<li class=\"keypoints__item\" role=\"listitem\">4,10 Kg &#8211; sans fil, rayon d&rsquo;action illimit\u00e9<\/li>\n<li class=\"keypoints__item\" role=\"listitem\">R\u00e9servoir d&rsquo;eau propre : 790 ml &#8211; R\u00e9servoir d&rsquo;eau sale : 670 ml<\/li>\n<li class=\"keypoints__item\" role=\"listitem\">autonomie tr\u00e8s \u00e9lev\u00e9e (60 mn) &#8211; Temps de charge : 3h30<\/li>\n<li class=\"keypoints__item keypoints__item--advantage\" role=\"listitem\"><strong>Le + :<\/strong> Technologie auto-propuls\u00e9e, poids ressenti \u00e0 l\u2019utilisation : 0,8 kg, port\u00e9e \u00e0 plat \u00e0 180\u00b0C<\/li>\n<\/ul>\n<p>&nbsp;<\/p>\n<\/div>","protected":false},"featured_media":75746,"template":"","meta":{"_glsr_average":0,"_glsr_ranking":0,"_glsr_reviews":0},"product_cat":[330],"product_tag":[153,331,332],"class_list":{"0":"post-75747","1":"product","2":"type-product","3":"status-publish","4":"has-post-thumbnail","6":"product_cat-nettoyeur-de-sol","7":"product_tag-maison-entretien","8":"product_tag-nettoyeur","9":"product_tag-nettoyeur-de-sol","11":"first","12":"instock","13":"sale","14":"shipping-taxable","15":"purchasable","16":"product-type-simple"},"_links":{"self":[{"href":"https:\/\/electromenagerexpress.com\/en\/wp-json\/wp\/v2\/product\/75747","targetHints":{"allow":["GET"]}}],"collection":[{"href":"https:\/\/electromenagerexpress.com\/en\/wp-json\/wp\/v2\/product"}],"about":[{"href":"https:\/\/electromenagerexpress.com\/en\/wp-json\/wp\/v2\/types\/product"}],"wp:featuredmedia":[{"embeddable":true,"href":"https:\/\/electromenagerexpress.com\/en\/wp-json\/wp\/v2\/media\/75746"}],"wp:attachment":[{"href":"https:\/\/electromenagerexpress.com\/en\/wp-json\/wp\/v2\/media?parent=75747"}],"wp:term":[{"taxonomy":"product_cat","embeddable":true,"href":"https:\/\/electromenagerexpress.com\/en\/wp-json\/wp\/v2\/product_cat?post=75747"},{"taxonomy":"product_tag","embeddable":true,"href":"https:\/\/electromenagerexpress.com\/en\/wp-json\/wp\/v2\/product_tag?post=75747"}],"curies":[{"name":"wp","href":"https:\/\/api.w.org\/{rel}","templated":true}]}}