{"id":75711,"date":"2024-11-24T13:35:33","date_gmt":"2024-11-24T13:35:33","guid":{"rendered":"https:\/\/electromenagerexpress.com\/product\/aspirateur-sans-sacthomascycloon-hybrid-pet-friends\/"},"modified":"2024-11-24T13:35:44","modified_gmt":"2024-11-24T13:35:44","slug":"aspirateur-sans-sacthomascycloon-hybrid-pet-friends","status":"publish","type":"product","link":"https:\/\/electromenagerexpress.com\/en\/product\/aspirateur-sans-sacthomascycloon-hybrid-pet-friends\/","title":{"rendered":"Aspirateur sans sac\t\t\t\t\t\t\tTHOMAS\t\t\t\tCycloon Hybrid Pet &#038; Friends"},"content":{"rendered":"<div class=\"product-features__content\">\n<ul role=\"list\">\n<li class=\"product-features__item\" role=\"listitem\">\n<h3 class=\"product-features__label\">Choisir ce produit pour quels usages ?<\/h3>\n<ul role=\"list\">\n<li class=\"product-features__item-list__item\" role=\"listitem\"><span class=\"is--medium\">Pour quelle utilisation :<\/span> pour aspirer en profondeur, pratique sans sac\t\t\t\t\t<\/li>\n<li class=\"product-features__item-list__item\" role=\"listitem\"><span class=\"is--medium\">Type de sols :<\/span> Carrelages, parquets, tapis, moquettes\t\t\t\t\t<\/li>\n<li class=\"product-features__item-list__item\" role=\"listitem\"><span class=\"is--medium\">Brosses &amp; Accessoires sp\u00e9ciaux :<\/span> turbobrosse pour aspirer les poils d&rsquo;animaux\t\t\t\t\t<\/li>\n<\/ul>\n<\/li>\n<li class=\"product-features__item\" role=\"listitem\">\n<h3 class=\"product-features__label\">Confort d&rsquo;utilisation<\/h3>\n<ul role=\"list\">\n<li class=\"product-features__item-list__item\" role=\"listitem\"><span class=\"is--medium\">Niveau sonore :<\/span> 0 dB\t\t\t\t\t<\/li>\n<li class=\"product-features__item-list__item\" role=\"listitem\"><span class=\"is--medium\">D\u00e9tail sur le niveau sonore: :<\/span> Il peut varier en fonction du mode utilis\u00e9 et du type de sols aspir\u00e9 (parquet, carrelage, moquette, tapis)\t\t\t\t\t<\/li>\n<li class=\"product-features__item-list__item\" role=\"listitem\"><span class=\"is--medium\">Capacit\u00e9 bac\/sac :<\/span> 1,5 L\t\t\t\t\t<\/li>\n<li class=\"product-features__item-list__item\" role=\"listitem\"><span class=\"is--medium\">Variateur de puissance :<\/span> Electronique\t\t\t\t\t<\/li>\n<li class=\"product-features__item-list__item\" role=\"listitem\"><span class=\"is--medium\">Indicateur de bac\/sac plein :<\/span> Non\t\t\t\t\t<\/li>\n<li class=\"product-features__item-list__item\" role=\"listitem\"><span class=\"is--medium\">D\u00e9tection automatique du type de sol pour adapter la puissance :<\/span> Non\t\t\t\t\t<\/li>\n<\/ul>\n<\/li>\n<li class=\"product-features__item\" role=\"listitem\">\n<h3 class=\"product-features__label\">Maniabilit\u00e9<\/h3>\n<ul role=\"list\">\n<li class=\"product-features__item-list__item\" role=\"listitem\"><span class=\"is--medium\">Poids :<\/span> 8,50 Kg\t\t\t\t\t<\/li>\n<li class=\"product-features__item-list__item\" role=\"listitem\"><span class=\"is--medium\">Mobilit\u00e9 :<\/span> 1 roue multidirectionnelle + 2 grandes roues arri\u00e8re\t\t\t\t\t<\/li>\n<li class=\"product-features__item-list__item\" role=\"listitem\"><span class=\"is--medium\">Poign\u00e9e de transport :<\/span> Oui, permet de monter l&rsquo;aspirateur facilement \u00e0 l&rsquo;\u00e9tage\t\t\t\t\t<\/li>\n<li class=\"product-features__item-list__item\" role=\"listitem\"><span class=\"is--medium\">Type d&rsquo;enrouleur de c\u00e2ble :<\/span> Un seul appui suffit pour rentrer le c\u00e2ble dans l&rsquo;aspirateur\t\t\t\t\t<\/li>\n<li class=\"product-features__item-list__item\" role=\"listitem\"><span class=\"is--medium\">Longueur du cordon secteur :<\/span> 8,0 m\t\t\t\t\t<\/li>\n<li class=\"product-features__item-list__item\" role=\"listitem\"><span class=\"is--medium\">Rayon d&rsquo;action :<\/span> 11 m (Grand)\t\t\t\t\t<\/li>\n<\/ul>\n<\/li>\n<li class=\"product-features__item\" role=\"listitem\">\n<h3 class=\"product-features__label\">Performance<\/h3>\n<ul role=\"list\">\n<li class=\"product-features__item-list__item\" role=\"listitem\"><span class=\"is--medium\">Technologie d&rsquo;aspiration :<\/span> Multi-cyclonique : cette aspiration permet de traiter les grosses poussi\u00e8res ainsi que les particules fines gr\u00e2ce \u00e0 ses multiples cyclones. Elle offre une force d&rsquo;aspiration intense pendant toute la dur\u00e9e du nettoyage\t\t\t\t\t<\/li>\n<li class=\"product-features__item-list__item\" role=\"listitem\"><span class=\"is--medium\">Entretien du filtre du r\u00e9servoir :<\/span> Manuel, n\u00e9cessite r\u00e9guli\u00e8rement de d\u00e9monter le filtre et le nettoyer\t\t\t\t\t<\/li>\n<li class=\"product-features__item-list__item\" role=\"listitem\"><span class=\"is--medium\">Brosse principale :<\/span> Non concern\u00e9\t\t\t\t\t<\/li>\n<\/ul>\n<\/li>\n<li class=\"product-features__item\" role=\"listitem\">\n<h3 class=\"product-features__label\">Autour de l&rsquo;hygi\u00e8ne<\/h3>\n<ul role=\"list\">\n<li class=\"product-features__item-list__item\" role=\"listitem\"><span class=\"is--medium\">Syst\u00e8me de filtration :<\/span> Non concern\u00e9\t\t\t\t\t<\/li>\n<li class=\"product-features__item-list__item\" role=\"listitem\"><span class=\"is--medium\">Filtre de sortie d&rsquo;air :<\/span> HEPA H13\t\t\t\t\t<\/li>\n<\/ul>\n<\/li>\n<li class=\"product-features__item\" role=\"listitem\">\n<h3 class=\"product-features__label\">Energie \/ Consommation<\/h3>\n<ul role=\"list\">\n<li class=\"product-features__item-list__item\" role=\"listitem\"><span class=\"is--medium\">Puissance du moteur \/ Consommation :<\/span> 1.700 W\t\t\t\t\t<\/li>\n<li class=\"product-features__item-list__item\" role=\"listitem\"><span class=\"is--medium\">Explication du calcul de la consommation annuelle :<\/span> 0\t\t\t\t\t<\/li>\n<\/ul>\n<\/li>\n<li class=\"product-features__item\" role=\"listitem\">\n<h3 class=\"product-features__label\">Informations et Services<\/h3>\n<ul role=\"list\">\n<li class=\"product-features__item-list__item\" role=\"listitem\"><span class=\"is--medium\">Fabriqu\u00e9 en :<\/span> Allemagne\t\t\t\t\t<\/li>\n<li class=\"product-features__item-list__item\" role=\"listitem\"><span class=\"is--medium\">Garantie :<\/span> 2 ans\t\t\t\t\t<\/li>\n<li class=\"product-features__item-list__item\" role=\"listitem\"><span class=\"is--medium\">Dur\u00e9e de la garantie Constructeur (voir les conditions sp\u00e9ciales) :<\/span> 2 ans\t\t\t\t\t<\/li>\n<li class=\"product-features__item-list__item\" role=\"listitem\"><span class=\"is--medium\">Disponibilit\u00e9 des pi\u00e8ces d\u00e9tach\u00e9es (donn\u00e9es fournisseur) :<\/span> Pendant 10 ans\t\t\t\t\t<\/li>\n<li class=\"product-features__item-list__item\" role=\"listitem\"><span class=\"is--medium\">R\u00e9f\u00e9rence constructeur :<\/span> Cycloon hybrid pet et friends\t\t\t\t\t<\/li>\n<li class=\"product-features__item-list__item\" role=\"listitem\"><span class=\"is--medium\">Marque :<\/span> THOMAS\t\t\t\t\t<\/li>\n<\/ul>\n<\/li>\n<li class=\"product-features__item\" role=\"listitem\">\n<h3 class=\"product-features__label\">Dimensions<\/h3>\n<ul role=\"list\">\n<li class=\"product-features__item-list__item\" role=\"listitem\"><span class=\"is--medium\">Dimensions l x h x p :<\/span> 31.8 x 29.4 x 46.7 cm\t\t\t\t\t<\/li>\n<li class=\"product-features__item-list__item\" role=\"listitem\"><span class=\"is--medium\">Poids net :<\/span> 8 kg\t\t\t\t\t<\/li>\n<li class=\"product-features__item-list__item\" role=\"listitem\"><span class=\"is--medium\">Poids brut :<\/span> 13 kg\t\t\t\t\t<\/li>\n<\/ul>\n<\/li>\n<li class=\"product-features__item\" role=\"listitem\">\n<h3 class=\"product-features__label\">Brosses et accessoires<\/h3>\n<ul role=\"list\">\n<li class=\"product-features__item-list__item\" role=\"listitem\"><span class=\"is--medium\">Maxi turbo brosse :<\/span> Retire efficacement les cheveux et poils d&rsquo;animaux sur les tapis\/ moquettes et ameublement\t\t\t\t\t<\/li>\n<li class=\"product-features__item-list__item\" role=\"listitem\"><span class=\"is--medium\">Brosse parquet :<\/span> brosse parquet \u00e9quip\u00e9e de poils doux pour ne pas abimer ou griffer le parquet\t\t\t\t\t<\/li>\n<li class=\"product-features__item-list__item\" role=\"listitem\"><span class=\"is--medium\">Brosse meuble :<\/span> Pour aspirer les petites surfaces d\u00e9licates et les meubles sans les abimer\t\t\t\t\t<\/li>\n<li class=\"product-features__item-list__item\" role=\"listitem\"><span class=\"is--medium\">Suceur long :<\/span> Id\u00e9al pour les endroits difficiles d&rsquo;acc\u00e8s comme les radiateurs.\t\t\t\t\t<\/li>\n<\/ul>\n<\/li>\n<\/ul>\n<\/div>\n<div class=\"product__disclosure-content\">\n<div class=\"js-read-more product-description__content read-more read-more--truncated\" data-read-more-name=\"description\" style=\"max-height: 500px; overflow: hidden;\">\n<p><img fetchpriority=\"high\" decoding=\"async\" alt=\"URL SCENE7\" class=\"wy_tableau_right\" height=\"282\" src=\"https:\/\/boulanger.scene7.com\/is\/image\/Boulanger\/4005435110924_h_f_l_1?wid=1000\" width=\"300\"\/><\/p>\n<h3>THOMAS CYCLOON HYBRID\u00a0\u00a0PET &amp; FRIENDS<\/h3>\n<p>Le THOMAS CYCLOON HYBRID PET &amp; FRIENDS est le premier aspirateur cyclonique sans sac, unique en son genre, qui r\u00e9sout les deux probl\u00e8mes les plus importants\u00a0des propri\u00e9taires d&rsquo;animaux:<\/p>\n<p>&#8211; \u00e9limine efficacement les poils d&rsquo;animaux.<\/p>\n<p>&#8211; neutralise les odeurs d&rsquo;animaux<\/p>\n<p>Thomas anticipe une nouvelle technologie et offre exactement les fonctions voulues dans un seul appareil.<\/p>\n<h3>Simple &amp; Hygi\u00e8nique<\/h3>\n<p><img decoding=\"async\" alt=\"URL SCENE7\" class=\"wy_tableau_gauche\" height=\"262\" src=\"https:\/\/boulanger.scene7.com\/is\/image\/Boulanger\/4005435110924_h_f_l_8?wid=1000\" width=\"300\"\/>&#8211; L&rsquo;easyBox\u00a0 cyclonique est compos\u00e9e d&rsquo;un syst\u00e8me \u00e0 double chambre, dans lequel\u00a0 les fines poussi\u00e8res allerg\u00e8nes sont s\u00e9par\u00e9es des\u00a0 grosses salet\u00e9s.<\/p>\n<p>&#8211; Douze tourbillons\u00a0 rotatifs puissants acheminent les particules les plus fines\u00a0 vers deux chambres sp\u00e9ciales poussi\u00e8res fines. Elles y sont captur\u00e9es\u00a0 en toute s\u00e9curit\u00e9. Les grosses\u00a0 salet\u00e9s tel que poils d&rsquo;animaux, cheveux&#8230;\u00a0 vont directement\u00a0 dans la chambre centrale.<\/p>\n<p>&#8211; La chambre \u00e0 \u00a0\u00bb\u00a0grosses\u00a0\u00a0\u00bb salet\u00e9s est tr\u00e8s facile \u00e0 ouvrir et \u00e0 vider dans la poubelle.\u00a0 <\/p>\n<p>&#8211; Les chambres \u00e0 poussi\u00e8res fines peuvent facilement \u00eatre remplies d&rsquo;eau, vid\u00e9es et rinc\u00e9es sans contact avec les allerg\u00e8nes.<\/p>\n<p>\u00a0<\/p>\n<h3><img decoding=\"async\" alt=\"URL SCENE7\" class=\"wy_tableau_right\" height=\"244\" src=\"https:\/\/boulanger.scene7.com\/is\/image\/Boulanger\/4005435110924_h_z_l_1?wid=1000\" width=\"250\"\/>Un air plus propre &amp; plus rafraichit :\u00a0<\/h3>\n<p>&#8211; La poussi\u00e8re aspir\u00e9e, les poils d&rsquo;animaux, les allerg\u00e8nes, les acariens, les salet\u00e9s, les mol\u00e9cules malodorantes sont projet\u00e9s et retenus dans l&rsquo;eau pr\u00e9sente dans l&rsquo;Aqua-Fresh-Air-Box .Ensuite, le tout est\u00a0 alors facilement \u00e9limin\u00e9 avec les eaux us\u00e9es.<\/p>\n<p>&#8211; La pr\u00e9cipitation des particules de poussi\u00e8re dans l&rsquo;eau permet <br \/>d&rsquo;am\u00e9liorer sensiblement la qualit\u00e9 de l&rsquo;air ambiant et de le rafraichir \u00e0 l&rsquo;aide\u00a0 de l&rsquo;AQUA-FreshAir-Box.\u00a0<\/p>\n<p>\u00a0<\/p>\n<h3>Gamme d&rsquo;accessoires compl\u00e8te\u00a0:<\/h3>\n<p>Gr\u00e2ce aux\u00a0 accessoires\u00a0 fournis, l&rsquo;aspirateur cyclonique THOMAS \u00e9limine rapidement et simplement les poils d&rsquo;animaux.<\/p>\n<p><img loading=\"lazy\" decoding=\"async\" alt=\"URL SCENE7\" class=\"wy_tableau_gauche\" height=\"250\" src=\"https:\/\/boulanger.scene7.com\/is\/image\/Boulanger\/4005435110924_h_a_l_0?wid=1000\" width=\"250\"\/><\/p>\n<p>&#8211; une puissante Turbo brosse<\/p>\n<p>&#8211; une brosse sols\u00a0 sp\u00e9cial poils d&rsquo;animaux commutable\u00a0 tapis et sols durs<\/p>\n<p>&#8211; une brosse fauteuil\u00a0 extra large sp\u00e9cial poils d&rsquo;animaux de 190mm\u00a0<\/p>\n<p>&#8211; un suceur\u00a0 extra-long de 360 mm avec\u00a0 adaptateur brosse meuble.<\/p>\n<\/p>\n<\/div>\n<p><bl-button a11yexpanded=\"false\" arialabel=\"Afficher toute la description\" class=\"read-more__btn\" full=\"false\" link=\"true\">Voir plus<\/bl-button><\/div>","protected":false},"excerpt":{"rendered":"<div class=\"keypoints\">\n<h3 class=\"keypoints__title\">Les points cl\u00e9s<\/h3>\n<ul role=\"list\">\n<li class=\"keypoints__item\" role=\"listitem\">                                        Rayon d&rsquo;action : 11 m (Grand)                      <\/li>\n<li class=\"keypoints__item\" role=\"listitem\">                                        Capacit\u00e9 bac\/sac : 1,5 L                      <\/li>\n<li class=\"keypoints__item\" role=\"listitem\">                                        Niveau sonore : 0 dB                      <\/li>\n<li class=\"keypoints__item\" role=\"listitem\">                                        Poids : 8,50 Kg                      <\/li>\n<li class=\"keypoints__item keypoints__item--advantage\" role=\"listitem\"><strong>Le + :<\/strong> Filtration par eau pour un air int\u00e9rieur 100 % rafra\u00eechi contre les bact\u00e9ries et allerg\u00e8nes      <\/li>\n<\/ul>","protected":false},"featured_media":75710,"template":"","meta":{"_glsr_average":0,"_glsr_ranking":0,"_glsr_reviews":0},"product_cat":[333],"product_tag":[324,334,153],"class_list":{"0":"post-75711","1":"product","2":"type-product","3":"status-publish","4":"has-post-thumbnail","6":"product_cat-aspirateur-sans-sac","7":"product_tag-aspirateur","8":"product_tag-aspirateur-sans-sac","9":"product_tag-maison-entretien","11":"first","12":"instock","13":"sale","14":"shipping-taxable","15":"purchasable","16":"product-type-simple"},"_links":{"self":[{"href":"https:\/\/electromenagerexpress.com\/en\/wp-json\/wp\/v2\/product\/75711","targetHints":{"allow":["GET"]}}],"collection":[{"href":"https:\/\/electromenagerexpress.com\/en\/wp-json\/wp\/v2\/product"}],"about":[{"href":"https:\/\/electromenagerexpress.com\/en\/wp-json\/wp\/v2\/types\/product"}],"wp:featuredmedia":[{"embeddable":true,"href":"https:\/\/electromenagerexpress.com\/en\/wp-json\/wp\/v2\/media\/75710"}],"wp:attachment":[{"href":"https:\/\/electromenagerexpress.com\/en\/wp-json\/wp\/v2\/media?parent=75711"}],"wp:term":[{"taxonomy":"product_cat","embeddable":true,"href":"https:\/\/electromenagerexpress.com\/en\/wp-json\/wp\/v2\/product_cat?post=75711"},{"taxonomy":"product_tag","embeddable":true,"href":"https:\/\/electromenagerexpress.com\/en\/wp-json\/wp\/v2\/product_tag?post=75711"}],"curies":[{"name":"wp","href":"https:\/\/api.w.org\/{rel}","templated":true}]}}