{"id":75583,"date":"2024-11-24T13:33:54","date_gmt":"2024-11-24T13:33:54","guid":{"rendered":"https:\/\/electromenagerexpress.com\/product\/aspirateur-sans-sacrowentasilence-force-cyclonic-effitech-ro7961ea\/"},"modified":"2024-11-24T13:33:59","modified_gmt":"2024-11-24T13:33:59","slug":"aspirateur-sans-sacrowentasilence-force-cyclonic-effitech-ro7961ea","status":"publish","type":"product","link":"https:\/\/electromenagerexpress.com\/en\/product\/aspirateur-sans-sacrowentasilence-force-cyclonic-effitech-ro7961ea\/","title":{"rendered":"Aspirateur sans sac\t\t\t\t\t\t\tROWENTA\t\t\t\tSilence force cyclonic effitech RO7961EA"},"content":{"rendered":"<div class=\"product-features__content\">\n<ul role=\"list\">\n<li class=\"product-features__item\" role=\"listitem\">\n<h3 class=\"product-features__label\">Choisir ce produit pour quels usages ?<\/h3>\n<ul role=\"list\">\n<li class=\"product-features__item-list__item\" role=\"listitem\"><span class=\"is--medium\">Pour quelle utilisation :<\/span> pour aspirer en profondeur, pratique sans sac\t\t\t\t\t<\/li>\n<li class=\"product-features__item-list__item\" role=\"listitem\"><span class=\"is--medium\">Type de sols :<\/span> Carrelages, parquets, tapis, moquettes\t\t\t\t\t<\/li>\n<li class=\"product-features__item-list__item\" role=\"listitem\"><span class=\"is--medium\">Brosses &amp; Accessoires sp\u00e9ciaux :<\/span> Brosse parquet\t\t\t\t\t<\/li>\n<\/ul>\n<\/li>\n<li class=\"product-features__item\" role=\"listitem\">\n<h3 class=\"product-features__label\">Confort d&rsquo;utilisation<\/h3>\n<ul role=\"list\">\n<li class=\"product-features__item-list__item\" role=\"listitem\"><span class=\"is--medium\">Niveau sonore :<\/span> 59 dB\t\t\t\t\t<\/li>\n<li class=\"product-features__item-list__item\" role=\"listitem\"><span class=\"is--medium\">D\u00e9tail sur le niveau sonore: :<\/span> Il peut varier en fonction du mode utilis\u00e9 et du type de sols aspir\u00e9 (parquet, carrelage, moquette, tapis)\t\t\t\t\t<\/li>\n<li class=\"product-features__item-list__item\" role=\"listitem\"><span class=\"is--medium\">Capacit\u00e9 bac\/sac :<\/span> 2,5 L\t\t\t\t\t<\/li>\n<li class=\"product-features__item-list__item\" role=\"listitem\"><span class=\"is--medium\">Variateur de puissance :<\/span> Standard\t\t\t\t\t<\/li>\n<li class=\"product-features__item-list__item\" role=\"listitem\"><span class=\"is--medium\">Indicateur de bac\/sac plein :<\/span> Oui\t\t\t\t\t<\/li>\n<li class=\"product-features__item-list__item\" role=\"listitem\"><span class=\"is--medium\">D\u00e9tection automatique du type de sol pour adapter la puissance :<\/span> Non\t\t\t\t\t<\/li>\n<\/ul>\n<\/li>\n<li class=\"product-features__item\" role=\"listitem\">\n<h3 class=\"product-features__label\">Maniabilit\u00e9<\/h3>\n<ul role=\"list\">\n<li class=\"product-features__item-list__item\" role=\"listitem\"><span class=\"is--medium\">Poids :<\/span> 8,70 Kg\t\t\t\t\t<\/li>\n<li class=\"product-features__item-list__item\" role=\"listitem\"><span class=\"is--medium\">Mobilit\u00e9 :<\/span> 1 roue multidirectionnelle + 2 grandes roues arri\u00e8re\t\t\t\t\t<\/li>\n<li class=\"product-features__item-list__item\" role=\"listitem\"><span class=\"is--medium\">Poign\u00e9e de transport :<\/span> Oui, permet de monter l&rsquo;aspirateur facilement \u00e0 l&rsquo;\u00e9tage\t\t\t\t\t<\/li>\n<li class=\"product-features__item-list__item\" role=\"listitem\"><span class=\"is--medium\">Type d&rsquo;enrouleur de c\u00e2ble :<\/span> Un appui constant est n\u00e9cessaire jusqu&rsquo;\u00e0 ce que le c\u00e2ble soit rentr\u00e9 dans l&rsquo;aspirateur\t\t\t\t\t<\/li>\n<li class=\"product-features__item-list__item\" role=\"listitem\"><span class=\"is--medium\">Rayon d&rsquo;action :<\/span> 12 m (Tr\u00e8s grand)\t\t\t\t\t<\/li>\n<\/ul>\n<\/li>\n<li class=\"product-features__item\" role=\"listitem\">\n<h3 class=\"product-features__label\">Performance<\/h3>\n<ul role=\"list\">\n<li class=\"product-features__item-list__item\" role=\"listitem\"><span class=\"is--medium\">Technologie d&rsquo;aspiration :<\/span> Cyclonique : utilise la force centrifuge pour s\u00e9parer les poussi\u00e8res de l&rsquo;air et les coller sur les parois pour retomber dans le bac. Elle offre une force d&rsquo;aspiration constante pendant toute la dur\u00e9e du nettoyage\t\t\t\t\t<\/li>\n<li class=\"product-features__item-list__item\" role=\"listitem\"><span class=\"is--medium\">Entretien du filtre du r\u00e9servoir :<\/span> Manuel, n\u00e9cessite r\u00e9guli\u00e8rement de d\u00e9monter le filtre et le nettoyer\t\t\t\t\t<\/li>\n<li class=\"product-features__item-list__item\" role=\"listitem\"><span class=\"is--medium\">Brosse principale :<\/span> Brosse 2 en1 (sols durs et moquettes)\t\t\t\t\t<\/li>\n<\/ul>\n<\/li>\n<li class=\"product-features__item\" role=\"listitem\">\n<h3 class=\"product-features__label\">Autour de l&rsquo;hygi\u00e8ne<\/h3>\n<ul role=\"list\">\n<li class=\"product-features__item-list__item\" role=\"listitem\"><span class=\"is--medium\">Filtre de sortie d&rsquo;air :<\/span> Filtration haute performance\t\t\t\t\t<\/li>\n<\/ul>\n<\/li>\n<li class=\"product-features__item\" role=\"listitem\">\n<h3 class=\"product-features__label\">Energie \/ Consommation<\/h3>\n<ul role=\"list\">\n<li class=\"product-features__item-list__item\" role=\"listitem\"><span class=\"is--medium\">Puissance du moteur \/ Consommation :<\/span> 500 W\t\t\t\t\t<\/li>\n<li class=\"product-features__item-list__item\" role=\"listitem\"><span class=\"is--medium\">Explication du calcul de la consommation annuelle :<\/span> Efficacit\u00e9 de nettoyage exceptionnelle D\u00e9couvrez un aspirateur performant \u00e9quip\u00e9 d&rsquo;un moteur Effitech\u00ae ultra-basse consommation offrant 40% d&rsquo;\u00e9conomie d&rsquo;\u00e9nergie pour les m\u00eames performances qu&rsquo;un aspirateur Rowenta 900W max**.\t\t\t\t\t<\/li>\n<\/ul>\n<\/li>\n<li class=\"product-features__item\" role=\"listitem\">\n<h3 class=\"product-features__label\">Informations et Services<\/h3>\n<ul role=\"list\">\n<li class=\"product-features__item-list__item\" role=\"listitem\"><span class=\"is--medium\">Indice de r\u00e9parabilit\u00e9 :<\/span> 9,5 \/10\t\t\t\t\t<\/li>\n<li class=\"product-features__item-list__item\" role=\"listitem\"><span class=\"is--medium\">D\u00e9tail sur l&rsquo;indice de r\u00e9parabilit\u00e9 :<\/span> <u><a href=\"https:\/\/www.boulanger.com\/evenement\/indice-reparabilite\" target=\"_blank\"> en sa<\/a><\/u><\/li>\n<li class=\"product-features__item-list__item\" role=\"listitem\"><span class=\"is--medium\">Fabriqu\u00e9 en :<\/span> France (par le Groupe SEB)\t\t\t\t\t<\/li>\n<li class=\"product-features__item-list__item\" role=\"listitem\"><span class=\"is--medium\">D\u00e9couvrez les produits Made In France du Groupe Seb :<\/span> <u><a href=\"https:\/\/www.boulanger.com\/evenement\/univers_seb\" target=\"_blank\">en sa<\/a><\/u><\/li>\n<li class=\"product-features__item-list__item\" role=\"listitem\"><span class=\"is--medium\">Garantie :<\/span> 2 ans\t\t\t\t\t<\/li>\n<li class=\"product-features__item-list__item\" role=\"listitem\"><span class=\"is--medium\">Dur\u00e9e de la garantie Constructeur (voir les conditions sp\u00e9ciales) :<\/span> 2 ans\t\t\t\t\t<\/li>\n<li class=\"product-features__item-list__item\" role=\"listitem\"><span class=\"is--medium\">Disponibilit\u00e9 des pi\u00e8ces d\u00e9tach\u00e9es (donn\u00e9es fournisseur) :<\/span> Pendant 15 ans, \u00e0 compter de la date d&rsquo;achat\t\t\t\t\t<\/li>\n<li class=\"product-features__item-list__item\" role=\"listitem\"><span class=\"is--medium\">R\u00e9f\u00e9rence constructeur :<\/span> Silence force cyclonic effitech RO7961EA\t\t\t\t\t<\/li>\n<li class=\"product-features__item-list__item\" role=\"listitem\"><span class=\"is--medium\">Marque :<\/span> ROWENTA\t\t\t\t\t<\/li>\n<\/ul>\n<\/li>\n<li class=\"product-features__item\" role=\"listitem\">\n<h3 class=\"product-features__label\">Dimensions<\/h3>\n<ul role=\"list\">\n<li class=\"product-features__item-list__item\" role=\"listitem\"><span class=\"is--medium\">Dimensions l x h x p :<\/span> 43.5 x 33.3 x 30 cm\t\t\t\t\t<\/li>\n<li class=\"product-features__item-list__item\" role=\"listitem\"><span class=\"is--medium\">Poids net :<\/span> 9 kg\t\t\t\t\t<\/li>\n<li class=\"product-features__item-list__item\" role=\"listitem\"><span class=\"is--medium\">Poids brut :<\/span> 10 kg\t\t\t\t\t<\/li>\n<\/ul>\n<\/li>\n<li class=\"product-features__item\" role=\"listitem\">\n<h3 class=\"product-features__label\">Brosses et accessoires<\/h3>\n<ul role=\"list\">\n<li class=\"product-features__item-list__item\" role=\"listitem\"><span class=\"is--medium\">Brosse parquet :<\/span> brosse parquet \u00e9quip\u00e9e de poils doux pour ne pas abimer ou griffer le parquet\t\t\t\t\t<\/li>\n<li class=\"product-features__item-list__item\" role=\"listitem\"><span class=\"is--medium\">Mini turbo brosse :<\/span> Retire efficacement les cheveux et poils d&rsquo;animaux sur les canap\u00e9s et les tissus d&rsquo;ameublement.\t\t\t\t\t<\/li>\n<li class=\"product-features__item-list__item\" role=\"listitem\"><span class=\"is--medium\">Accessoire 2 en 1 :<\/span> id\u00e9al pour les rideaux, canap\u00e9s, si\u00e8ges de voiture et les meubles\t\t\t\t\t<\/li>\n<\/ul>\n<\/li>\n<\/ul>\n<\/div>\n<div class=\"product__disclosure-content\">\n<div class=\"js-read-more product-description__content read-more read-more--truncated\" data-read-more-name=\"description\" style=\"max-height: 500px; overflow: hidden;\">\n<div class=\"product__description-content read-more\" style=\"\">\n<p>Aspirateur sans sac ROWENTA Silence Force Cyclonic Effitech RO7961EA : la r\u00e9volution silencieuse et puissante<\/p>\n<h3> <img fetchpriority=\"high\" decoding=\"async\" ,=\"\" alt=\"Aspirateur sans sac ROWENTA Silence force cyclonic effitech RO7961EA\" class=\"wy_tableau_gauche\" height=\"270\" src=\"https:\/\/boulanger.scene7.com\/is\/image\/Boulanger\/3221616094215_h_f_l_0?wid=400&amp;hei=270\" width=\"400\"\/>Silence et performance \u00e9nerg\u00e9tique                    <\/h3>\n<p>                        Le ROWENTA Silence Force Cyclonic Effitech RO7961EA red\u00e9finit les standards de l&rsquo;aspiration avec une prouesse technique in\u00e9gal\u00e9e : il est l&rsquo;aspirateur sans sac le plus silencieux jamais con\u00e7u, affichant un niveau sonore de seulement 59 dB(A). Cette tranquillit\u00e9 s&rsquo;accompagne d&rsquo;une efficacit\u00e9 \u00e9nerg\u00e9tique remarquable gr\u00e2ce \u00e0 son moteur Effitech\u00ae qui r\u00e9alise 40% d&rsquo;\u00e9conomie d&rsquo;\u00e9nergie tout en conservant la puissance d&rsquo;un mod\u00e8le 900W. Le nettoyage devient ainsi une t\u00e2che discr\u00e8te et \u00e9coresponsable, sans compromis sur la performance.                    <\/p>\n<\/p>\n<h3> <img decoding=\"async\" ,=\"\" alt=\"Aspirateur sans sac ROWENTA Silence force cyclonic effitech RO7961EA\" class=\"wy_tableau_right\" height=\"270\" src=\"https:\/\/boulanger.scene7.com\/is\/image\/Boulanger\/3221616094215_h_f_l_1?wid=400&amp;hei=270\" width=\"400\"\/>Confort d&rsquo;utilisation et capacit\u00e9 XXL                    <\/h3>\n<p>                        Le confort d&rsquo;utilisation est au coeur de la conception du ROWENTA RO7961EA. Avec un rayon d&rsquo;action de 12 m\u00e8tres et un bac \u00e0 poussi\u00e8re de 2,5 L, il offre une autonomie exceptionnelle pour nettoyer de vastes espaces sans interruption. La poign\u00e9e Ergo Comfort assure une prise en main ais\u00e9e, facilitant le transport et le rangement. De plus, cet aspirateur est livr\u00e9 avec une gamme compl\u00e8te d&rsquo;accessoires, dont une mini turbobrosse et une brosse parquet, pour une adaptabilit\u00e9 \u00e0 tous types de surfaces et besoins sp\u00e9cifiques comme les poils d&rsquo;animaux ou le nettoyage de la voiture. Fabriqu\u00e9 en France, il s&rsquo;engage dans une d\u00e9marche de durabilit\u00e9 avec une r\u00e9parabilit\u00e9 garantie pendant 15 ans.                    <\/p>\n<\/p><\/div>\n<\/p>\n<\/div>\n<p><bl-button a11yexpanded=\"false\" arialabel=\"Afficher toute la description\" class=\"read-more__btn\" full=\"false\" link=\"true\"><\/bl-button><\/div>","protected":false},"excerpt":{"rendered":"<div class=\"keypoints\">\n<h3 class=\"keypoints__title\">Les points cl\u00e9s<\/h3>\n<ul role=\"list\">\n<li class=\"keypoints__item\" role=\"listitem\">                                        Rayon d&rsquo;action : 12 m (Tr\u00e8s grand)                      <\/li>\n<li class=\"keypoints__item\" role=\"listitem\">                                        Capacit\u00e9 bac\/sac : 2,5 L                      <\/li>\n<li class=\"keypoints__item\" role=\"listitem\">                                        Niveau sonore : 59 dB                      <\/li>\n<li class=\"keypoints__item\" role=\"listitem\">                                        Poids : 8,70 Kg                      <\/li>\n<li class=\"keypoints__item keypoints__item--advantage\" role=\"listitem\"><strong>Le + :<\/strong> Exp\u00e9rience de nettoyage ultra-silencieuse 59 dB(A) et ultra-efficace. Fabriqu\u00e9 en France      <\/li>\n<\/ul>","protected":false},"featured_media":75582,"template":"","meta":{"_glsr_average":0,"_glsr_ranking":0,"_glsr_reviews":0},"product_cat":[333],"product_tag":[324,334,153],"class_list":{"0":"post-75583","1":"product","2":"type-product","3":"status-publish","4":"has-post-thumbnail","6":"product_cat-aspirateur-sans-sac","7":"product_tag-aspirateur","8":"product_tag-aspirateur-sans-sac","9":"product_tag-maison-entretien","11":"first","12":"instock","13":"sale","14":"shipping-taxable","15":"purchasable","16":"product-type-simple"},"_links":{"self":[{"href":"https:\/\/electromenagerexpress.com\/en\/wp-json\/wp\/v2\/product\/75583","targetHints":{"allow":["GET"]}}],"collection":[{"href":"https:\/\/electromenagerexpress.com\/en\/wp-json\/wp\/v2\/product"}],"about":[{"href":"https:\/\/electromenagerexpress.com\/en\/wp-json\/wp\/v2\/types\/product"}],"wp:featuredmedia":[{"embeddable":true,"href":"https:\/\/electromenagerexpress.com\/en\/wp-json\/wp\/v2\/media\/75582"}],"wp:attachment":[{"href":"https:\/\/electromenagerexpress.com\/en\/wp-json\/wp\/v2\/media?parent=75583"}],"wp:term":[{"taxonomy":"product_cat","embeddable":true,"href":"https:\/\/electromenagerexpress.com\/en\/wp-json\/wp\/v2\/product_cat?post=75583"},{"taxonomy":"product_tag","embeddable":true,"href":"https:\/\/electromenagerexpress.com\/en\/wp-json\/wp\/v2\/product_tag?post=75583"}],"curies":[{"name":"wp","href":"https:\/\/api.w.org\/{rel}","templated":true}]}}