{"id":75475,"date":"2024-11-24T13:32:30","date_gmt":"2024-11-24T13:32:30","guid":{"rendered":"https:\/\/electromenagerexpress.com\/product\/robot-aspirateur-laveurrowentarr8497wh-x-plorer-serie-70\/"},"modified":"2024-11-26T20:53:50","modified_gmt":"2024-11-26T20:53:50","slug":"robot-aspirateur-laveurrowentarr8497wh-x-plorer-serie-70","status":"publish","type":"product","link":"https:\/\/electromenagerexpress.com\/en\/product\/robot-aspirateur-laveurrowentarr8497wh-x-plorer-serie-70\/","title":{"rendered":"Robot Aspirateur Laveur\tROWENTA RR8497WH X-Plorer Serie 70+"},"content":{"rendered":"<div class=\"product-features__content\">\n<h3 class=\"product-features__label\">\u00a0 \u00a0Choisir ce produit pour quels usages ?<\/h3>\n<ul role=\"list\">\n<li style=\"list-style-type: none;\">\n<ul role=\"list\">\n<li class=\"product-features__item-list__item\" role=\"listitem\"><span class=\"is--medium\">Pour quelle utilisation ? :<\/span> Pour aspirer et laver<\/li>\n<li class=\"product-features__item-list__item\" role=\"listitem\"><span class=\"is--medium\">Type de sols :<\/span> Tous types de sols<br \/>\n<h3 class=\"product-features__label\">Caract\u00e9ristiques de l&rsquo;aspirateur robot<\/h3>\n<ul role=\"list\">\n<li class=\"product-features__item-list__item\" role=\"listitem\"><span class=\"is--medium\">Fonction :<\/span> Aspire et lave automatiquement sans devoir changer de bac (poussi\u00e8re et produit de lavage)<\/li>\n<li class=\"product-features__item-list__item\" role=\"listitem\"><span class=\"is--medium\">Puissance d&rsquo;aspiration :<\/span> 2 300 Pascals<\/li>\n<li class=\"product-features__item-list__item\" role=\"listitem\"><span class=\"is--medium\">D\u00e9tail sur la puissance d&rsquo;aspiration :<\/span> Elle peut varier en fonction du type de sols aspir\u00e9 (carrelage, parquet, tapis, moquette)<\/li>\n<li class=\"product-features__item-list__item\" role=\"listitem\"><span class=\"is--medium\">Niveau sonore max :<\/span> 70 dB<\/li>\n<li class=\"product-features__item-list__item\" role=\"listitem\"><span class=\"is--medium\">D\u00e9tail sur le niveau sonore :<\/span> Il peut varier en fonction du type de sols aspir\u00e9 (carrelage, parquet, tapis, moquette) et du mode utilis\u00e9 (aspiration, lavage ou vidage)<\/li>\n<li class=\"product-features__item-list__item\" role=\"listitem\"><span class=\"is--medium\">Type de station :<\/span> Station de charge et vidage automatique de la poussi\u00e8re<\/li>\n<li class=\"product-features__item-list__item\" role=\"listitem\"><span class=\"is--medium\">Sac \u00e0 poussi\u00e8re de la station :<\/span> 0,3 L<\/li>\n<li class=\"product-features__item-list__item\" role=\"listitem\"><span class=\"is--medium\">Bac \u00e0 poussi\u00e8re du robot :<\/span> 0,000 L<\/li>\n<li class=\"product-features__item-list__item\" role=\"listitem\"><span class=\"is--medium\">R\u00e9servoir d&rsquo;eau du robot :<\/span> 0,300 L<\/li>\n<\/ul>\n<\/li>\n<\/ul>\n<\/li>\n<li class=\"product-features__item\" role=\"listitem\">\n<h3 class=\"product-features__label\">Performance<\/h3>\n<ul role=\"list\">\n<li class=\"product-features__item-list__item\" role=\"listitem\"><span class=\"is--medium\">Technologie :<\/span> Par laser<\/li>\n<li class=\"product-features__item-list__item\" role=\"listitem\"><span class=\"is--medium\">Technologie laser :<\/span> permet \u00e0 l&rsquo;aspirateur d&rsquo;analyser en permanence et avec pr\u00e9cision la pi\u00e8ce (\u00e9clair\u00e9e ou non) et d&rsquo;\u00e9valuer les distances entre chaque objet afin de les \u00e9viter. Cette analyse continue permet \u00e0 l&rsquo;aspirateur de cartographier l&rsquo;int\u00e9gralit\u00e9 d&rsquo;un appartement ou d&rsquo;une maison<\/li>\n<li class=\"product-features__item-list__item\" role=\"listitem\"><span class=\"is--medium\">M\u00e9thode de navigation :<\/span> Cartographie permanente et syst\u00e8me de navigation personnalisable avec option zone interdite<\/li>\n<li class=\"product-features__item-list__item\" role=\"listitem\"><span class=\"is--medium\">Type de brosse :<\/span> Brosse centrale motoris\u00e9e sp\u00e9cifique animal (nylon et polyur\u00e9thane)<\/li>\n<li class=\"product-features__item-list__item\" role=\"listitem\"><span class=\"is--medium\">Syst\u00e8me de nettoyage :<\/span> Lingette microfibre<\/li>\n<li class=\"product-features__item-list__item\" role=\"listitem\"><span class=\"is--medium\">Choix du niveau d&rsquo;aspiration :<\/span> oui, adaptez le niveau d&rsquo;aspiration en fonction du type de sols et du degr\u00e9 de salissure<\/li>\n<li class=\"product-features__item-list__item\" role=\"listitem\"><span class=\"is--medium\">Nombre de niveaux d&rsquo;aspiration :<\/span> 4<\/li>\n<li class=\"product-features__item-list__item\" role=\"listitem\"><span class=\"is--medium\">Choix du d\u00e9bit d&rsquo;eau :<\/span> oui, adaptez le d\u00e9bit d&rsquo;eau en fonction du type de sols et du degr\u00e9 de salissure<\/li>\n<li class=\"product-features__item-list__item\" role=\"listitem\"><span class=\"is--medium\">Nombre de niveaux de d\u00e9bit d&rsquo;eau :<\/span> 4<\/li>\n<\/ul>\n<\/li>\n<li class=\"product-features__item\" role=\"listitem\">\n<h3 class=\"product-features__label\">Connectivit\u00e9<\/h3>\n<ul role=\"list\">\n<li class=\"product-features__item-list__item\" role=\"listitem\"><span class=\"is--medium\">Application compatible :<\/span> Oui<\/li>\n<li class=\"product-features__item-list__item\" role=\"listitem\"><span class=\"is--medium\">Cartographie multi \u00e9tage :<\/span> L&rsquo;application permet de g\u00e9rer plusieurs \u00e9tages<\/li>\n<li class=\"product-features__item-list__item\" role=\"listitem\"><span class=\"is--medium\">Programmation du nettoyage pi\u00e8ce par pi\u00e8ce :<\/span> Pratique, d\u00e9finissez quelle pi\u00e8ce vous souhaitez aspirer et\/ou laver<\/li>\n<li class=\"product-features__item-list__item\" role=\"listitem\"><span class=\"is--medium\">Nettoyage cibl\u00e9 \u00e0 la demande :<\/span> Permet de d\u00e9finir l&rsquo;endroit \u00e0 nettoyer (exemple: sous la table)<\/li>\n<li class=\"product-features__item-list__item\" role=\"listitem\"><span class=\"is--medium\">Exclusion des zones :<\/span> Permet d&rsquo;exclure des endroits \u00e0 aspirer (exemple: coin jeu pour enfants)<\/li>\n<li class=\"product-features__item-list__item\" role=\"listitem\"><span class=\"is--medium\">Programmation des horaires de nettoyage :<\/span> Oui<\/li>\n<li class=\"product-features__item-list__item\" role=\"listitem\"><span class=\"is--medium\">Compatibilit\u00e9 assistant vocal :<\/span> Google, Alexa<\/li>\n<\/ul>\n<\/li>\n<li class=\"product-features__item\" role=\"listitem\">\n<h3 class=\"product-features__label\">Gestion des obstacles et des types de sols<\/h3>\n<ul role=\"list\">\n<li class=\"product-features__item-list__item\" role=\"listitem\"><span class=\"is--medium\">D\u00e9tection des marches \/ du vide :<\/span> oui, permet d&rsquo;\u00e9viter la chute de l&rsquo;aspirateur<\/li>\n<li class=\"product-features__item-list__item\" role=\"listitem\"><span class=\"is--medium\">Detection des objets en temps r\u00e9el :<\/span> Ne s&#8217;emm\u00eale pas dans les c\u00e2bles et permet de reconna\u00eetre les objets<\/li>\n<li class=\"product-features__item-list__item\" role=\"listitem\"><span class=\"is--medium\">Chassis adaptatif :<\/span> non<\/li>\n<li class=\"product-features__item-list__item\" role=\"listitem\"><span class=\"is--medium\">Hauteur du seuil :<\/span> 1,8 cm<\/li>\n<li class=\"product-features__item-list__item\" role=\"listitem\"><span class=\"is--medium\">Hauteur de l&rsquo;appareil :<\/span> 7,8 cm<\/li>\n<li class=\"product-features__item-list__item\" role=\"listitem\"><span class=\"is--medium\">Serpilli\u00e8re d\u00e9port\u00e9e :<\/span> non<\/li>\n<li class=\"product-features__item-list__item\" role=\"listitem\"><span class=\"is--medium\">Brosse lat\u00e9rale d\u00e9port\u00e9e :<\/span> non<\/li>\n<li class=\"product-features__item-list__item\" role=\"listitem\"><span class=\"is--medium\">D\u00e9tection automatique des tapis :<\/span> Oui<\/li>\n<li class=\"product-features__item-list__item\" role=\"listitem\"><span class=\"is--medium\">Rel\u00e8ve ses lingettes\/serpilli\u00e8res sur tapis\/moquettes :<\/span> Non<\/li>\n<li class=\"product-features__item-list__item\" role=\"listitem\"><span class=\"is--medium\">Hauteur de levage des serpilli\u00e8res :<\/span> non concern\u00e9<\/li>\n<\/ul>\n<\/li>\n<li class=\"product-features__item\" role=\"listitem\">\n<h3 class=\"product-features__label\">Autonomie<\/h3>\n<ul role=\"list\">\n<li class=\"product-features__item-list__item\" role=\"listitem\"><span class=\"is--medium\">Autonomie jusqu&rsquo;\u00e0 :<\/span> 168 mn<\/li>\n<li class=\"product-features__item-list__item\" role=\"listitem\"><span class=\"is--medium\">Temps de charge :<\/span> 4 h<\/li>\n<li class=\"product-features__item-list__item\" role=\"listitem\"><span class=\"is--medium\">D\u00e9tail sur l&rsquo;autonomie :<\/span> Elle peut varier en fonction de plusieurs param\u00e8tres: le type de sols aspir\u00e9 (carrelage, parquet, tapis, moquette), le mode utilis\u00e9 (aspiration, lavage ou vidage) ou encore le degr\u00e9 de salissure du sol \u00e0 nettoyer<\/li>\n<li class=\"product-features__item-list__item\" role=\"listitem\"><span class=\"is--medium\">Retour automatique \u00e0 la base de chargement :<\/span> Retourne \u00e0 sa base quand la session de nettoyage est termin\u00e9e ou quand il est d\u00e9charg\u00e9<\/li>\n<li class=\"product-features__item-list__item\" role=\"listitem\"><span class=\"is--medium\">Reprise automatique du nettoyage :<\/span> Une fois recharg\u00e9, l&rsquo;aspirateur reprend sa session de nettoyage l\u00e0 o\u00f9 il s&rsquo;est arr\u00eat\u00e9<\/li>\n<li class=\"product-features__item-list__item\" role=\"listitem\"><span class=\"is--medium\">Vidage automatique de la poussi\u00e8re :<\/span> Oui<\/li>\n<li class=\"product-features__item-list__item\" role=\"listitem\"><span class=\"is--medium\">Remplissage automatique du r\u00e9servoir d&rsquo;eau du robot :<\/span> Non<\/li>\n<li class=\"product-features__item-list__item\" role=\"listitem\"><span class=\"is--medium\">Autonettoyage des serpilli\u00e8res (fin de session de nettoyage) :<\/span> Non<\/li>\n<li class=\"product-features__item-list__item\" role=\"listitem\"><span class=\"is--medium\">S\u00e9chage automatique de la serpill\u00e8re :<\/span> Non<\/li>\n<\/ul>\n<\/li>\n<li class=\"product-features__item\" role=\"listitem\">\n<h3 class=\"product-features__label\">Informations et Services<\/h3>\n<ul role=\"list\">\n<li class=\"product-features__item-list__item\" role=\"listitem\"><span class=\"is--medium\">Indice de r\u00e9parabilit\u00e9 :<\/span> 9,4 \/10<\/li>\n<li class=\"product-features__item-list__item\" role=\"listitem\"><span class=\"is--medium\">Fabriqu\u00e9 en :<\/span> Chine<\/li>\n<li class=\"product-features__item-list__item\" role=\"listitem\"><span class=\"is--medium\">Garantie :<\/span> 2 ans<\/li>\n<li class=\"product-features__item-list__item\" role=\"listitem\"><span class=\"is--medium\">Disponibilit\u00e9 des pi\u00e8ces d\u00e9tach\u00e9es :<\/span> Pendant 15 ans, \u00e0 compter de la date d&rsquo;achat<\/li>\n<li class=\"product-features__item-list__item\" role=\"listitem\"><span class=\"is--medium\">R\u00e9f\u00e9rence constructeur :<\/span> RR8497WH X-Plorer Serie 70+<\/li>\n<li class=\"product-features__item-list__item\" role=\"listitem\"><span class=\"is--medium\">Marque :<\/span> ROWENTA<\/li>\n<\/ul>\n<\/li>\n<li class=\"product-features__item\" role=\"listitem\">\n<h3 class=\"product-features__label\">Dimensions<\/h3>\n<ul role=\"list\">\n<li class=\"product-features__item-list__item\" role=\"listitem\"><span class=\"is--medium\">Dimensions du robot l x h x p :<\/span> 34.2 x 7.8 x 34.2 cm<\/li>\n<li class=\"product-features__item-list__item\" role=\"listitem\"><span class=\"is--medium\">Dimensions de la station l x h x p :<\/span> 22 x 78.5 x 18 cm<\/li>\n<li class=\"product-features__item-list__item\" role=\"listitem\"><span class=\"is--medium\">Poids du robot :<\/span> 3,0 kg<\/li>\n<li class=\"product-features__item-list__item\" role=\"listitem\"><span class=\"is--medium\">Poids de la station :<\/span> 3,6 kg<\/li>\n<\/ul>\n<\/li>\n<\/ul>\n<\/div>\n<div class=\"product__disclosure-content\">\n<div class=\"js-read-more product-description__content read-more read-more--truncated\" style=\"max-height: 500px; overflow: hidden;\" data-read-more-name=\"description\">\n<div class=\"product__description-content read-more\">\n<p>Rowenta RR8497WH X-Plorer Serie 70+ : L&rsquo;aspirateur robot ultra fin et performant<\/p>\n<h3>Nettoyage intelligent et design innovant<\/h3>\n<p>Le robot aspirateur laveur Rowenta RR8497WH X-Plorer Serie 70+, mod\u00e8le Animal, est l&rsquo;aspirateur robot laser le plus fin du march\u00e9, avec une hauteur de seulement 7.8 cm, permettant un acc\u00e8s facilit\u00e9 sous les meubles pour un nettoyage complet et m\u00e9thodique. Sa technologie de navigation intelligente utilise un laser pour une cartographie permanente de l&rsquo;espace, assurant ainsi une couverture exhaustive de votre int\u00e9rieur. Avec son syst\u00e8me de vidage automatique de la poussi\u00e8re, ce robot offre jusqu&rsquo;\u00e0 60 jours de tranquillit\u00e9 sans intervention manuelle, tandis que le syst\u00e8me Smart Aqua Power permet de laver et aspirer simultan\u00e9ment avec un contr\u00f4le pr\u00e9cis du niveau d&rsquo;eau.<\/p>\n<h3>Autonomie et contr\u00f4le \u00e0 distance pour une maison impeccable<\/h3>\n<p>Dot\u00e9 d&rsquo;une autonomie remarquable de 168 minutes en mode \u00e9co et d&rsquo;une station de recharge automatique, l&rsquo;aspirateur robot Rowenta RR8497WH X-Plorer Serie 70+ est con\u00e7u pour des sessions de nettoyage longue dur\u00e9e. Gr\u00e2ce \u00e0 l&rsquo;application d\u00e9di\u00e9e, programmez et personnalisez vos routines de nettoyage, d\u00e9finissez des zones \u00e0 \u00e9viter et contr\u00f4lez votre robot \u00e0 distance. Compatible avec les tapis et les moquettes, il surmonte les obstacles jusqu&rsquo;\u00e0 18 mm. Enfin, cet aspirateur robot est un choix durable avec un indice de r\u00e9parabilit\u00e9 de 9.4, assurant une long\u00e9vit\u00e9 et une r\u00e9parabilit\u00e9 optimales.<\/p>\n<\/div>\n<\/div>\n<p>&nbsp;<\/p>\n<\/div>","protected":false},"excerpt":{"rendered":"<div class=\"keypoints\">\n<h3 class=\"keypoints__title\">Les points cl\u00e9s<\/h3>\n<ul role=\"list\">\n<li class=\"keypoints__item\" role=\"listitem\">Autonomie jusqu&rsquo;\u00e0 : 168 mn &#8211; Temps de charge : 4 h<\/li>\n<li class=\"keypoints__item\" role=\"listitem\">Sac \u00e0 poussi\u00e8re de la station : 0,3 L &#8211; Bac \u00e0 poussi\u00e8re du robot : 0,000 L<\/li>\n<li class=\"keypoints__item\" role=\"listitem\">Puissance d&rsquo;aspiration : 2 300 Pascals &#8211; Niveau sonore max : 70 dB<\/li>\n<\/ul>\n<\/div>","protected":false},"featured_media":75474,"template":"","meta":{"_glsr_average":0,"_glsr_ranking":0,"_glsr_reviews":0},"product_cat":[326],"product_tag":[324,327,153],"class_list":{"0":"post-75475","1":"product","2":"type-product","3":"status-publish","4":"has-post-thumbnail","6":"product_cat-aspirateur-robot","7":"product_tag-aspirateur","8":"product_tag-aspirateur-robot","9":"product_tag-maison-entretien","11":"first","12":"instock","13":"sale","14":"shipping-taxable","15":"purchasable","16":"product-type-simple"},"_links":{"self":[{"href":"https:\/\/electromenagerexpress.com\/en\/wp-json\/wp\/v2\/product\/75475","targetHints":{"allow":["GET"]}}],"collection":[{"href":"https:\/\/electromenagerexpress.com\/en\/wp-json\/wp\/v2\/product"}],"about":[{"href":"https:\/\/electromenagerexpress.com\/en\/wp-json\/wp\/v2\/types\/product"}],"wp:featuredmedia":[{"embeddable":true,"href":"https:\/\/electromenagerexpress.com\/en\/wp-json\/wp\/v2\/media\/75474"}],"wp:attachment":[{"href":"https:\/\/electromenagerexpress.com\/en\/wp-json\/wp\/v2\/media?parent=75475"}],"wp:term":[{"taxonomy":"product_cat","embeddable":true,"href":"https:\/\/electromenagerexpress.com\/en\/wp-json\/wp\/v2\/product_cat?post=75475"},{"taxonomy":"product_tag","embeddable":true,"href":"https:\/\/electromenagerexpress.com\/en\/wp-json\/wp\/v2\/product_tag?post=75475"}],"curies":[{"name":"wp","href":"https:\/\/api.w.org\/{rel}","templated":true}]}}