{"id":75459,"date":"2024-11-24T13:32:17","date_gmt":"2024-11-24T13:32:17","guid":{"rendered":"https:\/\/electromenagerexpress.com\/product\/aspirateur-balaielectroluxelx-700-ep71ub14db\/"},"modified":"2024-11-24T13:32:28","modified_gmt":"2024-11-24T13:32:28","slug":"aspirateur-balaielectroluxelx-700-ep71ub14db","status":"publish","type":"product","link":"https:\/\/electromenagerexpress.com\/en\/product\/aspirateur-balaielectroluxelx-700-ep71ub14db\/","title":{"rendered":"Aspirateur balai\t\t\t\t\t\t\tELECTROLUX\t\t\t\tELX 700 EP71UB14DB"},"content":{"rendered":"<div class=\"product-features__content\">\n<ul role=\"list\">\n<li class=\"product-features__item\" role=\"listitem\">\n<h3 class=\"product-features__label\">Choisir ce produit pour quels usages ?<\/h3>\n<ul role=\"list\">\n<li class=\"product-features__item-list__item\" role=\"listitem\"><span class=\"is--medium\">Pour aspirer :<\/span> Sols, meubles &amp; hauteurs\t\t\t\t\t<\/li>\n<li class=\"product-features__item-list__item\" role=\"listitem\"><span class=\"is--medium\">Type de sols :<\/span> Carrelages, parquets, tapis, moquettes\t\t\t\t\t<\/li>\n<li class=\"product-features__item-list__item\" role=\"listitem\"><span class=\"is--medium\">Pour quelles surfaces ? :<\/span> meubles, textiles, hauteurs, plafonds, voitures\t\t\t\t\t<\/li>\n<li class=\"product-features__item-list__item\" role=\"listitem\"><span class=\"is--medium\">Brosse ou Accessoire sp\u00e9cial :<\/span> Coude multidirectionnel qui permet d&rsquo;a de maniabilit\u00e9 pour atteindre des endroits difficiles (ex: dessus de meuble). Peut se combiner avec d&rsquo;autres accessoires ou brosses fournis\t\t\t\t\t<\/li>\n<li class=\"product-features__item-list__item\" role=\"listitem\"><span class=\"is--medium\">Sp\u00e9cial animaux :<\/span> Non\t\t\t\t\t<\/li>\n<\/ul>\n<\/li>\n<li class=\"product-features__item\" role=\"listitem\">\n<h3 class=\"product-features__label\">Performance<\/h3>\n<ul role=\"list\">\n<li class=\"product-features__item-list__item\" role=\"listitem\"><span class=\"is--medium\">Puissance d&rsquo;aspiration maximale :<\/span> 100 airwatts\t\t\t\t\t<\/li>\n<li class=\"product-features__item-list__item\" role=\"listitem\"><span class=\"is--medium\">Qu&rsquo;est-ce que les Airwatts ? :<\/span> C&rsquo;est une unit\u00e9 qui mesure l&rsquo;efficacit\u00e9 des aspirateurs en se r\u00e9f\u00e8rant au d\u00e9bit d&rsquo;air (m3\/s) et \u00e0 la puissance (watts) qu&rsquo;un aspirateur produit et utilise.\t\t\t\t\t<\/li>\n<li class=\"product-features__item-list__item\" role=\"listitem\"><span class=\"is--medium\">D\u00e9tail sur la puissance d&rsquo;aspiration: :<\/span> Elle peut varier en fonction du type de sols (parquet, carrelage, tapis, moquette) que vous aspirez et du mode utilis\u00e9 (standard, \u00e9co, boost)\t\t\t\t\t<\/li>\n<li class=\"product-features__item-list__item\" role=\"listitem\"><span class=\"is--medium\">Puissance de la batterie :<\/span> 14,4 V\t\t\t\t\t<\/li>\n<li class=\"product-features__item-list__item\" role=\"listitem\"><span class=\"is--medium\">Nombre de batterie :<\/span> 1\t\t\t\t\t<\/li>\n<li class=\"product-features__item-list__item\" role=\"listitem\"><span class=\"is--medium\">Technologie d&rsquo;aspiration :<\/span> Cyclonique : utilise la force centrifuge pour s\u00e9parer les poussi\u00e8res de l&rsquo;air et les coller sur les parois pour retomber dans le bac. Elle offre une force d&rsquo;aspiration constante pendant toute la dur\u00e9e du nettoyage\t\t\t\t\t<\/li>\n<li class=\"product-features__item-list__item\" role=\"listitem\"><span class=\"is--medium\">Brosse principale :<\/span> Brosse motoris\u00e9e avec \u00e9clairage LED\t\t\t\t\t<\/li>\n<\/ul>\n<\/li>\n<li class=\"product-features__item\" role=\"listitem\">\n<h3 class=\"product-features__label\">Autonomie<\/h3>\n<ul role=\"list\">\n<li class=\"product-features__item-list__item\" role=\"listitem\"><span class=\"is--medium\">Autonomie jusqu&rsquo;\u00e0 :<\/span> 50 mn\t\t\t\t\t<\/li>\n<li class=\"product-features__item-list__item\" role=\"listitem\"><span class=\"is--medium\">Temps de recharge :<\/span> 4,5 h\t\t\t\t\t<\/li>\n<\/ul>\n<\/li>\n<li class=\"product-features__item\" role=\"listitem\">\n<h3 class=\"product-features__label\">Confort d&rsquo;utilisation<\/h3>\n<ul role=\"list\">\n<li class=\"product-features__item-list__item\" role=\"listitem\"><span class=\"is--medium\">Niveau sonore :<\/span> 80 dB\t\t\t\t\t<\/li>\n<li class=\"product-features__item-list__item\" role=\"listitem\"><span class=\"is--medium\">D\u00e9tail sur le niveau sonore: :<\/span> Il peut varier en fonction du type de sols (parquet, carrelage, tapis, moquette) que vous aspirez et du mode utilis\u00e9 (standard, \u00e9co, boost)\t\t\t\t\t<\/li>\n<li class=\"product-features__item-list__item\" role=\"listitem\"><span class=\"is--medium\">Poids :<\/span> 2,2 kg\t\t\t\t\t<\/li>\n<li class=\"product-features__item-list__item\" role=\"listitem\"><span class=\"is--medium\">Nombre de vitesses :<\/span> 3\t\t\t\t\t<\/li>\n<li class=\"product-features__item-list__item\" role=\"listitem\"><span class=\"is--medium\">Position parking :<\/span> Non\t\t\t\t\t<\/li>\n<li class=\"product-features__item-list__item\" role=\"listitem\"><span class=\"is--medium\">Bouton marche \/ arr\u00eat :<\/span> Pression unique (permet d&rsquo;avoir les doigts libres lors du nettoyage)\t\t\t\t\t<\/li>\n<li class=\"product-features__item-list__item\" role=\"listitem\"><span class=\"is--medium\">Station de recharge :<\/span> Station de recharge int\u00e9gr\u00e9e au support mural\t\t\t\t\t<\/li>\n<li class=\"product-features__item-list__item\" role=\"listitem\"><span class=\"is--medium\">Capacit\u00e9 du r\u00e9servoir :<\/span> 0,30 L\t\t\t\t\t<\/li>\n<li class=\"product-features__item-list__item\" role=\"listitem\"><span class=\"is--medium\">Type de r\u00e9servoir \u00e0 poussi\u00e8re :<\/span> Bac \u00e0 retirer pour vider la poussi\u00e8re\t\t\t\t\t<\/li>\n<li class=\"product-features__item-list__item\" role=\"listitem\"><span class=\"is--medium\">Aspirateur \u00e0 main :<\/span> N\u00e9cessite d&rsquo;enlever le tube et d&rsquo;utiliser les diff\u00e9rents accessoires et brosses fournis pour une utilisation d&rsquo;appoint (ex: table, voiture, fauteuil)\t\t\t\t\t<\/li>\n<li class=\"product-features__item-list__item\" role=\"listitem\"><span class=\"is--medium\">Tube t\u00e9lescopique :<\/span> Non concern\u00e9\t\t\t\t\t<\/li>\n<li class=\"product-features__item-list__item\" role=\"listitem\"><span class=\"is--medium\">Tube pliable :<\/span> Non concern\u00e9\t\t\t\t\t<\/li>\n<\/ul>\n<\/li>\n<li class=\"product-features__item\" role=\"listitem\">\n<h3 class=\"product-features__label\">Autour de l&rsquo;hygi\u00e8ne<\/h3>\n<ul role=\"list\">\n<li class=\"product-features__item-list__item\" role=\"listitem\"><span class=\"is--medium\">Syst\u00e8me de filtration :<\/span> 5 \u00e9tapes de filtration, les aspirateurs \u00e0 plusieurs \u00e9tapes de filtration permetttent d&rsquo;aspirer jusqu&rsquo;\u00e0 99,99% des particules et allerg\u00e8nes\t\t\t\t\t<\/li>\n<li class=\"product-features__item-list__item\" role=\"listitem\"><span class=\"is--medium\">Entretien du filtre du r\u00e9servoir :<\/span> Lavable sous l&rsquo;eau\t\t\t\t\t<\/li>\n<\/ul>\n<\/li>\n<li class=\"product-features__item\" role=\"listitem\">\n<h3 class=\"product-features__label\">Accessoires<\/h3>\n<ul role=\"list\">\n<li class=\"product-features__item-list__item\" role=\"listitem\"><span class=\"is--medium\">Brossette multi-usage :<\/span> Permet d&rsquo;aspirer l&rsquo;ensemble de vos surfaces\t\t\t\t\t<\/li>\n<li class=\"product-features__item-list__item\" role=\"listitem\"><span class=\"is--medium\">Coude d&rsquo;aspiration :<\/span> Pour aspirer facilement au dessus des meubles\t\t\t\t\t<\/li>\n<li class=\"product-features__item-list__item\" role=\"listitem\"><span class=\"is--medium\">Brosse motoris\u00e9e avec \u00e9clairage LED :<\/span> Elle s&rsquo;adapte \u00e0 tous les types de sols. Son \u00e9clairage LED permet de mieux voir la poussi\u00e8re et plus loin pour un nettoyage plus efficace\t\t\t\t\t<\/li>\n<li class=\"product-features__item-list__item\" role=\"listitem\"><span class=\"is--medium\">Support murale de charge :<\/span> Pour recharger et ranger l&rsquo;appareil et ses accessoires\t\t\t\t\t<\/li>\n<li class=\"product-features__item-list__item\" role=\"listitem\"><span class=\"is--medium\">Station de charge \u00e0 poser :<\/span> Pour recharger et ranger l&rsquo;appareil et ses accessoires (\u00e9vite de devoir percer les murs)\t\t\t\t\t<\/li>\n<\/ul>\n<\/li>\n<li class=\"product-features__item\" role=\"listitem\">\n<h3 class=\"product-features__label\">Dimensions<\/h3>\n<ul role=\"list\">\n<li class=\"product-features__item-list__item\" role=\"listitem\"><span class=\"is--medium\">Dimensions l x h x p :<\/span> 25 x 100.08 x 25.9 cm\t\t\t\t\t<\/li>\n<li class=\"product-features__item-list__item\" role=\"listitem\"><span class=\"is--medium\">Poids de l&rsquo;aspirateur :<\/span> 2,2 kg\t\t\t\t\t<\/li>\n<\/ul>\n<\/li>\n<li class=\"product-features__item\" role=\"listitem\">\n<h3 class=\"product-features__label\">Informations et Services<\/h3>\n<ul role=\"list\">\n<li class=\"product-features__item-list__item\" role=\"listitem\"><span class=\"is--medium\">Garantie :<\/span> 2 ans\t\t\t\t\t<\/li>\n<li class=\"product-features__item-list__item\" role=\"listitem\"><span class=\"is--medium\">Indice de r\u00e9parabilit\u00e9 :<\/span> 7,1 \/10\t\t\t\t\t<\/li>\n<li class=\"product-features__item-list__item\" role=\"listitem\"><span class=\"is--medium\">D\u00e9tail sur l&rsquo;indice de r\u00e9parabilit\u00e9 :<\/span> <u><a href=\"https:\/\/www.boulanger.com\/evenement\/indice-reparabilite\" target=\"_blank\"> en sa<\/a><\/u><\/li>\n<li class=\"product-features__item-list__item\" role=\"listitem\"><span class=\"is--medium\">Fabriqu\u00e9 en :<\/span> Chine\t\t\t\t\t<\/li>\n<li class=\"product-features__item-list__item\" role=\"listitem\"><span class=\"is--medium\">Disponibilit\u00e9 des pi\u00e8ces d\u00e9tach\u00e9es (donn\u00e9es fournisseur) :<\/span> Pendant 13 ans, \u00e0 compter de la date de fabrication\t\t\t\t\t<\/li>\n<\/ul>\n<\/li>\n<\/ul>\n<\/div>\n<div class=\"product__disclosure-content\">\n<div class=\"js-read-more product-description__content read-more read-more--truncated\" data-read-more-name=\"description\" style=\"max-height: 500px; overflow: hidden;\">\n<p>V\u00e9ritable concentr\u00e9 de puissance et de praticit\u00e9, votre nouvel aspirateur-balai ELECTROLUX 700 EP71UB14DB rendra le nettoyage de votre maison plus facile et agr\u00e9able que jamais. <\/p>\n<h3><img fetchpriority=\"high\" decoding=\"async\" ,=\"\" alt=\"Aspi Balai ELECTROLUX 700 EP71UB14DB\" class=\"wy_tableau_gauche\" height=\"270\" src=\"https:\/\/boulanger.scene7.com\/is\/image\/Boulanger\/7332543971237_h_f_l_0?wid=400&amp;hei=270\" width=\"400\"\/>L&rsquo;assurance d&rsquo;une propret\u00e9 \u00e9clatante au quotidien<\/h3>\n<p>D\u00e9couvrez l&rsquo;alli\u00e9 incontournable de vos t\u00e2ches m\u00e9nag\u00e8res ! L&rsquo;aspirateur ELECTROLUX 700 EP71UB14DB aspirera efficacement vos sols et vos meubles, ce qui vous permettra de dire adieu aux poussi\u00e8res et de profiter d&rsquo;un int\u00e9rieur impeccable sans effort. Gr\u00e2ce \u00e0 <b>sa fonction Quick Release<\/b>, vous pourrez le d\u00e9tacher directement depuis son support de charge par une simple pression d&rsquo;un bouton.<\/p>\n<p>Nettoyez facilement chaque recoin de votre int\u00e9rieur en un seul passage. Avec <b>une autonomie capable d&rsquo;atteindre les 40 min<\/b>, votre futur aspirateur ELECTROLUX 700 EP71UB14DB vous permettra de nettoyer de grandes surfaces sans interruption : la certitude de transformer les soucis de batterie vide pendant le m\u00e9nage en lointains souvenirs.<\/p>\n<h3><img decoding=\"async\" ,=\"\" alt=\"Aspi Balai ELECTROLUX 700 EP71UB14DB\" class=\"wy_tableau_right\" height=\"270\" src=\"https:\/\/boulanger.scene7.com\/is\/image\/Boulanger\/7332543971237_h_f_l_1?wid=400&amp;hei=270\" width=\"400\"\/>Des sols sans poussi\u00e8re rapidement et facilement<\/h3>\n<p>Misez sur une conception l\u00e9g\u00e8re sans faire de compromis sur la performance ! Avec <b>son poids plume de 2,2 kg et sa puissance maximale de 14,4 V<\/b>, vous manipulerez ais\u00e9ment votre nouvel aspirateur ELECTROLUX 700 EP71UB14DB et pourrez nettoyer votre int\u00e9rieur du sol au plafond avec aisance. En plus, <b>dot\u00e9 d&rsquo;une brosse multifonction<\/b>, il s&rsquo;adaptera \u00e0 tous les types de surfaces, des sols durs aux tapis. <\/p>\n<p>Contribuez \u00e0 la pr\u00e9servation de l&rsquo;environnement en optant pour l&rsquo;aspirateur ELECTROLUX 700 EP71UB14DB <b>constitu\u00e9 de 60 % de plastique recycl\u00e9<\/b>. De plus, ses filtres lavables vous offriront une utilisation \u00e9conomique et durable, pour une aspiration optimale \u00e0 chaque utilisation.<\/p>\n<\/p>\n<\/div>\n<p><bl-button a11yexpanded=\"false\" arialabel=\"Afficher toute la description\" class=\"read-more__btn\" full=\"false\" link=\"true\"><\/bl-button><\/div>","protected":false},"excerpt":{"rendered":"<div class=\"keypoints\">\n<h3 class=\"keypoints__title\">Les points cl\u00e9s<\/h3>\n<ul role=\"list\">\n<li class=\"keypoints__item\" role=\"listitem\">                          Puissance d&rsquo;aspiration maximale : 100 airwatts &#8211;                                                      Poids : 2,2 kg                      <\/li>\n<li class=\"keypoints__item\" role=\"listitem\">                          Puissance de la batterie : 14,4 V &#8211;                                                      Autonomie jusqu&rsquo;\u00e0 : 50 mn                      <\/li>\n<li class=\"keypoints__item\" role=\"listitem\">                          Niveau sonore : 80 dB &#8211;                                                      Capacit\u00e9 du r\u00e9servoir : 0,30 L                      <\/li>\n<li class=\"keypoints__item\" role=\"listitem\">                                        Nombre de batterie : 1                      <\/li>\n<li class=\"keypoints__item keypoints__item--advantage\" role=\"listitem\"><strong>Le + :<\/strong> Sa brosse multifonction pour tous les types de surface, 60% de plastique recycl\u00e9      <\/li>\n<\/ul>","protected":false},"featured_media":75458,"template":"","meta":{"_glsr_average":0,"_glsr_ranking":0,"_glsr_reviews":0},"product_cat":[328],"product_tag":[324,325,153],"class_list":{"0":"post-75459","1":"product","2":"type-product","3":"status-publish","4":"has-post-thumbnail","6":"product_cat-aspirateur-balai-aspirateur","7":"product_tag-aspirateur","8":"product_tag-aspirateur-balai","9":"product_tag-maison-entretien","11":"first","12":"instock","13":"sale","14":"shipping-taxable","15":"purchasable","16":"product-type-simple"},"_links":{"self":[{"href":"https:\/\/electromenagerexpress.com\/en\/wp-json\/wp\/v2\/product\/75459","targetHints":{"allow":["GET"]}}],"collection":[{"href":"https:\/\/electromenagerexpress.com\/en\/wp-json\/wp\/v2\/product"}],"about":[{"href":"https:\/\/electromenagerexpress.com\/en\/wp-json\/wp\/v2\/types\/product"}],"wp:featuredmedia":[{"embeddable":true,"href":"https:\/\/electromenagerexpress.com\/en\/wp-json\/wp\/v2\/media\/75458"}],"wp:attachment":[{"href":"https:\/\/electromenagerexpress.com\/en\/wp-json\/wp\/v2\/media?parent=75459"}],"wp:term":[{"taxonomy":"product_cat","embeddable":true,"href":"https:\/\/electromenagerexpress.com\/en\/wp-json\/wp\/v2\/product_cat?post=75459"},{"taxonomy":"product_tag","embeddable":true,"href":"https:\/\/electromenagerexpress.com\/en\/wp-json\/wp\/v2\/product_tag?post=75459"}],"curies":[{"name":"wp","href":"https:\/\/api.w.org\/{rel}","templated":true}]}}