{"id":75333,"date":"2024-11-24T13:30:38","date_gmt":"2024-11-24T13:30:38","guid":{"rendered":"https:\/\/electromenagerexpress.com\/product\/aspirateur-laveurtinecos3-extreme\/"},"modified":"2024-11-25T08:31:35","modified_gmt":"2024-11-25T08:31:35","slug":"aspirateur-laveurtinecos3-extreme","status":"publish","type":"product","link":"https:\/\/electromenagerexpress.com\/en\/product\/aspirateur-laveurtinecos3-extreme\/","title":{"rendered":"Aspirateur laveur  TINECO\tS3 Extreme"},"content":{"rendered":"<div class=\"product-features__content\">\n<ul role=\"list\">\n<li class=\"product-features__item\" role=\"listitem\">\n<h3 class=\"product-features__label\">Choisir ce produit pour quel usage ?<\/h3>\n<ul role=\"list\">\n<li class=\"product-features__item-list__item\" role=\"listitem\"><span class=\"is--medium\">Fonctions :<\/span> Lave et aspire vos sols<\/li>\n<li class=\"product-features__item-list__item\" role=\"listitem\"><span class=\"is--medium\">Sp\u00e9cial animaux :<\/span> Non<\/li>\n<li class=\"product-features__item-list__item\" role=\"listitem\"><span class=\"is--medium\">Type de surface \u00e0 nettoyer :<\/span> Carrelage, Parquet, B\u00e9ton cir\u00e9, Tapis<\/li>\n<\/ul>\n<\/li>\n<li class=\"product-features__item\" role=\"listitem\">\n<h3 class=\"product-features__label\">Performance<\/h3>\n<ul role=\"list\">\n<li class=\"product-features__item-list__item\" role=\"listitem\"><span class=\"is--medium\">Puissance :<\/span> 220 W<\/li>\n<li class=\"product-features__item-list__item\" role=\"listitem\"><span class=\"is--medium\">Nombre de mode(s) de nettoyage :<\/span> 2<\/li>\n<li class=\"product-features__item-list__item\" role=\"listitem\"><span class=\"is--medium\">R\u00e9servoir amovible :<\/span> Oui<\/li>\n<li class=\"product-features__item-list__item\" role=\"listitem\"><span class=\"is--medium\">R\u00e9servoir d&rsquo;eau propre :<\/span> 600 ml<\/li>\n<li class=\"product-features__item-list__item\" role=\"listitem\"><span class=\"is--medium\">R\u00e9servoir d&rsquo;eau sale :<\/span> 500 ml<\/li>\n<li class=\"product-features__item-list__item\" role=\"listitem\"><span class=\"is--medium\">Avantage du double r\u00e9servoir :<\/span> S\u00e9pare l&rsquo;eau propre de l&rsquo;eau sale pour un nettoyage de qualit\u00e9<\/li>\n<li class=\"product-features__item-list__item\" role=\"listitem\"><span class=\"is--medium\">T\u00e9moin de niveau d&rsquo;eau propre min :<\/span> lumineux et sonore<\/li>\n<li class=\"product-features__item-list__item\" role=\"listitem\"><span class=\"is--medium\">T\u00e9moin de niveau d&rsquo;eau sale max :<\/span> lumineux et sonore<\/li>\n<li class=\"product-features__item-list__item\" role=\"listitem\"><span class=\"is--medium\">Produit utilis\u00e9 :<\/span> eau et d\u00e9tergent<\/li>\n<li class=\"product-features__item-list__item\" role=\"listitem\"><span class=\"is--medium\">Nettoyage au plus pr\u00e8s des bords et des plinthes :<\/span> Oui<\/li>\n<li class=\"product-features__item-list__item\" role=\"listitem\"><span class=\"is--medium\">Aspiration \u00e0 sec :<\/span> oui, permet d&rsquo;aspirer les poussi\u00e8res comme peut le faire un aspirateur balai<\/li>\n<li class=\"product-features__item-list__item\" role=\"listitem\"><span class=\"is--medium\">Mode turbo :<\/span> oui, le mode turbo permet d&rsquo;am\u00e9liorer la puissance de l&rsquo;appareil pour les taches les plus tenaces<\/li>\n<li class=\"product-features__item-list__item\" role=\"listitem\"><span class=\"is--medium\">Mode auto nettoyage :<\/span> oui, les rouleaux et la t\u00eate de nettoyage se nettoient automatiquement sur la station d&rsquo;accueil.<\/li>\n<li class=\"product-features__item-list__item\" role=\"listitem\"><span class=\"is--medium\">Auto nettoyage \u00e0 l&rsquo;eau chaude :<\/span> non<\/li>\n<li class=\"product-features__item-list__item\" role=\"listitem\"><span class=\"is--medium\">S\u00e9chage de la brosse \u00e0 l&rsquo;air chaud :<\/span> non<\/li>\n<li class=\"product-features__item-list__item\" role=\"listitem\"><span class=\"is--medium\">Capteur de niveau de salissure :<\/span> oui, adapte la vitesse de rotation du rouleau et le d\u00e9bit d&rsquo;eau selon la salissure d\u00e9tect\u00e9e<\/li>\n<\/ul>\n<\/li>\n<li class=\"product-features__item\" role=\"listitem\">\n<h3 class=\"product-features__label\">Confort d&rsquo;utilisation<\/h3>\n<ul role=\"list\">\n<li class=\"product-features__item-list__item\" role=\"listitem\"><span class=\"is--medium\">Utilisation :<\/span> Sans fil<\/li>\n<li class=\"product-features__item-list__item\" role=\"listitem\"><span class=\"is--medium\">Niveau sonore :<\/span> 78,0 dB<\/li>\n<li class=\"product-features__item-list__item\" role=\"listitem\"><span class=\"is--medium\">Rayon d&rsquo;action :<\/span> sans fil, rayon d&rsquo;action illimit\u00e9<\/li>\n<li class=\"product-features__item-list__item\" role=\"listitem\"><span class=\"is--medium\">Autonomie :<\/span> autonomie \u00e9lev\u00e9e (35 mn)<\/li>\n<li class=\"product-features__item-list__item\" role=\"listitem\"><span class=\"is--medium\">Temps de charge :<\/span> 4,5 heures<\/li>\n<li class=\"product-features__item-list__item\" role=\"listitem\"><span class=\"is--medium\">Autotract\u00e9 :<\/span> oui, permet de faciliter le nettoyage<\/li>\n<li class=\"product-features__item-list__item\" role=\"listitem\"><span class=\"is--medium\">Position parking :<\/span> oui, permet de tenir seul debout<\/li>\n<li class=\"product-features__item-list__item\" role=\"listitem\"><span class=\"is--medium\">Ecran digital :<\/span> Ecran LED qui vous donne des informations en temps r\u00e9el comme l&rsquo;autonomie restante ou l&rsquo;\u00e9tat du filtre<\/li>\n<li class=\"product-features__item-list__item\" role=\"listitem\"><span class=\"is--medium\">Modes de nettoyage :<\/span> mode sols durs, mode turbo<\/li>\n<li class=\"product-features__item-list__item\" role=\"listitem\"><span class=\"is--medium\">D\u00e9tecteur automatique de changement de filtre \u00e0 air :<\/span> Non<\/li>\n<li class=\"product-features__item-list__item\" role=\"listitem\"><span class=\"is--medium\">Eclairage LED du sol :<\/span> Non<\/li>\n<\/ul>\n<\/li>\n<li class=\"product-features__item\" role=\"listitem\">\n<h3 class=\"product-features__label\">Equipement<\/h3>\n<ul role=\"list\">\n<li class=\"product-features__item-list__item\" role=\"listitem\"><span class=\"is--medium\">Brosse anti emm\u00ealement :<\/span> oui, elle r\u00e9duit l&rsquo;anchev\u00eatrement des cheveux autour du rouleau. Elle est aussi id\u00e9ale pour les propri\u00e9taires d&rsquo;animaux<\/li>\n<li class=\"product-features__item-list__item\" role=\"listitem\"><span class=\"is--medium\">Filtre de sortie d&rsquo;air :<\/span> hepa<\/li>\n<li class=\"product-features__item-list__item\" role=\"listitem\"><span class=\"is--medium\">Nombre de rouleaux inclus dans la boite (dont pr\u00e9 install\u00e9 sur la brosse) :<\/span> 3<\/li>\n<\/ul>\n<\/li>\n<li class=\"product-features__item\" role=\"listitem\">\n<h3 class=\"product-features__label\">Dimensions<\/h3>\n<ul role=\"list\">\n<li class=\"product-features__item-list__item\" role=\"listitem\"><span class=\"is--medium\">Dimensions l x h x p :<\/span> 28.6 x 110 x 25.6 cm<\/li>\n<li class=\"product-features__item-list__item\" role=\"listitem\"><span class=\"is--medium\">Poids Net :<\/span> 4,50 Kg<\/li>\n<\/ul>\n<\/li>\n<li class=\"product-features__item\" role=\"listitem\">\n<h3 class=\"product-features__label\">Informations et Services<\/h3>\n<ul role=\"list\">\n<li class=\"product-features__item-list__item\" role=\"listitem\"><span class=\"is--medium\">Information importante: :<\/span> Il est conseill\u00e9 d&rsquo;utiliser la solution de nettoyage de la marque pour votre appareil et de respecter le dosage. Un d\u00e9tergent non adapt\u00e9 pourrait l&rsquo;endommager et nuire \u00e0 son bon fonctionnement. Le non respect des ses conseils peut occasionner la perte du b\u00e9n\u00e9fice de la garantie.<\/li>\n<li class=\"product-features__item-list__item\" role=\"listitem\"><span class=\"is--medium\">Information compl\u00e9mentaire: :<\/span> Il est important de choisir le nettoyant en fonction du type de sols ou tissus que vous souhaitez nettoyer (tapis, parquet, carrelage, moquette, &#8230;) pour ne pas les abimer.<\/li>\n<li class=\"product-features__item-list__item\" role=\"listitem\"><span class=\"is--medium\">Fabriqu\u00e9 en :<\/span> Chine<\/li>\n<li class=\"product-features__item-list__item\" role=\"listitem\"><span class=\"is--medium\">Disponibilit\u00e9 des pi\u00e8ces d\u00e9tach\u00e9es (donn\u00e9es fournisseur) :<\/span> Pendant 5 ans, \u00e0 compter de la date de fabrication<\/li>\n<li class=\"product-features__item-list__item\" role=\"listitem\"><span class=\"is--medium\">R\u00e9f\u00e9rence constructeur :<\/span> S3 Extreme<\/li>\n<li class=\"product-features__item-list__item\" role=\"listitem\"><span class=\"is--medium\">Marque :<\/span> TINECO<\/li>\n<\/ul>\n<\/li>\n<li class=\"product-features__item\" role=\"listitem\">\n<h3 class=\"product-features__label\">Facette option Aspirateur<\/h3>\n<ul role=\"list\">\n<li class=\"product-features__item-list__item\" role=\"listitem\"><span class=\"is--medium\">Poils d&rsquo;animaux :<\/span> Non<\/li>\n<li class=\"product-features__item-list__item\" role=\"listitem\"><span class=\"is--medium\">2 en 1: aspirer et laver :<\/span> Oui<\/li>\n<li class=\"product-features__item-list__item\" role=\"listitem\"><span class=\"is--medium\">Option Aspirateur :<\/span> 2 en 1: aspirer et laver<\/li>\n<\/ul>\n<\/li>\n<\/ul>\n<\/div>\n<div class=\"product__disclosure-content\">\n<div class=\"js-read-more product-description__content read-more read-more--truncated\" style=\"max-height: 500px; overflow: hidden;\" data-read-more-name=\"description\">\n<p><b>TINECO FLOOR ONE S3 EXTREME<\/b><\/p>\n<p><b>Aspirateur Intelligent Eau et Poussi\u00e8re Sans Fil. D\u00e9tecte, aspire et lave.<\/b><\/p>\n<p><b>Points forts :<\/b><br \/>\nSyst\u00e8me intelligent d&rsquo;aspiration et de lavage des sols<br \/>\nMode aspiration s\u00e8che sans humidification du sol<br \/>\nSans fil et maniable, 35 min d&rsquo;autonomie<br \/>\nAffichage LED couleur tout-en-un<br \/>\nSyst\u00e8me autonettoyant en plusieurs \u00e9tapes<br \/>\nStation d&rsquo;accueil multifonctionnelle<\/p>\n<p><center><\/center><br \/>\n<b>Syst\u00e8me intelligent d&rsquo;aspiration et de lavage.<\/b><br \/>\nCombinez les t\u00e2ches et gagnez du temps. Le FLOOR ONE S3 EXTREME est \u00e9quip\u00e9 du\u00a0capteur intelligent iLoop de Tineco qui d\u00e9tecte\u00a0les salet\u00e9s et ajuste\u00a0automatiquement la puissance d&rsquo;aspiration et le d\u00e9bit d&rsquo;eau pour nettoyer\u00a0compl\u00e8tement les sols en une seule \u00e9tape\u00a0intelligente.<\/p>\n<p>Le mode aspiration s\u00e8che sans humification des sols permet d&rsquo;utiliser le\u00a0produit comme un aspirateur balai classique.<\/p>\n<p>&nbsp;<\/p>\n<p>&nbsp;<\/p>\n<p>&nbsp;<\/p>\n<p>&nbsp;<\/p>\n<p>&nbsp;<\/p>\n<p>&nbsp;<\/p>\n<p>Le FLOOR ONE S3 EXTREME est \u00e9quip\u00e9 d&rsquo;un puissant rouleau brosse qui\u00a0ramasse mieux les salissures tenaces et collantes que les\u00a0balais \u00e0 franges\u00a0traditionnels. La puissance d&rsquo;aspiration et le d\u00e9bit d&rsquo;eau s&rsquo;ajustent\u00a0automatiquement, laissant les sols instantan\u00e9ment secs\u00a0et impeccables.<\/p>\n<p><b>Syst\u00e8me autonettoyant \u00e9tapes en un seul bouton<\/b><br \/>\nVous ne toucherez plus jamais un rouleau sale. Le FLOOR ONE S3\u00a0EXTREME nettoie automatiquement son rouleau brosse et ses tubes\u00a0d&rsquo;une\u00a0simple pression sur un bouton. Plus besoin de se salir les mains !<\/p>\n<p><center><img fetchpriority=\"high\" decoding=\"async\" src=\"https:\/\/boulanger.scene7.com\/is\/image\/Boulanger\/6972200198471_h_f_l_5?wid=1000\" alt=\"URL SCENE7\" width=\"400\" height=\"400\" \/><\/center><br \/>\n<b>\u00c9cran d&rsquo;affichage LED couleur tout-en-un<\/b><br \/>\nSurveillez l&rsquo;avancement du nettoyage, le rendement, le niveau de charge de\u00a0la batterie et bien plus encore gr\u00e2ce \u00e0 l&rsquo;\u00e9cran LED couleur\u00a0tout-en-un. Les\u00a0invites d&rsquo;interface utiles et les rappels d&rsquo;entretien vous offrent l&rsquo;exp\u00e9rience\u00a0d&rsquo;un syst\u00e8me de nettoyage complet et\u00a0intelligent.<\/p>\n<p><b>Sans fil et maniable<\/b><br \/>\nFini, le m\u00e9nage fastidieux o\u00f9 il fallait d\u00e9placer des seaux, des c\u00e2bles, des\u00a0balais serpilli\u00e8res et autres aspirateurs encombrants ! Le bo\u00eetier\u00a0l\u00e9ger et\u00a0sans fil du FLOOR ONE S3 EXTREME vous permet de vous d\u00e9placer plus\u00a0librement. Manoeuvrez facilement dans les escaliers et\u00a0dans tous les coins pour\u00a0un nettoyage complet m\u00eame dans les espaces les plus exigus.<\/p>\n<p><center><img decoding=\"async\" src=\"https:\/\/boulanger.scene7.com\/is\/image\/Boulanger\/6972200198471_h_f_l_7?wid=1000\" alt=\"URL SCENE7\" width=\"400\" height=\"400\" \/><\/center><br \/>\n<b>Gestion intelligente de la batterie<\/b><br \/>\nPassez plus longtemps l&rsquo;aspirateur sans recharger. Le capteur intelligent\u00a0du FLOOR ONE S3 EXTREME sait pr\u00e9cis\u00e9ment quelle\u00a0puissance utiliser\u00a0pour enlever les salet\u00e9s et ajuste automatiquement la puissance, le d\u00e9bit d&rsquo;eau\u00a0et l&rsquo;aspiration en cons\u00e9quence. L&rsquo;\u00e9nergie\u00a0de la batterie n&rsquo;est jamais\u00a0gaspill\u00e9e, ce qui porte l&rsquo;autonomie jusqu&rsquo;\u00e0 35 minutes.<\/p>\n<p><b>Fonctionnement \u00e0 faible bruit<\/b><br \/>\nEn plus de son moteur num\u00e9rique brushless puissant et ultra silencieux,\u00a0le FLOOR ONE S3 EXTREME est dot\u00e9 de canaux d&rsquo;air haute\u00a0pr\u00e9cision\u00a0abrit\u00e9s dans des mat\u00e9riaux r\u00e9ducteurs de bruit.<\/p>\n<p><b>Station d&rsquo;accueil multifonctionnelle<\/b><br \/>\nFacilite le rangement, l&rsquo;organisation et le maintien du niveau de charge. La\u00a0station d&rsquo;accueil compacte et pratique du FLOOR ONE S3 sert\u00a0\u00e0 ranger et charger\u00a0l&rsquo;appareil, et permet \u00e9galement la fonction d&rsquo;auto-nettoyage une fois\u00a0l&rsquo;appareil install\u00e9, afin de ne laisser ni salet\u00e9s ni\u00a0autres r\u00e9sidus au sol.<\/p>\n<p><center><img decoding=\"async\" src=\"https:\/\/boulanger.scene7.com\/is\/image\/Boulanger\/6972200198471_h_f_l_8?wid=1000\" alt=\"URL SCENE7\" width=\"400\" height=\"400\" \/><\/center><br \/>\n<b>Int\u00e9gration de l&rsquo;application<\/b><br \/>\nConnectez-vous \u00e0 l&rsquo;application Tineco pour une exp\u00e9rience de nettoyage\u00a0intelligente, avec surveillance du rendement en temps r\u00e9el,\u00a0rappels de\u00a0maintenance, assistance technique, d\u00e9pannage et bien plus encore.<\/p>\n<p><video class=\"s7Video\" src=\"https:\/\/boulanger.scene7.com\/is\/content\/Boulanger\/6972200198471_v_0\" poster=\"https:\/\/boulanger.scene7.com\/is\/image\/Boulanger\/6972200198471_v_0?scl=1\" preload=\"metadata\" controls=\"controls\" width=\"100%\" height=\"150\"><\/video><\/p>\n<\/div>\n<p>&nbsp;<\/p>\n<\/div>","protected":false},"excerpt":{"rendered":"<div class=\"keypoints\">\n<h3 class=\"keypoints__title\">Les points cl\u00e9s<\/h3>\n<ul role=\"list\">\n<li class=\"keypoints__item\" role=\"listitem\">Lave et aspire &#8211; Carrelage, Parquet, B\u00e9ton cir\u00e9, Tapis<\/li>\n<li class=\"keypoints__item\" role=\"listitem\">4,50 Kg &#8211; sans fil, rayon d&rsquo;action illimit\u00e9<\/li>\n<li class=\"keypoints__item\" role=\"listitem\">R\u00e9servoir d&rsquo;eau propre : 600 ml &#8211; R\u00e9servoir d&rsquo;eau sale : 500 ml<\/li>\n<li class=\"keypoints__item\" role=\"listitem\">autonomie \u00e9lev\u00e9e (35 mn) &#8211; Temps de charge : 4,5 heures<\/li>\n<li class=\"keypoints__item keypoints__item--advantage\" role=\"listitem\"><strong>Le + :<\/strong> Mode aspiration classique sans eau<\/li>\n<\/ul>\n<\/div>","protected":false},"featured_media":75332,"template":"","meta":{"_glsr_average":0,"_glsr_ranking":0,"_glsr_reviews":0},"product_cat":[330],"product_tag":[153,331,332],"class_list":{"0":"post-75333","1":"product","2":"type-product","3":"status-publish","4":"has-post-thumbnail","6":"product_cat-nettoyeur-de-sol","7":"product_tag-maison-entretien","8":"product_tag-nettoyeur","9":"product_tag-nettoyeur-de-sol","11":"first","12":"instock","13":"sale","14":"shipping-taxable","15":"purchasable","16":"product-type-simple"},"_links":{"self":[{"href":"https:\/\/electromenagerexpress.com\/en\/wp-json\/wp\/v2\/product\/75333","targetHints":{"allow":["GET"]}}],"collection":[{"href":"https:\/\/electromenagerexpress.com\/en\/wp-json\/wp\/v2\/product"}],"about":[{"href":"https:\/\/electromenagerexpress.com\/en\/wp-json\/wp\/v2\/types\/product"}],"wp:featuredmedia":[{"embeddable":true,"href":"https:\/\/electromenagerexpress.com\/en\/wp-json\/wp\/v2\/media\/75332"}],"wp:attachment":[{"href":"https:\/\/electromenagerexpress.com\/en\/wp-json\/wp\/v2\/media?parent=75333"}],"wp:term":[{"taxonomy":"product_cat","embeddable":true,"href":"https:\/\/electromenagerexpress.com\/en\/wp-json\/wp\/v2\/product_cat?post=75333"},{"taxonomy":"product_tag","embeddable":true,"href":"https:\/\/electromenagerexpress.com\/en\/wp-json\/wp\/v2\/product_tag?post=75333"}],"curies":[{"name":"wp","href":"https:\/\/api.w.org\/{rel}","templated":true}]}}