{"id":75280,"date":"2024-11-24T13:29:56","date_gmt":"2024-11-24T13:29:56","guid":{"rendered":"https:\/\/electromenagerexpress.com\/product\/robot-aspirateur-laveurezvizrs2\/"},"modified":"2024-11-28T07:25:16","modified_gmt":"2024-11-28T07:25:16","slug":"robot-aspirateur-laveurezvizrs2","status":"publish","type":"product","link":"https:\/\/electromenagerexpress.com\/en\/product\/robot-aspirateur-laveurezvizrs2\/","title":{"rendered":"Robot Aspirateur Laveur\t EZVIZ RS2"},"content":{"rendered":"<div class=\"product-features__content\">\n<ul role=\"list\">\n<li class=\"product-features__item\" role=\"listitem\">\n<h3 class=\"product-features__label\">Choisir ce produit pour quels usages ?<\/h3>\n<ul role=\"list\">\n<li class=\"product-features__item-list__item\" role=\"listitem\"><span class=\"is--medium\">Pour quelle utilisation ? :<\/span> Pour aspirer et laver<\/li>\n<li class=\"product-features__item-list__item\" role=\"listitem\"><span class=\"is--medium\">Type de sols :<\/span> Carrelages, parquets, tapis, moquettes<\/li>\n<\/ul>\n<\/li>\n<li class=\"product-features__item\" role=\"listitem\">\n<h3 class=\"product-features__label\">Caract\u00e9ristiques de l&rsquo;aspirateur robot<\/h3>\n<ul role=\"list\">\n<li class=\"product-features__item-list__item\" role=\"listitem\"><span class=\"is--medium\">Fonction :<\/span> Aspire &amp; lave<\/li>\n<li class=\"product-features__item-list__item\" role=\"listitem\"><span class=\"is--medium\">Puissance d&rsquo;aspiration :<\/span> 4 000 Pascals<\/li>\n<li class=\"product-features__item-list__item\" role=\"listitem\"><span class=\"is--medium\">D\u00e9tail sur la puissance d&rsquo;aspiration :<\/span> Elle peut varier en fonction du type de sols aspir\u00e9 (carrelage, parquet, tapis, moquette)<\/li>\n<li class=\"product-features__item-list__item\" role=\"listitem\"><span class=\"is--medium\">Niveau sonore max :<\/span> 64 dB<\/li>\n<li class=\"product-features__item-list__item\" role=\"listitem\"><span class=\"is--medium\">D\u00e9tail sur le niveau sonore :<\/span> Il peut varier en fonction du type de sols aspir\u00e9 (carrelage, parquet, tapis, moquette) et du mode utilis\u00e9 (aspiration, lavage ou vidage)<\/li>\n<li class=\"product-features__item-list__item\" role=\"listitem\"><span class=\"is--medium\">Type de station :<\/span> Station de charge, vidage automatique (eau sale) et remplissage automatique (eau propre)<\/li>\n<li class=\"product-features__item-list__item\" role=\"listitem\"><span class=\"is--medium\">R\u00e9servoir d&rsquo;eau propre de la station :<\/span> 5,5 L<\/li>\n<li class=\"product-features__item-list__item\" role=\"listitem\"><span class=\"is--medium\">R\u00e9servoir d&rsquo;eau sale de la station :<\/span> 5,0 L<\/li>\n<li class=\"product-features__item-list__item\" role=\"listitem\"><span class=\"is--medium\">Bac \u00e0 poussi\u00e8re du robot :<\/span> 0,400 L<\/li>\n<li class=\"product-features__item-list__item\" role=\"listitem\"><span class=\"is--medium\">R\u00e9servoir d&rsquo;eau du robot :<\/span> 0,150 L<\/li>\n<\/ul>\n<\/li>\n<li class=\"product-features__item\" role=\"listitem\">\n<h3 class=\"product-features__label\">Performance<\/h3>\n<ul role=\"list\">\n<li class=\"product-features__item-list__item\" role=\"listitem\"><span class=\"is--medium\">Technologie :<\/span> Par cam\u00e9ra et lasers<\/li>\n<li class=\"product-features__item-list__item\" role=\"listitem\"><span class=\"is--medium\">Technologie cam\u00e9ra et laser :<\/span> permet une cartographie compl\u00e8te et tr\u00e8s pr\u00e9cise des pi\u00e8ces. Gr\u00e2ce \u00e0 ses cam\u00e9ras, ils analysent en temps r\u00e9el ce qu&rsquo;il a en face de lui pour am\u00e9liorer ses prises de d\u00e9cisions et garantir son efficacit\u00e9 de nettoyage<\/li>\n<li class=\"product-features__item-list__item\" role=\"listitem\"><span class=\"is--medium\">M\u00e9thode de navigation :<\/span> Cartographie permanente et syst\u00e8me de navigation personnalisable avec option zone interdite<\/li>\n<li class=\"product-features__item-list__item\" role=\"listitem\"><span class=\"is--medium\">Type de brosse :<\/span> Syst\u00e8me Tri-Brosse : id\u00e9al pour attirer les poussi\u00e8res et d\u00e9bris des coins et rebords gr\u00e2ce \u00e0 deux brossettes lat\u00e9rales rotatives. Les salet\u00e9s sont ensuite dirig\u00e9es vers la brosse motoris\u00e9e gr\u00e2ce aux guides lat\u00e9raux puis aspir\u00e9es<\/li>\n<li class=\"product-features__item-list__item\" role=\"listitem\"><span class=\"is--medium\">Syst\u00e8me de nettoyage :<\/span> Double serpilli\u00e8res rotatives<\/li>\n<\/ul>\n<\/li>\n<li class=\"product-features__item\" role=\"listitem\">\n<h3 class=\"product-features__label\">Connectivit\u00e9<\/h3>\n<ul role=\"list\">\n<li class=\"product-features__item-list__item\" role=\"listitem\"><span class=\"is--medium\">Application compatible :<\/span> Oui<\/li>\n<li class=\"product-features__item-list__item\" role=\"listitem\"><span class=\"is--medium\">Cartographie multi \u00e9tage :<\/span> L&rsquo;application permet de g\u00e9rer plusieurs \u00e9tages<\/li>\n<li class=\"product-features__item-list__item\" role=\"listitem\"><span class=\"is--medium\">Programmation du nettoyage pi\u00e8ce par pi\u00e8ce :<\/span> Pratique, d\u00e9finissez quelle pi\u00e8ce vous souhaitez aspirer et\/ou laver<\/li>\n<li class=\"product-features__item-list__item\" role=\"listitem\"><span class=\"is--medium\">Nettoyage cibl\u00e9 \u00e0 la demande :<\/span> Permet de d\u00e9finir l&rsquo;endroit \u00e0 nettoyer (exemple: sous la table)<\/li>\n<li class=\"product-features__item-list__item\" role=\"listitem\"><span class=\"is--medium\">Exclusion des zones :<\/span> Permet d&rsquo;exclure des endroits \u00e0 aspirer (exemple: coin jeu pour enfants)<\/li>\n<li class=\"product-features__item-list__item\" role=\"listitem\"><span class=\"is--medium\">Programmation des horaires de nettoyage :<\/span> Oui<\/li>\n<li class=\"product-features__item-list__item\" role=\"listitem\"><span class=\"is--medium\">Surveillance du nettoyage de la maison via la cam\u00e9ra du robot \u00e0 distance :<\/span> Oui<\/li>\n<li class=\"product-features__item-list__item\" role=\"listitem\"><span class=\"is--medium\">Compatibilit\u00e9 assistant vocal :<\/span> Google, Alexa<\/li>\n<\/ul>\n<\/li>\n<li class=\"product-features__item\" role=\"listitem\">\n<h3 class=\"product-features__label\">Gestion des obstacles et des types de sols<\/h3>\n<ul role=\"list\">\n<li class=\"product-features__item-list__item\" role=\"listitem\"><span class=\"is--medium\">D\u00e9tection des marches \/ du vide :<\/span> oui, permet d&rsquo;\u00e9viter la chute de l&rsquo;aspirateur<\/li>\n<li class=\"product-features__item-list__item\" role=\"listitem\"><span class=\"is--medium\">Detection des objets en temps r\u00e9el :<\/span> Ne s&#8217;emm\u00eale pas dans les c\u00e2bles et permet de reconna\u00eetre les objets<\/li>\n<li class=\"product-features__item-list__item\" role=\"listitem\"><span class=\"is--medium\">Chassis adaptatif :<\/span> non<\/li>\n<li class=\"product-features__item-list__item\" role=\"listitem\"><span class=\"is--medium\">Hauteur du seuil :<\/span> 2,0 cm<\/li>\n<li class=\"product-features__item-list__item\" role=\"listitem\"><span class=\"is--medium\">Hauteur de l&rsquo;appareil :<\/span> 10,3 cm<\/li>\n<li class=\"product-features__item-list__item\" role=\"listitem\"><span class=\"is--medium\">Serpilli\u00e8re d\u00e9port\u00e9e :<\/span> non<\/li>\n<li class=\"product-features__item-list__item\" role=\"listitem\"><span class=\"is--medium\">Brosse lat\u00e9rale d\u00e9port\u00e9e :<\/span> non<\/li>\n<li class=\"product-features__item-list__item\" role=\"listitem\"><span class=\"is--medium\">D\u00e9tection automatique des tapis :<\/span> Oui<\/li>\n<li class=\"product-features__item-list__item\" role=\"listitem\"><span class=\"is--medium\">Rel\u00e8ve ses lingettes\/serpilli\u00e8res sur tapis\/moquettes :<\/span> Non<\/li>\n<li class=\"product-features__item-list__item\" role=\"listitem\"><span class=\"is--medium\">Hauteur de levage des serpilli\u00e8res :<\/span> non concern\u00e9<\/li>\n<li class=\"product-features__item-list__item\" role=\"listitem\"><span class=\"is--medium\">Laisse ses serpilli\u00e8res dans la station pour tapis\/moquettes \u00e0 poils longs :<\/span> Oui<\/li>\n<li class=\"product-features__item-list__item\" role=\"listitem\"><span class=\"is--medium\">Adapte la puissance d&rsquo;aspiration sur tapis\/moquettes :<\/span> Oui<\/li>\n<li class=\"product-features__item-list__item\" role=\"listitem\"><span class=\"is--medium\">Choix du mode \u00e9vitement des tapis\/moquettes :<\/span> Oui<\/li>\n<\/ul>\n<\/li>\n<li class=\"product-features__item\" role=\"listitem\">\n<h3 class=\"product-features__label\">Autonomie<\/h3>\n<ul role=\"list\">\n<li class=\"product-features__item-list__item\" role=\"listitem\"><span class=\"is--medium\">Autonomie jusqu&rsquo;\u00e0 :<\/span> 260 mn<\/li>\n<li class=\"product-features__item-list__item\" role=\"listitem\"><span class=\"is--medium\">Temps de charge :<\/span> 3 h<\/li>\n<li class=\"product-features__item-list__item\" role=\"listitem\"><span class=\"is--medium\">D\u00e9tail sur l&rsquo;autonomie :<\/span> Elle peut varier en fonction de plusieurs param\u00e8tres: le type de sols aspir\u00e9 (carrelage, parquet, tapis, moquette), le mode utilis\u00e9 (aspiration, lavage ou vidage) ou encore le degr\u00e9 de salissure du sol \u00e0 nettoyer<\/li>\n<li class=\"product-features__item-list__item\" role=\"listitem\"><span class=\"is--medium\">Retour automatique \u00e0 la base de chargement :<\/span> Retourne \u00e0 sa base quand la session de nettoyage est termin\u00e9e ou quand il est d\u00e9charg\u00e9<\/li>\n<li class=\"product-features__item-list__item\" role=\"listitem\"><span class=\"is--medium\">Reprise automatique du nettoyage :<\/span> Une fois recharg\u00e9, l&rsquo;aspirateur reprend sa session de nettoyage l\u00e0 o\u00f9 il s&rsquo;est arr\u00eat\u00e9<\/li>\n<li class=\"product-features__item-list__item\" role=\"listitem\"><span class=\"is--medium\">Vidage automatique de la poussi\u00e8re :<\/span> Oui<\/li>\n<li class=\"product-features__item-list__item\" role=\"listitem\"><span class=\"is--medium\">Remplissage automatique du r\u00e9servoir d&rsquo;eau du robot :<\/span> Oui<\/li>\n<li class=\"product-features__item-list__item\" role=\"listitem\"><span class=\"is--medium\">Autonettoyage des serpilli\u00e8res (fin de session de nettoyage) :<\/span> Oui<\/li>\n<li class=\"product-features__item-list__item\" role=\"listitem\"><span class=\"is--medium\">S\u00e9chage automatique de la serpill\u00e8re :<\/span> Non<\/li>\n<\/ul>\n<\/li>\n<li class=\"product-features__item\" role=\"listitem\">\n<h3 class=\"product-features__label\">Informations et Services<\/h3>\n<ul role=\"list\">\n<li style=\"list-style-type: none;\">\n<ul role=\"list\">\n<li class=\"product-features__item-list__item\" role=\"listitem\"><span class=\"is--medium\">Indice de r\u00e9parabilit\u00e9 :<\/span> 7,4 \/10<\/li>\n<\/ul>\n<\/li>\n<\/ul>\n<ul role=\"list\">\n<li class=\"product-features__item-list__item\" role=\"listitem\"><span class=\"is--medium\">Fabriqu\u00e9 en :<\/span> Chine<\/li>\n<li class=\"product-features__item-list__item\" role=\"listitem\"><span class=\"is--medium\">Garantie :<\/span> 2 ans<\/li>\n<li class=\"product-features__item-list__item\" role=\"listitem\"><span class=\"is--medium\">Disponibilit\u00e9 des pi\u00e8ces d\u00e9tach\u00e9es :<\/span> Pendant 2 ans, \u00e0 compter de la date fin de fabrication<\/li>\n<li class=\"product-features__item-list__item\" role=\"listitem\"><span class=\"is--medium\">R\u00e9f\u00e9rence constructeur :<\/span> RS2 2 en 1<\/li>\n<li class=\"product-features__item-list__item\" role=\"listitem\"><span class=\"is--medium\">Marque :<\/span> EZVIZ<\/li>\n<li class=\"product-features__item-list__item\" role=\"listitem\"><span class=\"is--medium\">Mod\u00e8le (collection) :<\/span> RS2<\/li>\n<\/ul>\n<\/li>\n<li class=\"product-features__item\" role=\"listitem\">\n<h3 class=\"product-features__label\">Dimensions<\/h3>\n<ul role=\"list\">\n<li class=\"product-features__item-list__item\" role=\"listitem\"><span class=\"is--medium\">Dimensions du robot l x h x p :<\/span> 36.5 x 10.3 x 36.5 cm<\/li>\n<li class=\"product-features__item-list__item\" role=\"listitem\"><span class=\"is--medium\">Dimensions de la station l x h x p :<\/span> 45.2 x 50.8 x 47.2 cm<\/li>\n<li class=\"product-features__item-list__item\" role=\"listitem\"><span class=\"is--medium\">Poids du robot :<\/span> 4,6 kg<\/li>\n<li class=\"product-features__item-list__item\" role=\"listitem\"><span class=\"is--medium\">Poids de la station :<\/span> 10,0 kg<\/li>\n<\/ul>\n<\/li>\n<\/ul>\n<\/div>\n<div class=\"product__disclosure-content\">\n<div class=\"js-read-more product-description__content read-more read-more--truncated\" style=\"max-height: 500px; overflow: hidden;\" data-read-more-name=\"description\">\n<p>L&rsquo;aspirateur-robot EZVIZ RS2 rend le m\u00e9nage plus intelligent et plus pratique que jamais.<\/p>\n<h3>Un aspirateur 2-en-1<\/h3>\n<p>L&rsquo;aspirateur-robot EZVIZ RS2 est \u00e9quip\u00e9 de technologies de pointe pour un nettoyage automatique sans pr\u00e9c\u00e9dent. Ses <b>serpill\u00e8res s&rsquo;installent et se d\u00e9tachent automatiquement<\/b>, vous n&rsquo;avez donc plus \u00e0 vous soucier des t\u00e2ches fastidieuses. Le r\u00e9servoir d&rsquo;eau du robot se remplit \u00e9galement tout seul.<\/p>\n<p>La station d&rsquo;accueil de l&rsquo;aspirateur-robot EZVIZ RS2 est un v\u00e9ritable centre de contr\u00f4le. Vous pouvez contr\u00f4ler la station d&rsquo;accueil en un clic via l&rsquo;\u00e9cran intuitif ou <b>utiliser l&rsquo;application<\/b> pour un contr\u00f4le \u00e0 distance et personnaliser la carte selon vos pr\u00e9f\u00e9rences. De plus, l&rsquo;appareil int\u00e8gre Google Assistant et Amazon Alexa, vous pouvez ainsi le piloter par la voix.<\/p>\n<h3>Un nettoyage optimis\u00e9<\/h3>\n<p>L&rsquo;aspirateur-robot EZVIZ RS2 propose <b>4 modes de nettoyage flexibles<\/b> pour s&rsquo;adapter \u00e0 vos besoins. De la navigation et cartographie laser D-ToF avanc\u00e9es \u00e0 la d\u00e9tection et l&rsquo;\u00e9vitement des obstacles, ce robot assure une fluidit\u00e9 \u00e0 couper le souffle.<\/p>\n<p>Pour encore plus de facilit\u00e9, la serpilli\u00e8re de l&rsquo;aspirateur-robot EZVIZ RS2 est <b>lav\u00e9e et s\u00e9ch\u00e9e automatiquement<\/b>, pour des performances de nettoyage optimales \u00e0 chaque passage. Cette technologie de pointe s&rsquo;adapte \u00e0 votre style de vie pour vous offrir un nettoyage sans effort. Cet aspirateur-robot red\u00e9finit le concept du m\u00e9nage avec ses fonctionnalit\u00e9s innovantes et sa simplicit\u00e9 d&rsquo;utilisation.<\/p>\n<p><video class=\"s7Video\" src=\"https:\/\/boulanger.scene7.com\/is\/content\/Boulanger\/6941545618371_v_0\" poster=\"https:\/\/boulanger.scene7.com\/is\/image\/Boulanger\/6941545618371_v_0?scl=1\" preload=\"metadata\" controls=\"controls\" width=\"100%\" height=\"150\"><\/video><\/p>\n<\/div>\n<\/div>\n<p>&nbsp;<\/p>\n<p>&nbsp;<\/p>","protected":false},"excerpt":{"rendered":"<div class=\"keypoints\">\n<h3 class=\"keypoints__title\">Les points cl\u00e9s<\/h3>\n<ul role=\"list\">\n<li class=\"keypoints__item\" role=\"listitem\">Autonomie jusqu&rsquo;\u00e0 : 260 mn &#8211; Temps de charge : 3 h<\/li>\n<li class=\"keypoints__item\" role=\"listitem\">Bac \u00e0 poussi\u00e8re du robot : 0,400 L<\/li>\n<li class=\"keypoints__item\" role=\"listitem\">Puissance d&rsquo;aspiration : 4 000 Pascals &#8211; Niveau sonore max : 64 dB<\/li>\n<li class=\"keypoints__item keypoints__item--advantage\" role=\"listitem\"><strong>Le + :<\/strong> Cam\u00e9ra de surveillance int\u00e9gr\u00e9e, aspiration tapis renforc\u00e9e, d\u00e9tachage automatique des serpill\u00e8res<\/li>\n<\/ul>\n<\/div>","protected":false},"featured_media":75279,"template":"","meta":{"_glsr_average":0,"_glsr_ranking":0,"_glsr_reviews":0},"product_cat":[326],"product_tag":[324,327,153],"class_list":{"0":"post-75280","1":"product","2":"type-product","3":"status-publish","4":"has-post-thumbnail","6":"product_cat-aspirateur-robot","7":"product_tag-aspirateur","8":"product_tag-aspirateur-robot","9":"product_tag-maison-entretien","11":"first","12":"instock","13":"sale","14":"shipping-taxable","15":"purchasable","16":"product-type-simple"},"_links":{"self":[{"href":"https:\/\/electromenagerexpress.com\/en\/wp-json\/wp\/v2\/product\/75280","targetHints":{"allow":["GET"]}}],"collection":[{"href":"https:\/\/electromenagerexpress.com\/en\/wp-json\/wp\/v2\/product"}],"about":[{"href":"https:\/\/electromenagerexpress.com\/en\/wp-json\/wp\/v2\/types\/product"}],"wp:featuredmedia":[{"embeddable":true,"href":"https:\/\/electromenagerexpress.com\/en\/wp-json\/wp\/v2\/media\/75279"}],"wp:attachment":[{"href":"https:\/\/electromenagerexpress.com\/en\/wp-json\/wp\/v2\/media?parent=75280"}],"wp:term":[{"taxonomy":"product_cat","embeddable":true,"href":"https:\/\/electromenagerexpress.com\/en\/wp-json\/wp\/v2\/product_cat?post=75280"},{"taxonomy":"product_tag","embeddable":true,"href":"https:\/\/electromenagerexpress.com\/en\/wp-json\/wp\/v2\/product_tag?post=75280"}],"curies":[{"name":"wp","href":"https:\/\/api.w.org\/{rel}","templated":true}]}}