{"id":75120,"date":"2024-11-24T13:27:53","date_gmt":"2024-11-24T13:27:53","guid":{"rendered":"https:\/\/electromenagerexpress.com\/product\/aspirateur-sans-sacmieleblizzard-cx1-powerline\/"},"modified":"2024-11-24T13:28:04","modified_gmt":"2024-11-24T13:28:04","slug":"aspirateur-sans-sacmieleblizzard-cx1-powerline","status":"publish","type":"product","link":"https:\/\/electromenagerexpress.com\/en\/product\/aspirateur-sans-sacmieleblizzard-cx1-powerline\/","title":{"rendered":"Aspirateur sans sac\t\t\t\t\t\t\tMIELE\t\t\t\tBlizzard CX1 Powerline"},"content":{"rendered":"<div class=\"product-features__content\">\n<ul role=\"list\">\n<li class=\"product-features__item\" role=\"listitem\">\n<h3 class=\"product-features__label\">Choisir ce produit pour quels usages ?<\/h3>\n<ul role=\"list\">\n<li class=\"product-features__item-list__item\" role=\"listitem\"><span class=\"is--medium\">Pour quelle utilisation :<\/span> pour aspirer en profondeur, pratique sans sac\t\t\t\t\t<\/li>\n<li class=\"product-features__item-list__item\" role=\"listitem\"><span class=\"is--medium\">Type de sols :<\/span> Carrelages, parquets, tapis, moquettes\t\t\t\t\t<\/li>\n<li class=\"product-features__item-list__item\" role=\"listitem\"><span class=\"is--medium\">Brosses &amp; Accessoires sp\u00e9ciaux :<\/span> Non concern\u00e9\t\t\t\t\t<\/li>\n<li class=\"product-features__item-list__item\" role=\"listitem\"><span class=\"is--medium\">D\u00e9couvrez l&rsquo;univers des produits Miele :<\/span> <u><a href=\"https:\/\/www.boulanger.com\/evenement\/miele\" target=\"_blank\">en sa<\/a><\/u><\/li>\n<\/ul>\n<\/li>\n<li class=\"product-features__item\" role=\"listitem\">\n<h3 class=\"product-features__label\">Confort d&rsquo;utilisation<\/h3>\n<ul role=\"list\">\n<li class=\"product-features__item-list__item\" role=\"listitem\"><span class=\"is--medium\">Niveau sonore :<\/span> 77 dB\t\t\t\t\t<\/li>\n<li class=\"product-features__item-list__item\" role=\"listitem\"><span class=\"is--medium\">D\u00e9tail sur le niveau sonore: :<\/span> Il peut varier en fonction du mode utilis\u00e9 et du type de sols aspir\u00e9 (parquet, carrelage, moquette, tapis)\t\t\t\t\t<\/li>\n<li class=\"product-features__item-list__item\" role=\"listitem\"><span class=\"is--medium\">Capacit\u00e9 bac\/sac :<\/span> 2,0 L\t\t\t\t\t<\/li>\n<li class=\"product-features__item-list__item\" role=\"listitem\"><span class=\"is--medium\">Variateur de puissance :<\/span> Electronique\t\t\t\t\t<\/li>\n<li class=\"product-features__item-list__item\" role=\"listitem\"><span class=\"is--medium\">Indicateur de bac\/sac plein :<\/span> Oui\t\t\t\t\t<\/li>\n<li class=\"product-features__item-list__item\" role=\"listitem\"><span class=\"is--medium\">D\u00e9tection automatique du type de sol pour adapter la puissance :<\/span> Non\t\t\t\t\t<\/li>\n<\/ul>\n<\/li>\n<li class=\"product-features__item\" role=\"listitem\">\n<h3 class=\"product-features__label\">Maniabilit\u00e9<\/h3>\n<ul role=\"list\">\n<li class=\"product-features__item-list__item\" role=\"listitem\"><span class=\"is--medium\">Poids :<\/span> 8,40 Kg\t\t\t\t\t<\/li>\n<li class=\"product-features__item-list__item\" role=\"listitem\"><span class=\"is--medium\">Mobilit\u00e9 :<\/span> roulettes multidirectionnelles\t\t\t\t\t<\/li>\n<li class=\"product-features__item-list__item\" role=\"listitem\"><span class=\"is--medium\">Poign\u00e9e de transport :<\/span> Oui, permet de monter l&rsquo;aspirateur facilement \u00e0 l&rsquo;\u00e9tage\t\t\t\t\t<\/li>\n<li class=\"product-features__item-list__item\" role=\"listitem\"><span class=\"is--medium\">Type d&rsquo;enrouleur de c\u00e2ble :<\/span> Un seul appui suffit pour rentrer le c\u00e2ble dans l&rsquo;aspirateur\t\t\t\t\t<\/li>\n<li class=\"product-features__item-list__item\" role=\"listitem\"><span class=\"is--medium\">Rayon d&rsquo;action :<\/span> 11 m (Grand)\t\t\t\t\t<\/li>\n<\/ul>\n<\/li>\n<li class=\"product-features__item\" role=\"listitem\">\n<h3 class=\"product-features__label\">Performance<\/h3>\n<ul role=\"list\">\n<li class=\"product-features__item-list__item\" role=\"listitem\"><span class=\"is--medium\">Technologie d&rsquo;aspiration :<\/span> Non concern\u00e9\t\t\t\t\t<\/li>\n<li class=\"product-features__item-list__item\" role=\"listitem\"><span class=\"is--medium\">Entretien du filtre du r\u00e9servoir :<\/span> Automatique, l&rsquo;aspirateur d\u00e9tecte la saturation du filtre et le nettoie de lui-m\u00eame\t\t\t\t\t<\/li>\n<li class=\"product-features__item-list__item\" role=\"listitem\"><span class=\"is--medium\">Brosse principale :<\/span> Brosse 2 en1 (sols durs et moquettes)\t\t\t\t\t<\/li>\n<\/ul>\n<\/li>\n<li class=\"product-features__item\" role=\"listitem\">\n<h3 class=\"product-features__label\">Autour de l&rsquo;hygi\u00e8ne<\/h3>\n<ul role=\"list\">\n<li class=\"product-features__item-list__item\" role=\"listitem\"><span class=\"is--medium\">Filtre de sortie d&rsquo;air :<\/span> Airclean plus\t\t\t\t\t<\/li>\n<\/ul>\n<\/li>\n<li class=\"product-features__item\" role=\"listitem\">\n<h3 class=\"product-features__label\">Energie \/ Consommation<\/h3>\n<ul role=\"list\">\n<li class=\"product-features__item-list__item\" role=\"listitem\"><span class=\"is--medium\">Puissance du moteur \/ Consommation :<\/span> 890 W\t\t\t\t\t<\/li>\n<\/ul>\n<\/li>\n<li class=\"product-features__item\" role=\"listitem\">\n<h3 class=\"product-features__label\">Informations et Services<\/h3>\n<ul role=\"list\">\n<li class=\"product-features__item-list__item\" role=\"listitem\"><span class=\"is--medium\">Indice de r\u00e9parabilit\u00e9 :<\/span> 7,3 \/10\t\t\t\t\t<\/li>\n<li class=\"product-features__item-list__item\" role=\"listitem\"><span class=\"is--medium\">D\u00e9tail sur l&rsquo;indice de r\u00e9parabilit\u00e9 :<\/span> <u><a href=\"https:\/\/www.boulanger.com\/evenement\/indice-reparabilite\" target=\"_blank\"> en sa<\/a><\/u><\/li>\n<li class=\"product-features__item-list__item\" role=\"listitem\"><span class=\"is--medium\">Fabriqu\u00e9 en :<\/span> Allemagne\t\t\t\t\t<\/li>\n<li class=\"product-features__item-list__item\" role=\"listitem\"><span class=\"is--medium\">Garantie :<\/span> 2 ans\t\t\t\t\t<\/li>\n<li class=\"product-features__item-list__item\" role=\"listitem\"><span class=\"is--medium\">Dur\u00e9e de la garantie Constructeur (voir les conditions sp\u00e9ciales) :<\/span> 2 ans\t\t\t\t\t<\/li>\n<li class=\"product-features__item-list__item\" role=\"listitem\"><span class=\"is--medium\">Disponibilit\u00e9 des pi\u00e8ces d\u00e9tach\u00e9es (donn\u00e9es fournisseur) :<\/span> Pendant 10 ans, \u00e0 compter de la date d&rsquo;achat\t\t\t\t\t<\/li>\n<li class=\"product-features__item-list__item\" role=\"listitem\"><span class=\"is--medium\">R\u00e9f\u00e9rence constructeur :<\/span> Blizzard CX1 Powerline\t\t\t\t\t<\/li>\n<li class=\"product-features__item-list__item\" role=\"listitem\"><span class=\"is--medium\">Marque :<\/span> MIELE\t\t\t\t\t<\/li>\n<\/ul>\n<\/li>\n<li class=\"product-features__item\" role=\"listitem\">\n<h3 class=\"product-features__label\">Dimensions<\/h3>\n<ul role=\"list\">\n<li class=\"product-features__item-list__item\" role=\"listitem\"><span class=\"is--medium\">Dimensions l x h x p :<\/span> 51 x 31 x 31 cm\t\t\t\t\t<\/li>\n<li class=\"product-features__item-list__item\" role=\"listitem\"><span class=\"is--medium\">Poids net :<\/span> 8 kg\t\t\t\t\t<\/li>\n<li class=\"product-features__item-list__item\" role=\"listitem\"><span class=\"is--medium\">Poids brut :<\/span> 10 kg\t\t\t\t\t<\/li>\n<\/ul>\n<\/li>\n<li class=\"product-features__item\" role=\"listitem\">\n<h3 class=\"product-features__label\">Brosses et accessoires<\/h3>\n<ul role=\"list\">\n<li class=\"product-features__item-list__item\" role=\"listitem\"><span class=\"is--medium\">Brosse meuble :<\/span> Pour aspirer les petites surfaces d\u00e9licates et les meubles sans les abimer\t\t\t\t\t<\/li>\n<li class=\"product-features__item-list__item\" role=\"listitem\"><span class=\"is--medium\">Suceur long :<\/span> Id\u00e9al pour les endroits difficiles d&rsquo;acc\u00e8s comme les radiateurs.\t\t\t\t\t<\/li>\n<\/ul>\n<\/li>\n<\/ul>\n<\/div>\n<div class=\"product__disclosure-content\">\n<div class=\"js-read-more product-description__content read-more read-more--truncated\" data-read-more-name=\"description\" style=\"max-height: 500px; overflow: hidden;\">\n<p>L&rsquo;aspirateur-traineau MIELE Blizzard CX1 PowerLine sans sac est votre nouveau compagnon de m\u00e9nage.<\/p>\n<h3><img fetchpriority=\"high\" decoding=\"async\" ,=\"\" alt=\"Aspi MIELE Blizzard CX1 Powerline\" class=\"wy_tableau_gauche\" height=\"270\" src=\"https:\/\/boulanger.scene7.com\/is\/image\/Boulanger\/4002516555988_h_f_l_0?wid=400&amp;hei=270\" width=\"400\"\/>Un aspirateur puissant<\/h3>\n<p>Le nouvel aspirateur-traineau MIELE Blizzard CX1 PowerLine ne laissera aucune poussi\u00e8re sur son passage. Gr\u00e2ce \u00e0 la <b>technologie Vortex<\/b> sign\u00e9e Miele, il vous offrira une <b>aspiration puissante de 890 W<\/b> et une <b>filtration efficace de la poussi\u00e8re<\/b>.<\/p>\n<p>Aspirez tout votre logement sans avoir \u00e0 d\u00e9brancher et \u00e0 rebrancher votre aspirateur lorsque vous changez de pi\u00e8ce. L&rsquo;aspirateur-traineau MIELE Blizzard CX1 PowerLine dispose d&rsquo;un <b>rayon d&rsquo;action de 11 m<\/b>. C&rsquo;est l&rsquo;id\u00e9al pour les maisons et les grands appartements. <b>Quant \u00e0 la capacit\u00e9 de son bac \u00e0 poussi\u00e8re, elle est de 20 L<\/b>.<\/p>\n<h3><img decoding=\"async\" ,=\"\" alt=\"Aspi MIELE Blizzard CX1 Powerline\" class=\"wy_tableau_right\" height=\"270\" src=\"https:\/\/boulanger.scene7.com\/is\/image\/Boulanger\/4002516555988_h_f_l_1?wid=400&amp;hei=270\" width=\"400\"\/>Un aspirateur simple \u00e0 prendre en main<\/h3>\n<p>L&rsquo;aspirateur-traineau MIELE Blizzard CX1 PowerLine comprend un <b>s\u00e9lecteur rotatif \u00e0 4 positions<\/b>. Il vous suffira de choisir la puissance d&rsquo;aspiration souhait\u00e9e en tournant le bouton. Il dispose \u00e9galement d&rsquo;une <b>poign\u00e9e de transport ergonomique<\/b>, qui vous permettra de le monter et de le descendre d&rsquo;un \u00e9tage facilement.<\/p>\n<p>C\u00f4t\u00e9 entretien, l&rsquo;aspirateur-traineau MIELE Blizzard CX1 PowerLine est \u00e9quip\u00e9 d&rsquo;un <b>filtre Hygi\u00e8ne Lifetime<\/b>. L&rsquo;entretien de votre aspirateur est automatique : il d\u00e9tecte lui-m\u00eame la saturation du filtre et le nettoie tout seul. Enfin, il est livr\u00e9 avec <b>4 accessoires<\/b> : 1 brosse principale, 1 brosse meuble, 1 petit suceur et 1 suceur long.<\/p>\n<\/p>\n<\/div>\n<p><bl-button a11yexpanded=\"false\" arialabel=\"Afficher toute la description\" class=\"read-more__btn\" full=\"false\" link=\"true\"><\/bl-button><\/div>","protected":false},"excerpt":{"rendered":"<div class=\"keypoints\">\n<h3 class=\"keypoints__title\">Les points cl\u00e9s<\/h3>\n<ul role=\"list\">\n<li class=\"keypoints__item\" role=\"listitem\">                                        Rayon d&rsquo;action : 11 m (Grand)                      <\/li>\n<li class=\"keypoints__item\" role=\"listitem\">                                        Capacit\u00e9 bac\/sac : 2,0 L                      <\/li>\n<li class=\"keypoints__item\" role=\"listitem\">                                        Niveau sonore : 77 dB                      <\/li>\n<li class=\"keypoints__item\" role=\"listitem\">                                        Poids : 8,40 Kg                      <\/li>\n<li class=\"keypoints__item keypoints__item--advantage\" role=\"listitem\"><strong>Le + :<\/strong> Fonction d&rsquo;auto-nettoyage automatique via des capteurs      <\/li>\n<\/ul>","protected":false},"featured_media":75119,"template":"","meta":{"_glsr_average":0,"_glsr_ranking":0,"_glsr_reviews":0},"product_cat":[333],"product_tag":[324,334,153],"class_list":{"0":"post-75120","1":"product","2":"type-product","3":"status-publish","4":"has-post-thumbnail","6":"product_cat-aspirateur-sans-sac","7":"product_tag-aspirateur","8":"product_tag-aspirateur-sans-sac","9":"product_tag-maison-entretien","11":"first","12":"instock","13":"sale","14":"shipping-taxable","15":"purchasable","16":"product-type-simple"},"_links":{"self":[{"href":"https:\/\/electromenagerexpress.com\/en\/wp-json\/wp\/v2\/product\/75120","targetHints":{"allow":["GET"]}}],"collection":[{"href":"https:\/\/electromenagerexpress.com\/en\/wp-json\/wp\/v2\/product"}],"about":[{"href":"https:\/\/electromenagerexpress.com\/en\/wp-json\/wp\/v2\/types\/product"}],"wp:featuredmedia":[{"embeddable":true,"href":"https:\/\/electromenagerexpress.com\/en\/wp-json\/wp\/v2\/media\/75119"}],"wp:attachment":[{"href":"https:\/\/electromenagerexpress.com\/en\/wp-json\/wp\/v2\/media?parent=75120"}],"wp:term":[{"taxonomy":"product_cat","embeddable":true,"href":"https:\/\/electromenagerexpress.com\/en\/wp-json\/wp\/v2\/product_cat?post=75120"},{"taxonomy":"product_tag","embeddable":true,"href":"https:\/\/electromenagerexpress.com\/en\/wp-json\/wp\/v2\/product_tag?post=75120"}],"curies":[{"name":"wp","href":"https:\/\/api.w.org\/{rel}","templated":true}]}}