{"id":75083,"date":"2024-11-24T13:27:24","date_gmt":"2024-11-24T13:27:24","guid":{"rendered":"https:\/\/electromenagerexpress.com\/product\/aspirateur-robotmielescout-rx3-runner\/"},"modified":"2024-11-26T20:19:37","modified_gmt":"2024-11-26T20:19:37","slug":"aspirateur-robotmielescout-rx3-runner","status":"publish","type":"product","link":"https:\/\/electromenagerexpress.com\/en\/product\/aspirateur-robotmielescout-rx3-runner\/","title":{"rendered":"Aspirateur robot MIELE Scout RX3 Runner"},"content":{"rendered":"<div class=\"product-features__content\">\n<ul role=\"list\">\n<li class=\"product-features__item\" role=\"listitem\">\n<h3 class=\"product-features__label\">Choisir ce produit pour quels usages ?<\/h3>\n<ul role=\"list\">\n<li class=\"product-features__item-list__item\" role=\"listitem\"><span class=\"is--medium\">Pour quelle utilisation ? :<\/span> Pour aspirer<\/li>\n<li class=\"product-features__item-list__item\" role=\"listitem\"><span class=\"is--medium\">Type de sols :<\/span> Carrelages, parquets, tapis, moquettes<br \/>\n<h3 class=\"product-features__label\">Caract\u00e9ristiques de l&rsquo;aspirateur robot<\/h3>\n<ul role=\"list\">\n<li class=\"product-features__item-list__item\" role=\"listitem\"><span class=\"is--medium\">Fonction :<\/span> Aspire<\/li>\n<li class=\"product-features__item-list__item\" role=\"listitem\"><span class=\"is--medium\">Puissance d&rsquo;aspiration :<\/span> non communiqu\u00e9<\/li>\n<li class=\"product-features__item-list__item\" role=\"listitem\"><span class=\"is--medium\">Niveau sonore max :<\/span> 71 dB<\/li>\n<li class=\"product-features__item-list__item\" role=\"listitem\"><span class=\"is--medium\">D\u00e9tail sur le niveau sonore :<\/span> Il peut varier en fonction du type de sols aspir\u00e9 (carrelage, parquet, tapis, moquette) et du mode utilis\u00e9 (aspiration, lavage ou vidage)<\/li>\n<li class=\"product-features__item-list__item\" role=\"listitem\"><span class=\"is--medium\">Type de station :<\/span> Base de chargement<\/li>\n<li class=\"product-features__item-list__item\" role=\"listitem\"><span class=\"is--medium\">Bac \u00e0 poussi\u00e8re du robot :<\/span> 0,400 L<\/li>\n<li class=\"product-features__item-list__item\" role=\"listitem\"><span class=\"is--medium\">R\u00e9servoir d&rsquo;eau du robot :<\/span> 0,000 L<br \/>\n<h3 class=\"product-features__label\">Performance<\/h3>\n<ul role=\"list\">\n<li class=\"product-features__item-list__item\" role=\"listitem\"><span class=\"is--medium\">Technologie :<\/span> Par cam\u00e9ra<\/li>\n<li class=\"product-features__item-list__item\" role=\"listitem\"><span class=\"is--medium\">Technologie cam\u00e9ra :<\/span> facilite la reconnaissance des pi\u00e8ces pour agir imm\u00e9diatement et conserver son efficacit\u00e9. L&rsquo;aspirateur voit ce qu&rsquo;il a en face de lui gr\u00e2ce \u00e0 sa d\u00e9tection en temps r\u00e9elle et am\u00e9liore sa prise de d\u00e9cision (contourner un objet, meuble trop bas)<\/li>\n<li class=\"product-features__item-list__item\" role=\"listitem\"><span class=\"is--medium\">M\u00e9thode de navigation :<\/span> Navigation par cartographie de la pi\u00e8ce<\/li>\n<li class=\"product-features__item-list__item\" role=\"listitem\"><span class=\"is--medium\">Type de brosse :<\/span> Brosse Haute Efficacit\u00e9, s&rsquo;adapte \u00e0 tous les sols et \u00e9vite les enchev\u00eatrements de poils ou de cheveux<\/li>\n<li class=\"product-features__item-list__item\" role=\"listitem\"><span class=\"is--medium\">Syst\u00e8me de nettoyage :<\/span> Non concern\u00e9: aspiration seule<br \/>\n<h3 class=\"product-features__label\">Connectivit\u00e9<\/h3>\n<ul role=\"list\">\n<li class=\"product-features__item-list__item\" role=\"listitem\"><span class=\"is--medium\">Application compatible :<\/span> Oui<\/li>\n<li class=\"product-features__item-list__item\" role=\"listitem\"><span class=\"is--medium\">Cartographie multi \u00e9tage :<\/span> Non communiqu\u00e9<\/li>\n<li class=\"product-features__item-list__item\" role=\"listitem\"><span class=\"is--medium\">Programmation du nettoyage pi\u00e8ce par pi\u00e8ce :<\/span> Pratique, d\u00e9finissez quelle pi\u00e8ce vous souhaitez aspirer<\/li>\n<li class=\"product-features__item-list__item\" role=\"listitem\"><span class=\"is--medium\">Nettoyage cibl\u00e9 \u00e0 la demande :<\/span> Non concern\u00e9<\/li>\n<li class=\"product-features__item-list__item\" role=\"listitem\"><span class=\"is--medium\">Exclusion des zones :<\/span> Non communiqu\u00e9<\/li>\n<li class=\"product-features__item-list__item\" role=\"listitem\"><span class=\"is--medium\">Programmation des horaires de nettoyage :<\/span> Oui<\/li>\n<li class=\"product-features__item-list__item\" role=\"listitem\"><span class=\"is--medium\">Compatibilit\u00e9 assistant vocal :<\/span> Siri<br \/>\n<h3 class=\"product-features__label\">Gestion des obstacles et des types de sols<\/h3>\n<ul role=\"list\">\n<li class=\"product-features__item-list__item\" role=\"listitem\"><span class=\"is--medium\">D\u00e9tection des marches \/ du vide :<\/span> oui, permet d&rsquo;\u00e9viter la chute de l&rsquo;aspirateur<\/li>\n<li class=\"product-features__item-list__item\" role=\"listitem\"><span class=\"is--medium\">Detection des objets en temps r\u00e9el :<\/span> Ne s&#8217;emm\u00eale pas dans les c\u00e2bles et permet de reconna\u00eetre les objets<\/li>\n<li class=\"product-features__item-list__item\" role=\"listitem\"><span class=\"is--medium\">Chassis adaptatif :<\/span> non<\/li>\n<li class=\"product-features__item-list__item\" role=\"listitem\"><span class=\"is--medium\">Hauteur du seuil :<\/span> 1,7 cm<\/li>\n<li class=\"product-features__item-list__item\" role=\"listitem\"><span class=\"is--medium\">Hauteur de l&rsquo;appareil :<\/span> 8,5 cm<\/li>\n<li class=\"product-features__item-list__item\" role=\"listitem\"><span class=\"is--medium\">Serpilli\u00e8re d\u00e9port\u00e9e :<\/span> non<\/li>\n<li class=\"product-features__item-list__item\" role=\"listitem\"><span class=\"is--medium\">Brosse lat\u00e9rale d\u00e9port\u00e9e :<\/span> non<\/li>\n<li class=\"product-features__item-list__item\" role=\"listitem\"><span class=\"is--medium\">D\u00e9tection automatique des tapis :<\/span> Oui<\/li>\n<li class=\"product-features__item-list__item\" role=\"listitem\"><span class=\"is--medium\">Rel\u00e8ve ses lingettes\/serpilli\u00e8res sur tapis\/moquettes :<\/span> Non<\/li>\n<li class=\"product-features__item-list__item\" role=\"listitem\"><span class=\"is--medium\">Hauteur de levage des serpilli\u00e8res :<\/span> non concern\u00e9<br \/>\n<h3 class=\"product-features__label\">Autonomie<\/h3>\n<ul role=\"list\">\n<li class=\"product-features__item-list__item\" role=\"listitem\"><span class=\"is--medium\">Autonomie jusqu&rsquo;\u00e0 :<\/span> 120 mn<\/li>\n<li class=\"product-features__item-list__item\" role=\"listitem\"><span class=\"is--medium\">Temps de charge :<\/span> 4 h<\/li>\n<li class=\"product-features__item-list__item\" role=\"listitem\"><span class=\"is--medium\">D\u00e9tail sur l&rsquo;autonomie :<\/span> Elle peut varier en fonction de plusieurs param\u00e8tres: le type de sols aspir\u00e9 (carrelage, parquet, tapis, moquette), le mode utilis\u00e9 (aspiration, lavage ou vidage) ou encore le degr\u00e9 de salissure du sol \u00e0 nettoyer<\/li>\n<li class=\"product-features__item-list__item\" role=\"listitem\"><span class=\"is--medium\">Retour automatique \u00e0 la base de chargement :<\/span> Retourne \u00e0 sa base quand la session de nettoyage est termin\u00e9e ou quand il est d\u00e9charg\u00e9<\/li>\n<li class=\"product-features__item-list__item\" role=\"listitem\"><span class=\"is--medium\">Reprise automatique du nettoyage :<\/span> Une fois recharg\u00e9, l&rsquo;aspirateur reprend sa session de nettoyage l\u00e0 o\u00f9 il s&rsquo;est arr\u00eat\u00e9<\/li>\n<li class=\"product-features__item-list__item\" role=\"listitem\"><span class=\"is--medium\">Vidage automatique de la poussi\u00e8re :<\/span> Oui<\/li>\n<li class=\"product-features__item-list__item\" role=\"listitem\"><span class=\"is--medium\">Remplissage automatique du r\u00e9servoir d&rsquo;eau du robot :<\/span> Non<\/li>\n<li class=\"product-features__item-list__item\" role=\"listitem\"><span class=\"is--medium\">Autonettoyage des serpilli\u00e8res (fin de session de nettoyage) :<\/span> Non<\/li>\n<li class=\"product-features__item-list__item\" role=\"listitem\"><span class=\"is--medium\">S\u00e9chage automatique de la serpill\u00e8re :<\/span> Non<br \/>\n<h3 class=\"product-features__label\">Informations et Services<\/h3>\n<ul role=\"list\">\n<li style=\"list-style-type: none;\">\n<ul role=\"list\">\n<li class=\"product-features__item-list__item\" role=\"listitem\"><span class=\"is--medium\">Indice de r\u00e9parabilit\u00e9 :<\/span> 7,1 \/10<\/li>\n<\/ul>\n<\/li>\n<\/ul>\n<ul role=\"list\">\n<li class=\"product-features__item-list__item\" role=\"listitem\"><span class=\"is--medium\">Fabriqu\u00e9 en :<\/span> Cor\u00e9e du Sud<\/li>\n<li class=\"product-features__item-list__item\" role=\"listitem\"><span class=\"is--medium\">Garantie :<\/span> 2 ans<\/li>\n<li class=\"product-features__item-list__item\" role=\"listitem\"><span class=\"is--medium\">Disponibilit\u00e9 des pi\u00e8ces d\u00e9tach\u00e9es :<\/span> Pendant 10 ans, \u00e0 compter de la date de fabrication<\/li>\n<li class=\"product-features__item-list__item\" role=\"listitem\"><span class=\"is--medium\">R\u00e9f\u00e9rence constructeur :<\/span> Scout RX3 Runner<\/li>\n<li class=\"product-features__item-list__item\" role=\"listitem\"><span class=\"is--medium\">Marque :<\/span> MIELE<br \/>\n<h3 class=\"product-features__label\">Dimensions<\/h3>\n<ul role=\"list\">\n<li class=\"product-features__item-list__item\" role=\"listitem\"><span class=\"is--medium\">Dimensions du robot l x h x p :<\/span> 35.4 x 8.5 x 35.4 cm<\/li>\n<li class=\"product-features__item-list__item\" role=\"listitem\"><span class=\"is--medium\">Dimensions de la station l x h x p :<\/span> NC x NC x NC cm<\/li>\n<li class=\"product-features__item-list__item\" role=\"listitem\"><span class=\"is--medium\">Poids du robot :<\/span> 3,2 kg<\/li>\n<\/ul>\n<\/li>\n<\/ul>\n<\/li>\n<\/ul>\n<\/li>\n<\/ul>\n<\/li>\n<\/ul>\n<\/li>\n<\/ul>\n<\/li>\n<\/ul>\n<\/li>\n<\/ul>\n<\/li>\n<\/ul>\n<\/div>\n<div class=\"product__disclosure-content\">\n<div class=\"js-read-more product-description__content read-more read-more--truncated\" style=\"max-height: 500px; overflow: hidden;\" data-read-more-name=\"description\">\n<p>Profitez d&rsquo;une maison propre et nette sans effort gr\u00e2ce au robot aspirateur de Miele : le Scout RX3 Runner. Autonome et malin, il vous garantit un nettoyage impeccable et vous fait gagner du temps !<\/p>\n<h3>L&rsquo;innovation au service de votre maison<\/h3>\n<p>Avec le robot aspirateur Scout RX3 Runner, Miele signe <b>le robot le plus discret et intelligent pour votre maison<\/b> et vous garantit un nettoyage sur mesure sans effort. Gr\u00e2ce \u00e0 une <b>technologie intelligente et une navigation 3D Smart syst\u00e9matique bas\u00e9e sur une cartographie de vos pi\u00e8ces<\/b>, Scout RX3 Runner navigue dans tous les coins de votre maison et vous assure un nettoyage millim\u00e9tr\u00e9 !<\/p>\n<p>Con\u00e7u pour s&rsquo;adapter \u00e0 tous vos besoins, le Scout RX3 Runner dispose de <b>trois fonctionnalit\u00e9s : balayage, brossage et aspiration<\/b>, gr\u00e2ce \u00e0 de nombreux accessoires qui d\u00e9cuplent ses performances. Dot\u00e9 de quatre programmes de nettoyage (auto, silence, turbo et zone restreinte), le robot aspirateur Scout RX3 Runner ne se contente pas d&rsquo;\u00eatre un simple aspirateur, mais <b>utilise toute la technologie Miele pour nettoyer et aspirer en toutes circonstances<\/b>.<\/p>\n<h3>Connect\u00e9 et malin pour votre quotidien<\/h3>\n<p>Miele a con\u00e7u son robot aspirateur Scout RX3 Runner pour s&rsquo;adapter au mieux \u00e0 votre quotidien. Votre robot est donc <b>compatible avec votre smartphone gr\u00e2ce \u00e0 sa nouvelle application d\u00e9di\u00e9e<\/b> et compatible Android et iOS. Recevez des notifications et programmez votre robot, la technologie Miele s&rsquo;occupe du reste.<\/p>\n<p>L&rsquo;intuitivit\u00e9 de votre robot aspirateur Scout RX3 Runner vous permet de programmer l&rsquo;appareil selon <b>vos besoins gr\u00e2ce \u00e0 la filtration AirClean Plus<\/b>, pour laisser une maison saine et propre. Son <b>autonomie de 120 minutes est boost\u00e9e par son chargement sur secteur<\/b>, tandis que son design noir \u00e9pur\u00e9 en fait un appareil discret et \u00e9l\u00e9gant id\u00e9al pour tous les int\u00e9rieurs.<\/p>\n<\/div>\n<p>&nbsp;<\/p>\n<\/div>","protected":false},"excerpt":{"rendered":"<div class=\"keypoints\">\n<h3 class=\"keypoints__title\">Les points cl\u00e9s<\/h3>\n<ul role=\"list\">\n<li class=\"keypoints__item\" role=\"listitem\">Autonomie jusqu&rsquo;\u00e0 : 120 mn &#8211; Temps de charge : 4 h<\/li>\n<li class=\"keypoints__item\" role=\"listitem\">Bac \u00e0 poussi\u00e8re du robot : 0,400 L<\/li>\n<li class=\"keypoints__item\" role=\"listitem\">Puissance d&rsquo;aspiration : non communiqu\u00e9 &#8211; Niveau sonore max : 71 dB<\/li>\n<li class=\"keypoints__item keypoints__item--advantage\" role=\"listitem\"><strong>Le + :<\/strong> le pilotage \u00e0 distance via l&rsquo;application, le panneau tactile et les 4 programmes de nettoyage<\/li>\n<\/ul>\n<\/div>","protected":false},"featured_media":75082,"template":"","meta":{"_glsr_average":0,"_glsr_ranking":0,"_glsr_reviews":0},"product_cat":[326],"product_tag":[324,327,153],"class_list":{"0":"post-75083","1":"product","2":"type-product","3":"status-publish","4":"has-post-thumbnail","6":"product_cat-aspirateur-robot","7":"product_tag-aspirateur","8":"product_tag-aspirateur-robot","9":"product_tag-maison-entretien","11":"first","12":"instock","13":"sale","14":"shipping-taxable","15":"purchasable","16":"product-type-simple"},"_links":{"self":[{"href":"https:\/\/electromenagerexpress.com\/en\/wp-json\/wp\/v2\/product\/75083","targetHints":{"allow":["GET"]}}],"collection":[{"href":"https:\/\/electromenagerexpress.com\/en\/wp-json\/wp\/v2\/product"}],"about":[{"href":"https:\/\/electromenagerexpress.com\/en\/wp-json\/wp\/v2\/types\/product"}],"wp:featuredmedia":[{"embeddable":true,"href":"https:\/\/electromenagerexpress.com\/en\/wp-json\/wp\/v2\/media\/75082"}],"wp:attachment":[{"href":"https:\/\/electromenagerexpress.com\/en\/wp-json\/wp\/v2\/media?parent=75083"}],"wp:term":[{"taxonomy":"product_cat","embeddable":true,"href":"https:\/\/electromenagerexpress.com\/en\/wp-json\/wp\/v2\/product_cat?post=75083"},{"taxonomy":"product_tag","embeddable":true,"href":"https:\/\/electromenagerexpress.com\/en\/wp-json\/wp\/v2\/product_tag?post=75083"}],"curies":[{"name":"wp","href":"https:\/\/api.w.org\/{rel}","templated":true}]}}