{"id":75033,"date":"2024-11-24T13:26:44","date_gmt":"2024-11-24T13:26:44","guid":{"rendered":"https:\/\/electromenagerexpress.com\/product\/aspirateur-sans-sacdysoncinetic-big-ball-absolute-2\/"},"modified":"2024-11-24T13:26:56","modified_gmt":"2024-11-24T13:26:56","slug":"aspirateur-sans-sacdysoncinetic-big-ball-absolute-2","status":"publish","type":"product","link":"https:\/\/electromenagerexpress.com\/en\/product\/aspirateur-sans-sacdysoncinetic-big-ball-absolute-2\/","title":{"rendered":"Aspirateur sans sac\t\t\t\t\t\t\tDYSON\t\t\t\tCinetic Big Ball Absolute 2"},"content":{"rendered":"<div class=\"product-features__content\">\n<ul role=\"list\">\n<li class=\"product-features__item\" role=\"listitem\">\n<h3 class=\"product-features__label\">Choisir ce produit pour quels usages ?<\/h3>\n<ul role=\"list\">\n<li class=\"product-features__item-list__item\" role=\"listitem\"><span class=\"is--medium\">Pour quelle utilisation :<\/span> pour aspirer en profondeur, pratique sans sac\t\t\t\t\t<\/li>\n<li class=\"product-features__item-list__item\" role=\"listitem\"><span class=\"is--medium\">Type de sols :<\/span> Carrelages, parquets, tapis, moquettes\t\t\t\t\t<\/li>\n<li class=\"product-features__item-list__item\" role=\"listitem\"><span class=\"is--medium\">Brosses &amp; Accessoires sp\u00e9ciaux :<\/span> Brosse auto-d\u00e9m\u00ealante\t\t\t\t\t<\/li>\n<li class=\"product-features__item-list__item\" role=\"listitem\"><span class=\"is--medium\">D\u00e9couvrez l&rsquo;univers des produits Dyson :<\/span> <u><a href=\"https:\/\/www.boulanger.com\/evenement\/dyson\" target=\"_blank\">en sa<\/a><\/u><\/li>\n<\/ul>\n<\/li>\n<li class=\"product-features__item\" role=\"listitem\">\n<h3 class=\"product-features__label\">Confort d&rsquo;utilisation<\/h3>\n<ul role=\"list\">\n<li class=\"product-features__item-list__item\" role=\"listitem\"><span class=\"is--medium\">Niveau sonore :<\/span> 80 dB\t\t\t\t\t<\/li>\n<li class=\"product-features__item-list__item\" role=\"listitem\"><span class=\"is--medium\">D\u00e9tail sur le niveau sonore: :<\/span> Il peut varier en fonction du mode utilis\u00e9 et du type de sols aspir\u00e9 (parquet, carrelage, moquette, tapis)\t\t\t\t\t<\/li>\n<li class=\"product-features__item-list__item\" role=\"listitem\"><span class=\"is--medium\">Capacit\u00e9 bac\/sac :<\/span> 0,8 L\t\t\t\t\t<\/li>\n<li class=\"product-features__item-list__item\" role=\"listitem\"><span class=\"is--medium\">Variateur de puissance :<\/span> Standard\t\t\t\t\t<\/li>\n<\/ul>\n<\/li>\n<li class=\"product-features__item\" role=\"listitem\">\n<h3 class=\"product-features__label\">Maniabilit\u00e9<\/h3>\n<ul role=\"list\">\n<li class=\"product-features__item-list__item\" role=\"listitem\"><span class=\"is--medium\">Poids :<\/span> 5,67 Kg\t\t\t\t\t<\/li>\n<li class=\"product-features__item-list__item\" role=\"listitem\"><span class=\"is--medium\">Poign\u00e9e de transport :<\/span> Oui, permet de monter l&rsquo;aspirateur facilement \u00e0 l&rsquo;\u00e9tage\t\t\t\t\t<\/li>\n<li class=\"product-features__item-list__item\" role=\"listitem\"><span class=\"is--medium\">Type d&rsquo;enrouleur de c\u00e2ble :<\/span> Un appui constant est n\u00e9cessaire jusqu&rsquo;\u00e0 ce que le c\u00e2ble soit rentr\u00e9 dans l&rsquo;aspirateur\t\t\t\t\t<\/li>\n<li class=\"product-features__item-list__item\" role=\"listitem\"><span class=\"is--medium\">Longueur du cordon secteur :<\/span> 6,6 m\t\t\t\t\t<\/li>\n<li class=\"product-features__item-list__item\" role=\"listitem\"><span class=\"is--medium\">Rayon d&rsquo;action :<\/span> 9,7 m (Grand)\t\t\t\t\t<\/li>\n<\/ul>\n<\/li>\n<li class=\"product-features__item\" role=\"listitem\">\n<h3 class=\"product-features__label\">Performance<\/h3>\n<ul role=\"list\">\n<li class=\"product-features__item-list__item\" role=\"listitem\"><span class=\"is--medium\">Technologie d&rsquo;aspiration :<\/span> Multi-cyclonique : cette aspiration permet de traiter les grosses poussi\u00e8res ainsi que les particules fines gr\u00e2ce \u00e0 ses multiples cyclones. Elle offre une force d&rsquo;aspiration intense pendant toute la dur\u00e9e du nettoyage\t\t\t\t\t<\/li>\n<li class=\"product-features__item-list__item\" role=\"listitem\"><span class=\"is--medium\">Brosse principale :<\/span> Brosse pneumatique\t\t\t\t\t<\/li>\n<\/ul>\n<\/li>\n<li class=\"product-features__item\" role=\"listitem\">\n<h3 class=\"product-features__label\">Autour de l&rsquo;hygi\u00e8ne<\/h3>\n<ul role=\"list\">\n<li class=\"product-features__item-list__item\" role=\"listitem\"><span class=\"is--medium\">Filtre de sortie d&rsquo;air :<\/span> HEPA (meilleure qualit\u00e9 de filtration)\t\t\t\t\t<\/li>\n<\/ul>\n<\/li>\n<li class=\"product-features__item\" role=\"listitem\">\n<h3 class=\"product-features__label\">Energie \/ Consommation<\/h3>\n<ul role=\"list\">\n<li class=\"product-features__item-list__item\" role=\"listitem\"><span class=\"is--medium\">Puissance du moteur \/ Consommation :<\/span> 700 W\t\t\t\t\t<\/li>\n<\/ul>\n<\/li>\n<li class=\"product-features__item\" role=\"listitem\">\n<h3 class=\"product-features__label\">Informations et Services<\/h3>\n<ul role=\"list\">\n<li class=\"product-features__item-list__item\" role=\"listitem\"><span class=\"is--medium\">Indice de r\u00e9parabilit\u00e9 :<\/span> 7,8 \/10\t\t\t\t\t<\/li>\n<li class=\"product-features__item-list__item\" role=\"listitem\"><span class=\"is--medium\">D\u00e9tail sur l&rsquo;indice de r\u00e9parabilit\u00e9 :<\/span> <u><a href=\"https:\/\/www.boulanger.com\/evenement\/indice-reparabilite\" target=\"_blank\"> en sa<\/a><\/u><\/li>\n<li class=\"product-features__item-list__item\" role=\"listitem\"><span class=\"is--medium\">Fabriqu\u00e9 en :<\/span> Malaisie\t\t\t\t\t<\/li>\n<li class=\"product-features__item-list__item\" role=\"listitem\"><span class=\"is--medium\">Garantie :<\/span> 2 ans\t\t\t\t\t<\/li>\n<li class=\"product-features__item-list__item\" role=\"listitem\"><span class=\"is--medium\">Dur\u00e9e de la garantie Constructeur (voir les conditions sp\u00e9ciales) :<\/span> 2 ans\t\t\t\t\t<\/li>\n<li class=\"product-features__item-list__item\" role=\"listitem\"><span class=\"is--medium\">Disponibilit\u00e9 des pi\u00e8ces d\u00e9tach\u00e9es (donn\u00e9es fournisseur) :<\/span> Pendant 2 ans, \u00e0 compter de la date d&rsquo;achat\t\t\t\t\t<\/li>\n<li class=\"product-features__item-list__item\" role=\"listitem\"><span class=\"is--medium\">R\u00e9f\u00e9rence constructeur :<\/span> Cinetic Big Ball Absolute 2\t\t\t\t\t<\/li>\n<li class=\"product-features__item-list__item\" role=\"listitem\"><span class=\"is--medium\">Marque :<\/span> DYSON\t\t\t\t\t<\/li>\n<\/ul>\n<\/li>\n<li class=\"product-features__item\" role=\"listitem\">\n<h3 class=\"product-features__label\">Dimensions<\/h3>\n<ul role=\"list\">\n<li class=\"product-features__item-list__item\" role=\"listitem\"><span class=\"is--medium\">Dimensions l x h x p :<\/span> 31.9 x 102 x 71.7 cm\t\t\t\t\t<\/li>\n<li class=\"product-features__item-list__item\" role=\"listitem\"><span class=\"is--medium\">Poids net :<\/span> 6 kg\t\t\t\t\t<\/li>\n<li class=\"product-features__item-list__item\" role=\"listitem\"><span class=\"is--medium\">Poids brut :<\/span> 12 kg\t\t\t\t\t<\/li>\n<\/ul>\n<\/li>\n<li class=\"product-features__item\" role=\"listitem\">\n<h3 class=\"product-features__label\">Brosses et accessoires<\/h3>\n<ul role=\"list\">\n<li class=\"product-features__item-list__item\" role=\"listitem\"><span class=\"is--medium\">Brosse pneumatique :<\/span> S&rsquo;ajuste automatiquement \u00e0 tous les sols\t\t\t\t\t<\/li>\n<li class=\"product-features__item-list__item\" role=\"listitem\"><span class=\"is--medium\">Brosse meuble :<\/span> Pour aspirer les petites surfaces d\u00e9licates et les meubles sans les abimer\t\t\t\t\t<\/li>\n<li class=\"product-features__item-list__item\" role=\"listitem\"><span class=\"is--medium\">Accessoire 2 en 1 :<\/span> id\u00e9al pour les rideaux, canap\u00e9s, si\u00e8ges de voiture et les meubles\t\t\t\t\t<\/li>\n<li class=\"product-features__item-list__item\" role=\"listitem\"><span class=\"is--medium\">Brosse auto-d\u00e9m\u00e9lante :<\/span> deux t\u00eates \u00e0 rotation oppos\u00e9e enl\u00e8vent les poils d&rsquo;animaux, les cheveux, les fibres et les poussi\u00e8res sans risque d&#8217;emm\u00ealement\t\t\t\t\t<\/li>\n<\/ul>\n<\/li>\n<li class=\"product-features__item\" role=\"listitem\">\n<h3 class=\"product-features__label\">Accessoires int\u00e9gr\u00e9s<\/h3>\n<ul role=\"list\">\n<li class=\"product-features__item-list__item\" role=\"listitem\"><span class=\"is--medium\">Pas de syst\u00e8me de rangement :<\/span> Oui\t\t\t\t\t<\/li>\n<\/ul>\n<\/li>\n<\/ul>\n<\/div>\n<div class=\"product__disclosure-content\">\n<div class=\"js-read-more product-description__content read-more read-more--truncated\" data-read-more-name=\"description\" style=\"max-height: 500px; overflow: hidden;\">\n<p>L&rsquo;aspirateur DYSON Cinetic Big Ball Absolute 2 est tr\u00e8s efficace pour aspirer sur tous les types de sols et il ne n\u00e9cessite pas d&rsquo;entretien. En effet, avec lui, vous n&rsquo;avez ni \u00e0 changer de sac ni \u00e0 nettoyer un filtre&#8230; \u00c0 vous la libert\u00e9\u00a0!<\/p>\n<h3>Un aspirateur pour une aspiration 100 % performante<img fetchpriority=\"high\" decoding=\"async\" alt=\"Aspi DYSON Cinetic Big Ball Absolute 2\" class=\"wy_tableau_gauche\" height=\"270\" src=\"https:\/\/boulanger.scene7.com\/is\/image\/Boulanger\/5025155027882_p1?wid=400&amp;hei=270\" width=\"400\"\/><\/h3>\n<p>Sans perte d&rsquo;aspiration gr\u00e2ce \u00e0 ses <b>36 c\u00f4nes Dyson Cinetic<\/b>, l&rsquo;aspirateur DYSON Cinetic Big Ball Absolute 2 est toujours efficace, que vous l&rsquo;utilisiez sur vos tapis, vos moquettes ou vos sols durs. De plus, sa gestion de la poussi\u00e8re est tellement performante que <b>vous n&rsquo;avez pas \u00e0 nettoyer son filtre\u00a0!<\/b><\/p>\n<p>Cet aspirateur DYSON tr\u00e8s pratique est m\u00eame capable de <b>se relever tout seul lorsqu&rsquo;il se renverse<\/b>. Sans sac, il est dot\u00e9 d&rsquo;un <b>syst\u00e8me propre d&rsquo;\u00e9jection de la poussi\u00e8re<\/b>, car il suffit d&rsquo;appuyer sur un simple bouton pour rejeter la salet\u00e9 \u00e0 l&rsquo;ext\u00e9rieur du collecteur.<\/p>\n<h3>Des brosses et accessoires pour nettoyer toute la maison\u00a0!<img decoding=\"async\" alt=\"Aspi DYSON Cinetic Big Ball Absolute 2\" class=\"wy_tableau_right\" height=\"270\" src=\"https:\/\/boulanger.scene7.com\/is\/image\/Boulanger\/5025155027882_p2?wid=400&amp;hei=270\" width=\"400\"\/><\/h3>\n<p>L&rsquo;aspirateur DYSON Cinetic Big Ball Absolute 2 poss\u00e8de des brosses performantes. Vous adopterez vite sa <b>brosse pneumatique<\/b>, qui s&rsquo;auto-ajuste selon le type de sol. Vous allez aussi adorer les filaments antistatiques en fibre de carbone et les poils rigides en nylon de sa brosse rotative. Sa <b>brosse articul\u00e9e \u00e0 180\u00b0<\/b>, quant \u00e0 elle, est id\u00e9ale pour nettoyer les surfaces difficiles d&rsquo;acc\u00e8s.<\/p>\n<p>Cet aspirateur DYSON est fourni avec un accessoire 2-en-1 et un petit suceur, une <b>brosse passe-partout<\/b> qui s&rsquo;\u00e9tire pour atteindre les recoins et une <b>brosse auto-d\u00e9m\u00ealante<\/b>. Cette derni\u00e8re poss\u00e8de deux t\u00eates \u00e0 rotation oppos\u00e9e pour retirer les cheveux et les poils plus facilement.<\/p>\n<\/p>\n<p><video class=\"s7Video\" controls=\"\" controlslist=\"nodownload\" poster=\"https:\/\/boulanger.scene7.com\/is\/image\/Boulanger\/5025155027882_v_0?scl=1\" preload=\"metadata\" src=\"https:\/\/boulanger.scene7.com\/is\/content\/Boulanger\/5025155027882_v_0\" width=\"100%\"><\/video><\/p>\n<\/p>\n<h3>echelle sonore<\/p>\n<p class=\"wy_tableau_right\"><iframe class=\"right\" height=\"265\" src=\"https:\/\/boulanger.scene7.com\/s7viewers\/html5\/VideoViewer.html?videoserverurl=https:\/\/boulanger.scene7.com\/is\/content\/&amp;emailurl=https:\/\/boulanger.scene7.com\/s7\/emailFriend&amp;serverUrl=https:\/\/boulanger.scene7.com\/is\/image\/&amp;config=Scene7SharedAssets\/Universal%5FHTML5%5FVideo&amp;contenturl=https:\/\/boulanger.scene7.com\/skins\/&amp;asset=Boulanger\/echelle_sonore_v2\" width=\"470\"><\/iframe><\/p>\n<\/h3>\n<p>\u00c0 la recherche d&rsquo;un aspirateur silencieux ? Alli\u00e9 incontestable contre la poussi\u00e8re, l&rsquo;aspirateur tra\u00eeneau a tout pour plaire. <\/p>\n<p>Avec ou sans fil, prise en main facile, flexible, autant d&rsquo;atouts qui peuvent vous s\u00e9duire. Mais qu&rsquo;en est- il de son <b>niveau sonore<\/b> ? Plus besoin de vous poser la question ! <\/p>\n<p><b>En exclusivit\u00e9 chez Boulanger<\/b>, d\u00e9couvrez l&rsquo;\u00e9chelle sonore des aspirateurs tra\u00eeneaux. Gr\u00e2ce \u00e0 cet outil pratique, vous pourrez choisir l&rsquo;aspirateur tra\u00eeneau qui correspond parfaitement \u00e0 vos attentes.<\/p>\n<p> \u00c0 vos aspirateurs, pr\u00eat, \u00e9coutez !<\/p>\n<p><\/p>\n<\/p>\n<\/div>\n<p><bl-button a11yexpanded=\"false\" arialabel=\"Afficher toute la description\" class=\"read-more__btn\" full=\"false\" link=\"true\"><\/bl-button><\/div>","protected":false},"excerpt":{"rendered":"<div class=\"keypoints\">\n<h3 class=\"keypoints__title\">Les points cl\u00e9s<\/h3>\n<ul role=\"list\">\n<li class=\"keypoints__item\" role=\"listitem\">                                        Rayon d&rsquo;action : 9,7 m (Grand)                      <\/li>\n<li class=\"keypoints__item\" role=\"listitem\">                                        Capacit\u00e9 bac\/sac : 0,8 L                      <\/li>\n<li class=\"keypoints__item\" role=\"listitem\">                                        Niveau sonore : 80 dB                      <\/li>\n<li class=\"keypoints__item\" role=\"listitem\">                                        Poids : 5,67 Kg                      <\/li>\n<li class=\"keypoints__item keypoints__item--advantage\" role=\"listitem\"><strong>Le + :<\/strong> Ses nombreux accessoires pour un nettoyage complet efficace de vos sols et ameublement      <\/li>\n<\/ul>","protected":false},"featured_media":75032,"template":"","meta":{"_glsr_average":0,"_glsr_ranking":0,"_glsr_reviews":0},"product_cat":[333],"product_tag":[324,334,153],"class_list":{"0":"post-75033","1":"product","2":"type-product","3":"status-publish","4":"has-post-thumbnail","6":"product_cat-aspirateur-sans-sac","7":"product_tag-aspirateur","8":"product_tag-aspirateur-sans-sac","9":"product_tag-maison-entretien","11":"first","12":"instock","13":"sale","14":"shipping-taxable","15":"purchasable","16":"product-type-simple"},"_links":{"self":[{"href":"https:\/\/electromenagerexpress.com\/en\/wp-json\/wp\/v2\/product\/75033","targetHints":{"allow":["GET"]}}],"collection":[{"href":"https:\/\/electromenagerexpress.com\/en\/wp-json\/wp\/v2\/product"}],"about":[{"href":"https:\/\/electromenagerexpress.com\/en\/wp-json\/wp\/v2\/types\/product"}],"wp:featuredmedia":[{"embeddable":true,"href":"https:\/\/electromenagerexpress.com\/en\/wp-json\/wp\/v2\/media\/75032"}],"wp:attachment":[{"href":"https:\/\/electromenagerexpress.com\/en\/wp-json\/wp\/v2\/media?parent=75033"}],"wp:term":[{"taxonomy":"product_cat","embeddable":true,"href":"https:\/\/electromenagerexpress.com\/en\/wp-json\/wp\/v2\/product_cat?post=75033"},{"taxonomy":"product_tag","embeddable":true,"href":"https:\/\/electromenagerexpress.com\/en\/wp-json\/wp\/v2\/product_tag?post=75033"}],"curies":[{"name":"wp","href":"https:\/\/api.w.org\/{rel}","templated":true}]}}