{"id":75021,"date":"2024-11-24T13:26:33","date_gmt":"2024-11-24T13:26:33","guid":{"rendered":"https:\/\/electromenagerexpress.com\/product\/aspirateur-avec-sacelectroluxeb81u1ldb\/"},"modified":"2024-11-24T13:26:41","modified_gmt":"2024-11-24T13:26:41","slug":"aspirateur-avec-sacelectroluxeb81u1ldb","status":"publish","type":"product","link":"https:\/\/electromenagerexpress.com\/en\/product\/aspirateur-avec-sacelectroluxeb81u1ldb\/","title":{"rendered":"Aspirateur avec sac\t\t\t\t\t\t\tELECTROLUX\t\t\t\tEB81U1LDB"},"content":{"rendered":"<div class=\"product-features__content\">\n<ul role=\"list\">\n<li class=\"product-features__item\" role=\"listitem\">\n<h3 class=\"product-features__label\">Choisir ce produit pour quels usages ?<\/h3>\n<ul role=\"list\">\n<li class=\"product-features__item-list__item\" role=\"listitem\"><span class=\"is--medium\">Pour quelle utilisation :<\/span> pour aspirer en profondeur, hygi\u00e9nique avec sac\t\t\t\t\t<\/li>\n<li class=\"product-features__item-list__item\" role=\"listitem\"><span class=\"is--medium\">Type de sols :<\/span> Carrelages, parquets, tapis, moquettes\t\t\t\t\t<\/li>\n<li class=\"product-features__item-list__item\" role=\"listitem\"><span class=\"is--medium\">Brosses &amp; Accessoires sp\u00e9ciaux :<\/span> Non communiqu\u00e9\t\t\t\t\t<\/li>\n<\/ul>\n<\/li>\n<li class=\"product-features__item\" role=\"listitem\">\n<h3 class=\"product-features__label\">Confort d&rsquo;utilisation<\/h3>\n<ul role=\"list\">\n<li class=\"product-features__item-list__item\" role=\"listitem\"><span class=\"is--medium\">Niveau sonore :<\/span> 69 dB\t\t\t\t\t<\/li>\n<li class=\"product-features__item-list__item\" role=\"listitem\"><span class=\"is--medium\">D\u00e9tail sur le niveau sonore: :<\/span> Il peut varier en fonction du mode utilis\u00e9 et du type de sols aspir\u00e9 (parquet, carrelage, moquette, tapis)\t\t\t\t\t<\/li>\n<li class=\"product-features__item-list__item\" role=\"listitem\"><span class=\"is--medium\">Capacit\u00e9 bac\/sac :<\/span> 5,0 L\t\t\t\t\t<\/li>\n<li class=\"product-features__item-list__item\" role=\"listitem\"><span class=\"is--medium\">Indicateur de bac\/sac plein :<\/span> Oui\t\t\t\t\t<\/li>\n<li class=\"product-features__item-list__item\" role=\"listitem\"><span class=\"is--medium\">D\u00e9tection automatique du type de sol pour adapter la puissance :<\/span> Oui\t\t\t\t\t<\/li>\n<\/ul>\n<\/li>\n<li class=\"product-features__item\" role=\"listitem\">\n<h3 class=\"product-features__label\">Maniabilit\u00e9<\/h3>\n<ul role=\"list\">\n<li class=\"product-features__item-list__item\" role=\"listitem\"><span class=\"is--medium\">Poids :<\/span> 8,00 Kg\t\t\t\t\t<\/li>\n<li class=\"product-features__item-list__item\" role=\"listitem\"><span class=\"is--medium\">Poign\u00e9e de transport :<\/span> Oui, permet de monter l&rsquo;aspirateur facilement \u00e0 l&rsquo;\u00e9tage\t\t\t\t\t<\/li>\n<li class=\"product-features__item-list__item\" role=\"listitem\"><span class=\"is--medium\">Type d&rsquo;enrouleur de c\u00e2ble :<\/span> Un appui constant est n\u00e9cessaire jusqu&rsquo;\u00e0 ce que le c\u00e2ble soit rentr\u00e9 dans l&rsquo;aspirateur\t\t\t\t\t<\/li>\n<li class=\"product-features__item-list__item\" role=\"listitem\"><span class=\"is--medium\">Rayon d&rsquo;action :<\/span> 12 m (Tr\u00e8s grand)\t\t\t\t\t<\/li>\n<\/ul>\n<\/li>\n<li class=\"product-features__item\" role=\"listitem\">\n<h3 class=\"product-features__label\">Performance<\/h3>\n<ul role=\"list\">\n<li class=\"product-features__item-list__item\" role=\"listitem\"><span class=\"is--medium\">Technologie d&rsquo;aspiration :<\/span> Classique\t\t\t\t\t<\/li>\n<li class=\"product-features__item-list__item\" role=\"listitem\"><span class=\"is--medium\">Entretien du filtre du r\u00e9servoir :<\/span> Manuel, n\u00e9cessite r\u00e9guli\u00e8rement de d\u00e9monter le filtre et le nettoyer\t\t\t\t\t<\/li>\n<li class=\"product-features__item-list__item\" role=\"listitem\"><span class=\"is--medium\">Brosse principale :<\/span> Brosse tous sols Dust Magnet Silent\t\t\t\t\t<\/li>\n<\/ul>\n<\/li>\n<li class=\"product-features__item\" role=\"listitem\">\n<h3 class=\"product-features__label\">Autour de l&rsquo;hygi\u00e8ne<\/h3>\n<ul role=\"list\">\n<li class=\"product-features__item-list__item\" role=\"listitem\"><span class=\"is--medium\">Filtre de sortie d&rsquo;air :<\/span> HEPA (meilleure qualit\u00e9 de filtration)\t\t\t\t\t<\/li>\n<li class=\"product-features__item-list__item\" role=\"listitem\"><span class=\"is--medium\">Je trouve mon sac aspirateur :<\/span> <a href=\"https:\/\/www.boulanger.com\/c\/sacs-aspirateur\" target=\"_blank\">en sa<\/a><\/li>\n<\/ul>\n<\/li>\n<li class=\"product-features__item\" role=\"listitem\">\n<h3 class=\"product-features__label\">Energie \/ Consommation<\/h3>\n<ul role=\"list\">\n<li class=\"product-features__item-list__item\" role=\"listitem\"><span class=\"is--medium\">Puissance du moteur \/ Consommation :<\/span> 550 W\t\t\t\t\t<\/li>\n<\/ul>\n<\/li>\n<li class=\"product-features__item\" role=\"listitem\">\n<h3 class=\"product-features__label\">Informations et Services<\/h3>\n<ul role=\"list\">\n<li class=\"product-features__item-list__item\" role=\"listitem\"><span class=\"is--medium\">Indice de r\u00e9parabilit\u00e9 :<\/span> 7,6 \/10\t\t\t\t\t<\/li>\n<li class=\"product-features__item-list__item\" role=\"listitem\"><span class=\"is--medium\">D\u00e9tail sur l&rsquo;indice de r\u00e9parabilit\u00e9 :<\/span> <u><a href=\"https:\/\/www.boulanger.com\/evenement\/indice-reparabilite\" target=\"_blank\"> en sa<\/a><\/u><\/li>\n<li class=\"product-features__item-list__item\" role=\"listitem\"><span class=\"is--medium\">Fabriqu\u00e9 en :<\/span> Chine\t\t\t\t\t<\/li>\n<li class=\"product-features__item-list__item\" role=\"listitem\"><span class=\"is--medium\">Garantie :<\/span> 2 ans\t\t\t\t\t<\/li>\n<li class=\"product-features__item-list__item\" role=\"listitem\"><span class=\"is--medium\">Dur\u00e9e de la garantie Constructeur (voir les conditions sp\u00e9ciales) :<\/span> 2 ans\t\t\t\t\t<\/li>\n<li class=\"product-features__item-list__item\" role=\"listitem\"><span class=\"is--medium\">Disponibilit\u00e9 des pi\u00e8ces d\u00e9tach\u00e9es (donn\u00e9es fournisseur) :<\/span> Pendant 13 ans, \u00e0 compter de la date fin de fabrication\t\t\t\t\t<\/li>\n<li class=\"product-features__item-list__item\" role=\"listitem\"><span class=\"is--medium\">R\u00e9f\u00e9rence constructeur :<\/span> EB81U1LDB\t\t\t\t\t<\/li>\n<li class=\"product-features__item-list__item\" role=\"listitem\"><span class=\"is--medium\">Marque :<\/span> ELECTROLUX\t\t\t\t\t<\/li>\n<\/ul>\n<\/li>\n<li class=\"product-features__item\" role=\"listitem\">\n<h3 class=\"product-features__label\">Dimensions<\/h3>\n<ul role=\"list\">\n<li class=\"product-features__item-list__item\" role=\"listitem\"><span class=\"is--medium\">Dimensions l x h x p :<\/span> 31.2 x 24 x 50.7 cm\t\t\t\t\t<\/li>\n<li class=\"product-features__item-list__item\" role=\"listitem\"><span class=\"is--medium\">Poids net :<\/span> 8 kg\t\t\t\t\t<\/li>\n<li class=\"product-features__item-list__item\" role=\"listitem\"><span class=\"is--medium\">Poids brut :<\/span> 11 kg\t\t\t\t\t<\/li>\n<\/ul>\n<\/li>\n<\/ul>\n<\/div>\n<div class=\"product__disclosure-content\">\n<div class=\"js-read-more product-description__content read-more read-more--truncated\" data-read-more-name=\"description\" style=\"max-height: 500px; overflow: hidden;\">\n<div class=\"product__description-content read-more\" style=\"\">\n<p>Aspirateur avec sac ELECTROLUX EB81U1LDB : Nettoyage efficace et adaptabilit\u00e9<\/p>\n<h3> <img fetchpriority=\"high\" decoding=\"async\" ,=\"\" alt=\"Aspirateur avec sac ELECTROLUX EB81U1LDB\" class=\"wy_tableau_gauche\" height=\"270\" src=\"https:\/\/boulanger.scene7.com\/is\/image\/Boulanger\/7333394018348_h_f_l_0?wid=400&amp;hei=270\" width=\"400\"\/>Performance de nettoyage et adaptabilit\u00e9                    <\/h3>\n<p>                        L&rsquo;aspirateur tra\u00eeneau Electrolux EB81U1LDB se distingue par ses performances de nettoyage sup\u00e9rieures, offrant une \u00e9limination efficace des poussi\u00e8res fines et des particules sur tous types de sols. Avec son syst\u00e8me de flux d&rsquo;air optimis\u00e9 et sa brosse tous sols AllFloor LED Auto, cet appareil garantit un r\u00e9sultat impeccable sur tapis comme sur sols durs. Son variateur \u00e9lectronique de puissance, accessible directement depuis la poign\u00e9e \u00e9quip\u00e9e d&rsquo;un affichage LED, permet d&rsquo;ajuster l&rsquo;aspiration de mani\u00e8re pr\u00e9cise. Le tube t\u00e9lescopique AeroPro en aluminium, dot\u00e9 d&rsquo;un verrouillage haute s\u00e9curit\u00e9, et le rayon d&rsquo;action XXL de 12 m\u00e8tres assurent une grande libert\u00e9 de mouvement, couvrant jusqu&rsquo;\u00e0 144m2 sans n\u00e9cessiter de changer de prise. De plus, l&rsquo;aspirateur et sa brosse principale sont fabriqu\u00e9s avec 48 % de plastique recycl\u00e9, soulignant l&rsquo;engagement d&rsquo;Electrolux envers la durabilit\u00e9.                    <\/p>\n<\/p>\n<h3> <img decoding=\"async\" ,=\"\" alt=\"Aspirateur avec sac ELECTROLUX EB81U1LDB\" class=\"wy_tableau_right\" height=\"270\" src=\"https:\/\/boulanger.scene7.com\/is\/image\/Boulanger\/7333394018348_h_f_l_1?wid=400&amp;hei=270\" width=\"400\"\/>Confort d&rsquo;utilisation                  <\/h3>\n<p>                        Le Mode Auto de l&rsquo;aspirateur Electrolux EB81U1LDB facilite le passage d&rsquo;une surface \u00e0 l&rsquo;autre en ajustant automatiquement la puissance d&rsquo;aspiration, permettant ainsi jusqu&rsquo;\u00e0 40 % d&rsquo;\u00e9conomie d&rsquo;\u00e9nergie. La brosse AllFloor LED Auto, avec ses lumi\u00e8res LED et sa conception innovante, assure un ramassage efficace de la poussi\u00e8re et une propret\u00e9 en profondeur. Pour une maison plus saine, le filtre de sortie d&rsquo;air Hygi\u00e8ne 12 lavable capture jusqu&rsquo;\u00e0 99,99 % des particules fines. La poign\u00e9e ergonomique avec commandes \u00e0 distance offre une maniabilit\u00e9 accrue et les roues souples pr\u00e9servent les surfaces d\u00e9licates. Enfin, l&rsquo;indicateur de remplissage de sac \u00e9lectronique et la s\u00e9curit\u00e9 de pr\u00e9sence de sac ajoutent \u00e0 la facilit\u00e9 d&rsquo;utilisation de cet aspirateur.                    <\/p>\n<\/p><\/div>\n<\/p>\n<\/div>\n<p><bl-button a11yexpanded=\"false\" arialabel=\"Afficher toute la description\" class=\"read-more__btn\" full=\"false\" link=\"true\"><\/bl-button><\/div>","protected":false},"excerpt":{"rendered":"<div class=\"keypoints\">\n<h3 class=\"keypoints__title\">Les points cl\u00e9s<\/h3>\n<ul role=\"list\">\n<li class=\"keypoints__item\" role=\"listitem\">                                        Rayon d&rsquo;action : 12 m (Tr\u00e8s grand)                      <\/li>\n<li class=\"keypoints__item\" role=\"listitem\">                                        Capacit\u00e9 bac\/sac : 5,0 L                      <\/li>\n<li class=\"keypoints__item\" role=\"listitem\">                                        Niveau sonore : 69 dB                      <\/li>\n<li class=\"keypoints__item\" role=\"listitem\">                                        Poids : 8,00 Kg                      <\/li>\n<li class=\"keypoints__item keypoints__item--advantage\" role=\"listitem\"><strong>Le + :<\/strong> ajuste la puissance d\u2019aspiration lorsqu\u2019il passe des sols durs aux tapis      <\/li>\n<\/ul>","protected":false},"featured_media":75020,"template":"","meta":{"_glsr_average":0,"_glsr_ranking":0,"_glsr_reviews":0},"product_cat":[335],"product_tag":[324,336,153],"class_list":{"0":"post-75021","1":"product","2":"type-product","3":"status-publish","4":"has-post-thumbnail","6":"product_cat-aspirateur-avec-sac","7":"product_tag-aspirateur","8":"product_tag-aspirateur-avec-sac","9":"product_tag-maison-entretien","11":"first","12":"instock","13":"sale","14":"shipping-taxable","15":"purchasable","16":"product-type-simple"},"_links":{"self":[{"href":"https:\/\/electromenagerexpress.com\/en\/wp-json\/wp\/v2\/product\/75021","targetHints":{"allow":["GET"]}}],"collection":[{"href":"https:\/\/electromenagerexpress.com\/en\/wp-json\/wp\/v2\/product"}],"about":[{"href":"https:\/\/electromenagerexpress.com\/en\/wp-json\/wp\/v2\/types\/product"}],"wp:featuredmedia":[{"embeddable":true,"href":"https:\/\/electromenagerexpress.com\/en\/wp-json\/wp\/v2\/media\/75020"}],"wp:attachment":[{"href":"https:\/\/electromenagerexpress.com\/en\/wp-json\/wp\/v2\/media?parent=75021"}],"wp:term":[{"taxonomy":"product_cat","embeddable":true,"href":"https:\/\/electromenagerexpress.com\/en\/wp-json\/wp\/v2\/product_cat?post=75021"},{"taxonomy":"product_tag","embeddable":true,"href":"https:\/\/electromenagerexpress.com\/en\/wp-json\/wp\/v2\/product_tag?post=75021"}],"curies":[{"name":"wp","href":"https:\/\/api.w.org\/{rel}","templated":true}]}}