{"id":74953,"date":"2024-11-24T13:25:41","date_gmt":"2024-11-24T13:25:41","guid":{"rendered":"https:\/\/electromenagerexpress.com\/product\/aspirateur-balairowentax-force-flex-13-60-animal-aerospin\/"},"modified":"2024-11-24T13:25:52","modified_gmt":"2024-11-24T13:25:52","slug":"aspirateur-balairowentax-force-flex-13-60-animal-aerospin","status":"publish","type":"product","link":"https:\/\/electromenagerexpress.com\/en\/product\/aspirateur-balairowentax-force-flex-13-60-animal-aerospin\/","title":{"rendered":"Aspirateur balai\t\t\t\t\t\t\tROWENTA\t\t\t\tX-force Flex 13.60 Animal aerospin"},"content":{"rendered":"<div class=\"product-features__content\">\n<ul role=\"list\">\n<li class=\"product-features__item\" role=\"listitem\">\n<h3 class=\"product-features__label\">Choisir ce produit pour quels usages ?<\/h3>\n<ul role=\"list\">\n<li class=\"product-features__item-list__item\" role=\"listitem\"><span class=\"is--medium\">Pour aspirer :<\/span> Sols, meubles &amp; hauteurs\t\t\t\t\t<\/li>\n<li class=\"product-features__item-list__item\" role=\"listitem\"><span class=\"is--medium\">Type de sols :<\/span> Carrelages, parquets, tapis, moquettes\t\t\t\t\t<\/li>\n<li class=\"product-features__item-list__item\" role=\"listitem\"><span class=\"is--medium\">Pour quelles surfaces ? :<\/span> Meubles, textiles, hauteurs, plafonds\t\t\t\t\t<\/li>\n<li class=\"product-features__item-list__item\" role=\"listitem\"><span class=\"is--medium\">Brosse ou Accessoire sp\u00e9cial :<\/span> T\u00eate Aqua Aerospin, qui aspire et lave en m\u00eame temps\t\t\t\t\t<\/li>\n<li class=\"product-features__item-list__item\" role=\"listitem\"><span class=\"is--medium\">Et en plus: :<\/span> Mini-brosse motoris\u00e9e : pour \u00e9liminer efficacement poils d&rsquo;animaux et poussi\u00e8res dans les espaces r\u00e9duits\t\t\t\t\t<\/li>\n<li class=\"product-features__item-list__item\" role=\"listitem\"><span class=\"is--medium\">Sp\u00e9cial animaux :<\/span> Oui\t\t\t\t\t<\/li>\n<\/ul>\n<\/li>\n<li class=\"product-features__item\" role=\"listitem\">\n<h3 class=\"product-features__label\">Performance<\/h3>\n<ul role=\"list\">\n<li class=\"product-features__item-list__item\" role=\"listitem\"><span class=\"is--medium\">Puissance d&rsquo;aspiration maximale :<\/span> 150 airwatts\t\t\t\t\t<\/li>\n<li class=\"product-features__item-list__item\" role=\"listitem\"><span class=\"is--medium\">Qu&rsquo;est-ce que les Airwatts ? :<\/span> C&rsquo;est une unit\u00e9 qui mesure l&rsquo;efficacit\u00e9 des aspirateurs en se r\u00e9f\u00e8rant au d\u00e9bit d&rsquo;air (m3\/s) et \u00e0 la puissance (watts) qu&rsquo;un aspirateur produit et utilise.\t\t\t\t\t<\/li>\n<li class=\"product-features__item-list__item\" role=\"listitem\"><span class=\"is--medium\">D\u00e9tail sur la puissance d&rsquo;aspiration: :<\/span> Elle peut varier en fonction du type de sols (parquet, carrelage, tapis, moquette) que vous aspirez et du mode utilis\u00e9 (standard, \u00e9co, boost)\t\t\t\t\t<\/li>\n<li class=\"product-features__item-list__item\" role=\"listitem\"><span class=\"is--medium\">Puissance de la batterie :<\/span> 25,9 V\t\t\t\t\t<\/li>\n<li class=\"product-features__item-list__item\" role=\"listitem\"><span class=\"is--medium\">Nombre de batterie :<\/span> 1\t\t\t\t\t<\/li>\n<li class=\"product-features__item-list__item\" role=\"listitem\"><span class=\"is--medium\">Technologie d&rsquo;aspiration :<\/span> Cyclonique : utilise la force centrifuge pour s\u00e9parer les poussi\u00e8res de l&rsquo;air et les coller sur les parois pour retomber dans le bac. Elle offre une force d&rsquo;aspiration constante pendant toute la dur\u00e9e du nettoyage\t\t\t\t\t<\/li>\n<li class=\"product-features__item-list__item\" role=\"listitem\"><span class=\"is--medium\">Brosse principale :<\/span> Brosse motoris\u00e9e avec \u00e9clairage LED\t\t\t\t\t<\/li>\n<\/ul>\n<\/li>\n<li class=\"product-features__item\" role=\"listitem\">\n<h3 class=\"product-features__label\">Autonomie<\/h3>\n<ul role=\"list\">\n<li class=\"product-features__item-list__item\" role=\"listitem\"><span class=\"is--medium\">Autonomie jusqu&rsquo;\u00e0 :<\/span> 60 mn\t\t\t\t\t<\/li>\n<li class=\"product-features__item-list__item\" role=\"listitem\"><span class=\"is--medium\">Temps de recharge :<\/span> 3,0 h\t\t\t\t\t<\/li>\n<\/ul>\n<\/li>\n<li class=\"product-features__item\" role=\"listitem\">\n<h3 class=\"product-features__label\">Confort d&rsquo;utilisation<\/h3>\n<ul role=\"list\">\n<li class=\"product-features__item-list__item\" role=\"listitem\"><span class=\"is--medium\">Niveau sonore :<\/span> 84 dB\t\t\t\t\t<\/li>\n<li class=\"product-features__item-list__item\" role=\"listitem\"><span class=\"is--medium\">D\u00e9tail sur le niveau sonore: :<\/span> Il peut varier en fonction du type de sols (parquet, carrelage, tapis, moquette) que vous aspirez et du mode utilis\u00e9 (standard, \u00e9co, boost)\t\t\t\t\t<\/li>\n<li class=\"product-features__item-list__item\" role=\"listitem\"><span class=\"is--medium\">Poids :<\/span> 2,9 kg\t\t\t\t\t<\/li>\n<li class=\"product-features__item-list__item\" role=\"listitem\"><span class=\"is--medium\">Nombre de vitesses :<\/span> 4\t\t\t\t\t<\/li>\n<li class=\"product-features__item-list__item\" role=\"listitem\"><span class=\"is--medium\">Position parking :<\/span> Non\t\t\t\t\t<\/li>\n<li class=\"product-features__item-list__item\" role=\"listitem\"><span class=\"is--medium\">Bouton marche \/ arr\u00eat :<\/span> Pression unique (permet d&rsquo;avoir les doigts libres lors du nettoyage)\t\t\t\t\t<\/li>\n<li class=\"product-features__item-list__item\" role=\"listitem\"><span class=\"is--medium\">Station de recharge :<\/span> N\u00e9cessite de brancher l&rsquo;alimentation sur l&rsquo;aspirateur une fois pos\u00e9 sur son socle\t\t\t\t\t<\/li>\n<li class=\"product-features__item-list__item\" role=\"listitem\"><span class=\"is--medium\">Capacit\u00e9 du r\u00e9servoir :<\/span> 0,65 L\t\t\t\t\t<\/li>\n<li class=\"product-features__item-list__item\" role=\"listitem\"><span class=\"is--medium\">Type de r\u00e9servoir \u00e0 poussi\u00e8re :<\/span> Sans contact, ouverture du clapet pour vider la poussi\u00e8re\t\t\t\t\t<\/li>\n<li class=\"product-features__item-list__item\" role=\"listitem\"><span class=\"is--medium\">Aspirateur \u00e0 main :<\/span> N\u00e9cessite d&rsquo;enlever le tube et d&rsquo;utiliser les diff\u00e9rents accessoires et brosses fournis pour une utilisation d&rsquo;appoint (ex: table, voiture, fauteuil)\t\t\t\t\t<\/li>\n<li class=\"product-features__item-list__item\" role=\"listitem\"><span class=\"is--medium\">Tube t\u00e9lescopique :<\/span> Non concern\u00e9\t\t\t\t\t<\/li>\n<li class=\"product-features__item-list__item\" role=\"listitem\"><span class=\"is--medium\">Tube pliable :<\/span> Aspirer facilement sous un lit ou un meuble sans devoir se baisser\t\t\t\t\t<\/li>\n<\/ul>\n<\/li>\n<li class=\"product-features__item\" role=\"listitem\">\n<h3 class=\"product-features__label\">Station de vidange<\/h3>\n<ul role=\"list\">\n<li class=\"product-features__item-list__item\" role=\"listitem\"><span class=\"is--medium\">Fonctions :<\/span> Stockage des accessoires\t\t\t\t\t<\/li>\n<\/ul>\n<\/li>\n<li class=\"product-features__item\" role=\"listitem\">\n<h3 class=\"product-features__label\">Autour de l&rsquo;hygi\u00e8ne<\/h3>\n<ul role=\"list\">\n<li class=\"product-features__item-list__item\" role=\"listitem\"><span class=\"is--medium\">Syst\u00e8me de filtration :<\/span> 2 \u00e9tapes de filtration, les aspirateurs \u00e0 plusieurs \u00e9tapes de filtration permetttent d&rsquo;aspirer jusqu&rsquo;\u00e0 99,99% des particules et allerg\u00e8nes\t\t\t\t\t<\/li>\n<li class=\"product-features__item-list__item\" role=\"listitem\"><span class=\"is--medium\">Filtre de sortie d&rsquo;air :<\/span> Syst\u00e8me de filtration multicouche (99,999% des poussi\u00e8res)\t\t\t\t\t<\/li>\n<li class=\"product-features__item-list__item\" role=\"listitem\"><span class=\"is--medium\">Entretien du filtre du r\u00e9servoir :<\/span> Lavable sous l&rsquo;eau\t\t\t\t\t<\/li>\n<\/ul>\n<\/li>\n<li class=\"product-features__item\" role=\"listitem\">\n<h3 class=\"product-features__label\">Accessoires<\/h3>\n<ul role=\"list\">\n<li class=\"product-features__item-list__item\" role=\"listitem\"><span class=\"is--medium\">Brosse combin\u00e9e :<\/span> Pour aspirer et essuyer les sols durs\t\t\t\t\t<\/li>\n<li class=\"product-features__item-list__item\" role=\"listitem\"><span class=\"is--medium\">Brossette multi-usage :<\/span> Permet d&rsquo;aspirer l&rsquo;ensemble de vos surfaces\t\t\t\t\t<\/li>\n<li class=\"product-features__item-list__item\" role=\"listitem\"><span class=\"is--medium\">Suceur long ou extensible :<\/span> Pour aspirer les zones difficiles d&rsquo;acc\u00e8s : derri\u00e8re les radiateurs, derri\u00e8re les meubles, entre les si\u00e8ges de voiture, &#8230;\t\t\t\t\t<\/li>\n<li class=\"product-features__item-list__item\" role=\"listitem\"><span class=\"is--medium\">Brosse motoris\u00e9e avec \u00e9clairage LED :<\/span> Elle s&rsquo;adapte \u00e0 tous les types de sols. Son \u00e9clairage LED permet de mieux voir la poussi\u00e8re et plus loin pour un nettoyage plus efficace\t\t\t\t\t<\/li>\n<li class=\"product-features__item-list__item\" role=\"listitem\"><span class=\"is--medium\">Support murale de charge :<\/span> Pour recharger et ranger l&rsquo;appareil et ses accessoires\t\t\t\t\t<\/li>\n<li class=\"product-features__item-list__item\" role=\"listitem\"><span class=\"is--medium\">Station de charge \u00e0 poser :<\/span> Pour recharger et ranger l&rsquo;appareil et ses accessoires (\u00e9vite de devoir percer les murs)\t\t\t\t\t<\/li>\n<\/ul>\n<\/li>\n<li class=\"product-features__item\" role=\"listitem\">\n<h3 class=\"product-features__label\">Dimensions<\/h3>\n<ul role=\"list\">\n<li class=\"product-features__item-list__item\" role=\"listitem\"><span class=\"is--medium\">Dimensions l x h x p :<\/span> 25.2 x 113 x 26.6 cm\t\t\t\t\t<\/li>\n<li class=\"product-features__item-list__item\" role=\"listitem\"><span class=\"is--medium\">Poids de l&rsquo;aspirateur :<\/span> 2,9 kg\t\t\t\t\t<\/li>\n<\/ul>\n<\/li>\n<li class=\"product-features__item\" role=\"listitem\">\n<h3 class=\"product-features__label\">Informations et Services<\/h3>\n<ul role=\"list\">\n<li class=\"product-features__item-list__item\" role=\"listitem\"><span class=\"is--medium\">Garantie :<\/span> 2 ans\t\t\t\t\t<\/li>\n<li class=\"product-features__item-list__item\" role=\"listitem\"><span class=\"is--medium\">D\u00e9couvrez les produits Made In France du Groupe Seb :<\/span> <u><a href=\"https:\/\/www.boulanger.com\/evenement\/univers_seb\" target=\"_blank\">en savoir plus<\/a><\/u><\/li>\n<li class=\"product-features__item-list__item\" role=\"listitem\"><span class=\"is--medium\">Indice de r\u00e9parabilit\u00e9 :<\/span> 9,5 \/10\t\t\t\t\t<\/li>\n<li class=\"product-features__item-list__item\" role=\"listitem\"><span class=\"is--medium\">D\u00e9tail sur l&rsquo;indice de r\u00e9parabilit\u00e9 :<\/span> <u><a href=\"https:\/\/www.boulanger.com\/evenement\/indice-reparabilite\" target=\"_blank\"> en savoir plus<\/a><\/u><\/li>\n<li class=\"product-features__item-list__item\" role=\"listitem\"><span class=\"is--medium\">Fabriqu\u00e9 en :<\/span> France (par le Groupe SEB)\t\t\t\t\t<\/li>\n<li class=\"product-features__item-list__item\" role=\"listitem\"><span class=\"is--medium\">Disponibilit\u00e9 des pi\u00e8ces d\u00e9tach\u00e9es (donn\u00e9es fournisseur) :<\/span> Pendant 15 ans, \u00e0 compter de la date de fabrication\t\t\t\t\t<\/li>\n<\/ul>\n<\/li>\n<\/ul>\n<\/div>\n<div class=\"product__disclosure-content\">\n<div class=\"js-read-more product-description__content read-more read-more--truncated\" data-read-more-name=\"description\" style=\"max-height: 500px; overflow: hidden;\">\n<div class=\"product__description-content read-more\" style=\"\">\n<p>Rowenta X-Force Flex 13.60 Animal Aerospin : L&rsquo;expertise du nettoyage chez vous<\/p>\n<h3> <img fetchpriority=\"high\" decoding=\"async\" ,=\"\" alt=\"Aspirateur balai ROWENTA X-force flex 13.60 Animal aerospin\" class=\"wy_tableau_gauche\" height=\"270\" src=\"https:\/\/boulanger.scene7.com\/is\/image\/Boulanger\/3221616111592_h_f_l_0?wid=400&amp;hei=270\" width=\"400\"\/>Performance et intelligence pour un nettoyage optimal                    <\/h3>\n<p>                        Le Rowenta X-Force Flex 13.60 Animal Aerospin incarne la puissance et l&rsquo;efficacit\u00e9 pour un nettoyage sans compromis. Dot\u00e9 d&rsquo;une brosse de nouvelle g\u00e9n\u00e9ration et d&rsquo;un moteur de 150 AW, cet aspirateur balai laveur sans fil garantit des r\u00e9sultats impeccables sur tous les types de sols, y compris les tapis. Sa technologie de pointe ajuste automatiquement la puissance d&rsquo;aspiration selon le sol, optimisant ainsi l&rsquo;utilisation de la batterie pour une autonomie allant jusqu&rsquo;\u00e0 60 minutes. Con\u00e7u pour faciliter votre quotidien, son design l\u00e9ger et son tube Flex vous permettent d&rsquo;atteindre les zones les plus difficiles sans effort.                    <\/p>\n<\/p>\n<h3> <img decoding=\"async\" ,=\"\" alt=\"Aspirateur balai ROWENTA X-force flex 13.60 Animal aerospin\" class=\"wy_tableau_right\" height=\"270\" src=\"https:\/\/boulanger.scene7.com\/is\/image\/Boulanger\/3221616111592_h_f_l_1?wid=400&amp;hei=270\" width=\"400\"\/>Nettoyage 2-en-1 et accessoires pour une maison impeccable                    <\/h3>\n<p>                        Avec la technologie Aerospin, le Rowenta X-Force Flex 13.60 offre une exp\u00e9rience de nettoyage 2-en-1 in\u00e9gal\u00e9e, aspirant et lavant vos sols durs simultan\u00e9ment pour une efficacit\u00e9 redoubl\u00e9e. Les accessoires inclus, dont la mini \u00e9lectrobrosse avec LED, sont sp\u00e9cialement con\u00e7us pour r\u00e9pondre aux besoins des propri\u00e9taires d&rsquo;animaux, assurant un int\u00e9rieur propre et sain. La t\u00eate d&rsquo;aspiration \u00e9clair\u00e9e par des LED d\u00e9voile la poussi\u00e8re cach\u00e9e, tandis que le suivi intelligent vous informe de l&rsquo;autonomie restante et vous alerte pour l&rsquo;entretien du filtre, pr\u00e9servant ainsi la performance de l&rsquo;appareil sur le long terme.                    <\/p>\n<\/p><\/div>\n<\/p>\n<p><video class=\"s7Video\" controls=\"\" controlslist=\"nodownload\" poster=\"https:\/\/boulanger.scene7.com\/is\/image\/Boulanger\/3221616111592_v_0?scl=1\" preload=\"metadata\" src=\"https:\/\/boulanger.scene7.com\/is\/content\/Boulanger\/3221616111592_v_0\" width=\"100%\"><\/video><\/p>\n<\/div>\n<p><bl-button a11yexpanded=\"false\" arialabel=\"Afficher toute la description\" class=\"read-more__btn\" full=\"false\" link=\"true\">Voir plus<\/bl-button><\/div>","protected":false},"excerpt":{"rendered":"<div class=\"keypoints\">\n<h3 class=\"keypoints__title\">Les points cl\u00e9s<\/h3>\n<ul role=\"list\">\n<li class=\"keypoints__item\" role=\"listitem\">                          Puissance d&rsquo;aspiration maximale : 150 airwatts &#8211;                                                      Poids : 2,9 kg                      <\/li>\n<li class=\"keypoints__item\" role=\"listitem\">                          Puissance de la batterie : 25,9 V &#8211;                                                      Autonomie jusqu&rsquo;\u00e0 : 60 mn                      <\/li>\n<li class=\"keypoints__item\" role=\"listitem\">                          Niveau sonore : 84 dB &#8211;                                                      Capacit\u00e9 du r\u00e9servoir : 0,65 L                      <\/li>\n<li class=\"keypoints__item\" role=\"listitem\">                                        Nombre de batterie : 1                      <\/li>\n<li class=\"keypoints__item keypoints__item--advantage\" role=\"listitem\"><strong>Le + :<\/strong> Fabriqu\u00e9 en France. Accessoire laveur 2 en 1 rotatif pour laver les sols durs      <\/li>\n<\/ul>","protected":false},"featured_media":74952,"template":"","meta":{"_glsr_average":0,"_glsr_ranking":0,"_glsr_reviews":0},"product_cat":[323],"product_tag":[324,325,153],"class_list":{"0":"post-74953","1":"product","2":"type-product","3":"status-publish","4":"has-post-thumbnail","6":"product_cat-aspirateur-balai","7":"product_tag-aspirateur","8":"product_tag-aspirateur-balai","9":"product_tag-maison-entretien","11":"first","12":"instock","13":"sale","14":"shipping-taxable","15":"purchasable","16":"product-type-simple"},"_links":{"self":[{"href":"https:\/\/electromenagerexpress.com\/en\/wp-json\/wp\/v2\/product\/74953","targetHints":{"allow":["GET"]}}],"collection":[{"href":"https:\/\/electromenagerexpress.com\/en\/wp-json\/wp\/v2\/product"}],"about":[{"href":"https:\/\/electromenagerexpress.com\/en\/wp-json\/wp\/v2\/types\/product"}],"wp:featuredmedia":[{"embeddable":true,"href":"https:\/\/electromenagerexpress.com\/en\/wp-json\/wp\/v2\/media\/74952"}],"wp:attachment":[{"href":"https:\/\/electromenagerexpress.com\/en\/wp-json\/wp\/v2\/media?parent=74953"}],"wp:term":[{"taxonomy":"product_cat","embeddable":true,"href":"https:\/\/electromenagerexpress.com\/en\/wp-json\/wp\/v2\/product_cat?post=74953"},{"taxonomy":"product_tag","embeddable":true,"href":"https:\/\/electromenagerexpress.com\/en\/wp-json\/wp\/v2\/product_tag?post=74953"}],"curies":[{"name":"wp","href":"https:\/\/api.w.org\/{rel}","templated":true}]}}