{"id":74754,"date":"2024-11-24T13:23:07","date_gmt":"2024-11-24T13:23:07","guid":{"rendered":"https:\/\/electromenagerexpress.com\/product\/aspirateur-laveurtinecofloor-one-s7-flashdry-pet\/"},"modified":"2024-11-24T13:23:13","modified_gmt":"2024-11-24T13:23:13","slug":"aspirateur-laveurtinecofloor-one-s7-flashdry-pet","status":"publish","type":"product","link":"https:\/\/electromenagerexpress.com\/en\/product\/aspirateur-laveurtinecofloor-one-s7-flashdry-pet\/","title":{"rendered":"Aspirateur laveur\t\t\t\t\t\t\tTINECO\t\t\t\tFloor One S7 Flashdry Pet"},"content":{"rendered":"<div class=\"product-features__content\">\n<ul role=\"list\">\n<li class=\"product-features__item\" role=\"listitem\">\n<h3 class=\"product-features__label\">Choisir ce produit pour quel usage ?<\/h3>\n<ul role=\"list\">\n<li class=\"product-features__item-list__item\" role=\"listitem\"><span class=\"is--medium\">Fonctions :<\/span> Lave et aspire vos sols\t\t\t\t\t<\/li>\n<li class=\"product-features__item-list__item\" role=\"listitem\"><span class=\"is--medium\">Sp\u00e9cial animaux :<\/span> oui, avec une cr\u00e9pine pour dissocier les poils des liquides dans le r\u00e9servoir d&rsquo;eau sale\t\t\t\t\t<\/li>\n<li class=\"product-features__item-list__item\" role=\"listitem\"><span class=\"is--medium\">Type de surface \u00e0 nettoyer :<\/span> Carrelage, Parquet, B\u00e9ton cir\u00e9, Tapis, Moquette, Sp\u00e9cial animaux\t\t\t\t\t<\/li>\n<\/ul>\n<\/li>\n<li class=\"product-features__item\" role=\"listitem\">\n<h3 class=\"product-features__label\">Performance<\/h3>\n<ul role=\"list\">\n<li class=\"product-features__item-list__item\" role=\"listitem\"><span class=\"is--medium\">Puissance :<\/span> 220 W\t\t\t\t\t<\/li>\n<li class=\"product-features__item-list__item\" role=\"listitem\"><span class=\"is--medium\">Nombre de mode(s) de nettoyage :<\/span> 3\t\t\t\t\t<\/li>\n<li class=\"product-features__item-list__item\" role=\"listitem\"><span class=\"is--medium\">Puissance d&rsquo;aspiration (en kPa) :<\/span> 12\t\t\t\t\t<\/li>\n<li class=\"product-features__item-list__item\" role=\"listitem\"><span class=\"is--medium\">Vitesse du rouleau-brosse :<\/span> 450 tr\/mn\t\t\t\t\t<\/li>\n<li class=\"product-features__item-list__item\" role=\"listitem\"><span class=\"is--medium\">R\u00e9servoir amovible :<\/span> Oui\t\t\t\t\t<\/li>\n<li class=\"product-features__item-list__item\" role=\"listitem\"><span class=\"is--medium\">R\u00e9servoir d&rsquo;eau propre :<\/span> 800 ml\t\t\t\t\t<\/li>\n<li class=\"product-features__item-list__item\" role=\"listitem\"><span class=\"is--medium\">R\u00e9servoir d&rsquo;eau sale :<\/span> 720 ml\t\t\t\t\t<\/li>\n<li class=\"product-features__item-list__item\" role=\"listitem\"><span class=\"is--medium\">Avantage du double r\u00e9servoir :<\/span> S\u00e9pare l&rsquo;eau propre de l&rsquo;eau sale pour un nettoyage de qualit\u00e9\t\t\t\t\t<\/li>\n<li class=\"product-features__item-list__item\" role=\"listitem\"><span class=\"is--medium\">T\u00e9moin de niveau d&rsquo;eau propre min :<\/span> sonore\t\t\t\t\t<\/li>\n<li class=\"product-features__item-list__item\" role=\"listitem\"><span class=\"is--medium\">T\u00e9moin de niveau d&rsquo;eau sale max :<\/span> sonore\t\t\t\t\t<\/li>\n<li class=\"product-features__item-list__item\" role=\"listitem\"><span class=\"is--medium\">Produit utilis\u00e9 :<\/span> d\u00e9tergent\t\t\t\t\t<\/li>\n<li class=\"product-features__item-list__item\" role=\"listitem\"><span class=\"is--medium\">Nettoyage au plus pr\u00e8s des bords et des plinthes :<\/span> Oui\t\t\t\t\t<\/li>\n<li class=\"product-features__item-list__item\" role=\"listitem\"><span class=\"is--medium\">Aspiration \u00e0 sec :<\/span> oui, permet d&rsquo;aspirer les poussi\u00e8res comme peut le faire un aspirateur balai\t\t\t\t\t<\/li>\n<li class=\"product-features__item-list__item\" role=\"listitem\"><span class=\"is--medium\">Mode turbo :<\/span> oui, le mode turbo permet d&rsquo;am\u00e9liorer la puissance de l&rsquo;appareil pour les taches les plus tenaces\t\t\t\t\t<\/li>\n<li class=\"product-features__item-list__item\" role=\"listitem\"><span class=\"is--medium\">Mode auto nettoyage :<\/span> oui, les rouleaux et la t\u00eate de nettoyage se nettoient automatiquement sur la station d&rsquo;accueil.\t\t\t\t\t<\/li>\n<li class=\"product-features__item-list__item\" role=\"listitem\"><span class=\"is--medium\">Auto nettoyage \u00e0 l&rsquo;eau chaude :<\/span> oui, \u00e9limine plus facilement les taches tenaces pour des rouleaux plus propres\t\t\t\t\t<\/li>\n<li class=\"product-features__item-list__item\" role=\"listitem\"><span class=\"is--medium\">S\u00e9chage de la brosse \u00e0 l&rsquo;air chaud :<\/span> oui, le s\u00e9chage \u00e0 l&rsquo;air chaud \u00e9vite les moisissures et les mauvaises odeurs\t\t\t\t\t<\/li>\n<li class=\"product-features__item-list__item\" role=\"listitem\"><span class=\"is--medium\">Capteur de niveau de salissure :<\/span> oui, adapte la vitesse de rotation du rouleau et le d\u00e9bit d&rsquo;eau selon la salissure d\u00e9tect\u00e9e\t\t\t\t\t<\/li>\n<\/ul>\n<\/li>\n<li class=\"product-features__item\" role=\"listitem\">\n<h3 class=\"product-features__label\">Confort d&rsquo;utilisation<\/h3>\n<ul role=\"list\">\n<li class=\"product-features__item-list__item\" role=\"listitem\"><span class=\"is--medium\">Utilisation :<\/span> Sans fil\t\t\t\t\t<\/li>\n<li class=\"product-features__item-list__item\" role=\"listitem\"><span class=\"is--medium\">Niveau sonore :<\/span> 78,0 dB\t\t\t\t\t<\/li>\n<li class=\"product-features__item-list__item\" role=\"listitem\"><span class=\"is--medium\">Rayon d&rsquo;action :<\/span> sans fil, rayon d&rsquo;action illimit\u00e9\t\t\t\t\t<\/li>\n<li class=\"product-features__item-list__item\" role=\"listitem\"><span class=\"is--medium\">Autonomie :<\/span> autonomie \u00e9lev\u00e9e (40 mn)\t\t\t\t\t<\/li>\n<li class=\"product-features__item-list__item\" role=\"listitem\"><span class=\"is--medium\">Temps de charge :<\/span> 5 heures\t\t\t\t\t<\/li>\n<li class=\"product-features__item-list__item\" role=\"listitem\"><span class=\"is--medium\">Autotract\u00e9 :<\/span> oui, permet de faciliter le nettoyage\t\t\t\t\t<\/li>\n<li class=\"product-features__item-list__item\" role=\"listitem\"><span class=\"is--medium\">Position parking :<\/span> oui, permet de tenir seul debout\t\t\t\t\t<\/li>\n<li class=\"product-features__item-list__item\" role=\"listitem\"><span class=\"is--medium\">Ecran digital :<\/span> Ecran LED qui vous donne des informations en temps r\u00e9el comme l&rsquo;autonomie restante ou l&rsquo;\u00e9tat du filtre\t\t\t\t\t<\/li>\n<li class=\"product-features__item-list__item\" role=\"listitem\"><span class=\"is--medium\">Modes de nettoyage :<\/span> Auto, Turbo, Aspiration\t\t\t\t\t<\/li>\n<li class=\"product-features__item-list__item\" role=\"listitem\"><span class=\"is--medium\">Eclairage LED du sol :<\/span> Non\t\t\t\t\t<\/li>\n<\/ul>\n<\/li>\n<li class=\"product-features__item\" role=\"listitem\">\n<h3 class=\"product-features__label\">Equipement<\/h3>\n<ul role=\"list\">\n<li class=\"product-features__item-list__item\" role=\"listitem\"><span class=\"is--medium\">Brosse anti emm\u00ealement :<\/span> oui, elle r\u00e9duit l&rsquo;anchev\u00eatrement des cheveux autour du rouleau. Elle est aussi id\u00e9ale pour les propri\u00e9taires d&rsquo;animaux\t\t\t\t\t<\/li>\n<li class=\"product-features__item-list__item\" role=\"listitem\"><span class=\"is--medium\">Filtre de sortie d&rsquo;air :<\/span> HEPA\t\t\t\t\t<\/li>\n<li class=\"product-features__item-list__item\" role=\"listitem\"><span class=\"is--medium\">Nombre de rouleaux inclus dans la boite (dont pr\u00e9 install\u00e9 sur la brosse) :<\/span> 1\t\t\t\t\t<\/li>\n<\/ul>\n<\/li>\n<li class=\"product-features__item\" role=\"listitem\">\n<h3 class=\"product-features__label\">Dimensions<\/h3>\n<ul role=\"list\">\n<li class=\"product-features__item-list__item\" role=\"listitem\"><span class=\"is--medium\">Dimensions l x h x p :<\/span> 26 x 111 x 26.5 cm\t\t\t\t\t<\/li>\n<li class=\"product-features__item-list__item\" role=\"listitem\"><span class=\"is--medium\">Poids Net :<\/span> 5,20 Kg\t\t\t\t\t<\/li>\n<\/ul>\n<\/li>\n<li class=\"product-features__item\" role=\"listitem\">\n<h3 class=\"product-features__label\">Informations et Services<\/h3>\n<ul role=\"list\">\n<li class=\"product-features__item-list__item\" role=\"listitem\"><span class=\"is--medium\">Fabriqu\u00e9 en :<\/span> Chine\t\t\t\t\t<\/li>\n<li class=\"product-features__item-list__item\" role=\"listitem\"><span class=\"is--medium\">Disponibilit\u00e9 des pi\u00e8ces d\u00e9tach\u00e9es (donn\u00e9es fournisseur) :<\/span> Pendant 5 ans, \u00e0 compter de la date de fabrication\t\t\t\t\t<\/li>\n<li class=\"product-features__item-list__item\" role=\"listitem\"><span class=\"is--medium\">R\u00e9f\u00e9rence constructeur :<\/span> Floor One S7 Flashdry Pet\t\t\t\t\t<\/li>\n<li class=\"product-features__item-list__item\" role=\"listitem\"><span class=\"is--medium\">Marque :<\/span> TINECO\t\t\t\t\t<\/li>\n<\/ul>\n<\/li>\n<li class=\"product-features__item\" role=\"listitem\">\n<h3 class=\"product-features__label\">Facette option Aspirateur<\/h3>\n<ul role=\"list\">\n<li class=\"product-features__item-list__item\" role=\"listitem\"><span class=\"is--medium\">Poils d&rsquo;animaux :<\/span> Oui\t\t\t\t\t<\/li>\n<li class=\"product-features__item-list__item\" role=\"listitem\"><span class=\"is--medium\">2 en 1: aspirer et laver :<\/span> Oui\t\t\t\t\t<\/li>\n<li class=\"product-features__item-list__item\" role=\"listitem\"><span class=\"is--medium\">Option Aspirateur :<\/span> Poils d&rsquo;animaux, 2 en 1: aspirer et laver\t\t\t\t\t<\/li>\n<\/ul>\n<\/li>\n<\/ul>\n<\/div>\n<div class=\"product__disclosure-content\">\n<div class=\"js-read-more product-description__content read-more read-more--truncated\" data-read-more-name=\"description\" style=\"max-height: 500px; overflow: hidden;\">\n<div class=\"product__description-content read-more\">\n<p>Aspirateur laveur TINECO Floor One S7 Flashdry Pet : l&rsquo;innovation au service de la propret\u00e9<\/p>\n<h3><img fetchpriority=\"high\" decoding=\"async\" alt=\"Aspirateur laveur TINECO Floor One S7 Flashdry Pet\" class=\"wy_tableau_gauche\" height=\"270\" src=\"https:\/\/boulanger.scene7.com\/is\/image\/Boulanger\/6974950105464_h_f_l_0?wid=400&amp;hei=270\" width=\"400\"\/>Performance et intelligence pour un nettoyage optimal<\/h3>\n<p>Le nettoyeur de sols TINECO Floor One S7 Flashdry Pet se distingue par sa capacit\u00e9 \u00e0 offrir un nettoyage efficace et rapide. Avec une autonomie impressionnante de plus de 40 minutes, cet aspirateur laveur est con\u00e7u pour r\u00e9pondre aux besoins des propri\u00e9taires d&rsquo;animaux, gr\u00e2ce \u00e0 son syst\u00e8me Dual de nettoyage des bords et sa puissance de 220 W. La technologie Flashdry Pet assure un s\u00e9chage rapide, \u00e9vitant ainsi les traces et les r\u00e9sidus. L&rsquo;appareil est \u00e9galement \u00e9quip\u00e9 d&rsquo;un \u00e9cran LED qui facilite le suivi du processus de nettoyage et d&rsquo;un syst\u00e8me d&rsquo;auto-nettoyage, garantissant une hygi\u00e8ne irr\u00e9prochable de l&rsquo;appareil apr\u00e8s chaque utilisation. Les r\u00e9servoirs d&rsquo;eau propre et d&rsquo;eau sale, de 0,8 L et 0,72 L respectivement, sont parfaitement dimensionn\u00e9s pour un nettoyage complet sans interruption.<\/p>\n<p>\u00a0<\/p>\n<p>\u00a0<\/p>\n<h3><img decoding=\"async\" alt=\"Aspirateur laveur TINECO Floor One S7 Flashdry Pet\" class=\"wy_tableau_right\" height=\"270\" src=\"https:\/\/boulanger.scene7.com\/is\/image\/Boulanger\/6974950105464_h_f_l_1?wid=400&amp;hei=270\" width=\"400\"\/>Confort d&rsquo;utilisation et connectivit\u00e9 avanc\u00e9e<\/h3>\n<p>L&rsquo;aspirateur lavant TINECO Floor One S7 Flashdry Pet allie confort et technologie. Avec un poids net de seulement 5,2 kg, il est facile \u00e0 manoeuvrer et \u00e0 transporter. Les dimensions compactes de l&rsquo;appareil (265*260*1110 mm) permettent un rangement ais\u00e9. La connectivit\u00e9 est \u00e9galement au coeur de l&rsquo;exp\u00e9rience utilisateur : compatible avec les applications et les assistants vocaux, cet aspirateur laveur offre une interaction intuitive et moderne. Les utilisateurs peuvent ainsi contr\u00f4ler leur appareil avec facilit\u00e9 et suivre les recommandations de maintenance pour une dur\u00e9e de vie prolong\u00e9e. Le mod\u00e8le est disponible en couleur bleue, ajoutant une touche d&rsquo;\u00e9l\u00e9gance \u00e0 cet \u00e9quipement domestique. Enfin, le niveau sonore contenu sous les 78 dB(A) assure un nettoyage discret, pour une utilisation confortable \u00e0 tout moment de la journ\u00e9e.<\/p>\n<\/div>\n<p><video class=\"s7Video\" controls=\"\" controlslist=\"nodownload\" poster=\"https:\/\/boulanger.scene7.com\/is\/image\/Boulanger\/6974950105464_v_0?scl=1\" preload=\"metadata\" src=\"https:\/\/boulanger.scene7.com\/is\/content\/Boulanger\/6974950105464_v_0\" width=\"100%\"><\/video><\/p>\n<\/div>\n<p><bl-button a11yexpanded=\"false\" arialabel=\"Afficher toute la description\" class=\"read-more__btn\" full=\"false\" link=\"true\">Voir plus<\/bl-button><\/div>","protected":false},"excerpt":{"rendered":"<div class=\"keypoints\">\n<h3 class=\"keypoints__title\">Les points cl\u00e9s<\/h3>\n<ul role=\"list\">\n<li class=\"keypoints__item\" role=\"listitem\">                          Lave et aspire &#8211;                                                      Carrelage, Parquet, B\u00e9ton cir\u00e9, Tapis, Moquette, Sp\u00e9cial animaux                      <\/li>\n<li class=\"keypoints__item\" role=\"listitem\">                          5,20 Kg &#8211;                                                      sans fil, rayon d&rsquo;action illimit\u00e9                      <\/li>\n<li class=\"keypoints__item\" role=\"listitem\">                          R\u00e9servoir d&rsquo;eau propre : 800 ml &#8211;                                                      R\u00e9servoir d&rsquo;eau sale : 720 ml                      <\/li>\n<li class=\"keypoints__item\" role=\"listitem\">                          autonomie \u00e9lev\u00e9e (40 mn) &#8211;                                                      Temps de charge : 5 heures                      <\/li>\n<\/ul>","protected":false},"featured_media":74753,"template":"","meta":{"_glsr_average":0,"_glsr_ranking":0,"_glsr_reviews":0},"product_cat":[330],"product_tag":[153,331,332],"class_list":{"0":"post-74754","1":"product","2":"type-product","3":"status-publish","4":"has-post-thumbnail","6":"product_cat-nettoyeur-de-sol","7":"product_tag-maison-entretien","8":"product_tag-nettoyeur","9":"product_tag-nettoyeur-de-sol","11":"first","12":"instock","13":"sale","14":"shipping-taxable","15":"purchasable","16":"product-type-simple"},"_links":{"self":[{"href":"https:\/\/electromenagerexpress.com\/en\/wp-json\/wp\/v2\/product\/74754","targetHints":{"allow":["GET"]}}],"collection":[{"href":"https:\/\/electromenagerexpress.com\/en\/wp-json\/wp\/v2\/product"}],"about":[{"href":"https:\/\/electromenagerexpress.com\/en\/wp-json\/wp\/v2\/types\/product"}],"wp:featuredmedia":[{"embeddable":true,"href":"https:\/\/electromenagerexpress.com\/en\/wp-json\/wp\/v2\/media\/74753"}],"wp:attachment":[{"href":"https:\/\/electromenagerexpress.com\/en\/wp-json\/wp\/v2\/media?parent=74754"}],"wp:term":[{"taxonomy":"product_cat","embeddable":true,"href":"https:\/\/electromenagerexpress.com\/en\/wp-json\/wp\/v2\/product_cat?post=74754"},{"taxonomy":"product_tag","embeddable":true,"href":"https:\/\/electromenagerexpress.com\/en\/wp-json\/wp\/v2\/product_tag?post=74754"}],"curies":[{"name":"wp","href":"https:\/\/api.w.org\/{rel}","templated":true}]}}