{"id":74394,"date":"2024-11-24T13:18:26","date_gmt":"2024-11-24T13:18:26","guid":{"rendered":"https:\/\/electromenagerexpress.com\/product\/aspirateur-avec-sacelectroluxeb61a4ug\/"},"modified":"2024-11-24T13:18:33","modified_gmt":"2024-11-24T13:18:33","slug":"aspirateur-avec-sacelectroluxeb61a4ug","status":"publish","type":"product","link":"https:\/\/electromenagerexpress.com\/en\/product\/aspirateur-avec-sacelectroluxeb61a4ug\/","title":{"rendered":"Aspirateur avec sac\t\t\t\t\t\t\tELECTROLUX\t\t\t\tEB61A4UG"},"content":{"rendered":"<div class=\"product-features__content\">\n<ul role=\"list\">\n<li class=\"product-features__item\" role=\"listitem\">\n<h3 class=\"product-features__label\">Choisir ce produit pour quels usages ?<\/h3>\n<ul role=\"list\">\n<li class=\"product-features__item-list__item\" role=\"listitem\"><span class=\"is--medium\">Pour quelle utilisation :<\/span> pour aspirer en profondeur, hygi\u00e9nique avec sac\t\t\t\t\t<\/li>\n<li class=\"product-features__item-list__item\" role=\"listitem\"><span class=\"is--medium\">Type de sols :<\/span> Carrelages, parquets, tapis, moquettes\t\t\t\t\t<\/li>\n<li class=\"product-features__item-list__item\" role=\"listitem\"><span class=\"is--medium\">Brosses &amp; Accessoires sp\u00e9ciaux :<\/span> Brosse parquet\t\t\t\t\t<\/li>\n<\/ul>\n<\/li>\n<li class=\"product-features__item\" role=\"listitem\">\n<h3 class=\"product-features__label\">Confort d&rsquo;utilisation<\/h3>\n<ul role=\"list\">\n<li class=\"product-features__item-list__item\" role=\"listitem\"><span class=\"is--medium\">Niveau sonore :<\/span> 73 dB\t\t\t\t\t<\/li>\n<li class=\"product-features__item-list__item\" role=\"listitem\"><span class=\"is--medium\">D\u00e9tail sur le niveau sonore: :<\/span> Il peut varier en fonction du mode utilis\u00e9 et du type de sols aspir\u00e9 (parquet, carrelage, moquette, tapis)\t\t\t\t\t<\/li>\n<li class=\"product-features__item-list__item\" role=\"listitem\"><span class=\"is--medium\">Capacit\u00e9 bac\/sac :<\/span> 3,5 L\t\t\t\t\t<\/li>\n<li class=\"product-features__item-list__item\" role=\"listitem\"><span class=\"is--medium\">Indicateur de bac\/sac plein :<\/span> Oui\t\t\t\t\t<\/li>\n<li class=\"product-features__item-list__item\" role=\"listitem\"><span class=\"is--medium\">S\u00e9curit\u00e9 de pr\u00e9sence de sac :<\/span> Vous \u00eates alert\u00e9 si vous avez oubli\u00e9 de mettre un sac dans votre aspirateur\t\t\t\t\t<\/li>\n<li class=\"product-features__item-list__item\" role=\"listitem\"><span class=\"is--medium\">D\u00e9tection automatique du type de sol pour adapter la puissance :<\/span> Non\t\t\t\t\t<\/li>\n<\/ul>\n<\/li>\n<li class=\"product-features__item\" role=\"listitem\">\n<h3 class=\"product-features__label\">Maniabilit\u00e9<\/h3>\n<ul role=\"list\">\n<li class=\"product-features__item-list__item\" role=\"listitem\"><span class=\"is--medium\">Poids :<\/span> 7,06 Kg\t\t\t\t\t<\/li>\n<li class=\"product-features__item-list__item\" role=\"listitem\"><span class=\"is--medium\">Poign\u00e9e de transport :<\/span> Oui, permet de monter l&rsquo;aspirateur facilement \u00e0 l&rsquo;\u00e9tage\t\t\t\t\t<\/li>\n<li class=\"product-features__item-list__item\" role=\"listitem\"><span class=\"is--medium\">Type d&rsquo;enrouleur de c\u00e2ble :<\/span> Un appui constant est n\u00e9cessaire jusqu&rsquo;\u00e0 ce que le c\u00e2ble soit rentr\u00e9 dans l&rsquo;aspirateur\t\t\t\t\t<\/li>\n<li class=\"product-features__item-list__item\" role=\"listitem\"><span class=\"is--medium\">Longueur du cordon secteur :<\/span> 9,0 m\t\t\t\t\t<\/li>\n<li class=\"product-features__item-list__item\" role=\"listitem\"><span class=\"is--medium\">Rayon d&rsquo;action :<\/span> 12 m (Tr\u00e8s grand)\t\t\t\t\t<\/li>\n<\/ul>\n<\/li>\n<li class=\"product-features__item\" role=\"listitem\">\n<h3 class=\"product-features__label\">Performance<\/h3>\n<ul role=\"list\">\n<li class=\"product-features__item-list__item\" role=\"listitem\"><span class=\"is--medium\">Technologie d&rsquo;aspiration :<\/span> Classique\t\t\t\t\t<\/li>\n<li class=\"product-features__item-list__item\" role=\"listitem\"><span class=\"is--medium\">Entretien du filtre du r\u00e9servoir :<\/span> Non concern\u00e9\t\t\t\t\t<\/li>\n<li class=\"product-features__item-list__item\" role=\"listitem\"><span class=\"is--medium\">Brosse principale :<\/span> Brosse 2 en1 (sols durs et moquettes)\t\t\t\t\t<\/li>\n<\/ul>\n<\/li>\n<li class=\"product-features__item\" role=\"listitem\">\n<h3 class=\"product-features__label\">Autour de l&rsquo;hygi\u00e8ne<\/h3>\n<ul role=\"list\">\n<li class=\"product-features__item-list__item\" role=\"listitem\"><span class=\"is--medium\">Filtre de sortie d&rsquo;air :<\/span> Hygi\u00e8ne 12 lavable\t\t\t\t\t<\/li>\n<li class=\"product-features__item-list__item\" role=\"listitem\"><span class=\"is--medium\">Je trouve mon sac aspirateur :<\/span> <a href=\"https:\/\/www.boulanger.com\/c\/sacs-aspirateur\" target=\"_blank\">en sa<\/a><\/li>\n<\/ul>\n<\/li>\n<li class=\"product-features__item\" role=\"listitem\">\n<h3 class=\"product-features__label\">R\u00e9f\u00e9rence Sac aspirateur Essentiel b<\/h3>\n<ul role=\"list\">\n<li class=\"product-features__item-list__item\" role=\"listitem\"><span class=\"is--medium\">Sac aspirateur essentiel B :<\/span> 8008990 &#8211; EB1800M, 8008984 &#8211; EB1800\t\t\t\t\t<\/li>\n<\/ul>\n<\/li>\n<li class=\"product-features__item\" role=\"listitem\">\n<h3 class=\"product-features__label\">R\u00e9f\u00e9rence sac aspirateur de la marque<\/h3>\n<ul role=\"list\">\n<li class=\"product-features__item-list__item\" role=\"listitem\"><span class=\"is--medium\">Sac aspirateur marque :<\/span> 1186706 &#8211; S Bag Classic, 1118243 &#8211; S Bag Classic long, 1107132 &#8211; S Bag Performance kit, 1107108 &#8211; S Bag Classic Long, 1118241 &#8211; S Bag Classic long, 1107109 &#8211; S Bag Anti Allergy, 1118230 &#8211; S Bag Anti Odeurs\t\t\t\t\t<\/li>\n<\/ul>\n<\/li>\n<li class=\"product-features__item\" role=\"listitem\">\n<h3 class=\"product-features__label\">Energie \/ Consommation<\/h3>\n<ul role=\"list\">\n<li class=\"product-features__item-list__item\" role=\"listitem\"><span class=\"is--medium\">Puissance du moteur \/ Consommation :<\/span> 750 W\t\t\t\t\t<\/li>\n<li class=\"product-features__item-list__item\" role=\"listitem\"><span class=\"is--medium\">Consommation annuelle :<\/span> 29,4 kW\t\t\t\t\t<\/li>\n<\/ul>\n<\/li>\n<li class=\"product-features__item\" role=\"listitem\">\n<h3 class=\"product-features__label\">Informations et Services<\/h3>\n<ul role=\"list\">\n<li class=\"product-features__item-list__item\" role=\"listitem\"><span class=\"is--medium\">Indice de r\u00e9parabilit\u00e9 :<\/span> 6,9 \/10\t\t\t\t\t<\/li>\n<li class=\"product-features__item-list__item\" role=\"listitem\"><span class=\"is--medium\">D\u00e9tail sur l&rsquo;indice de r\u00e9parabilit\u00e9 :<\/span> <u><a href=\"https:\/\/www.boulanger.com\/evenement\/indice-reparabilite\" target=\"_blank\"> en sa<\/a><\/u><\/li>\n<li class=\"product-features__item-list__item\" role=\"listitem\"><span class=\"is--medium\">Fabriqu\u00e9 en :<\/span> Chine\t\t\t\t\t<\/li>\n<li class=\"product-features__item-list__item\" role=\"listitem\"><span class=\"is--medium\">Garantie :<\/span> 2 ans\t\t\t\t\t<\/li>\n<li class=\"product-features__item-list__item\" role=\"listitem\"><span class=\"is--medium\">Dur\u00e9e de la garantie Constructeur (voir les conditions sp\u00e9ciales) :<\/span> 2 ans\t\t\t\t\t<\/li>\n<li class=\"product-features__item-list__item\" role=\"listitem\"><span class=\"is--medium\">Disponibilit\u00e9 des pi\u00e8ces d\u00e9tach\u00e9es (donn\u00e9es fournisseur) :<\/span> Pendant 13 ans, \u00e0 compter de la date de fabrication\t\t\t\t\t<\/li>\n<li class=\"product-features__item-list__item\" role=\"listitem\"><span class=\"is--medium\">R\u00e9f\u00e9rence constructeur :<\/span> EB61A4UG\t\t\t\t\t<\/li>\n<li class=\"product-features__item-list__item\" role=\"listitem\"><span class=\"is--medium\">Marque :<\/span> ELECTROLUX\t\t\t\t\t<\/li>\n<\/ul>\n<\/li>\n<li class=\"product-features__item\" role=\"listitem\">\n<h3 class=\"product-features__label\">Dimensions<\/h3>\n<ul role=\"list\">\n<li class=\"product-features__item-list__item\" role=\"listitem\"><span class=\"is--medium\">Dimensions l x h x p :<\/span> 43.6 x 23.8 x 30.6 cm\t\t\t\t\t<\/li>\n<li class=\"product-features__item-list__item\" role=\"listitem\"><span class=\"is--medium\">Poids net :<\/span> 7 kg\t\t\t\t\t<\/li>\n<li class=\"product-features__item-list__item\" role=\"listitem\"><span class=\"is--medium\">Poids brut :<\/span> 9 kg\t\t\t\t\t<\/li>\n<\/ul>\n<\/li>\n<li class=\"product-features__item\" role=\"listitem\">\n<h3 class=\"product-features__label\">Brosses et accessoires<\/h3>\n<ul role=\"list\">\n<li class=\"product-features__item-list__item\" role=\"listitem\"><span class=\"is--medium\">Brosse parquet :<\/span> brosse parquet \u00e9quip\u00e9e de poils doux pour ne pas abimer ou griffer le parquet\t\t\t\t\t<\/li>\n<li class=\"product-features__item-list__item\" role=\"listitem\"><span class=\"is--medium\">Brosse meuble :<\/span> Pour aspirer les petites surfaces d\u00e9licates et les meubles sans les abimer\t\t\t\t\t<\/li>\n<li class=\"product-features__item-list__item\" role=\"listitem\"><span class=\"is--medium\">Accessoire 2 en 1 :<\/span> id\u00e9al pour les rideaux, canap\u00e9s, si\u00e8ges de voiture et les meubles\t\t\t\t\t<\/li>\n<li class=\"product-features__item-list__item\" role=\"listitem\"><span class=\"is--medium\">Accessoire 3 en 1 :<\/span> id\u00e9al, pour tissus, canap\u00e9s, rideaux, int\u00e9rieur de voiture, meubles et endroits difficiles d&rsquo;acc\u00e8s\t\t\t\t\t<\/li>\n<\/ul>\n<\/li>\n<\/ul>\n<\/div>\n<div class=\"product__disclosure-content\">\n<div class=\"js-read-more product-description__content read-more read-more--truncated\" data-read-more-name=\"description\" style=\"max-height: 500px; overflow: hidden;\">\n<p>Aspirateur avec sac Electrolux 600 EB61A4UG : L&rsquo;alliance de la performance et de l&rsquo;\u00e9coresponsabilit\u00e9<\/p>\n<h3><img fetchpriority=\"high\" decoding=\"async\" ,=\"\" alt=\"Aspi traineau Electrolux\" class=\"wy_tableau_gauche\" height=\"270\" src=\"https:\/\/boulanger.scene7.com\/is\/image\/Boulanger\/7332543831746_h_f_l_3?wid=400&amp;hei=270\" width=\"400\"\/>Conception \u00e9coresponsable et aspiration haute efficacit\u00e9<\/h3>\n<p>L&rsquo;aspirateur avec sac Electrolux 600 EB61A4UG se distingue par son engagement environnemental, avec 50% de sa composition issue de plastique recycl\u00e9, affirmant ainsi sa qualit\u00e9 \u00e9coresponsable. Cet aspirateur ne fait aucun compromis sur la performance, offrant une efficacit\u00e9 de d\u00e9poussi\u00e9rage remarquable de 114% sur sols durs et de 84.8% sur tapis et moquettes. La brosse Dust Magnet Silent, associ\u00e9e \u00e0 un syst\u00e8me de filtration haute performance, capture jusqu&rsquo;\u00e0 99.99% des microparticules de poussi\u00e8re et allerg\u00e8nes, garantissant un air rejet\u00e9 plus sain. Le sac \u00e0 poussi\u00e8re S-bag\u00ae Anti-odeur, d&rsquo;une capacit\u00e9 de 3,5 litres, absorbe efficacement les mauvaises odeurs, tandis que le filtre de sortie d&rsquo;air Hygi\u00e8ne 12 est lavable, prolongeant ainsi la dur\u00e9e de vie de l&rsquo;appareil et r\u00e9duisant les d\u00e9chets.<\/p>\n<p><\/p>\n<h3><img decoding=\"async\" ,=\"\" alt=\"Aspi traineau Electrolux\" class=\"wy_tableau_right\" height=\"270\" src=\"https:\/\/boulanger.scene7.com\/is\/image\/Boulanger\/7332543831746_h_f_l_2?wid=400&amp;hei=270\" width=\"400\"\/>Utilisation intuitive et maniabilit\u00e9 optimale<\/h3>\n<p>L&rsquo;Electrolux 600 EB61A4UG est con\u00e7u pour une utilisation simplifi\u00e9e : r\u00e9glages accessibles au pied, \u00e9vitant ainsi de se pencher, et un rayon d&rsquo;action de 12 m\u00e8tres permettant de nettoyer de vastes espaces sans changer de prise. La poign\u00e9e de flexible classique avec variateur de flux d&rsquo;air, le tube t\u00e9lescopique en acier inoxydable avec verrouillage haute s\u00e9curit\u00e9 et les roues souples contribuent \u00e0 une maniabilit\u00e9 sans effort. Le syst\u00e8me de parking horizontal et vertical, ainsi que l&#8217;emplacement de rangement des accessoires, offrent une commodit\u00e9 suppl\u00e9mentaire. Avec une puissance de 750 Watts et un niveau sonore de 73 dB, cet aspirateur allie discr\u00e9tion et efficacit\u00e9 pour une exp\u00e9rience de nettoyage des plus agr\u00e9ables.<\/p>\n<\/p>\n<\/div>\n<p><bl-button a11yexpanded=\"false\" arialabel=\"Afficher toute la description\" class=\"read-more__btn\" full=\"false\" link=\"true\"><\/bl-button><\/div>","protected":false},"excerpt":{"rendered":"<div class=\"keypoints\">\n<h3 class=\"keypoints__title\">Les points cl\u00e9s<\/h3>\n<ul role=\"list\">\n<li class=\"keypoints__item\" role=\"listitem\">                                        Rayon d&rsquo;action : 12 m (Tr\u00e8s grand)                      <\/li>\n<li class=\"keypoints__item\" role=\"listitem\">                                        Capacit\u00e9 bac\/sac : 3,5 L                      <\/li>\n<li class=\"keypoints__item\" role=\"listitem\">                                        Niveau sonore : 73 dB                      <\/li>\n<li class=\"keypoints__item\" role=\"listitem\">                                        Poids : 7,06 Kg                      <\/li>\n<li class=\"keypoints__item keypoints__item--advantage\" role=\"listitem\"><strong>Le + :<\/strong> Son rayon d&rsquo;action de 12m pour aspirer de grandes surfaces facilement.      <\/li>\n<\/ul>","protected":false},"featured_media":74393,"template":"","meta":{"_glsr_average":0,"_glsr_ranking":0,"_glsr_reviews":0},"product_cat":[335],"product_tag":[324,336,153],"class_list":{"0":"post-74394","1":"product","2":"type-product","3":"status-publish","4":"has-post-thumbnail","6":"product_cat-aspirateur-avec-sac","7":"product_tag-aspirateur","8":"product_tag-aspirateur-avec-sac","9":"product_tag-maison-entretien","11":"first","12":"instock","13":"sale","14":"shipping-taxable","15":"purchasable","16":"product-type-simple"},"_links":{"self":[{"href":"https:\/\/electromenagerexpress.com\/en\/wp-json\/wp\/v2\/product\/74394","targetHints":{"allow":["GET"]}}],"collection":[{"href":"https:\/\/electromenagerexpress.com\/en\/wp-json\/wp\/v2\/product"}],"about":[{"href":"https:\/\/electromenagerexpress.com\/en\/wp-json\/wp\/v2\/types\/product"}],"wp:featuredmedia":[{"embeddable":true,"href":"https:\/\/electromenagerexpress.com\/en\/wp-json\/wp\/v2\/media\/74393"}],"wp:attachment":[{"href":"https:\/\/electromenagerexpress.com\/en\/wp-json\/wp\/v2\/media?parent=74394"}],"wp:term":[{"taxonomy":"product_cat","embeddable":true,"href":"https:\/\/electromenagerexpress.com\/en\/wp-json\/wp\/v2\/product_cat?post=74394"},{"taxonomy":"product_tag","embeddable":true,"href":"https:\/\/electromenagerexpress.com\/en\/wp-json\/wp\/v2\/product_tag?post=74394"}],"curies":[{"name":"wp","href":"https:\/\/api.w.org\/{rel}","templated":true}]}}