{"id":74328,"date":"2024-11-24T13:17:35","date_gmt":"2024-11-24T13:17:35","guid":{"rendered":"https:\/\/electromenagerexpress.com\/product\/aspirateur-laveurdreameh12-pro\/"},"modified":"2024-11-24T13:17:39","modified_gmt":"2024-11-24T13:17:39","slug":"aspirateur-laveurdreameh12-pro","status":"publish","type":"product","link":"https:\/\/electromenagerexpress.com\/en\/product\/aspirateur-laveurdreameh12-pro\/","title":{"rendered":"Aspirateur laveur\t\t\t\t\t\t\tDREAME\t\t\t\tH12 Pro"},"content":{"rendered":"<div class=\"product-features__content\">\n<ul role=\"list\">\n<li class=\"product-features__item\" role=\"listitem\">\n<h3 class=\"product-features__label\">Choisir ce produit pour quel usage ?<\/h3>\n<ul role=\"list\">\n<li class=\"product-features__item-list__item\" role=\"listitem\"><span class=\"is--medium\">Fonctions :<\/span> Lave et aspire vos sols\t\t\t\t\t<\/li>\n<li class=\"product-features__item-list__item\" role=\"listitem\"><span class=\"is--medium\">Sp\u00e9cial animaux :<\/span> Non\t\t\t\t\t<\/li>\n<li class=\"product-features__item-list__item\" role=\"listitem\"><span class=\"is--medium\">Type de surface \u00e0 nettoyer :<\/span> Carrelage, Parquet, B\u00e9ton cir\u00e9, Tapis, Moquette\t\t\t\t\t<\/li>\n<\/ul>\n<\/li>\n<li class=\"product-features__item\" role=\"listitem\">\n<h3 class=\"product-features__label\">Performance<\/h3>\n<ul role=\"list\">\n<li class=\"product-features__item-list__item\" role=\"listitem\"><span class=\"is--medium\">Puissance :<\/span> 300 W\t\t\t\t\t<\/li>\n<li class=\"product-features__item-list__item\" role=\"listitem\"><span class=\"is--medium\">Nombre de mode(s) de nettoyage :<\/span> 1\t\t\t\t\t<\/li>\n<li class=\"product-features__item-list__item\" role=\"listitem\"><span class=\"is--medium\">R\u00e9servoir amovible :<\/span> Oui\t\t\t\t\t<\/li>\n<li class=\"product-features__item-list__item\" role=\"listitem\"><span class=\"is--medium\">R\u00e9servoir d&rsquo;eau propre :<\/span> 950 ml\t\t\t\t\t<\/li>\n<li class=\"product-features__item-list__item\" role=\"listitem\"><span class=\"is--medium\">R\u00e9servoir d&rsquo;eau sale :<\/span> 600 ml\t\t\t\t\t<\/li>\n<li class=\"product-features__item-list__item\" role=\"listitem\"><span class=\"is--medium\">Avantage du double r\u00e9servoir :<\/span> S\u00e9pare l&rsquo;eau propre de l&rsquo;eau sale pour un nettoyage de qualit\u00e9\t\t\t\t\t<\/li>\n<li class=\"product-features__item-list__item\" role=\"listitem\"><span class=\"is--medium\">T\u00e9moin de niveau d&rsquo;eau propre min :<\/span> lumineux et sonore\t\t\t\t\t<\/li>\n<li class=\"product-features__item-list__item\" role=\"listitem\"><span class=\"is--medium\">T\u00e9moin de niveau d&rsquo;eau sale max :<\/span> lumineux et sonore\t\t\t\t\t<\/li>\n<li class=\"product-features__item-list__item\" role=\"listitem\"><span class=\"is--medium\">Produit utilis\u00e9 :<\/span> eau et d\u00e9tergent nettoyeur de sols\t\t\t\t\t<\/li>\n<li class=\"product-features__item-list__item\" role=\"listitem\"><span class=\"is--medium\">Nettoyage au plus pr\u00e8s des bords et des plinthes :<\/span> Oui\t\t\t\t\t<\/li>\n<li class=\"product-features__item-list__item\" role=\"listitem\"><span class=\"is--medium\">Aspiration \u00e0 sec :<\/span> oui, permet d&rsquo;aspirer les poussi\u00e8res comme peut le faire un aspirateur balai\t\t\t\t\t<\/li>\n<li class=\"product-features__item-list__item\" role=\"listitem\"><span class=\"is--medium\">Mode turbo :<\/span> oui, le mode turbo permet d&rsquo;am\u00e9liorer la puissance de l&rsquo;appareil pour les taches les plus tenaces\t\t\t\t\t<\/li>\n<li class=\"product-features__item-list__item\" role=\"listitem\"><span class=\"is--medium\">Mode auto nettoyage :<\/span> oui, les rouleaux et la t\u00eate de nettoyage se nettoient automatiquement sur la station d&rsquo;accueil.\t\t\t\t\t<\/li>\n<li class=\"product-features__item-list__item\" role=\"listitem\"><span class=\"is--medium\">Auto nettoyage \u00e0 l&rsquo;eau chaude :<\/span> non\t\t\t\t\t<\/li>\n<li class=\"product-features__item-list__item\" role=\"listitem\"><span class=\"is--medium\">S\u00e9chage de la brosse \u00e0 l&rsquo;air chaud :<\/span> oui, le s\u00e9chage \u00e0 l&rsquo;air chaud \u00e9vite les moisissures et les mauvaises odeurs\t\t\t\t\t<\/li>\n<li class=\"product-features__item-list__item\" role=\"listitem\"><span class=\"is--medium\">Capteur de niveau de salissure :<\/span> oui, adapte la vitesse de rotation du rouleau et le d\u00e9bit d&rsquo;eau selon la salissure d\u00e9tect\u00e9e\t\t\t\t\t<\/li>\n<\/ul>\n<\/li>\n<li class=\"product-features__item\" role=\"listitem\">\n<h3 class=\"product-features__label\">Confort d&rsquo;utilisation<\/h3>\n<ul role=\"list\">\n<li class=\"product-features__item-list__item\" role=\"listitem\"><span class=\"is--medium\">Utilisation :<\/span> Sans fil\t\t\t\t\t<\/li>\n<li class=\"product-features__item-list__item\" role=\"listitem\"><span class=\"is--medium\">Niveau sonore :<\/span> 76,0 dB\t\t\t\t\t<\/li>\n<li class=\"product-features__item-list__item\" role=\"listitem\"><span class=\"is--medium\">Rayon d&rsquo;action :<\/span> sans fil, rayon d&rsquo;action illimit\u00e9\t\t\t\t\t<\/li>\n<li class=\"product-features__item-list__item\" role=\"listitem\"><span class=\"is--medium\">Autonomie :<\/span> autonomie \u00e9lev\u00e9e (35 mn)\t\t\t\t\t<\/li>\n<li class=\"product-features__item-list__item\" role=\"listitem\"><span class=\"is--medium\">Temps de charge :<\/span> 2,5 heures\t\t\t\t\t<\/li>\n<li class=\"product-features__item-list__item\" role=\"listitem\"><span class=\"is--medium\">Autotract\u00e9 :<\/span> oui, permet de faciliter le nettoyage\t\t\t\t\t<\/li>\n<li class=\"product-features__item-list__item\" role=\"listitem\"><span class=\"is--medium\">Position parking :<\/span> oui, permet de tenir seul debout\t\t\t\t\t<\/li>\n<li class=\"product-features__item-list__item\" role=\"listitem\"><span class=\"is--medium\">Ecran digital :<\/span> Ecran LED qui vous donne des informations en temps r\u00e9el comme l&rsquo;autonomie restante ou l&rsquo;\u00e9tat du filtre\t\t\t\t\t<\/li>\n<li class=\"product-features__item-list__item\" role=\"listitem\"><span class=\"is--medium\">Modes de nettoyage :<\/span> mode turbo\t\t\t\t\t<\/li>\n<li class=\"product-features__item-list__item\" role=\"listitem\"><span class=\"is--medium\">D\u00e9tecteur automatique de changement de filtre \u00e0 air :<\/span> Non\t\t\t\t\t<\/li>\n<li class=\"product-features__item-list__item\" role=\"listitem\"><span class=\"is--medium\">Eclairage LED du sol :<\/span> Non\t\t\t\t\t<\/li>\n<\/ul>\n<\/li>\n<li class=\"product-features__item\" role=\"listitem\">\n<h3 class=\"product-features__label\">Equipement<\/h3>\n<ul role=\"list\">\n<li class=\"product-features__item-list__item\" role=\"listitem\"><span class=\"is--medium\">Filtre de sortie d&rsquo;air :<\/span> HEPA\t\t\t\t\t<\/li>\n<li class=\"product-features__item-list__item\" role=\"listitem\"><span class=\"is--medium\">Nombre de rouleaux inclus dans la boite (dont pr\u00e9 install\u00e9 sur la brosse) :<\/span> 2\t\t\t\t\t<\/li>\n<\/ul>\n<\/li>\n<li class=\"product-features__item\" role=\"listitem\">\n<h3 class=\"product-features__label\">Dimensions<\/h3>\n<ul role=\"list\">\n<li class=\"product-features__item-list__item\" role=\"listitem\"><span class=\"is--medium\">Dimensions l x h x p :<\/span> 29 x 110.5 x 21.8 cm\t\t\t\t\t<\/li>\n<li class=\"product-features__item-list__item\" role=\"listitem\"><span class=\"is--medium\">Poids Net :<\/span> 6,30 Kg\t\t\t\t\t<\/li>\n<\/ul>\n<\/li>\n<li class=\"product-features__item\" role=\"listitem\">\n<h3 class=\"product-features__label\">Informations et Services<\/h3>\n<ul role=\"list\">\n<li class=\"product-features__item-list__item\" role=\"listitem\"><span class=\"is--medium\">Information importante: :<\/span> Il est conseill\u00e9 d&rsquo;utiliser la solution de nettoyage de la marque pour votre appareil et de respecter le dosage. Un d\u00e9tergent non adapt\u00e9 pourrait l&rsquo;endommager et nuire \u00e0 son bon fonctionnement. Le non respect des ses conseils peut occasionner la perte du b\u00e9n\u00e9fice de la garantie.\t\t\t\t\t<\/li>\n<li class=\"product-features__item-list__item\" role=\"listitem\"><span class=\"is--medium\">Information compl\u00e9mentaire: :<\/span> Il est important de choisir le nettoyant en fonction du type de sols ou tissus que vous souhaitez nettoyer (tapis, parquet, carrelage, moquette, &#8230;) pour ne pas les abimer.\t\t\t\t\t<\/li>\n<li class=\"product-features__item-list__item\" role=\"listitem\"><span class=\"is--medium\">Fabriqu\u00e9 en :<\/span> Chine\t\t\t\t\t<\/li>\n<li class=\"product-features__item-list__item\" role=\"listitem\"><span class=\"is--medium\">Disponibilit\u00e9 des pi\u00e8ces d\u00e9tach\u00e9es (donn\u00e9es fournisseur) :<\/span> Pendant 5 ans, \u00e0 compter de la date fin de fabrication\t\t\t\t\t<\/li>\n<li class=\"product-features__item-list__item\" role=\"listitem\"><span class=\"is--medium\">R\u00e9f\u00e9rence constructeur :<\/span> H12 Pro\t\t\t\t\t<\/li>\n<li class=\"product-features__item-list__item\" role=\"listitem\"><span class=\"is--medium\">Marque :<\/span> DREAME\t\t\t\t\t<\/li>\n<\/ul>\n<\/li>\n<li class=\"product-features__item\" role=\"listitem\">\n<h3 class=\"product-features__label\">Facette option Aspirateur<\/h3>\n<ul role=\"list\">\n<li class=\"product-features__item-list__item\" role=\"listitem\"><span class=\"is--medium\">Poils d&rsquo;animaux :<\/span> Non\t\t\t\t\t<\/li>\n<li class=\"product-features__item-list__item\" role=\"listitem\"><span class=\"is--medium\">2 en 1: aspirer et laver :<\/span> Oui\t\t\t\t\t<\/li>\n<li class=\"product-features__item-list__item\" role=\"listitem\"><span class=\"is--medium\">Option Aspirateur :<\/span> 2 en 1: aspirer et laver\t\t\t\t\t<\/li>\n<\/ul>\n<\/li>\n<\/ul>\n<\/div>\n<div class=\"product__disclosure-content\">\n<div class=\"js-read-more product-description__content read-more read-more--truncated\" data-read-more-name=\"description\" style=\"max-height: 500px; overflow: hidden;\">\n<p>En offrant une multitude de fonctions, le DREAME H12 Pro est bien plus qu&rsquo;un simple aspirateur-balai.<\/p>\n<h3><img fetchpriority=\"high\" decoding=\"async\" ,=\"\" alt=\"Aspi Balai DREAME H12 Pro\" class=\"wy_tableau_gauche\" height=\"270\" src=\"https:\/\/boulanger.scene7.com\/is\/image\/Boulanger\/6973734680753_h_f_l_0?wid=400&amp;hei=270\" width=\"400\"\/>Des sols propres en un passage<\/h3>\n<p>En plus d&rsquo;aspirer la poussi\u00e8re et la salet\u00e9, l&rsquo;aspirateur-balai DREAME H12 Pro est capable de <b>laver et de s\u00e9cher les sols<\/b>, pour un r\u00e9sultat impeccable. Il convient \u00e0 une vari\u00e9t\u00e9 de surfaces, y compris le carrelage, le parquet, le b\u00e9ton cir\u00e9, la moquette et le tapis. Il vous sera d&rsquo;une grande aide au quotidien et diminuera le temps que vous consacrez au nettoyage des sols.<\/p>\n<p>Gr\u00e2ce \u00e0 son <b>fonctionnement sans fil<\/b>, l&rsquo;aspirateur-balai DREAME H12 Pro offre une totale libert\u00e9 de mouvement lors de son utilisation. Vous n&rsquo;aurez plus \u00e0 vous inqui\u00e9ter des c\u00e2bles qui tra\u00eenent ou des prises de courant \u00e0 proximit\u00e9. Vous pourrez vous d\u00e9placer librement dans toutes les pi\u00e8ces de votre maison.<\/p>\n<h3><img decoding=\"async\" ,=\"\" alt=\"Aspi Balai DREAME H12 Pro\" class=\"wy_tableau_right\" height=\"270\" src=\"https:\/\/boulanger.scene7.com\/is\/image\/Boulanger\/6973734680753_h_f_l_1?wid=400&amp;hei=270\" width=\"400\"\/>Des performances de nettoyage sup\u00e9rieures<\/h3>\n<p>La <b>brosse motoris\u00e9e \u00a0\u00bb bord \u00e0 bord \u00ab\u00a0<\/b> de l&rsquo;aspirateur-balai DREAME H12 Pro est un v\u00e9ritable atout pour un nettoyage efficace pr\u00e8s des murs et des plinthes. Elle peut aussi atteindre les coins et les endroits difficiles d&rsquo;acc\u00e8s.<\/p>\n<p>L&rsquo;aspirateur-balai DREAME H12 Pro dispose \u00e9galement d&rsquo;une <b>batterie longue dur\u00e9e<\/b> qui vous permet de l&rsquo;utiliser pendant 35 min sans avoir \u00e0 le recharger. Et, lorsque vous avez termin\u00e9, il suffit de vider le r\u00e9servoir \u00e0 poussi\u00e8re en un seul clic.<\/p>\n<\/p>\n<\/div>\n<p><bl-button a11yexpanded=\"false\" arialabel=\"Afficher toute la description\" class=\"read-more__btn\" full=\"false\" link=\"true\">Voir plus<\/bl-button><\/div>","protected":false},"excerpt":{"rendered":"<div class=\"keypoints\">\n<h3 class=\"keypoints__title\">Les points cl\u00e9s<\/h3>\n<ul role=\"list\">\n<li class=\"keypoints__item\" role=\"listitem\">                          Lave et aspire &#8211;                                                      Carrelage, Parquet, B\u00e9ton cir\u00e9, Tapis, Moquette                      <\/li>\n<li class=\"keypoints__item\" role=\"listitem\">                          6,30 Kg &#8211;                                                      sans fil, rayon d&rsquo;action illimit\u00e9                      <\/li>\n<li class=\"keypoints__item\" role=\"listitem\">                          R\u00e9servoir d&rsquo;eau propre : 950 ml &#8211;                                                      R\u00e9servoir d&rsquo;eau sale : 600 ml                      <\/li>\n<li class=\"keypoints__item\" role=\"listitem\">                          autonomie \u00e9lev\u00e9e (35 mn) &#8211;                                                      Temps de charge : 2,5 heures                      <\/li>\n<li class=\"keypoints__item keypoints__item--advantage\" role=\"listitem\"><strong>Le + :<\/strong> sa brosse motoris\u00e9e \u00ab\u00a0bord \u00e0 bord\u00a0\u00bb pour un nettoyage efficace pr\u00e8s des murs et des plinthes      <\/li>\n<\/ul>","protected":false},"featured_media":74327,"template":"","meta":{"_glsr_average":0,"_glsr_ranking":0,"_glsr_reviews":0},"product_cat":[330],"product_tag":[153,331,332],"class_list":{"0":"post-74328","1":"product","2":"type-product","3":"status-publish","4":"has-post-thumbnail","6":"product_cat-nettoyeur-de-sol","7":"product_tag-maison-entretien","8":"product_tag-nettoyeur","9":"product_tag-nettoyeur-de-sol","11":"first","12":"instock","13":"sale","14":"shipping-taxable","15":"purchasable","16":"product-type-simple"},"_links":{"self":[{"href":"https:\/\/electromenagerexpress.com\/en\/wp-json\/wp\/v2\/product\/74328","targetHints":{"allow":["GET"]}}],"collection":[{"href":"https:\/\/electromenagerexpress.com\/en\/wp-json\/wp\/v2\/product"}],"about":[{"href":"https:\/\/electromenagerexpress.com\/en\/wp-json\/wp\/v2\/types\/product"}],"wp:featuredmedia":[{"embeddable":true,"href":"https:\/\/electromenagerexpress.com\/en\/wp-json\/wp\/v2\/media\/74327"}],"wp:attachment":[{"href":"https:\/\/electromenagerexpress.com\/en\/wp-json\/wp\/v2\/media?parent=74328"}],"wp:term":[{"taxonomy":"product_cat","embeddable":true,"href":"https:\/\/electromenagerexpress.com\/en\/wp-json\/wp\/v2\/product_cat?post=74328"},{"taxonomy":"product_tag","embeddable":true,"href":"https:\/\/electromenagerexpress.com\/en\/wp-json\/wp\/v2\/product_tag?post=74328"}],"curies":[{"name":"wp","href":"https:\/\/api.w.org\/{rel}","templated":true}]}}